{"id":99316,"date":"2024-09-05T07:55:41","date_gmt":"2024-09-05T07:55:41","guid":{"rendered":"https:\/\/store.evolve-fitness.eu\/?post_type=product&#038;p=99316"},"modified":"2025-03-27T08:04:26","modified_gmt":"2025-03-27T08:04:26","slug":"evolve-vertikales-stangengestell","status":"publish","type":"product","link":"https:\/\/store.evolve-fitness.eu\/de\/produkt\/evolve-vertikales-stangengestell\/","title":{"rendered":"Evolve Vertikales Stangengestell"},"content":{"rendered":"","protected":false},"excerpt":{"rendered":"<p>Halten Sie Ihren Trainingsraum organisiert und effizient mit dem Evolve Vertical Bars Rack &#8211; der perfekten L\u00f6sung f\u00fcr die Aufbewahrung Ihrer Langhantelsammlung. Dieses elegante und robuste Gestell wurde mit Blick auf Langlebigkeit und Zweckm\u00e4\u00dfigkeit entwickelt und kann mehrere Hantelstangen sicher aufbewahren. So sparen Sie Platz und sorgen gleichzeitig f\u00fcr einen professionellen und aufger\u00e4umten Trainingsbereich. Das Evolve Vertical Bars Rack ist ideal f\u00fcr Heimtrainingsstudios, Studios oder kommerzielle Einrichtungen. Es gew\u00e4hrleistet einen einfachen Zugang zu Ihren Ger\u00e4ten, so dass Sie sich auf Ihr Training konzentrieren k\u00f6nnen, ohne Unordnung zu verursachen.  <\/p>\n","protected":false},"featured_media":101193,"template":"","meta":{"_acf_changed":false,"inline_featured_image":false},"product_cat":[118,123,155],"product_tag":[],"class_list":{"0":"post-99316","1":"product","2":"type-product","3":"status-publish","4":"has-post-thumbnail","6":"product_cat-hauptseite","7":"product_cat-freie-gewichte","8":"product_cat-regale-und-lagerlosungen","10":"first","11":"instock","12":"shipping-taxable","13":"purchasable","14":"product-type-simple"},"acf":[],"_links":{"self":[{"href":"https:\/\/store.evolve-fitness.eu\/de\/wp-json\/wp\/v2\/product\/99316","targetHints":{"allow":["GET"]}}],"collection":[{"href":"https:\/\/store.evolve-fitness.eu\/de\/wp-json\/wp\/v2\/product"}],"about":[{"href":"https:\/\/store.evolve-fitness.eu\/de\/wp-json\/wp\/v2\/types\/product"}],"wp:featuredmedia":[{"embeddable":true,"href":"https:\/\/store.evolve-fitness.eu\/de\/wp-json\/wp\/v2\/media\/101193"}],"wp:attachment":[{"href":"https:\/\/store.evolve-fitness.eu\/de\/wp-json\/wp\/v2\/media?parent=99316"}],"wp:term":[{"taxonomy":"product_cat","embeddable":true,"href":"https:\/\/store.evolve-fitness.eu\/de\/wp-json\/wp\/v2\/product_cat?post=99316"},{"taxonomy":"product_tag","embeddable":true,"href":"https:\/\/store.evolve-fitness.eu\/de\/wp-json\/wp\/v2\/product_tag?post=99316"}],"curies":[{"name":"wp","href":"https:\/\/api.w.org\/{rel}","templated":true}]}}