{"id":96171,"date":"2024-07-31T14:43:55","date_gmt":"2024-07-31T14:43:55","guid":{"rendered":"https:\/\/store.evolve-fitness.eu\/?post_type=product&#038;p=96171"},"modified":"2026-03-17T12:00:54","modified_gmt":"2026-03-17T12:00:54","slug":"evolve-speed-ladders-1","status":"publish","type":"product","link":"https:\/\/store.evolve-fitness.eu\/de\/produkt\/evolve-speed-ladders-1\/","title":{"rendered":"Evolve Speed Ladders"},"content":{"rendered":"\n<p> <mark style=\"background-color:rgba(0, 0, 0, 0);color:#ffffff\" class=\"has-inline-color\">ASD<\/mark><\/p>\n\n<p><\/p>\n","protected":false},"excerpt":{"rendered":"<p>Verbessern Sie Ihr Training mit der Evolve Speed Ladder, dem ultimativen Werkzeug f\u00fcr Sportler, Fitness-Enthusiasten und alle, die ihre Beweglichkeit, Geschwindigkeit und Koordination verbessern m\u00f6chten. Diese vielseitige Trainingsleiter ist sowohl f\u00fcr den Innen- als auch f\u00fcr den Au\u00dfenbereich geeignet und eignet sich perfekt zum Aufw\u00e4rmen, zur Verbesserung der Beinarbeit oder zum Erlernen explosiver Bewegungen. Die Evolve Speed Ladder ist leicht, langlebig und einfach aufzubauen, was sie zu einer unverzichtbaren Erg\u00e4nzung Ihrer Trainingsroutine macht.  <\/p>\n<p>\n","protected":false},"featured_media":100367,"template":"","meta":{"_acf_changed":false,"inline_featured_image":false},"product_cat":[2407,122,191],"product_tag":[],"class_list":{"0":"post-96171","1":"product","2":"type-product","3":"status-publish","4":"has-post-thumbnail","6":"product_cat-hyrox-getriebe","7":"product_cat-funktionelle-ausstattung","8":"product_cat-studio-de","10":"first","11":"outofstock","12":"shipping-taxable","13":"purchasable","14":"product-type-simple"},"acf":[],"_links":{"self":[{"href":"https:\/\/store.evolve-fitness.eu\/de\/wp-json\/wp\/v2\/product\/96171","targetHints":{"allow":["GET"]}}],"collection":[{"href":"https:\/\/store.evolve-fitness.eu\/de\/wp-json\/wp\/v2\/product"}],"about":[{"href":"https:\/\/store.evolve-fitness.eu\/de\/wp-json\/wp\/v2\/types\/product"}],"wp:featuredmedia":[{"embeddable":true,"href":"https:\/\/store.evolve-fitness.eu\/de\/wp-json\/wp\/v2\/media\/100367"}],"wp:attachment":[{"href":"https:\/\/store.evolve-fitness.eu\/de\/wp-json\/wp\/v2\/media?parent=96171"}],"wp:term":[{"taxonomy":"product_cat","embeddable":true,"href":"https:\/\/store.evolve-fitness.eu\/de\/wp-json\/wp\/v2\/product_cat?post=96171"},{"taxonomy":"product_tag","embeddable":true,"href":"https:\/\/store.evolve-fitness.eu\/de\/wp-json\/wp\/v2\/product_tag?post=96171"}],"curies":[{"name":"wp","href":"https:\/\/api.w.org\/{rel}","templated":true}]}}