{"id":92088,"date":"2024-07-15T14:52:30","date_gmt":"2024-07-15T14:52:30","guid":{"rendered":"https:\/\/store.evolve-fitness.eu\/?post_type=product&#038;p=92088"},"modified":"2025-03-27T07:38:51","modified_gmt":"2025-03-27T07:38:51","slug":"evolve-gym-ball-rack-1","status":"publish","type":"product","link":"https:\/\/store.evolve-fitness.eu\/de\/produkt\/evolve-gym-ball-rack-1\/","title":{"rendered":"Evolve Gym Ball Rack"},"content":{"rendered":"\n<p> <mark style=\"background-color:rgba(0, 0, 0, 0);color:#ffffff\" class=\"has-inline-color\">ASD<\/mark><\/p>\n\n<p><\/p>\n","protected":false},"excerpt":{"rendered":"<p>Organisieren Sie Ihren Fitnessraum mit unvergleichlicher Effizienz mit dem Evolve Gym Ball Rack, GB-030. Dieses elegante und robuste Ballregal ist eine unverzichtbare Erg\u00e4nzung f\u00fcr jedes Fitnessstudio, jeden Fitnessraum oder jeden Heimtrainingsbereich und bietet eine praktische und elegante L\u00f6sung f\u00fcr die Aufbewahrung von Stabilit\u00e4tsb\u00e4llen. Die robuste Konstruktion gew\u00e4hrleistet Langlebigkeit und Zuverl\u00e4ssigkeit, w\u00e4hrend das platzsparende Design die Bodenfl\u00e4che maximiert und Ihren Trainingsbereich \u00fcbersichtlich und zug\u00e4nglich h\u00e4lt. Das Evolve Gym Ball Rack ist ideal f\u00fcr Fitnessstudios jeder Gr\u00f6\u00dfe. Es kann mehrere B\u00e4lle aufnehmen und eignet sich daher perfekt f\u00fcr Umgebungen, in denen Funktionalit\u00e4t und Organisation wichtig sind. Verbessern Sie das Ambiente und die Effizienz Ihres Fitnessstudios mit diesem hochwertigen Gymnastikballst\u00e4nder und optimieren Sie die Art und Weise, wie Sie Ihre Fitnessger\u00e4te aufbewahren und erreichen.  <\/p>\n<p>\n","protected":false},"featured_media":92121,"template":"","meta":{"_acf_changed":false,"inline_featured_image":false},"product_cat":[191],"product_tag":[],"class_list":{"0":"post-92088","1":"product","2":"type-product","3":"status-publish","4":"has-post-thumbnail","6":"product_cat-studio-de","8":"first","9":"instock","10":"shipping-taxable","11":"purchasable","12":"product-type-simple"},"acf":[],"_links":{"self":[{"href":"https:\/\/store.evolve-fitness.eu\/de\/wp-json\/wp\/v2\/product\/92088","targetHints":{"allow":["GET"]}}],"collection":[{"href":"https:\/\/store.evolve-fitness.eu\/de\/wp-json\/wp\/v2\/product"}],"about":[{"href":"https:\/\/store.evolve-fitness.eu\/de\/wp-json\/wp\/v2\/types\/product"}],"wp:featuredmedia":[{"embeddable":true,"href":"https:\/\/store.evolve-fitness.eu\/de\/wp-json\/wp\/v2\/media\/92121"}],"wp:attachment":[{"href":"https:\/\/store.evolve-fitness.eu\/de\/wp-json\/wp\/v2\/media?parent=92088"}],"wp:term":[{"taxonomy":"product_cat","embeddable":true,"href":"https:\/\/store.evolve-fitness.eu\/de\/wp-json\/wp\/v2\/product_cat?post=92088"},{"taxonomy":"product_tag","embeddable":true,"href":"https:\/\/store.evolve-fitness.eu\/de\/wp-json\/wp\/v2\/product_tag?post=92088"}],"curies":[{"name":"wp","href":"https:\/\/api.w.org\/{rel}","templated":true}]}}