{"id":9140,"date":"2024-01-09T12:50:36","date_gmt":"2024-01-09T12:50:36","guid":{"rendered":"https:\/\/store.evolve-fitness.eu\/produktas\/evolve-prime-series-selektierter-beinbeuger-in-bauchlage\/"},"modified":"2024-06-05T12:33:33","modified_gmt":"2024-06-05T12:33:33","slug":"evolve-prime-series-selektierter-beinbeuger-in-bauchlage","status":"publish","type":"product","link":"https:\/\/store.evolve-fitness.eu\/de\/produkt\/evolve-prime-series-selektierter-beinbeuger-in-bauchlage\/","title":{"rendered":"Evolve Prime Series Selektierter Beinbeuger in Bauchlage"},"content":{"rendered":"\n<section class=\"wp-block-group alignfull black-content has-white-color has-darkgray-background-color has-text-color has-background is-layout-constrained wp-block-group-is-layout-constrained\" style=\"padding-top:var(--wp--preset--spacing--section-bottom);padding-bottom:var(--wp--preset--spacing--section-bottom)\">\n<section class=\"wp-block-group alignfull black-content has-white-color has-darkgray-background-color has-text-color has-background is-layout-constrained wp-block-group-is-layout-constrained\" style=\"padding-top:var(--wp--preset--spacing--section-bottom);padding-bottom:var(--wp--preset--spacing--section-bottom)\">\n<div class=\"wp-block-columns alignwide mobile-reverse is-layout-flex wp-container-core-columns-is-layout-ca64bf2d wp-block-columns-is-layout-flex\" style=\"margin-bottom:var(--wp--preset--spacing--side-padding)\">\n<div class=\"wp-block-column is-vertically-aligned-center is-layout-flow wp-block-column-is-layout-flow\">\n<h3 class=\"wp-block-heading\" style=\"margin-bottom:var(--wp--preset--spacing--h-3-bottom)\">Revolutionieren Sie Ihre Workouts<\/h3>\n\n\n\n<p><em><strong>Evolve Prime Serie Selektorisierte Maschinen<\/strong><\/em><\/p>\n\n\n\n<p style=\"margin-bottom:var(--wp--preset--spacing--tb-section-padding)\">Steigern Sie Ihre Fitness mit den Selectorized-Ger\u00e4ten der Evolve Prime-Serie. Diese Ger\u00e4te wurden f\u00fcr ein effektives Training entwickelt und bieten eine Reihe von Funktionen, die Ihr Trainingsprogramm verbessern. Mit den verstellbaren Sitzen und R\u00fcckenlehnen k\u00f6nnen die Benutzer ihre Trainingspositionen f\u00fcr maximalen Komfort individuell anpassen. Die Maschinen verf\u00fcgen \u00fcber einen besonders robusten ovalen Rahmen, der sowohl ein elegantes Design als auch eine f\u00fcr den gewerblichen Einsatz geeignete Langlebigkeit bietet. Ein komfortabler gepolsterter Sockel sorgt f\u00fcr Stabilit\u00e4t beim Training, w\u00e4hrend rutschfeste Griffe, ein flaches Turmdesign, eine kompakte Gr\u00f6\u00dfe und anpassbare Rahmen- und Polsterfarben Ihrem Fitnessstudio einen Hauch von Stil verleihen. Entdecken Sie die unilaterale Bewegung und die konvergierenden Achsen der Arme, die ein nat\u00fcrliches und ausgewogenes Training erm\u00f6glichen.<\/p>\n\n\n\n<h3 class=\"wp-block-heading\" style=\"margin-bottom:var(--wp--preset--spacing--h-3-bottom)\">Ergonomische Exzellenz<\/h3>\n\n\n\n<p><strong><em>Ma\u00dfgeschneidert f\u00fcr Ihren K\u00f6rper<\/em><\/strong><\/p>\n\n\n\n<p>Unsere selektiven Kraftger\u00e4te verf\u00fcgen \u00fcber ein ergonomisches Design, das sich der Anatomie des menschlichen K\u00f6rpers anpasst. Dies gew\u00e4hrleistet eine korrekte K\u00f6rperhaltung und stabilisiert die Gelenke w\u00e4hrend des Trainings. Die Griffe sind mit einem rutschfesten Material \u00fcberzogen, das maximale Stabilit\u00e4t und Sicherheit beim Training garantiert. Die verstellbaren Sitze und R\u00fcckenlehnen erm\u00f6glichen es den Benutzern, die perfekte Trainingsposition f\u00fcr ihre individuellen Bed\u00fcrfnisse zu finden. Die in leuchtendem Rot lackierten Verstellgriffe sind leicht zu erkennen und benutzerfreundlich.<\/p>\n<\/div>\n\n\n\n<div class=\"wp-block-column is-vertically-aligned-center is-layout-flow wp-block-column-is-layout-flow\">\n<figure class=\"wp-block-image size-full is-resized is-style-rounded\"><img loading=\"lazy\" decoding=\"async\" width=\"810\" height=\"810\" src=\"https:\/\/store.evolve-fitness.eu\/wp-content\/uploads\/2024\/06\/Dizainas-be-pavadinimo-12.png\" alt=\"\" class=\"wp-image-70181\" style=\"width:890px;height:auto\" srcset=\"https:\/\/store.evolve-fitness.eu\/wp-content\/uploads\/2024\/06\/Dizainas-be-pavadinimo-12.png 810w, https:\/\/store.evolve-fitness.eu\/wp-content\/uploads\/2024\/06\/Dizainas-be-pavadinimo-12-300x300.png 300w, https:\/\/store.evolve-fitness.eu\/wp-content\/uploads\/2024\/06\/Dizainas-be-pavadinimo-12-150x150.png 150w, https:\/\/store.evolve-fitness.eu\/wp-content\/uploads\/2024\/06\/Dizainas-be-pavadinimo-12-768x768.png 768w, https:\/\/store.evolve-fitness.eu\/wp-content\/uploads\/2024\/06\/Dizainas-be-pavadinimo-12-600x600.png 600w, https:\/\/store.evolve-fitness.eu\/wp-content\/uploads\/2024\/06\/Dizainas-be-pavadinimo-12-100x100.png 100w\" sizes=\"auto, (max-width: 810px) 100vw, 810px\" \/><\/figure>\n<\/div>\n<\/div>\n<\/section>\n\n\n\n<section class=\"wp-block-group alignfull black-content has-white-color has-darkgray-background-color has-text-color has-background is-layout-constrained wp-block-group-is-layout-constrained\" style=\"padding-top:var(--wp--preset--spacing--section-bottom);padding-bottom:var(--wp--preset--spacing--section-bottom)\">\n<div class=\"wp-block-columns alignwide mobile-reverse is-layout-flex wp-container-core-columns-is-layout-ca64bf2d wp-block-columns-is-layout-flex\" style=\"margin-bottom:var(--wp--preset--spacing--side-padding)\">\n<div class=\"wp-block-column is-vertically-aligned-center is-layout-flow wp-block-column-is-layout-flow\">\n<figure class=\"wp-block-image size-large is-resized\"><img loading=\"lazy\" decoding=\"async\" width=\"617\" height=\"617\" src=\"https:\/\/store.evolve-fitness.eu\/wp-content\/uploads\/2024\/06\/Dizainas-be-pavadinimo-11-2-edited.png\" alt=\"\" class=\"wp-image-75230\" style=\"width:874px;height:auto\" srcset=\"https:\/\/store.evolve-fitness.eu\/wp-content\/uploads\/2024\/06\/Dizainas-be-pavadinimo-11-2-edited.png 617w, https:\/\/store.evolve-fitness.eu\/wp-content\/uploads\/2024\/06\/Dizainas-be-pavadinimo-11-2-edited-300x300.png 300w, https:\/\/store.evolve-fitness.eu\/wp-content\/uploads\/2024\/06\/Dizainas-be-pavadinimo-11-2-edited-150x150.png 150w, https:\/\/store.evolve-fitness.eu\/wp-content\/uploads\/2024\/06\/Dizainas-be-pavadinimo-11-2-edited-600x600.png 600w, https:\/\/store.evolve-fitness.eu\/wp-content\/uploads\/2024\/06\/Dizainas-be-pavadinimo-11-2-edited-100x100.png 100w\" sizes=\"auto, (max-width: 617px) 100vw, 617px\" \/><\/figure>\n<\/div>\n\n\n\n<div class=\"wp-block-column is-vertically-aligned-center is-layout-flow wp-block-column-is-layout-flow\">\n<h3 class=\"wp-block-heading\" style=\"margin-bottom:var(--wp--preset--spacing--h-3-bottom)\">Sicherheit und Einfachheit<\/h3>\n\n\n\n<p><strong><em>M\u00fchelose Anpassungen<\/em><\/strong><\/p>\n\n\n\n<p style=\"margin-bottom:var(--wp--preset--spacing--tb-section-padding)\">Die Sicherheit steht an erster Stelle, deshalb sind die Gewichtsstapel aller selektierbaren Kraftger\u00e4te vollst\u00e4ndig mit undurchsichtigen Kunststoffabdeckungen versehen. Dies erh\u00f6ht nicht nur die Sicherheit beim Training, sondern bietet auch ein attraktives Erscheinungsbild. Das \u00c4ndern des Widerstands ist ein Kinderspiel &#8211; schieben Sie den Stift einfach in den gew\u00fcnschten Gewichtsbereich. Jede Hantelscheibe ist durch eine zus\u00e4tzliche korrosionsbest\u00e4ndige Schicht gesch\u00fctzt.<\/p>\n\n\n\n<h3 class=\"wp-block-heading\" style=\"margin-bottom:var(--wp--preset--spacing--h-3-bottom)\">Multifunktional<\/h3>\n\n\n\n<p><strong><em>Bequemlichkeit an Ihren Fingerspitzen<\/em><\/strong><\/p>\n\n\n\n<p>In den integrierten Stauf\u00e4chern lassen sich wichtige Utensilien wie Wasserflaschen, Musikplayer oder Mobiltelefone griffbereit aufbewahren. Informative Schilder zeigen, welche Muskelgruppen die einzelnen Trainer ansprechen, und geben Hinweise zur richtigen K\u00f6rperhaltung und Bewegungsf\u00fchrung, damit die \u00dcbungen korrekt ausgef\u00fchrt werden. Die konvergierenden Achsen der Arme ahmen die nat\u00fcrlichen Bewegungen nach, und die einseitige Bewegung der Griffe erm\u00f6glicht einen gezielten Muskeleinsatz, unabh\u00e4ngig davon, ob eine oder beide H\u00e4nde benutzt werden, und f\u00f6rdert so Kraft, Symmetrie und Gleichgewicht.<\/p>\n<\/div>\n<\/div>\n<\/section>\n\n\n\n<section class=\"wp-block-group alignfull black-content has-white-color has-darkgray-background-color has-text-color has-background is-layout-constrained wp-block-group-is-layout-constrained\" style=\"padding-top:var(--wp--preset--spacing--section-bottom);padding-bottom:var(--wp--preset--spacing--section-bottom)\">\n<div class=\"wp-block-columns alignwide mobile-reverse is-layout-flex wp-container-core-columns-is-layout-ca64bf2d wp-block-columns-is-layout-flex\" style=\"margin-bottom:var(--wp--preset--spacing--side-padding)\">\n<div class=\"wp-block-column is-vertically-aligned-center is-layout-flow wp-block-column-is-layout-flow\">\n<h3 class=\"wp-block-heading\" style=\"margin-bottom:var(--wp--preset--spacing--h-3-bottom)\">\u00dcppiger Komfort<\/h3>\n\n\n\n<p><strong><em>Unterst\u00fctzende Polsterm\u00f6bel<\/em><\/strong><\/p>\n\n\n\n<p style=\"margin-bottom:var(--wp--preset--spacing--tb-section-padding)\">Die Sicherheit steht an erster Stelle, deshalb sind die Gewichtsstapel aller selektierbaren Kraftger\u00e4te vollst\u00e4ndig mit undurchsichtigen Kunststoffabdeckungen versehen. Dies erh\u00f6ht nicht nur die Sicherheit beim Training, sondern bietet auch ein attraktives Erscheinungsbild. Das \u00c4ndern des Widerstands ist ein Kinderspiel &#8211; schieben Sie den Stift einfach in den gew\u00fcnschten Gewichtsbereich. Jede Hantelscheibe ist durch eine zus\u00e4tzliche korrosionsbest\u00e4ndige Schicht gesch\u00fctzt.<\/p>\n\n\n\n<h3 class=\"wp-block-heading\" style=\"margin-bottom:var(--wp--preset--spacing--h-3-bottom)\">Gebaut f\u00fcr die Ewigkeit<\/h3>\n\n\n\n<p><strong><em>Robuster Rahmen<\/em><\/strong><\/p>\n\n\n\n<p>Der aus geschwei\u00dften, pulverbeschichteten Ovalrohren gefertigte Rahmen ist nicht nur besonders langlebig, sondern auch rostfrei. Ganz gleich, ob Sie zu Hause auf der Suche nach Qualit\u00e4t sind oder in einem professionellen Fitnessstudio oder einer kommerziellen Fitnesseinrichtung, einschlie\u00dflich Milit\u00e4rst\u00fctzpunkten, Hotels, Jugendherbergen und Rehabilitationszentren, diese Ger\u00e4te sind so konzipiert, dass sie Ihre Erwartungen erf\u00fcllen.<\/p>\n\n\n\n<p><\/p>\n\n\n\n<div class=\"wp-block-columns is-layout-flex wp-container-core-columns-is-layout-9d6595d7 wp-block-columns-is-layout-flex\">\n<div class=\"wp-block-column is-layout-flow wp-block-column-is-layout-flow\">\n<div class=\"wp-block-columns is-layout-flex wp-container-core-columns-is-layout-9d6595d7 wp-block-columns-is-layout-flex\">\n<div class=\"wp-block-column is-layout-flow wp-block-column-is-layout-flow\"><\/div>\n<\/div>\n<\/div>\n<\/div>\n\n\n\n<h3 class=\"wp-block-heading\" style=\"margin-bottom:var(--wp--preset--spacing--h-3-bottom)\">Ideal f\u00fcr Fachleute<\/h3>\n\n\n\n<p><strong><em>Passen Sie Ihr Fitnessstudio an<\/em><\/strong><\/p>\n\n\n\n<p>Verbessern Sie das Markenimage Ihres Fitnessstudios mit Ger\u00e4ten, die zu Ihrem Stil passen. Wenn Sie die Evolve-Ausstattung bestellen, passen wir sie an Ihr Farbschema an und passen die Rahmen- und Polsterfarben an Ihren Raum an. Erleben Sie die L\u00f6sung, auf die Sie gewartet haben &#8211; Fitnessger\u00e4te, die auf Ihre Bed\u00fcrfnisse zugeschnitten sind. Entscheiden Sie sich f\u00fcr qualitativ hochwertige Fitnessger\u00e4te, die sich in einem kommerziellen Umfeld bew\u00e4hren und gleichzeitig zu Ihrem Farbkonzept passen.<\/p>\n<\/div>\n\n\n\n<div class=\"wp-block-column is-vertically-aligned-center is-layout-flow wp-block-column-is-layout-flow\">\n<figure class=\"wp-block-image size-large is-resized\"><img loading=\"lazy\" decoding=\"async\" width=\"617\" height=\"617\" src=\"https:\/\/store.evolve-fitness.eu\/wp-content\/uploads\/2024\/06\/Dizainas-be-pavadinimo-11-3-edited.png\" alt=\"\" class=\"wp-image-75205\" style=\"width:882px;height:auto\" srcset=\"https:\/\/store.evolve-fitness.eu\/wp-content\/uploads\/2024\/06\/Dizainas-be-pavadinimo-11-3-edited.png 617w, https:\/\/store.evolve-fitness.eu\/wp-content\/uploads\/2024\/06\/Dizainas-be-pavadinimo-11-3-edited-300x300.png 300w, https:\/\/store.evolve-fitness.eu\/wp-content\/uploads\/2024\/06\/Dizainas-be-pavadinimo-11-3-edited-150x150.png 150w, https:\/\/store.evolve-fitness.eu\/wp-content\/uploads\/2024\/06\/Dizainas-be-pavadinimo-11-3-edited-600x600.png 600w, https:\/\/store.evolve-fitness.eu\/wp-content\/uploads\/2024\/06\/Dizainas-be-pavadinimo-11-3-edited-100x100.png 100w\" sizes=\"auto, (max-width: 617px) 100vw, 617px\" \/><\/figure>\n<\/div>\n<\/div>\n<\/section>\n<\/section>\n","protected":false},"excerpt":{"rendered":"<p>Verbessern Sie Ihr Trainingserlebnis mit dem Evolve Prime Series Selectorized Prone Leg Curl, PR-218. Dieses Ger\u00e4t, das sowohl f\u00fcr Anf\u00e4nger als auch f\u00fcr Profis geeignet ist, verf\u00fcgt \u00fcber einen einstellbaren Widerstand von 114 kg. Die ergonomische Bauweise sorgt f\u00fcr Komfort und richtige Form, erg\u00e4nzt durch rutschfeste Griffe. Der robuste Rahmen, die anpassbaren Farben und die funktionalen Merkmale machen ihn zur idealen L\u00f6sung f\u00fcr gewerbliche Einrichtungen.<\/p>\n","protected":false},"featured_media":9075,"template":"","meta":{"_acf_changed":false,"inline_featured_image":false},"product_cat":[118,164,187],"product_tag":[],"class_list":{"0":"post-9140","1":"product","2":"type-product","3":"status-publish","4":"has-post-thumbnail","6":"product_cat-hauptseite","7":"product_cat-selektorisierte-maschinen","8":"product_cat-prime-series-selektiert","10":"first","11":"outofstock","12":"shipping-taxable","13":"purchasable","14":"product-type-simple"},"acf":[],"_links":{"self":[{"href":"https:\/\/store.evolve-fitness.eu\/de\/wp-json\/wp\/v2\/product\/9140","targetHints":{"allow":["GET"]}}],"collection":[{"href":"https:\/\/store.evolve-fitness.eu\/de\/wp-json\/wp\/v2\/product"}],"about":[{"href":"https:\/\/store.evolve-fitness.eu\/de\/wp-json\/wp\/v2\/types\/product"}],"wp:featuredmedia":[{"embeddable":true,"href":"https:\/\/store.evolve-fitness.eu\/de\/wp-json\/wp\/v2\/media\/9075"}],"wp:attachment":[{"href":"https:\/\/store.evolve-fitness.eu\/de\/wp-json\/wp\/v2\/media?parent=9140"}],"wp:term":[{"taxonomy":"product_cat","embeddable":true,"href":"https:\/\/store.evolve-fitness.eu\/de\/wp-json\/wp\/v2\/product_cat?post=9140"},{"taxonomy":"product_tag","embeddable":true,"href":"https:\/\/store.evolve-fitness.eu\/de\/wp-json\/wp\/v2\/product_tag?post=9140"}],"curies":[{"name":"wp","href":"https:\/\/api.w.org\/{rel}","templated":true}]}}