{"id":90254,"date":"2024-07-10T13:58:50","date_gmt":"2024-07-10T13:58:50","guid":{"rendered":"https:\/\/store.evolve-fitness.eu\/?post_type=product&#038;p=90254"},"modified":"2026-04-14T12:00:49","modified_gmt":"2026-04-14T12:00:49","slug":"evolve-vinyl-hantel","status":"publish","type":"product","link":"https:\/\/store.evolve-fitness.eu\/de\/produkt\/evolve-vinyl-hantel\/","title":{"rendered":"Evolve Vinyl-Hantel"},"content":{"rendered":"\n<p> <mark style=\"background-color:rgba(0, 0, 0, 0);color:#ffffff\" class=\"has-inline-color\">ASD<\/mark><\/p>\n\n<p><\/p>\n\n<section class=\"wp-block-group alignfull black-content has-white-color has-darkgray-background-color has-text-color has-background is-layout-constrained wp-block-group-is-layout-constrained\" style=\"padding-top:var(--wp--preset--spacing--section-bottom);padding-bottom:var(--wp--preset--spacing--section-bottom)\">\n<section class=\"wp-block-group alignfull black-content has-white-color has-darkgray-background-color has-text-color has-background is-layout-constrained wp-block-group-is-layout-constrained\" style=\"padding-top:var(--wp--preset--spacing--section-bottom);padding-bottom:var(--wp--preset--spacing--section-bottom)\">\n<div class=\"wp-block-columns alignwide mobile-reverse is-layout-flex wp-container-core-columns-is-layout-ca64bf2d wp-block-columns-is-layout-flex\" style=\"margin-bottom:var(--wp--preset--spacing--side-padding)\">\n<div class=\"wp-block-column is-vertically-aligned-center is-layout-flow wp-block-column-is-layout-flow\">\n<h3 class=\"wp-block-heading\" style=\"margin-bottom:var(--wp--preset--spacing--h-3-bottom)\"><strong>Handels\u00fcbliche Qualit\u00e4t  <\/strong><\/h3>\n\n\n\n<p><em><strong><strong><strong>F\u00fcr den allt\u00e4glichen Gebrauch<\/strong><\/strong><\/strong><\/em><\/p>\n\n\n\n<p>Evolve Vinyl-Hanteln sind f\u00fcr hohe Belastbarkeit und h\u00e4ufigen Gebrauch konzipiert. Die robuste Vinylbeschichtung sorgt nicht nur f\u00fcr einen angenehmen Griff, sondern macht auch die Reinigung zu einem Kinderspiel. Diese Schutzschicht sch\u00fctzt Ihre Fitnessger\u00e4te vor Verschlei\u00df und macht sie zu einer langlebigen Erg\u00e4nzung f\u00fcr jedes Fitnessstudio.<\/p>\n<\/div>\n\n\n\n<div class=\"wp-block-column is-vertically-aligned-center is-layout-flow wp-block-column-is-layout-flow\">\n<figure class=\"wp-block-video\"><video autoplay=\"\" controls=\"\" loop=\"\" muted=\"\" src=\"https:\/\/evolve-fitness.eu\/wp-content\/uploads\/2023\/12\/1-1.mp4\"><\/video><\/figure>\n<\/div>\n<\/div>\n\n\n\n<div class=\"wp-block-columns alignwide is-layout-flex wp-container-core-columns-is-layout-c45ee707 wp-block-columns-is-layout-flex\" style=\"margin-bottom:var(--wp--preset--spacing--side-padding);padding-top:var(--wp--preset--spacing--side-padding)\">\n<div class=\"wp-block-column is-vertically-aligned-center is-layout-flow wp-block-column-is-layout-flow\">\n<figure class=\"wp-block-image size-large\"><img decoding=\"async\" src=\"https:\/\/evolve-fitness.eu\/wp-content\/uploads\/2023\/12\/A7_05379-1024x683.jpg\" alt=\"\" class=\"wp-image-7849\"\/><\/figure>\n<\/div>\n\n\n\n<div class=\"wp-block-column is-vertically-aligned-center is-layout-constrained wp-block-column-is-layout-constrained\">\n<h3 class=\"wp-block-heading\" style=\"margin-bottom:var(--wp--preset--spacing--h-3-bottom)\">Innovatives Anti-Roll-Sechskant-Design<\/h3>\n\n\n\n<p><strong><em><strong><em>Sicherheit und Komfort<\/em><\/strong><\/em><\/strong><\/p>\n\n\n\n<p>Mit den einzigartigen sechseckigen K\u00f6pfen stehen Sicherheit und Komfort an erster Stelle. Dieses innovative Design verhindert das Wegrollen der Hanteln und sorgt f\u00fcr eine stabile und sichere Trainingsumgebung. Ganz gleich, ob Sie gerade eine intensive Trainingseinheit absolvieren oder Ihre Gewichte aufbewahren &#8211; die Anti-Roll-Funktion sorgt f\u00fcr zus\u00e4tzliche Sicherheit.<\/p>\n<\/div>\n<\/div>\n\n\n\n<div class=\"wp-block-columns alignwide is-layout-flex wp-container-core-columns-is-layout-c45ee707 wp-block-columns-is-layout-flex\" style=\"margin-bottom:var(--wp--preset--spacing--side-padding);padding-top:var(--wp--preset--spacing--side-padding)\">\n<div class=\"wp-block-column is-vertically-aligned-center is-layout-flow wp-block-column-is-layout-flow\">\n<h3 class=\"wp-block-heading\" style=\"margin-bottom:var(--wp--preset--spacing--h-3-bottom)\">Vielseitige Gewichtsoptionen  <\/h3>\n\n\n\n<p><strong><em><strong><em>F\u00fcr jedes Fitnessniveau<\/em><\/strong><\/em><\/strong><\/p>\n\n\n\n<p>Mit Gewichten von 1 kg bis 5 kg eignen sich die Evolve Vinyl-Hanteln f\u00fcr alle Fitnesslevel. Einsteiger k\u00f6nnen mit leichteren Gewichten beginnen, w\u00e4hrend Fortgeschrittene sich mit schwereren Optionen herausfordern k\u00f6nnen. Diese Vielfalt erm\u00f6glicht ein vollst\u00e4ndig anpassbares Training, das sich an Ihre sich entwickelnde Fitnessreise anpassen l\u00e4sst.<\/p>\n<\/div>\n\n\n\n<div class=\"wp-block-column is-vertically-aligned-center is-layout-flow wp-block-column-is-layout-flow\">\n<div class=\"wp-block-columns is-layout-flex wp-container-core-columns-is-layout-9d6595d7 wp-block-columns-is-layout-flex\">\n<div class=\"wp-block-column is-layout-flow wp-block-column-is-layout-flow\">\n<figure class=\"wp-block-video\"><video autoplay=\"\" controls=\"\" loop=\"\" muted=\"\" src=\"https:\/\/evolve-fitness.eu\/wp-content\/uploads\/2023\/12\/2-1.mp4\"><\/video><\/figure>\n<\/div>\n<\/div>\n<\/div>\n<\/div>\n\n\n\n<div class=\"wp-block-columns alignwide is-layout-flex wp-container-core-columns-is-layout-c45ee707 wp-block-columns-is-layout-flex\" style=\"margin-bottom:var(--wp--preset--spacing--side-padding);padding-top:var(--wp--preset--spacing--side-padding)\">\n<div class=\"wp-block-column is-vertically-aligned-center is-layout-flow wp-block-column-is-layout-flow\">\n<div class=\"wp-block-columns is-layout-flex wp-container-core-columns-is-layout-9d6595d7 wp-block-columns-is-layout-flex\">\n<div class=\"wp-block-column is-layout-flow wp-block-column-is-layout-flow\">\n<figure class=\"wp-block-image size-full is-resized is-style-rounded\"><img decoding=\"async\" src=\"https:\/\/evolve-fitness.eu\/wp-content\/uploads\/2023\/11\/Vinyl-Dumbbells.webp\" alt=\"\" class=\"wp-image-7856\" style=\"object-fit:cover;width:680px;height:600px\"\/><\/figure>\n<\/div>\n<\/div>\n<\/div>\n\n\n\n<div class=\"wp-block-column is-vertically-aligned-center is-layout-flow wp-block-column-is-layout-flow\">\n<h3 class=\"wp-block-heading\" style=\"margin-bottom:var(--wp--preset--spacing--h-3-bottom)\">Warum Evolve Vinyl-Hanteln w\u00e4hlen?<\/h3>\n\n\n\n<ul class=\"wp-block-list\">\n<li><strong>Strapazierf\u00e4hige Vinyl-Beschichtung<\/strong>: Sorgt f\u00fcr Langlebigkeit und einen angenehmen Griff.<\/li>\n\n\n\n<li><strong>Anti-Roll-Design<\/strong>: Erh\u00f6ht die Sicherheit und den Komfort w\u00e4hrend des Workouts.<\/li>\n\n\n\n<li><strong>Gewerbliche Qualit\u00e4t<\/strong>: Geeignet f\u00fcr den Einsatz zu Hause und in professionellen Fitnessstudios.<\/li>\n\n\n\n<li><strong>Mehrere Gewichtsoptionen<\/strong>: F\u00fcr alle Fitnessbegeisterten geeignet.<\/li>\n\n\n\n<li><strong>Leicht zu reinigen<\/strong>: Pflegeleicht und hygienisch.<\/li>\n<\/ul>\n<\/div>\n<\/div>\n\n\n\n<h5 class=\"wp-block-heading has-text-align-center\">St\u00f6bern Sie in unserer Auswahl und finden Sie noch heute Ihr perfektes Paar Evolve Vinyl-Hanteln!<\/h5>\n<\/section>\n<\/section>\n","protected":false},"excerpt":{"rendered":"<p>Evolve Vinyl-Hanteln 2 x 1-5 kg sind die perfekte Wahl f\u00fcr alle, die ihr Fitnessprogramm mit zuverl\u00e4ssigen, sicheren und vielseitigen Ger\u00e4ten verbessern m\u00f6chten. Erleben Sie den Unterschied bei Ihren Workouts mit diesen Spitzenhanteln. Kaufen Sie jetzt ein und machen Sie den ersten Schritt zu einem effektiveren und angenehmeren Trainingsprogramm.  <\/p>\n<p>\n","protected":false},"featured_media":92071,"template":"","meta":{"_acf_changed":false,"inline_featured_image":false},"product_cat":[124,191],"product_tag":[],"class_list":{"0":"post-90254","1":"product","2":"type-product","3":"status-publish","4":"has-post-thumbnail","6":"product_cat-kurzhanteln","7":"product_cat-studio-de","9":"first","10":"instock","11":"shipping-taxable","12":"purchasable","13":"product-type-variable"},"acf":[],"_links":{"self":[{"href":"https:\/\/store.evolve-fitness.eu\/de\/wp-json\/wp\/v2\/product\/90254","targetHints":{"allow":["GET"]}}],"collection":[{"href":"https:\/\/store.evolve-fitness.eu\/de\/wp-json\/wp\/v2\/product"}],"about":[{"href":"https:\/\/store.evolve-fitness.eu\/de\/wp-json\/wp\/v2\/types\/product"}],"wp:featuredmedia":[{"embeddable":true,"href":"https:\/\/store.evolve-fitness.eu\/de\/wp-json\/wp\/v2\/media\/92071"}],"wp:attachment":[{"href":"https:\/\/store.evolve-fitness.eu\/de\/wp-json\/wp\/v2\/media?parent=90254"}],"wp:term":[{"taxonomy":"product_cat","embeddable":true,"href":"https:\/\/store.evolve-fitness.eu\/de\/wp-json\/wp\/v2\/product_cat?post=90254"},{"taxonomy":"product_tag","embeddable":true,"href":"https:\/\/store.evolve-fitness.eu\/de\/wp-json\/wp\/v2\/product_tag?post=90254"}],"curies":[{"name":"wp","href":"https:\/\/api.w.org\/{rel}","templated":true}]}}