{"id":89849,"date":"2024-07-10T13:10:43","date_gmt":"2024-07-10T13:10:43","guid":{"rendered":"https:\/\/store.evolve-fitness.eu\/?post_type=product&#038;p=89849"},"modified":"2026-04-11T12:00:53","modified_gmt":"2026-04-11T12:00:53","slug":"evolve-aerobic-step-1","status":"publish","type":"product","link":"https:\/\/store.evolve-fitness.eu\/de\/produkt\/evolve-aerobic-step-1\/","title":{"rendered":"Evolve Aerobic Step"},"content":{"rendered":"\n<p> <mark style=\"background-color:rgba(0, 0, 0, 0);color:#ffffff\" class=\"has-inline-color\">ASD<\/mark><\/p>\n\n<p><\/p>\n\n<section class=\"wp-block-group alignfull black-content has-white-color has-darkgray-background-color has-text-color has-background is-layout-constrained wp-block-group-is-layout-constrained\" style=\"padding-top:var(--wp--preset--spacing--section-bottom);padding-bottom:var(--wp--preset--spacing--section-bottom)\">\n<div class=\"wp-block-columns alignwide mobile-reverse is-layout-flex wp-container-core-columns-is-layout-ca64bf2d wp-block-columns-is-layout-flex\" style=\"margin-bottom:var(--wp--preset--spacing--side-padding)\">\n<div class=\"wp-block-column is-vertically-aligned-center is-layout-flow wp-block-column-is-layout-flow\">\n<h3 class=\"wp-block-heading\" style=\"margin-bottom:var(--wp--preset--spacing--h-3-bottom)\"><strong>Evolve Aerobic Step<\/strong><\/h3>\n\n\n\n<p><strong><em>Vielseitiges Ger\u00e4t f\u00fcr Kardio- und Krafttraining<\/em><\/strong><\/p>\n\n\n\n<p style=\"margin-bottom:var(--wp--preset--spacing--tb-section-padding)\">Der Evolve Aerobic Step ist ein unverzichtbares Fitnessger\u00e4t, mit dem Sie Ihr Cardio- und Krafttraining verbessern k\u00f6nnen. Er eignet sich perfekt f\u00fcr Step-Aerobic und hilft, das Herz-Kreislauf-System zu verbessern, die Muskeln zu straffen und die Ausdauer zu steigern. Er eignet sich auch hervorragend f\u00fcr Kraft\u00fcbungen wie Step-Ups und Liegest\u00fctze in Schr\u00e4glage, die sowohl die Beine als auch den Oberk\u00f6rper trainieren.<\/p>\n<\/div>\n\n\n\n<div class=\"wp-block-column is-vertically-aligned-center is-layout-flow wp-block-column-is-layout-flow\">\n<figure class=\"wp-block-image size-large\"><img loading=\"lazy\" decoding=\"async\" width=\"1024\" height=\"683\" src=\"https:\/\/store.evolve-fitness.eu\/wp-content\/uploads\/2024\/07\/A7_05605-1-1024x683.png\" alt=\"\" class=\"wp-image-138710\" srcset=\"https:\/\/store.evolve-fitness.eu\/wp-content\/uploads\/2024\/07\/A7_05605-1-1024x683.png 1024w, https:\/\/store.evolve-fitness.eu\/wp-content\/uploads\/2024\/07\/A7_05605-1-300x200.png 300w, https:\/\/store.evolve-fitness.eu\/wp-content\/uploads\/2024\/07\/A7_05605-1-768x512.png 768w, https:\/\/store.evolve-fitness.eu\/wp-content\/uploads\/2024\/07\/A7_05605-1-1536x1024.png 1536w, https:\/\/store.evolve-fitness.eu\/wp-content\/uploads\/2024\/07\/A7_05605-1-2048x1365.png 2048w, https:\/\/store.evolve-fitness.eu\/wp-content\/uploads\/2024\/07\/A7_05605-1-600x400.png 600w\" sizes=\"auto, (max-width: 1024px) 100vw, 1024px\" \/><\/figure>\n<\/div>\n<\/div>\n<\/section>\n","protected":false},"excerpt":{"rendered":"<p>Wir stellen Ihnen den Evolve Aerobic Step vor &#8211; Ihren ultimativen Fitnessbegleiter. Mit drei verstellbaren H\u00f6hen (15 cm, 20 cm und 25 cm) eignet sich diese Stufe f\u00fcr verschiedene Trainingsintensit\u00e4ten. Die rutschfeste, strukturierte Oberfl\u00e4che garantiert Stabilit\u00e4t und Sicherheit beim Training. Egal, ob Sie es in einem kommerziellen Fitnessstudio oder zu Hause aufstellen, sein kompaktes Design ist platzsparend. Au\u00dferdem ist es ein Kinderspiel, ihn zu reinigen, selbst nach hochintensiven Trainingseinheiten. Verbessern Sie Ihr Fitnessprogramm mit dem Evolve Aerobic Step.<\/p>\n<p>\n","protected":false},"featured_media":138925,"template":"","meta":{"_acf_changed":false,"inline_featured_image":false},"product_cat":[191],"product_tag":[],"class_list":{"0":"post-89849","1":"product","2":"type-product","3":"status-publish","4":"has-post-thumbnail","6":"product_cat-studio-de","8":"first","9":"instock","10":"sale","11":"shipping-taxable","12":"purchasable","13":"product-type-simple"},"acf":[],"_links":{"self":[{"href":"https:\/\/store.evolve-fitness.eu\/de\/wp-json\/wp\/v2\/product\/89849","targetHints":{"allow":["GET"]}}],"collection":[{"href":"https:\/\/store.evolve-fitness.eu\/de\/wp-json\/wp\/v2\/product"}],"about":[{"href":"https:\/\/store.evolve-fitness.eu\/de\/wp-json\/wp\/v2\/types\/product"}],"wp:featuredmedia":[{"embeddable":true,"href":"https:\/\/store.evolve-fitness.eu\/de\/wp-json\/wp\/v2\/media\/138925"}],"wp:attachment":[{"href":"https:\/\/store.evolve-fitness.eu\/de\/wp-json\/wp\/v2\/media?parent=89849"}],"wp:term":[{"taxonomy":"product_cat","embeddable":true,"href":"https:\/\/store.evolve-fitness.eu\/de\/wp-json\/wp\/v2\/product_cat?post=89849"},{"taxonomy":"product_tag","embeddable":true,"href":"https:\/\/store.evolve-fitness.eu\/de\/wp-json\/wp\/v2\/product_tag?post=89849"}],"curies":[{"name":"wp","href":"https:\/\/api.w.org\/{rel}","templated":true}]}}