{"id":8975,"date":"2024-01-03T14:50:41","date_gmt":"2024-01-03T14:50:41","guid":{"rendered":"https:\/\/store.evolve-fitness.eu\/produktas\/evolve-ultra-series-kommerzielles-liegerad\/"},"modified":"2026-03-04T11:59:56","modified_gmt":"2026-03-04T11:59:56","slug":"evolve-ultra-series-kommerzielles-liegerad","status":"publish","type":"product","link":"https:\/\/store.evolve-fitness.eu\/de\/produkt\/evolve-ultra-series-kommerzielles-liegerad\/","title":{"rendered":"Evolve Ultra Series Kommerzielles Liegerad"},"content":{"rendered":"\n<section class=\"wp-block-group alignfull black-content has-white-color has-darkgray-background-color has-text-color has-background is-layout-constrained wp-block-group-is-layout-constrained\" style=\"padding-top:var(--wp--preset--spacing--section-bottom);padding-bottom:var(--wp--preset--spacing--section-bottom)\">\n<section class=\"wp-block-group alignfull black-content has-white-color has-darkgray-background-color has-text-color has-background is-layout-constrained wp-block-group-is-layout-constrained\" style=\"padding-top:var(--wp--preset--spacing--section-bottom);padding-bottom:var(--wp--preset--spacing--section-bottom)\">\n<div class=\"wp-block-columns alignwide is-layout-flex wp-container-core-columns-is-layout-c45ee707 wp-block-columns-is-layout-flex\" style=\"margin-bottom:var(--wp--preset--spacing--side-padding);padding-top:var(--wp--preset--spacing--side-padding)\">\n<div class=\"wp-block-column is-vertically-aligned-center is-layout-flow wp-block-column-is-layout-flow\">\n<h3 class=\"wp-block-heading\" style=\"margin-bottom:var(--wp--preset--spacing--h-3-bottom)\"><strong>\u00c4sthetik im Familienlook  <\/strong><\/h3>\n\n\n\n<p><strong><em><strong><strong><strong>Leistung in kommerziellen Kardioger\u00e4ten<\/strong><\/strong><\/strong><\/em><\/strong><\/p>\n\n\n\n<p>Die Ultra Series von Evolve verk\u00f6rpert einen ausgepr\u00e4gten Familien-Look, der auf die dynamische Umgebung komplexer kommerzieller Fitnessstudios zugeschnitten ist. Mit ihren schlanken Linien, dem modernen Design und den hochwertigen Oberfl\u00e4chen f\u00fcgt sich jedes Teil der Ultra-Serie nahtlos ein und sorgt f\u00fcr eine einheitliche \u00c4sthetik in der gesamten Fitnesseinrichtung. Ob Laufb\u00e4nder, Ellipsentrainer oder station\u00e4re Fahrr\u00e4der, jedes Ger\u00e4t strahlt Raffinesse und Funktionalit\u00e4t aus und unterstreicht das Ambiente des Fitnessraums. Von den leuchtenden LED-Displays bis hin zu den ergonomischen Griffen und den einstellbaren Funktionen f\u00fcr jeden Fitnessbegeisterten.<\/p>\n<\/div>\n\n\n\n<div class=\"wp-block-column is-vertically-aligned-center is-layout-flow wp-block-column-is-layout-flow\">\n<figure class=\"wp-block-video\"><video autoplay=\"\" controls=\"\" loop=\"\" muted=\"\" src=\"https:\/\/evolve-fitness.eu\/wp-content\/uploads\/2024\/04\/Evolve-Ultra-Series-Family-Look.mp4\"><\/video><\/figure>\n<\/div>\n<\/div>\n\n\n\n<div class=\"wp-block-columns alignwide mobile-reverse is-layout-flex wp-container-core-columns-is-layout-ca64bf2d wp-block-columns-is-layout-flex\" style=\"margin-bottom:var(--wp--preset--spacing--side-padding)\">\n<div class=\"wp-block-column is-vertically-aligned-center is-layout-flow wp-block-column-is-layout-flow\">\n<figure class=\"wp-block-video\"><video height=\"2160\" style=\"aspect-ratio: 2160 \/ 2160;\" width=\"2160\" autoplay=\"\" controls=\"\" loop=\"\" muted=\"\" src=\"https:\/\/evolve-fitness.eu\/wp-content\/uploads\/2024\/04\/Final-Recumbent-bike-Web-HD.mp4\"><\/video><\/figure>\n<\/div>\n\n\n\n<div class=\"wp-block-column is-vertically-aligned-center is-layout-flow wp-block-column-is-layout-flow\">\n<h3 class=\"wp-block-heading\" style=\"margin-bottom:var(--wp--preset--spacing--h-3-bottom)\"><strong><strong><strong>Wir stellen vor: die Evolve Ultra Serie <\/strong><\/strong><\/strong>Kardio<\/h3>\n\n\n\n<p><strong><em>Stil und Stabilit\u00e4t  <\/em><\/strong><\/p>\n\n\n\n<p>Das Evolve Ultra Series UL-156 Commercial Recumbent Bike ist Ihre Eintrittskarte zu einem unvergleichlichen Cardio-Erlebnis. Mit Pr\u00e4zision und Raffinesse entworfen, definiert dieses Fitnessger\u00e4t Ihre Trainingsroutine neu. Der markante Rahmen in Sandy Black verleiht Ihrem Fitnessstudio nicht nur einen Hauch von Eleganz, sondern steht auch f\u00fcr h\u00f6chste Qualit\u00e4t und Handwerkskunst.<\/p>\n\n\n\n<p><em>Bitte aktivieren Sie den Ton in den Spielerkontrollen, um das Spiel voll genie\u00dfen zu k\u00f6nnen.<\/em><\/p>\n<\/div>\n<\/div>\n\n\n\n<div class=\"wp-block-columns alignwide mobile-reverse is-layout-flex wp-container-core-columns-is-layout-ca64bf2d wp-block-columns-is-layout-flex\" style=\"margin-bottom:var(--wp--preset--spacing--side-padding)\">\n<div class=\"wp-block-column is-vertically-aligned-center is-layout-flow wp-block-column-is-layout-flow\">\n<h3 class=\"wp-block-heading\" style=\"margin-bottom:var(--wp--preset--spacing--h-3-bottom)\"><strong>Evolve Ultra Serie Liegerad<\/strong><\/h3>\n\n\n\n<p><strong><em><strong><strong><strong><strong><strong>Das ultimative Workout-Erlebnis<\/strong><\/strong><\/strong><\/strong><\/strong><\/em><\/strong><\/p>\n\n\n\n<p>Das Evolve Ultra Series UL-156 Commercial Recumbent Bike bietet Komfort und Leistung und verwandelt Ihr Trainingsprogramm. Wenn Sie sich auf dem ergonomischen Sitz niederlassen, f\u00fchlt sich jeder Pedaltritt m\u00fchelos und sanft an. Der verstellbare Sitz und Lenker erm\u00f6glichen eine individuelle Anpassung an die K\u00f6rpergr\u00f6\u00dfe und den K\u00f6rperbau des Benutzers. Dank der intuitiven Bedienelemente und der benutzerfreundlichen Oberfl\u00e4che ist es einfach, durch die verschiedenen Trainingsprogramme und Widerstandsstufen zu navigieren.<\/p>\n<\/div>\n\n\n\n<div class=\"wp-block-column is-vertically-aligned-center is-layout-flow wp-block-column-is-layout-flow\">\n<figure class=\"wp-block-video\"><video autoplay=\"\" controls=\"\" loop=\"\" muted=\"\" src=\"https:\/\/evolve-fitness.eu\/wp-content\/uploads\/2024\/04\/Evolve-Ultra-Series-Commercial-Recumbent-bike.mp4\"><\/video><\/figure>\n<\/div>\n<\/div>\n\n\n\n<div class=\"wp-block-columns alignwide mobile-reverse is-layout-flex wp-container-core-columns-is-layout-ca64bf2d wp-block-columns-is-layout-flex\" style=\"margin-bottom:var(--wp--preset--spacing--side-padding)\">\n<div class=\"wp-block-column is-vertically-aligned-center is-layout-flow wp-block-column-is-layout-flow\">\n<figure class=\"wp-block-image size-full is-resized\"><img decoding=\"async\" src=\"https:\/\/evolve-fitness.eu\/wp-content\/uploads\/2023\/11\/7.png\" alt=\"\" class=\"wp-image-7102\" style=\"object-fit:cover;width:680px;height:600px\"\/><\/figure>\n<\/div>\n\n\n\n<div class=\"wp-block-column is-vertically-aligned-center is-layout-flow wp-block-column-is-layout-flow\">\n<h3 class=\"wp-block-heading\" style=\"margin-bottom:var(--wp--preset--spacing--h-3-bottom)\"><strong>Leistung und Langlebigkeit<\/strong><\/h3>\n\n\n\n<p><strong><em><strong><strong><strong><strong><strong>F\u00fcr optimale Leistung<\/strong><\/strong><\/strong><\/strong><\/strong><\/em><\/strong><\/p>\n\n\n\n<p>Der UL-156 ist mit einer Aluminium-Sitzschiene ausgestattet, die f\u00fcr die n\u00f6tige Haltbarkeit und Stabilit\u00e4t bei Ihren Trainingseinheiten sorgt. Die fortschrittliche EMS-Systembremse bietet eine pr\u00e4zise Widerstandssteuerung, w\u00e4hrend das 10 kg*265 mm gro\u00dfe Schwungrad f\u00fcr eine gleichm\u00e4\u00dfige und effiziente Tretbewegung sorgt. Passend zum Rahmen ist das Zubeh\u00f6r in Schwarz gehalten und sorgt f\u00fcr einen nahtlosen und stilvollen Look. Mit sicheren 9\/16&#8243;-Pedalen und einem 400-mm-PJ8-Riemen kann dieses Fahrrad ein maximales Benutzergewicht von 200 kg tragen und eignet sich somit f\u00fcr eine breite Palette von Fitnessniveaus.<\/p>\n<\/div>\n<\/div>\n\n\n\n<div class=\"wp-block-columns alignwide is-layout-flex wp-container-core-columns-is-layout-c45ee707 wp-block-columns-is-layout-flex\" style=\"margin-bottom:var(--wp--preset--spacing--side-padding);padding-top:var(--wp--preset--spacing--side-padding)\">\n<div class=\"wp-block-column is-vertically-aligned-center is-layout-flow wp-block-column-is-layout-flow\">\n<h3 class=\"wp-block-heading\" style=\"margin-bottom:var(--wp--preset--spacing--h-3-bottom)\"><strong>Hochmoderne Technologie  <\/strong><\/h3>\n\n\n\n<p><strong><em><strong><strong><strong>TFT-Konsole<\/strong><\/strong><\/strong><\/em><\/strong><\/p>\n\n\n\n<p>Das Highlight des UL-156 ist seine hochmoderne 15,6&#8243;-TFT-Konsole. Dieser hochaufl\u00f6sende Bildschirm zeigt nicht nur wichtige Trainingsdaten an, sondern bietet auch Unterhaltungs- und Konnektivit\u00e4tsfunktionen. Verbinde dich nahtlos mit beliebten Fitness-Apps wie Kinomap und Zwift \u00fcber Bluetooth und erlebe ein intensives Training. Dar\u00fcber hinaus sorgen die integrierten Apps wie Google Chrome, Facebook, Netflix, Amazon Video, Amazon Shopping, Spotify, YouTube, Twitter und Instagram daf\u00fcr, dass Sie w\u00e4hrend Ihres Trainings besch\u00e4ftigt und unterhalten werden.<\/p>\n<\/div>\n\n\n\n<div class=\"wp-block-column is-vertically-aligned-center is-layout-flow wp-block-column-is-layout-flow\">\n<figure class=\"wp-block-video\"><video height=\"600\" style=\"aspect-ratio: 680 \/ 600;\" width=\"680\" autoplay=\"\" controls=\"\" loop=\"\" muted=\"\" src=\"https:\/\/evolve-fitness.eu\/wp-content\/uploads\/2023\/11\/Evolve-Ultra-cardio-console-full.mp4\"><\/video><\/figure>\n<\/div>\n<\/div>\n\n\n\n<div class=\"wp-block-columns alignwide is-layout-flex wp-container-core-columns-is-layout-c45ee707 wp-block-columns-is-layout-flex\" style=\"margin-bottom:var(--wp--preset--spacing--side-padding);padding-top:var(--wp--preset--spacing--side-padding)\">\n<div class=\"wp-block-column is-vertically-aligned-center is-layout-flow wp-block-column-is-layout-flow\">\n<figure class=\"wp-block-video\"><video height=\"1536\" style=\"aspect-ratio: 2048 \/ 1536;\" width=\"2048\" autoplay=\"\" controls=\"\" loop=\"\" muted=\"\" src=\"https:\/\/evolve-fitness.eu\/wp-content\/uploads\/2023\/11\/EV-RB-UL-156-Evolve-Ultra-Series-Recumbent-Bike-With-3D.mp4\"><\/video><\/figure>\n<\/div>\n\n\n\n<div class=\"wp-block-column is-vertically-aligned-center is-layout-flow wp-block-column-is-layout-flow\">\n<h3 class=\"wp-block-heading\" style=\"margin-bottom:var(--wp--preset--spacing--h-3-bottom)\"><strong><strong><strong>Benutzerfreundliches Design  <\/strong><\/strong><\/strong><\/h3>\n\n\n\n<p><strong><em>Und platzsparend<\/em><\/strong><\/p>\n\n\n\n<p>Mit einer Aufstellfl\u00e4che von 1725 x 75 x 122 mm und einem Netto-\/Bruttogewicht von 75\/83 kg bietet der UL-156 eine stabile Plattform f\u00fcr Ihr Training, ohne \u00fcberm\u00e4\u00dfig viel Platz einzunehmen. Er verf\u00fcgt sogar \u00fcber einen praktischen Wasserflaschenhalter, damit Sie w\u00e4hrend Ihrer Sitzung immer genug Fl\u00fcssigkeit dabei haben.<\/p>\n<\/div>\n<\/div>\n\n\n\n<div class=\"wp-block-columns alignwide are-vertically-aligned-center mobile-reverse is-layout-flex wp-container-core-columns-is-layout-e8158c2f wp-block-columns-is-layout-flex\" style=\"padding-top:var(--wp--preset--spacing--side-padding)\">\n<div class=\"wp-block-column is-vertically-aligned-center is-layout-flow wp-block-column-is-layout-flow\">\n<h3 class=\"wp-block-heading\" style=\"margin-bottom:var(--wp--preset--spacing--h-3-bottom)\"><strong><strong><strong>Unterhaltung und Konnektivit\u00e4t<\/strong><\/strong><\/strong><\/h3>\n\n\n\n<p><strong><em><strong><strong>Ultra-Leistung<\/strong><\/strong><\/em><\/strong><\/p>\n\n\n\n<p>Der UL-156 wird auch mit einem Handpulssensor geliefert. Er verf\u00fcgt \u00fcber integrierte Lautsprecher und einen USB-Ladeanschluss, so dass Sie Ihre Lieblingsmusik genie\u00dfen und Ihre Ger\u00e4te w\u00e4hrend des Trainings aufladen k\u00f6nnen. Mit dem Evolve Ultra Series UL-156 Commercial Recumbent Bike investieren Sie nicht nur in ein Fitnessger\u00e4t, sondern in ein komplettes Fitness- und Unterhaltungserlebnis, das Ihr Cardio-Programm revolutionieren wird. Steigern Sie Ihr Training mit dem UL-156 und kommen Sie Ihren Fitnesszielen einen Schritt n\u00e4her.<\/p>\n<\/div>\n\n\n\n<div class=\"wp-block-column is-vertically-aligned-center is-layout-flow wp-block-column-is-layout-flow\">\n<figure class=\"wp-block-image size-full\"><img decoding=\"async\" src=\"https:\/\/evolve-fitness.eu\/wp-content\/uploads\/2023\/11\/Dizainas-be-pavadinimo-9.png\" alt=\"\" class=\"wp-image-7106\"\/><\/figure>\n<\/div>\n<\/div>\n\n\n\n<figure class=\"wp-block-video\"><video height=\"1000\" style=\"aspect-ratio: 1000 \/ 1000;\" width=\"1000\" autoplay=\"\" loop=\"\" muted=\"\" src=\"https:\/\/evolve-fitness.eu\/wp-content\/uploads\/2023\/11\/Ultra-site-apps.mp4\"><\/video><\/figure>\n<\/section>\n<\/section>\n","protected":false},"excerpt":{"rendered":"<p>Erleben Sie das ultimative Cardio-Training mit dem Evolve Ultra Series UL-156 Commercial Recumbent Bike. Der elegante Sandy Black-Rahmen, die robuste Aluminium-Sitzschiene und die fortschrittliche EMS-Systembremse bieten Stil und Leistung. Mit einem Schwungrad von 10 kg*265 mm, einem maximalen Benutzergewicht von 200 kg und praktischen Funktionen wie einem Wasserflaschenhalter ist das Ger\u00e4t f\u00fcr jedes Fitnessniveau geeignet. Die 15,6-Zoll-TFT-Konsole l\u00e4sst sich \u00fcber Bluetooth mit Apps wie Kinomap und Zwift verbinden und enth\u00e4lt integrierte Apps wie Google Chrome und Netflix. Mit dem Pulssensor am Griff, den Lautsprechern und dem USB-Ladeanschluss bleiben Sie w\u00e4hrend des Trainings unterhalten und verbunden. Definieren Sie Ihr Kardioerlebnis neu mit dem UL-156.<\/p>\n","protected":false},"featured_media":9004,"template":"","meta":{"_acf_changed":false,"inline_featured_image":false},"product_cat":[118,140,141,222],"product_tag":[],"class_list":{"0":"post-8975","1":"product","2":"type-product","3":"status-publish","4":"has-post-thumbnail","6":"product_cat-hauptseite","7":"product_cat-kardiogerate","8":"product_cat-kommerzielle-kardiogerate","9":"product_cat-ultra-series-cardio-de","11":"first","12":"outofstock","13":"shipping-taxable","14":"purchasable","15":"product-type-simple"},"acf":[],"_links":{"self":[{"href":"https:\/\/store.evolve-fitness.eu\/de\/wp-json\/wp\/v2\/product\/8975","targetHints":{"allow":["GET"]}}],"collection":[{"href":"https:\/\/store.evolve-fitness.eu\/de\/wp-json\/wp\/v2\/product"}],"about":[{"href":"https:\/\/store.evolve-fitness.eu\/de\/wp-json\/wp\/v2\/types\/product"}],"wp:featuredmedia":[{"embeddable":true,"href":"https:\/\/store.evolve-fitness.eu\/de\/wp-json\/wp\/v2\/media\/9004"}],"wp:attachment":[{"href":"https:\/\/store.evolve-fitness.eu\/de\/wp-json\/wp\/v2\/media?parent=8975"}],"wp:term":[{"taxonomy":"product_cat","embeddable":true,"href":"https:\/\/store.evolve-fitness.eu\/de\/wp-json\/wp\/v2\/product_cat?post=8975"},{"taxonomy":"product_tag","embeddable":true,"href":"https:\/\/store.evolve-fitness.eu\/de\/wp-json\/wp\/v2\/product_tag?post=8975"}],"curies":[{"name":"wp","href":"https:\/\/api.w.org\/{rel}","templated":true}]}}