{"id":8973,"date":"2024-01-03T08:57:44","date_gmt":"2024-01-03T08:57:44","guid":{"rendered":"https:\/\/store.evolve-fitness.eu\/produktas\/evolve-ultra-series-elliptical-trainer-fuer-den-gewerblichen-einsatz\/"},"modified":"2026-04-21T12:00:47","modified_gmt":"2026-04-21T12:00:47","slug":"evolve-ultra-series-elliptical-trainer-fuer-den-gewerblichen-einsatz","status":"publish","type":"product","link":"https:\/\/store.evolve-fitness.eu\/de\/produkt\/evolve-ultra-series-elliptical-trainer-fuer-den-gewerblichen-einsatz\/","title":{"rendered":"Evolve Ultra Series Elliptical Trainer f\u00fcr den gewerblichen Einsatz"},"content":{"rendered":"\n<section class=\"wp-block-group alignfull black-content has-white-color has-darkgray-background-color has-text-color has-background is-layout-constrained wp-block-group-is-layout-constrained\" style=\"padding-top:var(--wp--preset--spacing--section-bottom);padding-bottom:var(--wp--preset--spacing--section-bottom)\">\n<section class=\"wp-block-group alignfull black-content has-white-color has-darkgray-background-color has-text-color has-background is-layout-constrained wp-block-group-is-layout-constrained\" style=\"padding-top:var(--wp--preset--spacing--section-bottom);padding-bottom:var(--wp--preset--spacing--section-bottom)\">\n<div class=\"wp-block-columns alignwide is-layout-flex wp-container-core-columns-is-layout-c45ee707 wp-block-columns-is-layout-flex\" style=\"margin-bottom:var(--wp--preset--spacing--side-padding);padding-top:var(--wp--preset--spacing--side-padding)\">\n<div class=\"wp-block-column is-vertically-aligned-center is-layout-flow wp-block-column-is-layout-flow\">\n<h3 class=\"wp-block-heading\" style=\"margin-bottom:var(--wp--preset--spacing--h-3-bottom)\"><strong>\u00c4sthetik im Familienlook  <\/strong><\/h3>\n\n\n\n<p><strong><em><strong><strong><strong>Leistung in kommerziellen Kardioger\u00e4ten<\/strong><\/strong><\/strong><\/em><\/strong><\/p>\n\n\n\n<p>Die Ultra Series von Evolve verk\u00f6rpert einen ausgepr\u00e4gten Familien-Look, der auf die dynamische Umgebung komplexer kommerzieller Fitnessstudios zugeschnitten ist. Mit ihren schlanken Linien, dem modernen Design und den hochwertigen Oberfl\u00e4chen f\u00fcgt sich jedes Teil der Ultra-Serie nahtlos ein und sorgt f\u00fcr eine einheitliche \u00c4sthetik in der gesamten Fitnesseinrichtung. Ob Laufb\u00e4nder, Ellipsentrainer oder station\u00e4re Fahrr\u00e4der, jedes Ger\u00e4t strahlt Raffinesse und Funktionalit\u00e4t aus und unterstreicht das Ambiente des Fitnessraums. Von den leuchtenden LED-Displays bis hin zu den ergonomischen Griffen und den einstellbaren Funktionen f\u00fcr jeden Fitnessbegeisterten.<\/p>\n<\/div>\n\n\n\n<div class=\"wp-block-column is-vertically-aligned-center is-layout-flow wp-block-column-is-layout-flow\">\n<figure class=\"wp-block-video\"><video autoplay=\"\" controls=\"\" loop=\"\" muted=\"\" src=\"https:\/\/evolve-fitness.eu\/wp-content\/uploads\/2024\/04\/Evolve-Ultra-Series-Family-Look.mp4\"><\/video><\/figure>\n<\/div>\n<\/div>\n\n\n\n<div class=\"wp-block-columns alignwide mobile-reverse is-layout-flex wp-container-core-columns-is-layout-ca64bf2d wp-block-columns-is-layout-flex\" style=\"margin-bottom:var(--wp--preset--spacing--side-padding)\">\n<div class=\"wp-block-column is-vertically-aligned-center is-layout-flow wp-block-column-is-layout-flow\">\n<figure class=\"wp-block-video\"><video autoplay=\"\" controls=\"\" loop=\"\" muted=\"\" src=\"https:\/\/evolve-fitness.eu\/wp-content\/uploads\/2024\/04\/Final-Elliptical-trainer-Web-HD.mp4\"><\/video><\/figure>\n<\/div>\n\n\n\n<div class=\"wp-block-column is-vertically-aligned-center is-layout-flow wp-block-column-is-layout-flow\">\n<h3 class=\"wp-block-heading\" style=\"margin-bottom:var(--wp--preset--spacing--h-3-bottom)\"><strong><strong><strong>Wir stellen vor: die Evolve Ultra Serie <\/strong><\/strong><\/strong>Kardio<\/h3>\n\n\n\n<p><strong><em>Stil und Stabilit\u00e4t  <\/em><\/strong><\/p>\n\n\n\n<p>Entdecken Sie den Evolve Ultra Series UL-156, einen Ellipsentrainer f\u00fcr den gewerblichen Einsatz, der elegantes Design mit robuster Haltbarkeit verbindet. Dieser Ellipsentrainer wurde f\u00fcr ernsthafte Fitness-Enthusiasten entwickelt und verf\u00fcgt \u00fcber einen Rahmen in Sandy Black. Er kann Benutzer mit einem Gewicht von bis zu 200 kg tragen und bietet sowohl Stil als auch Stabilit\u00e4t in jeder Fitnessumgebung.<\/p>\n\n\n\n<p><em>Bitte aktivieren Sie den Ton in den Spielerkontrollen, um das Spiel voll genie\u00dfen zu k\u00f6nnen.<\/em><\/p>\n<\/div>\n<\/div>\n\n\n\n<div class=\"wp-block-columns alignwide mobile-reverse is-layout-flex wp-container-core-columns-is-layout-ca64bf2d wp-block-columns-is-layout-flex\" style=\"margin-bottom:var(--wp--preset--spacing--side-padding)\">\n<div class=\"wp-block-column is-vertically-aligned-center is-layout-flow wp-block-column-is-layout-flow\">\n<h3 class=\"wp-block-heading\" style=\"margin-bottom:var(--wp--preset--spacing--h-3-bottom)\"><strong>Kommerzieller Ellipsentrainer der Evolve Ultra-Serie<\/strong><\/h3>\n\n\n\n<p><strong><em><strong><strong><strong><strong><strong>Das ultimative Workout-Erlebnis<\/strong><\/strong><\/strong><\/strong><\/strong><\/em><\/strong><\/p>\n\n\n\n<p>Der kommerzielle Ellipsentrainer der Evolve Ultra-Serie bietet bei jedem Schritt ein Gef\u00fchl von Leichtigkeit und Kraft. Die ger\u00e4umigen Pedale und die ergonomischen Griffe vermitteln ein Gef\u00fchl von Stabilit\u00e4t und Kontrolle. Die sanfte elliptische Bewegung sorgt f\u00fcr ein sanftes und dennoch hocheffektives Training, bei dem Sie m\u00fchelos mehrere Muskelgruppen ansprechen k\u00f6nnen. Mit anpassbaren Widerstandsstufen und vorprogrammierten Trainingsoptionen k\u00f6nnen Sie Ihr Trainingsprogramm flexibel auf Ihre spezifischen Ziele und Vorlieben abstimmen. Die intuitive Konsole h\u00e4lt Sie \u00fcber Ihre Fortschritte auf dem Laufenden und motiviert Sie, an Ihre Grenzen zu gehen und Ihre Fitnessziele zu erreichen. Ganz gleich, ob Sie Ihre kardiovaskul\u00e4re Ausdauer verbessern, Ihre Muskeln straffen oder einfach nur ein befriedigendes Training genie\u00dfen m\u00f6chten, der kommerzielle Ellipsentrainer der Evolve Ultra-Serie bietet Ihnen bei jedem Schritt ein Gef\u00fchl der Erf\u00fcllung und des Hochgef\u00fchls.<\/p>\n<\/div>\n\n\n\n<div class=\"wp-block-column is-vertically-aligned-center is-layout-flow wp-block-column-is-layout-flow\">\n<figure class=\"wp-block-video\"><video autoplay=\"\" controls=\"\" loop=\"\" muted=\"\" src=\"https:\/\/evolve-fitness.eu\/wp-content\/uploads\/2024\/04\/Evolve-Ultra-Series-Commercial-Elliptical-trainer.mp4\"><\/video><\/figure>\n<\/div>\n<\/div>\n\n\n\n<div class=\"wp-block-columns alignwide mobile-reverse is-layout-flex wp-container-core-columns-is-layout-ca64bf2d wp-block-columns-is-layout-flex\" style=\"margin-bottom:var(--wp--preset--spacing--side-padding)\">\n<div class=\"wp-block-column is-vertically-aligned-center is-layout-flow wp-block-column-is-layout-flow\">\n<figure class=\"wp-block-video\"><video height=\"2560\" style=\"aspect-ratio: 1920 \/ 2560;\" width=\"1920\" autoplay=\"\" controls=\"\" loop=\"\" muted=\"\" src=\"https:\/\/evolve-fitness.eu\/wp-content\/uploads\/2023\/11\/EV-ET-UL-156-Short.mp4\"><\/video><\/figure>\n<\/div>\n\n\n\n<div class=\"wp-block-column is-vertically-aligned-center is-layout-flow wp-block-column-is-layout-flow\">\n<h3 class=\"wp-block-heading\">Willkommen bei der Ultra-Serie<\/h3>\n\n\n\n<p><strong><em>Lernen Sie unsere Ger\u00e4te der Ultra-Serie mit einer hochmodernen 3D-360-Tour kennen<\/em><\/strong><\/p>\n\n\n\n<p>Das kommerzielle Kardioger\u00e4t der Evolve Ultra Series, Teil der Evolve Ultra Series, ist sowohl auf Komfort als auch auf Leistung ausgelegt. Das Design ist \u00e4sthetisch ansprechend mit einer haltbaren, pulverbeschichteten Oberfl\u00e4che, und die Verwendung von hochwertigen Kabeln sorgt f\u00fcr einen reibungslosen Betrieb.<\/p>\n<\/div>\n<\/div>\n\n\n\n<div class=\"wp-block-columns alignwide mobile-reverse is-layout-flex wp-container-core-columns-is-layout-ca64bf2d wp-block-columns-is-layout-flex\" style=\"margin-bottom:var(--wp--preset--spacing--side-padding)\">\n<div class=\"wp-block-column is-vertically-aligned-center is-layout-flow wp-block-column-is-layout-flow\">\n<h3 class=\"wp-block-heading\" style=\"margin-bottom:var(--wp--preset--spacing--h-3-bottom)\"><strong><strong>Fortgeschrittene Mechanik  <\/strong><\/strong><\/h3>\n\n\n\n<p><strong><em><strong><strong><strong><strong><strong>F\u00fcr optimale Leistung<\/strong><\/strong><\/strong><\/strong><\/strong><\/em><\/strong><\/p>\n\n\n\n<p>Der UL-156 wurde f\u00fcr ein reibungsloses und effizientes Trainingserlebnis entwickelt. Es verf\u00fcgt \u00fcber ein EMS-Bremssystem und ein 10kg*265mm Schwungrad mit SFK-Lager, das ein gleichm\u00e4\u00dfiges Pedalieren gew\u00e4hrleistet. Der leise Betrieb des 530 mm langen PJ8-Riemens in Kombination mit einem \u00dcbersetzungsverh\u00e4ltnis von 1\/11,6 sorgt f\u00fcr ein Training, das f\u00fcr Benutzer aller Fitnessniveaus sowohl anspruchsvoll als auch angenehm ist.<\/p>\n<\/div>\n\n\n\n<div class=\"wp-block-column is-vertically-aligned-center is-layout-flow wp-block-column-is-layout-flow\">\n<figure class=\"wp-block-image size-full is-resized is-style-rounded\"><img decoding=\"async\" src=\"https:\/\/evolve-fitness.eu\/wp-content\/uploads\/2023\/11\/Evolve-UL-156-eliptical.png\" alt=\"\" class=\"wp-image-6019\" style=\"object-fit:cover;width:680px;height:600px\"\/><\/figure>\n<\/div>\n<\/div>\n\n\n\n<div class=\"wp-block-columns alignwide is-layout-flex wp-container-core-columns-is-layout-c45ee707 wp-block-columns-is-layout-flex\" style=\"margin-bottom:var(--wp--preset--spacing--side-padding);padding-top:var(--wp--preset--spacing--side-padding)\">\n<div class=\"wp-block-column is-vertically-aligned-center is-layout-flow wp-block-column-is-layout-flow\">\n<figure class=\"wp-block-video\"><video height=\"600\" style=\"aspect-ratio: 680 \/ 600;\" width=\"680\" autoplay=\"\" controls=\"\" loop=\"\" muted=\"\" src=\"https:\/\/evolve-fitness.eu\/wp-content\/uploads\/2023\/11\/Evolve-Ultra-cardio-console-full.mp4\"><\/video><\/figure>\n<\/div>\n\n\n\n<div class=\"wp-block-column is-vertically-aligned-center is-layout-flow wp-block-column-is-layout-flow\">\n<h3 class=\"wp-block-heading\" style=\"margin-bottom:var(--wp--preset--spacing--h-3-bottom)\"><strong>Hochmoderne Technologie  <\/strong><\/h3>\n\n\n\n<p><strong><em><strong><strong>F\u00fcr ein fesselndes Workout<\/strong><\/strong><\/em><\/strong><\/p>\n\n\n\n<p>Bleiben Sie in Verbindung und unterhalten Sie sich mit den fortschrittlichen technischen Funktionen des UL-156. Der Ellipsentrainer verf\u00fcgt \u00fcber ein 15,6-Zoll-TFT-Display mit Echtzeit-Herzfrequenzmessung und Bluetooth-Konnektivit\u00e4t, die eine nahtlose Integration mit beliebten Fitness-Apps wie Kinomap und Zwift erm\u00f6glicht. Integrierte Apps wie Google Chrome, Facebook, Netflix und andere sorgen daf\u00fcr, dass Ihr Training sowohl produktiv als auch unterhaltsam ist.<\/p>\n<\/div>\n<\/div>\n\n\n\n<div class=\"wp-block-columns alignwide is-layout-flex wp-container-core-columns-is-layout-c45ee707 wp-block-columns-is-layout-flex\" style=\"margin-bottom:var(--wp--preset--spacing--side-padding);padding-top:var(--wp--preset--spacing--side-padding)\">\n<div class=\"wp-block-column is-vertically-aligned-center is-layout-flow wp-block-column-is-layout-flow\">\n<h3 class=\"wp-block-heading\" style=\"margin-bottom:var(--wp--preset--spacing--h-3-bottom)\"><strong><strong><strong>Benutzerfreundliches Design  <\/strong><\/strong><\/strong><\/h3>\n\n\n\n<p><strong><em><strong><strong><strong><strong><strong>F\u00fcr mehr Bequemlichkeit<\/strong><\/strong><\/strong><\/strong><\/strong><\/em><\/strong><\/p>\n\n\n\n<p>Das UL-156 wurde mit Blick auf den Benutzer entwickelt und verf\u00fcgt \u00fcber praktische Funktionen wie einen integrierten Empf\u00e4nger, der einen Brustgurt \u00fcberfl\u00fcssig macht, sowie einen Lautsprecher und einen USB-Ladeanschluss. Der zus\u00e4tzliche Wasserflaschenhalter sorgt daf\u00fcr, dass die Fl\u00fcssigkeitszufuhr w\u00e4hrend des Trainings m\u00fchelos und bequem ist.<\/p>\n<\/div>\n\n\n\n<div class=\"wp-block-column is-vertically-aligned-center is-layout-flow wp-block-column-is-layout-flow\">\n<figure class=\"wp-block-image size-full\"><img decoding=\"async\" src=\"https:\/\/evolve-fitness.eu\/wp-content\/uploads\/2023\/11\/Evolve-Ultra-Series-UL-156-Elliptical-trainer-1.png\" alt=\"\" class=\"wp-image-6023\"\/><\/figure>\n<\/div>\n<\/div>\n\n\n\n<div class=\"wp-block-columns alignwide are-vertically-aligned-center mobile-reverse is-layout-flex wp-container-core-columns-is-layout-e8158c2f wp-block-columns-is-layout-flex\" style=\"padding-top:var(--wp--preset--spacing--side-padding)\">\n<div class=\"wp-block-column is-vertically-aligned-center is-layout-flow wp-block-column-is-layout-flow\">\n<figure class=\"wp-block-image size-large\"><img decoding=\"async\" src=\"https:\/\/evolve-fitness.eu\/wp-content\/uploads\/2023\/11\/Evolve-UL-156-eliptical-1-1024x576.png\" alt=\"\" class=\"wp-image-6017\"\/><\/figure>\n<\/div>\n\n\n\n<div class=\"wp-block-column is-vertically-aligned-center is-layout-flow wp-block-column-is-layout-flow\">\n<h3 class=\"wp-block-heading\" style=\"margin-bottom:var(--wp--preset--spacing--h-3-bottom)\"><strong><strong>Schlanke und moderne \u00c4sthetik<\/strong><\/strong><\/h3>\n\n\n\n<p><strong><em><strong><strong>Ultra-Leistung<\/strong><\/strong><\/em><\/strong><\/p>\n\n\n\n<p>Beim Ellipsentrainer UL-156 geht es nicht nur um Leistung, sondern auch um eine elegante, moderne \u00c4sthetik f\u00fcr jeden Fitnessraum. Sein elegantes Design und seine au\u00dfergew\u00f6hnliche Leistung machen ihn zur idealen Wahl f\u00fcr alle, die ein erstklassiges Trainingserlebnis suchen.<\/p>\n<\/div>\n<\/div>\n\n\n\n<figure class=\"wp-block-video\"><video height=\"1000\" style=\"aspect-ratio: 1000 \/ 1000;\" width=\"1000\" autoplay=\"\" loop=\"\" muted=\"\" src=\"https:\/\/evolve-fitness.eu\/wp-content\/uploads\/2023\/11\/Ultra-site-apps.mp4\"><\/video><\/figure>\n<\/section>\n<\/section>\n","protected":false},"excerpt":{"rendered":"<p>Erleben Sie die Spitze der Fitnesstechnologie mit dem Evolve Ultra Series UL-156 Commercial Elliptical Trainer. Dieser Ellipsentrainer wurde f\u00fcr den modernen Fitness-Enthusiasten entwickelt und kombiniert ein schlankes Sandy Black Design mit \u00fcberlegener Langlebigkeit und tr\u00e4gt bis zu 200 kg. Genie\u00dfen Sie ein sanftes, effizientes Training mit dem fortschrittlichen EMS-Bremssystem und einem 10-kg-Schwungrad, das f\u00fcr alle Fitnesslevels optimiert ist. Mit dem 15,6-Zoll-TFT-Display mit integrierter Herzfrequenzmessung und Bluetooth-Konnektivit\u00e4t f\u00fcr beliebte Fitness-Apps wie Kinomap und Zwift bleiben Sie immer in Verbindung und werden unterhalten. Mit integrierten Apps wie Netflix und Spotify und benutzerfreundlichen Funktionen wie einem USB-Ladeanschluss und einem Wasserflaschenhalter bietet der UL-156 ein unvergleichliches Trainingserlebnis, das sich perfekt f\u00fcr jede hochwertige Fitnesseinrichtung eignet.<\/p>\n","protected":false},"featured_media":8995,"template":"","meta":{"_acf_changed":false,"inline_featured_image":false},"product_cat":[118,140,141,222],"product_tag":[],"class_list":{"0":"post-8973","1":"product","2":"type-product","3":"status-publish","4":"has-post-thumbnail","6":"product_cat-hauptseite","7":"product_cat-kardiogerate","8":"product_cat-kommerzielle-kardiogerate","9":"product_cat-ultra-series-cardio-de","11":"first","12":"instock","13":"shipping-taxable","14":"purchasable","15":"product-type-simple"},"acf":[],"_links":{"self":[{"href":"https:\/\/store.evolve-fitness.eu\/de\/wp-json\/wp\/v2\/product\/8973","targetHints":{"allow":["GET"]}}],"collection":[{"href":"https:\/\/store.evolve-fitness.eu\/de\/wp-json\/wp\/v2\/product"}],"about":[{"href":"https:\/\/store.evolve-fitness.eu\/de\/wp-json\/wp\/v2\/types\/product"}],"wp:featuredmedia":[{"embeddable":true,"href":"https:\/\/store.evolve-fitness.eu\/de\/wp-json\/wp\/v2\/media\/8995"}],"wp:attachment":[{"href":"https:\/\/store.evolve-fitness.eu\/de\/wp-json\/wp\/v2\/media?parent=8973"}],"wp:term":[{"taxonomy":"product_cat","embeddable":true,"href":"https:\/\/store.evolve-fitness.eu\/de\/wp-json\/wp\/v2\/product_cat?post=8973"},{"taxonomy":"product_tag","embeddable":true,"href":"https:\/\/store.evolve-fitness.eu\/de\/wp-json\/wp\/v2\/product_tag?post=8973"}],"curies":[{"name":"wp","href":"https:\/\/api.w.org\/{rel}","templated":true}]}}