{"id":8915,"date":"2024-01-03T09:20:35","date_gmt":"2024-01-03T09:20:35","guid":{"rendered":"https:\/\/store.evolve-fitness.eu\/produktas\/evolve-ultra-serie-kommerzielles-upright-fahrrad\/"},"modified":"2026-03-31T12:00:56","modified_gmt":"2026-03-31T12:00:56","slug":"evolve-ultra-serie-kommerzielles-upright-fahrrad","status":"publish","type":"product","link":"https:\/\/store.evolve-fitness.eu\/de\/produkt\/evolve-ultra-serie-kommerzielles-upright-fahrrad\/","title":{"rendered":"Evolve Ultra Serie Kommerzielles Upright Fahrrad"},"content":{"rendered":"\n<p class=\"has-text-align-center has-medium-2-font-size\"><\/p>\n\n<section class=\"wp-block-group alignfull black-content has-white-color has-darkgray-background-color has-text-color has-background is-layout-constrained wp-block-group-is-layout-constrained\" style=\"padding-top:var(--wp--preset--spacing--section-bottom);padding-bottom:var(--wp--preset--spacing--section-bottom)\">\n<section class=\"wp-block-group alignfull black-content has-white-color has-darkgray-background-color has-text-color has-background is-layout-constrained wp-block-group-is-layout-constrained\" style=\"padding-top:var(--wp--preset--spacing--section-bottom);padding-bottom:var(--wp--preset--spacing--section-bottom)\">\n<div class=\"wp-block-columns alignwide is-layout-flex wp-container-core-columns-is-layout-c45ee707 wp-block-columns-is-layout-flex\" style=\"margin-bottom:var(--wp--preset--spacing--side-padding);padding-top:var(--wp--preset--spacing--side-padding)\">\n<div class=\"wp-block-column is-vertically-aligned-center is-layout-flow wp-block-column-is-layout-flow\">\n<h3 class=\"wp-block-heading\" style=\"margin-bottom:var(--wp--preset--spacing--h-3-bottom)\"><strong>\u00c4sthetik im Familienlook  <\/strong><\/h3>\n\n\n\n<p><strong><em><strong><strong><strong>Leistung in kommerziellen Kardioger\u00e4ten<\/strong><\/strong><\/strong><\/em><\/strong><\/p>\n\n\n\n<p>Die Ultra Series von Evolve verk\u00f6rpert einen ausgepr\u00e4gten Familien-Look, der auf die dynamische Umgebung komplexer kommerzieller Fitnessstudios zugeschnitten ist. Mit ihren schlanken Linien, dem modernen Design und den hochwertigen Oberfl\u00e4chen f\u00fcgt sich jedes Teil der Ultra-Serie nahtlos ein und sorgt f\u00fcr eine einheitliche \u00c4sthetik in der gesamten Fitnesseinrichtung. Ob Laufb\u00e4nder, Ellipsentrainer oder station\u00e4re Fahrr\u00e4der, jedes Ger\u00e4t strahlt Raffinesse und Funktionalit\u00e4t aus und unterstreicht das Ambiente des Fitnessraums. Von den leuchtenden LED-Displays bis hin zu den ergonomischen Griffen und den einstellbaren Funktionen f\u00fcr jeden Fitnessbegeisterten.<\/p>\n<\/div>\n\n\n\n<div class=\"wp-block-column is-vertically-aligned-center is-layout-flow wp-block-column-is-layout-flow\">\n<figure class=\"wp-block-video\"><video autoplay=\"\" controls=\"\" loop=\"\" muted=\"\" src=\"https:\/\/evolve-fitness.eu\/wp-content\/uploads\/2024\/04\/Evolve-Ultra-Series-Family-Look.mp4\"><\/video><\/figure>\n<\/div>\n<\/div>\n\n\n\n<div class=\"wp-block-columns alignwide mobile-reverse is-layout-flex wp-container-core-columns-is-layout-ca64bf2d wp-block-columns-is-layout-flex\" style=\"margin-bottom:var(--wp--preset--spacing--side-padding)\">\n<div class=\"wp-block-column is-vertically-aligned-center is-layout-flow wp-block-column-is-layout-flow\">\n<figure class=\"wp-block-video\"><video autoplay=\"\" controls=\"\" loop=\"\" muted=\"\" src=\"https:\/\/evolve-fitness.eu\/wp-content\/uploads\/2024\/04\/Final-Upright-bike-Web-HD.mp4\"><\/video><\/figure>\n<\/div>\n\n\n\n<div class=\"wp-block-column is-vertically-aligned-center is-layout-flow wp-block-column-is-layout-flow\">\n<h3 class=\"wp-block-heading\" style=\"margin-bottom:var(--wp--preset--spacing--h-3-bottom)\"><strong><strong><strong>Wir stellen vor: die Evolve Ultra Serie <\/strong><\/strong><\/strong>Kardio<\/h3>\n\n\n\n<p><strong><em>Stil und Stabilit\u00e4t  <\/em><\/strong><\/p>\n\n\n\n<p>Das Evolve Ultra Series UL-156 Commercial Upright Bike ist ein hochmodernes Fitnessger\u00e4t, das modernste Technologie mit erstklassigem Design kombiniert. Dieses Cardio-Kraftpaket ist sorgf\u00e4ltig verarbeitet und verf\u00fcgt \u00fcber einen eleganten Rahmen in Sandy Black, der Raffinesse und Langlebigkeit ausstrahlt. Das Gestell wird durch schwarz lackierte Accessoires erg\u00e4nzt, wodurch eine koh\u00e4rente und optisch ansprechende \u00c4sthetik entsteht.<\/p>\n\n\n\n<p><em>Bitte aktivieren Sie den Ton in den Spielerkontrollen, um das Spiel voll genie\u00dfen zu k\u00f6nnen.<\/em><\/p>\n<\/div>\n<\/div>\n\n\n\n<div class=\"wp-block-columns alignwide mobile-reverse is-layout-flex wp-container-core-columns-is-layout-ca64bf2d wp-block-columns-is-layout-flex\" style=\"margin-bottom:var(--wp--preset--spacing--side-padding)\">\n<div class=\"wp-block-column is-vertically-aligned-center is-layout-flow wp-block-column-is-layout-flow\">\n<h3 class=\"wp-block-heading\" style=\"margin-bottom:var(--wp--preset--spacing--h-3-bottom)\"><strong>Evolve Ultra Serie Kommerzielles Upright Fahrrad<\/strong><\/h3>\n\n\n\n<p><strong><em><strong><strong><strong><strong><strong>Das ultimative Workout-Erlebnis<\/strong><\/strong><\/strong><\/strong><\/strong><\/em><\/strong><\/p>\n\n\n\n<p>Das Evolve Ultra Series UL-156 Commercial Upright Bike bietet eine nahtlose Mischung aus Komfort und Leistung, die dem Benutzer ein befriedigendes Trainingserlebnis bietet. Wenn Sie auf das Fahrrad aufsteigen und sich auf dem ergonomischen Sitz niederlassen, werden Sie sofort das st\u00fctzende Design bemerken, das w\u00e4hrend der gesamten Fahrt f\u00fcr eine gute K\u00f6rperhaltung sorgt. Die sanfte, flie\u00dfende Bewegung der Pedale in Verbindung mit den anpassbaren Widerstandsstufen erm\u00f6glicht es Ihnen, Ihr Training an Ihr Fitnessniveau und Ihre Ziele anzupassen. Mit den intuitiven Bedienelementen und der benutzerfreundlichen Oberfl\u00e4che k\u00f6nnen Sie die Einstellungen m\u00fchelos anpassen und Ihre Fortschritte verfolgen, sodass Sie sich ganz auf Ihr Training konzentrieren k\u00f6nnen. Ganz gleich, ob Sie ein intensives Kardio-Training absolvieren oder einfach nur eine gem\u00fctliche Fahrt genie\u00dfen m\u00f6chten, das Evolve Ultra Series UL-156 Commercial Upright Bike ist die richtige Wahl.<\/p>\n<\/div>\n\n\n\n<div class=\"wp-block-column is-vertically-aligned-center is-layout-flow wp-block-column-is-layout-flow\">\n<figure class=\"wp-block-video\"><video autoplay=\"\" controls=\"\" loop=\"\" muted=\"\" src=\"https:\/\/evolve-fitness.eu\/wp-content\/uploads\/2023\/11\/Evolve-Ultra-Series-Commercial-Upright-bike-1.mp4\"><\/video><\/figure>\n<\/div>\n<\/div>\n\n\n\n<div class=\"wp-block-columns alignwide mobile-reverse is-layout-flex wp-container-core-columns-is-layout-ca64bf2d wp-block-columns-is-layout-flex\" style=\"margin-bottom:var(--wp--preset--spacing--side-padding)\">\n<div class=\"wp-block-column is-vertically-aligned-center is-layout-flow wp-block-column-is-layout-flow\">\n<figure class=\"wp-block-image size-full is-resized\"><img decoding=\"async\" src=\"https:\/\/evolve-fitness.eu\/wp-content\/uploads\/2023\/11\/Evolve-UL-156-upright.png\" alt=\"\" class=\"wp-image-6203\" style=\"object-fit:cover;width:680px;height:600px\"\/><\/figure>\n<\/div>\n\n\n\n<div class=\"wp-block-column is-vertically-aligned-center is-layout-flow wp-block-column-is-layout-flow\">\n<h3 class=\"wp-block-heading\" style=\"margin-bottom:var(--wp--preset--spacing--h-3-bottom)\"><strong><strong>Fortgeschrittene Mechanik  <\/strong><\/strong><\/h3>\n\n\n\n<p><strong><em><strong><strong><strong><strong><strong>F\u00fcr optimale Leistung<\/strong><\/strong><\/strong><\/strong><\/strong><\/em><\/strong><\/p>\n\n\n\n<p>Das Herzst\u00fcck der Evolve Ultra Series ist ein fortschrittliches EMS-Bremssystem, das eine sanfte und pr\u00e4zise Widerstandskontrolle w\u00e4hrend des Trainings erm\u00f6glicht. Das 10-kg-Schwungrad mit einem Durchmesser von 265 mm sorgt f\u00fcr ein anspruchsvolles und dennoch komfortables Fahrgef\u00fchl. Die dreiteilige, verchromte Kurbel mit verchromter Zierabdeckung ist nicht nur stilvoll, sondern erh\u00f6ht auch die Langlebigkeit des Fahrrads.<\/p>\n<\/div>\n<\/div>\n\n\n\n<div class=\"wp-block-columns alignwide is-layout-flex wp-container-core-columns-is-layout-c45ee707 wp-block-columns-is-layout-flex\" style=\"margin-bottom:var(--wp--preset--spacing--side-padding);padding-top:var(--wp--preset--spacing--side-padding)\">\n<div class=\"wp-block-column is-vertically-aligned-center is-layout-flow wp-block-column-is-layout-flow\">\n<h3 class=\"wp-block-heading\" style=\"margin-bottom:var(--wp--preset--spacing--h-3-bottom)\"><strong>Hochmoderne Technologie  <\/strong><\/h3>\n\n\n\n<p><strong><em><strong><strong>F\u00fcr ein fesselndes Workout<\/strong><\/strong><\/em><\/strong><\/p>\n\n\n\n<p>Eines der herausragenden Merkmale dieses Fahrrads ist die 15,6-Zoll-TFT-Konsole, die mit einem Handpulssensor f\u00fcr die genaue \u00dcberwachung der Herzfrequenz ausgestattet ist. Mit dieser Konsole k\u00f6nnen Sie nicht nur Ihre Statistiken verfolgen, sie ist auch ein Knotenpunkt der Konnektivit\u00e4t. Sie k\u00f6nnen sich \u00fcber Bluetooth nahtlos mit beliebten Fitness-Apps wie Kinomap und Zwift verbinden und so Ihr Trainingserlebnis verbessern. Au\u00dferdem ist die TFT-Konsole mit einer Reihe von integrierten Apps ausgestattet, darunter Google Chrome, Facebook, Netflix, Amazon Video, Amazon Shopping, Spotify, YouTube, Twitter und Instagram. Es ist Ihr Unterhaltungs- und Trainingsbegleiter aus einer Hand.<\/p>\n<\/div>\n\n\n\n<div class=\"wp-block-column is-vertically-aligned-center is-layout-flow wp-block-column-is-layout-flow\">\n<figure class=\"wp-block-video\"><video height=\"600\" style=\"aspect-ratio: 680 \/ 600;\" width=\"680\" autoplay=\"\" controls=\"\" loop=\"\" muted=\"\" src=\"https:\/\/evolve-fitness.eu\/wp-content\/uploads\/2023\/11\/Evolve-Ultra-cardio-console-full.mp4\"><\/video><\/figure>\n<\/div>\n<\/div>\n\n\n\n<div class=\"wp-block-columns alignwide is-layout-flex wp-container-core-columns-is-layout-c45ee707 wp-block-columns-is-layout-flex\" style=\"margin-bottom:var(--wp--preset--spacing--side-padding);padding-top:var(--wp--preset--spacing--side-padding)\">\n<div class=\"wp-block-column is-vertically-aligned-center is-layout-flow wp-block-column-is-layout-flow\">\n<figure class=\"wp-block-video\"><video height=\"451\" style=\"aspect-ratio: 1185 \/ 451;\" width=\"1185\" autoplay=\"\" controls=\"\" loop=\"\" muted=\"\" src=\"https:\/\/evolve-fitness.eu\/wp-content\/uploads\/2024\/01\/EV-UB-UL-156-Evolve-Ultra-Series-Upright-Bike-With-3D.mp4\"><\/video><\/figure>\n<\/div>\n\n\n\n<div class=\"wp-block-column is-vertically-aligned-center is-layout-flow wp-block-column-is-layout-flow\">\n<h3 class=\"wp-block-heading\" style=\"margin-bottom:var(--wp--preset--spacing--h-3-bottom)\"><strong><strong><strong>Benutzerfreundliches Design  <\/strong><\/strong><\/strong><\/h3>\n\n\n\n<p><strong><em><strong><strong><strong><strong><strong>F\u00fcr mehr Bequemlichkeit<\/strong><\/strong><\/strong><\/strong><\/strong><\/em><\/strong><\/p>\n\n\n\n<p>F\u00fcr diejenigen, die einen traditionellen Herzfrequenzmesser bevorzugen, hat die Evolve Ultra Series UL-156 einen normalen Empf\u00e4nger eingebaut, so dass kein Brustgurt erforderlich ist. Dar\u00fcber hinaus verf\u00fcgt das Fahrrad \u00fcber integrierte Lautsprecher und einen USB-Ladeanschluss, so dass Sie Ihre Lieblingsmusik oder Podcasts h\u00f6ren und gleichzeitig Ihre Ger\u00e4te aufladen k\u00f6nnen &#8211; das ultimative Kardioger\u00e4t f\u00fcr den modernen Fitnessbegeisterten.<\/p>\n<\/div>\n<\/div>\n\n\n\n<div class=\"wp-block-columns alignwide are-vertically-aligned-center mobile-reverse is-layout-flex wp-container-core-columns-is-layout-e8158c2f wp-block-columns-is-layout-flex\" style=\"padding-top:var(--wp--preset--spacing--side-padding)\">\n<div class=\"wp-block-column is-vertically-aligned-center is-layout-flow wp-block-column-is-layout-flow\">\n<h3 class=\"wp-block-heading\" style=\"margin-bottom:var(--wp--preset--spacing--h-3-bottom)\"><strong><strong>Schlanke und moderne \u00c4sthetik<\/strong><\/strong><\/h3>\n\n\n\n<p><strong><em><strong><strong>Ultra-Leistung<\/strong><\/strong><\/em><\/strong><\/p>\n\n\n\n<p>Die Evolve Ultra Series UL-156 ist auf Komfort und Vielseitigkeit ausgelegt. Die Sitzschiene aus Aluminium ist verstellbar, so dass sie sich an Benutzer mit unterschiedlicher K\u00f6rpergr\u00f6\u00dfe anpassen l\u00e4sst, w\u00e4hrend der 440 mm lange PJ8-Gurt einen reibungslosen und leisen Betrieb gew\u00e4hrleistet. Mit seinen Abmessungen von 1220x610x1540 mm passt dieses Fahrrad nahtlos in jeden Fitnessraum. Au\u00dferdem verf\u00fcgt er \u00fcber einen Wasserflaschenhalter, der die Fl\u00fcssigkeitszufuhr w\u00e4hrend des Trainings erleichtert.<\/p>\n<\/div>\n\n\n\n<div class=\"wp-block-column is-vertically-aligned-center is-layout-flow wp-block-column-is-layout-flow\">\n<figure class=\"wp-block-image size-large is-resized\"><img decoding=\"async\" src=\"https:\/\/evolve-fitness.eu\/wp-content\/uploads\/2023\/11\/4-1-1024x576.png\" alt=\"\" class=\"wp-image-6322\" style=\"object-fit:cover;width:680px;height:600px\"\/><\/figure>\n<\/div>\n<\/div>\n\n\n\n<p class=\"has-text-align-center has-medium-2-font-size\">Erleben Sie die Zukunft des Cardio-Fitness mit dem Evolve Ultra Series UL-156 Commercial Upright Bike, wo Stil, Technologie und Leistung zusammenkommen, um Ihr Trainingsprogramm zu verbessern.<\/p>\n\n\n\n<figure class=\"wp-block-video\"><video height=\"1000\" style=\"aspect-ratio: 1000 \/ 1000;\" width=\"1000\" autoplay=\"\" loop=\"\" muted=\"\" src=\"https:\/\/evolve-fitness.eu\/wp-content\/uploads\/2023\/11\/Ultra-site-apps.mp4\"><\/video><\/figure>\n<\/section>\n<\/section>\n","protected":false},"excerpt":{"rendered":"<p>Das Evolve Ultra Series UL-156 Commercial Upright Bike ist ein hochwertiges Fitnessger\u00e4t, das elegantes Design mit fortschrittlicher Technologie verbindet. Der Rahmen in Sandy Black und die schwarz lackierten Zubeh\u00f6rteile bieten sowohl Haltbarkeit als auch \u00c4sthetik. Mit Merkmalen wie einem EMS-Bremssystem, einem 10-kg-Schwungrad und einer dreiteiligen verchromten Kurbel ist dieses Fahrrad f\u00fcr ein reibungsloses und anspruchsvolles Trainingserlebnis gebaut. Die 15,6-Zoll-TFT-Konsole ist mit Pulssensoren an den Griffen ausgestattet und zeichnet nicht nur Ihre Statistiken auf, sondern stellt auch Verbindungen zu beliebten Fitness-Apps her und bietet integrierte Unterhaltungs-Apps. Mit einem eingebauten Herzfrequenzempf\u00e4nger, Lautsprechern und einem USB-Ladeanschluss definiert die Evolve Ultra Series UL-156 Cardio-Fitness f\u00fcr den modernen Enthusiasten neu und ist damit eine hervorragende Wahl f\u00fcr Ihre Trainingsanforderungen.<\/p>\n","protected":false},"featured_media":8931,"template":"","meta":{"_acf_changed":false,"inline_featured_image":false},"product_cat":[118,140,141,222],"product_tag":[],"class_list":{"0":"post-8915","1":"product","2":"type-product","3":"status-publish","4":"has-post-thumbnail","6":"product_cat-hauptseite","7":"product_cat-kardiogerate","8":"product_cat-kommerzielle-kardiogerate","9":"product_cat-ultra-series-cardio-de","11":"first","12":"instock","13":"shipping-taxable","14":"purchasable","15":"product-type-simple"},"acf":[],"_links":{"self":[{"href":"https:\/\/store.evolve-fitness.eu\/de\/wp-json\/wp\/v2\/product\/8915","targetHints":{"allow":["GET"]}}],"collection":[{"href":"https:\/\/store.evolve-fitness.eu\/de\/wp-json\/wp\/v2\/product"}],"about":[{"href":"https:\/\/store.evolve-fitness.eu\/de\/wp-json\/wp\/v2\/types\/product"}],"wp:featuredmedia":[{"embeddable":true,"href":"https:\/\/store.evolve-fitness.eu\/de\/wp-json\/wp\/v2\/media\/8931"}],"wp:attachment":[{"href":"https:\/\/store.evolve-fitness.eu\/de\/wp-json\/wp\/v2\/media?parent=8915"}],"wp:term":[{"taxonomy":"product_cat","embeddable":true,"href":"https:\/\/store.evolve-fitness.eu\/de\/wp-json\/wp\/v2\/product_cat?post=8915"},{"taxonomy":"product_tag","embeddable":true,"href":"https:\/\/store.evolve-fitness.eu\/de\/wp-json\/wp\/v2\/product_tag?post=8915"}],"curies":[{"name":"wp","href":"https:\/\/api.w.org\/{rel}","templated":true}]}}