{"id":8767,"date":"2023-10-12T06:28:37","date_gmt":"2023-10-12T06:28:37","guid":{"rendered":"https:\/\/store.evolve-fitness.eu\/produktas\/evolve-langhantelablage-mit-festen-gewichten-10-stueck\/"},"modified":"2025-09-25T18:10:28","modified_gmt":"2025-09-25T18:10:28","slug":"evolve-langhantelablage-mit-festen-gewichten-10-stueck","status":"publish","type":"product","link":"https:\/\/store.evolve-fitness.eu\/de\/produkt\/evolve-langhantelablage-mit-festen-gewichten-10-stueck\/","title":{"rendered":"Evolve Langhantelablage mit festen Gewichten &#8211; 10 St\u00fcck"},"content":{"rendered":"\n<section class=\"wp-block-group alignfull black-content has-white-color has-darkgray-background-color has-text-color has-background is-layout-constrained wp-block-group-is-layout-constrained\" style=\"padding-top:var(--wp--preset--spacing--section-bottom);padding-bottom:var(--wp--preset--spacing--section-bottom)\">\n<div class=\"wp-block-columns alignwide mobile-reverse is-layout-flex wp-container-core-columns-is-layout-ca64bf2d wp-block-columns-is-layout-flex\" style=\"margin-bottom:var(--wp--preset--spacing--side-padding)\">\n<div class=\"wp-block-column is-vertically-aligned-center is-layout-flow wp-block-column-is-layout-flow\">\n<h3 class=\"wp-block-heading\" style=\"margin-bottom:var(--wp--preset--spacing--h-3-bottom)\"><strong><strong><strong><strong><strong><strong><strong>Robuste und langlebige Konstruktion<\/strong><\/strong><\/strong><\/strong><\/strong><\/strong><\/strong><\/h3>\n\n\n\n<p>Das Evolve Fixed Barbell Rack besteht aus hochfesten, hochfrequenten \u230076 x 2,5 mm Rundrohren und 50 x 100 x 3 mm Rechteckrohren und ist so konstruiert, dass es den harten Bedingungen in einem kommerziellen Fitnessstudio standh\u00e4lt. Die Muttern und Schrauben aus rostfreiem Stahl erh\u00f6hen die Stabilit\u00e4t, w\u00e4hrend die fortschrittliche Pulverbeschichtungstechnologie f\u00fcr eine kr\u00e4ftige, kratzfeste und rostfreie Oberfl\u00e4che sorgt. Dieses Regal ist nicht nur langlebig, sondern auch beeindruckend konstruiert.<\/p>\n<\/div>\n\n\n\n<div class=\"wp-block-column is-vertically-aligned-center is-layout-flow wp-block-column-is-layout-flow\">\n<figure class=\"wp-block-image alignright size-full is-resized is-style-rounded\"><img decoding=\"async\" src=\"https:\/\/evolve-fitness.eu\/wp-content\/uploads\/2023\/11\/Evolve-fixed-weight-barbell-rack1.png\" alt=\"\" class=\"wp-image-5977\" style=\"object-fit:cover;width:680px;height:600px\"\/><\/figure>\n<\/div>\n<\/div>\n\n\n\n<div class=\"wp-block-columns alignwide is-layout-flex wp-container-core-columns-is-layout-c45ee707 wp-block-columns-is-layout-flex\" style=\"margin-bottom:var(--wp--preset--spacing--side-padding);padding-top:var(--wp--preset--spacing--side-padding)\">\n<div class=\"wp-block-column is-vertically-aligned-center is-layout-flow wp-block-column-is-layout-flow\">\n<figure class=\"wp-block-video\"><video height=\"1673\" style=\"aspect-ratio: 1644 \/ 1673;\" width=\"1644\" autoplay=\"\" controls=\"\" loop=\"\" muted=\"\" src=\"https:\/\/evolve-fitness.eu\/wp-content\/uploads\/2023\/12\/1-8.mp4\"><\/video><\/figure>\n<\/div>\n\n\n\n<div class=\"wp-block-column is-vertically-aligned-center is-layout-constrained wp-block-column-is-layout-constrained\">\n<h3 class=\"wp-block-heading\" style=\"margin-bottom:var(--wp--preset--spacing--h-3-bottom)\"><strong><strong><strong><strong><strong><strong><strong>Funktionelles und benutzerfreundliches Design<\/strong><\/strong><\/strong><\/strong><\/strong><\/strong><\/strong><\/h3>\n\n\n\n<p>Die Gummiauflagen an den F\u00fc\u00dfen verhindern Besch\u00e4digungen des Bodens und erh\u00f6hen die Stabilit\u00e4t. Das Design des Regals legt Wert auf Funktionalit\u00e4t und \u00c4sthetik. Optionen zur Bodenbefestigung sorgen f\u00fcr zus\u00e4tzliche Stabilit\u00e4t. Die Halterungen aus sch\u00fctzendem Material sch\u00fctzen die Griffe Ihrer Langhanteln vor Absplitterungen und erhalten so den makellosen Zustand Ihrer Ausr\u00fcstung. Ihr abgewinkeltes Design erleichtert das Einlegen und Herausnehmen der Hantel und rationalisiert Ihre Trainingseinheiten.<\/p>\n<\/div>\n<\/div>\n\n\n\n<div class=\"wp-block-columns alignwide is-layout-flex wp-container-core-columns-is-layout-c45ee707 wp-block-columns-is-layout-flex\" style=\"margin-bottom:var(--wp--preset--spacing--side-padding);padding-top:var(--wp--preset--spacing--side-padding)\">\n<div class=\"wp-block-column is-vertically-aligned-center is-layout-constrained wp-block-column-is-layout-constrained\">\n<h3 class=\"wp-block-heading\" style=\"margin-bottom:var(--wp--preset--spacing--h-3-bottom)\"><strong><strong><strong><strong><strong><strong><strong><strong>Platzsparende und organisierte Lagerung<\/strong><\/strong><\/strong><\/strong><\/strong><\/strong><\/strong><\/strong><\/h3>\n\n\n\n<p>Das kompakte vertikale Design des Evolve Barbell Rack spart nicht nur wertvollen Platz im Fitnessstudio, sondern erm\u00f6glicht auch eine organisierte und zug\u00e4ngliche Aufstellung. Mit einem Fassungsverm\u00f6gen von 10 Hanteln sorgt er daf\u00fcr, dass Ihr Trainingsbereich frei von Unordnung bleibt und Ihre Gewichte immer in Reichweite sind.<\/p>\n\n\n\n<h3 class=\"wp-block-heading\" style=\"margin-bottom:var(--wp--preset--spacing--h-3-bottom)\"><strong><strong><strong><strong><strong><strong><strong><strong><strong>Anpassbar, um Ihre Marke widerzuspiegeln<\/strong><\/strong><\/strong><\/strong><\/strong><\/strong><\/strong><\/strong><\/strong><\/h3>\n\n\n\n<p>Erg\u00e4nzen Sie die \u00c4sthetik Ihres Fitnessstudios, indem Sie das Evolve Rack an das Farbschema Ihrer Marke anpassen. Mit dieser Funktion k\u00f6nnen Sie eine zusammenh\u00e4ngende und visuell ansprechende Trainingsumgebung schaffen, die auf Ihren individuellen Stil zugeschnitten ist.<\/p>\n<\/div>\n\n\n\n<div class=\"wp-block-column is-vertically-aligned-center is-layout-flow wp-block-column-is-layout-flow\">\n<figure class=\"wp-block-image size-large\"><img decoding=\"async\" src=\"https:\/\/evolve-fitness.eu\/wp-content\/uploads\/2023\/11\/A7_08334-683x1024.jpg\" alt=\"\" class=\"wp-image-8772\"\/><\/figure>\n<\/div>\n<\/div>\n\n\n\n<p class=\"has-text-align-center has-medium-2-font-size\" style=\"padding-top:var(--wp--preset--spacing--tb-padding);padding-bottom:var(--wp--preset--spacing--tb-padding)\"><strong>Verbessern Sie Ihr Fitnessstudio mit dem Evolve Fixed Weight Barbell Rack &#8211; eine Mischung aus Haltbarkeit, Funktionalit\u00e4t und Stil. Bestellen Sie jetzt und erleben Sie die Verwandlung, die es in Ihrem Fitnessraum bewirkt!<\/strong><\/p>\n<\/section>\n","protected":false},"excerpt":{"rendered":"<p>Werten Sie Ihren Fitnessraum mit dem Evolve Fixed Weight Barbell Rack auf, einer robusten und eleganten L\u00f6sung zur Organisation Ihrer Fitnessger\u00e4te. Diese Ablage ist f\u00fcr bis zu 10 Langhanteln mit festem Gewicht ausgelegt und ist eine ideale Erg\u00e4nzung f\u00fcr alle kommerziellen Fitnessstudios, Milit\u00e4reinrichtungen, B\u00fcro-Fitnessstudios oder sogar f\u00fcr den Fitnessbereich zu Hause.<\/p>\n","protected":false},"featured_media":96000,"template":"","meta":{"_acf_changed":false,"inline_featured_image":false},"product_cat":[118,123,155],"product_tag":[],"class_list":{"0":"post-8767","1":"product","2":"type-product","3":"status-publish","4":"has-post-thumbnail","6":"product_cat-hauptseite","7":"product_cat-freie-gewichte","8":"product_cat-regale-und-lagerlosungen","10":"first","11":"instock","12":"shipping-taxable","13":"purchasable","14":"product-type-simple"},"acf":[],"_links":{"self":[{"href":"https:\/\/store.evolve-fitness.eu\/de\/wp-json\/wp\/v2\/product\/8767","targetHints":{"allow":["GET"]}}],"collection":[{"href":"https:\/\/store.evolve-fitness.eu\/de\/wp-json\/wp\/v2\/product"}],"about":[{"href":"https:\/\/store.evolve-fitness.eu\/de\/wp-json\/wp\/v2\/types\/product"}],"wp:featuredmedia":[{"embeddable":true,"href":"https:\/\/store.evolve-fitness.eu\/de\/wp-json\/wp\/v2\/media\/96000"}],"wp:attachment":[{"href":"https:\/\/store.evolve-fitness.eu\/de\/wp-json\/wp\/v2\/media?parent=8767"}],"wp:term":[{"taxonomy":"product_cat","embeddable":true,"href":"https:\/\/store.evolve-fitness.eu\/de\/wp-json\/wp\/v2\/product_cat?post=8767"},{"taxonomy":"product_tag","embeddable":true,"href":"https:\/\/store.evolve-fitness.eu\/de\/wp-json\/wp\/v2\/product_tag?post=8767"}],"curies":[{"name":"wp","href":"https:\/\/api.w.org\/{rel}","templated":true}]}}