{"id":8749,"date":"2023-10-12T07:00:54","date_gmt":"2023-10-12T07:00:54","guid":{"rendered":"https:\/\/store.evolve-fitness.eu\/produktas\/evolve-studio-hantelstaender\/"},"modified":"2026-03-26T11:59:12","modified_gmt":"2026-03-26T11:59:12","slug":"evolve-studio-hantelstaender","status":"publish","type":"product","link":"https:\/\/store.evolve-fitness.eu\/de\/produkt\/evolve-studio-hantelstaender\/","title":{"rendered":"Evolve Studio Hantelst\u00e4nder"},"content":{"rendered":"\n<section class=\"wp-block-group alignfull black-content has-white-color has-darkgray-background-color has-text-color has-background is-layout-constrained wp-block-group-is-layout-constrained\" style=\"padding-top:var(--wp--preset--spacing--section-bottom);padding-bottom:var(--wp--preset--spacing--section-bottom)\">\n<p class=\"has-text-align-center has-medium-2-font-size\" style=\"padding-top:var(--wp--preset--spacing--tb-padding);padding-bottom:var(--wp--preset--spacing--tb-padding)\"><strong>Maximieren Sie Ihren Fitnessraum mit dem Aerobic-Hantelst\u00e4nder von Evolve Studio<\/strong><\/p>\n\n\n\n<p>Verwandeln Sie Ihr Fitnessstudio oder Ihren Heimtrainer mit dem <strong>Evolve Aerobic-Hantelst\u00e4nder<\/strong>, der fachm\u00e4nnisch entworfen wurde, um die Organisation und Zug\u00e4nglichkeit zu verbessern. Das platzsparende vertikale Design unseres Racks macht es zu einer idealen Erg\u00e4nzung f\u00fcr Fitnessstudios, Wellness-Center und Heimtrainingsr\u00e4ume und bietet Platz f\u00fcr verschiedene Aerobic- und Vinyl-Hanteln.<\/p>\n\n\n\n<div class=\"wp-block-columns alignwide mobile-reverse is-layout-flex wp-container-core-columns-is-layout-ca64bf2d wp-block-columns-is-layout-flex\" style=\"margin-bottom:var(--wp--preset--spacing--side-padding)\">\n<div class=\"wp-block-column is-vertically-aligned-center is-layout-flow wp-block-column-is-layout-flow\">\n<h3 class=\"wp-block-heading\" style=\"margin-bottom:var(--wp--preset--spacing--h-3-bottom)\"><strong><strong><strong><strong><strong><strong><strong><strong><strong><strong>Wesentliche Merkmale<\/strong><\/strong><\/strong><\/strong><\/strong><\/strong><\/strong><\/strong><\/strong><\/strong>:<\/h3>\n\n\n\n<ul class=\"wp-block-list\">\n<li><strong>Platzsparendes Design:<\/strong> Die vertikale Struktur des Evolve Hantelst\u00e4nders erm\u00f6glicht eine maximale Aufbewahrung, ohne dass der Platz auf dem Boden verloren geht, perfekt f\u00fcr kompakte R\u00e4ume.<\/li>\n\n\n\n<li><strong>Leichte Mobilit\u00e4t:<\/strong> Ausgestattet mit vier stabilen R\u00e4dern mit sicheren Bremsen l\u00e4sst sich dieses Regal m\u00fchelos bewegen und positionieren und bietet so unvergleichlichen Komfort.<\/li>\n\n\n\n<li><strong>Langlebige Konstruktion:<\/strong> Das Gestell verf\u00fcgt \u00fcber einen pulverbeschichteten Rahmen, der Langlebigkeit und Widerstandsf\u00e4higkeit gegen Verschlei\u00df gew\u00e4hrleistet und f\u00fcr anspruchsvolle Fitnessumgebungen geeignet ist.<\/li>\n\n\n\n<li><strong>Stabil und kompakt:<\/strong> Sein stabiler Rahmen bietet eine sichere Aufbewahrungsl\u00f6sung, die Ihren Trainingsbereich ordentlich und organisiert h\u00e4lt.<\/li>\n<\/ul>\n<\/div>\n\n\n\n<div class=\"wp-block-column is-vertically-aligned-center is-layout-flow wp-block-column-is-layout-flow\">\n<figure class=\"wp-block-video\"><video autoplay=\"\" controls=\"\" loop=\"\" muted=\"\" src=\"https:\/\/evolve-fitness.eu\/wp-content\/uploads\/2023\/12\/1-2.mp4\"><\/video><\/figure>\n<\/div>\n<\/div>\n\n\n\n<div class=\"wp-block-columns alignwide is-layout-flex wp-container-core-columns-is-layout-c45ee707 wp-block-columns-is-layout-flex\" style=\"margin-bottom:var(--wp--preset--spacing--side-padding);padding-top:var(--wp--preset--spacing--side-padding)\">\n<div class=\"wp-block-column is-vertically-aligned-center is-layout-flow wp-block-column-is-layout-flow\">\n<figure class=\"wp-block-video\"><video height=\"1080\" style=\"aspect-ratio: 1920 \/ 1080;\" width=\"1920\" autoplay=\"\" controls=\"\" loop=\"\" muted=\"\" src=\"https:\/\/evolve-fitness.eu\/wp-content\/uploads\/2023\/12\/2-2.mp4\"><\/video><\/figure>\n<\/div>\n\n\n\n<div class=\"wp-block-column is-vertically-aligned-center is-layout-constrained wp-block-column-is-layout-constrained\">\n<h3 class=\"wp-block-heading\" style=\"margin-bottom:var(--wp--preset--spacing--h-3-bottom)\"><strong><strong><strong><strong><strong><strong><strong><strong><strong><strong>Warum sollten Sie sich f\u00fcr das Evolve Aerobic-Hantelst\u00e4nder entscheiden?<\/strong><\/strong><\/strong><\/strong><\/strong><\/strong><\/strong><\/strong><\/strong><\/strong><\/h3>\n\n\n\n<p>Dieser St\u00e4nder ist nicht nur eine Aufbewahrungsl\u00f6sung, sondern eine Bereicherung f\u00fcr Ihre Fitnessreise. Ob f\u00fcr ein professionelles Fitnesscenter oder ein pers\u00f6nliches Fitnessstudio, unsere Ablage sorgt daf\u00fcr, dass Ihre Hanteln immer in Reichweite, organisiert und sicher gelagert sind. Sein schlankes Design und seine einfache Mobilit\u00e4t machen ihn zur ersten Wahl f\u00fcr Fitnessbegeisterte und Profis gleicherma\u00dfen.<\/p>\n<\/div>\n<\/div>\n\n\n\n<p class=\"has-text-align-center has-medium-2-font-size\">Investieren Sie in das <strong>Evolve Studio Dumbbells Rack<\/strong> und erleben Sie die perfekte Mischung aus Funktionalit\u00e4t, Haltbarkeit und Stil. Bestellen Sie jetzt und werten Sie Ihren Fitnessraum auf!<\/p>\n<\/section>\n","protected":false},"excerpt":{"rendered":"<p>Verbessern Sie Ihren Fitnessraum mit dem Evolve Aerobic-Hantelregal (EV-RS-SD-500), einer platzsparenden und mobilen L\u00f6sung f\u00fcr die Organisation von Aerobic- und Vinylhanteln. Das vertikale, kompakte Design und der pulverbeschichtete Rahmen machen es ideal f\u00fcr Fitnessstudios und Heimtrainings, w\u00e4hrend das Gewicht von 34 kg f\u00fcr Stabilit\u00e4t sorgt. Ausgestattet mit Transportrollen und einer zweij\u00e4hrigen Garantie ist dieses Rack die perfekte Mischung aus Funktionalit\u00e4t und Haltbarkeit f\u00fcr Fitnessbegeisterte, die eine aufger\u00e4umte und zug\u00e4ngliche Trainingsumgebung suchen.<\/p>\n","protected":false},"featured_media":8756,"template":"","meta":{"_acf_changed":false,"inline_featured_image":false},"product_cat":[118,123,155],"product_tag":[],"class_list":{"0":"post-8749","1":"product","2":"type-product","3":"status-publish","4":"has-post-thumbnail","6":"product_cat-hauptseite","7":"product_cat-freie-gewichte","8":"product_cat-regale-und-lagerlosungen","10":"first","11":"instock","12":"shipping-taxable","13":"purchasable","14":"product-type-simple"},"acf":[],"_links":{"self":[{"href":"https:\/\/store.evolve-fitness.eu\/de\/wp-json\/wp\/v2\/product\/8749","targetHints":{"allow":["GET"]}}],"collection":[{"href":"https:\/\/store.evolve-fitness.eu\/de\/wp-json\/wp\/v2\/product"}],"about":[{"href":"https:\/\/store.evolve-fitness.eu\/de\/wp-json\/wp\/v2\/types\/product"}],"wp:featuredmedia":[{"embeddable":true,"href":"https:\/\/store.evolve-fitness.eu\/de\/wp-json\/wp\/v2\/media\/8756"}],"wp:attachment":[{"href":"https:\/\/store.evolve-fitness.eu\/de\/wp-json\/wp\/v2\/media?parent=8749"}],"wp:term":[{"taxonomy":"product_cat","embeddable":true,"href":"https:\/\/store.evolve-fitness.eu\/de\/wp-json\/wp\/v2\/product_cat?post=8749"},{"taxonomy":"product_tag","embeddable":true,"href":"https:\/\/store.evolve-fitness.eu\/de\/wp-json\/wp\/v2\/product_tag?post=8749"}],"curies":[{"name":"wp","href":"https:\/\/api.w.org\/{rel}","templated":true}]}}