{"id":8700,"date":"2023-10-18T10:23:48","date_gmt":"2023-10-18T10:23:48","guid":{"rendered":"https:\/\/store.evolve-fitness.eu\/produktas\/evolve-gummi-hantelscheiben-125-25-kg\/"},"modified":"2026-04-04T12:00:44","modified_gmt":"2026-04-04T12:00:44","slug":"evolve-gummi-hantelscheiben-125-25-kg","status":"publish","type":"product","link":"https:\/\/store.evolve-fitness.eu\/de\/produkt\/evolve-gummi-hantelscheiben-125-25-kg\/","title":{"rendered":"Evolve Gummi-Hantelscheiben 1,25 &#8211; 25 kg"},"content":{"rendered":"\n<section class=\"wp-block-group alignfull black-content has-white-color has-darkgray-background-color has-text-color has-background is-layout-constrained wp-block-group-is-layout-constrained\" style=\"padding-top:var(--wp--preset--spacing--section-bottom);padding-bottom:var(--wp--preset--spacing--section-bottom)\">\n<div class=\"wp-block-columns alignwide is-layout-flex wp-container-core-columns-is-layout-c45ee707 wp-block-columns-is-layout-flex\" style=\"margin-bottom:var(--wp--preset--spacing--side-padding);padding-top:var(--wp--preset--spacing--side-padding)\">\n<div class=\"wp-block-column is-vertically-aligned-center is-layout-constrained wp-block-column-is-layout-constrained\">\n<h3 class=\"wp-block-heading\" style=\"margin-bottom:var(--wp--preset--spacing--h-3-bottom)\">LOGO UND GEWICHTSANGABE<\/h3>\n\n\n\n<p><strong><em><strong><em>Verbesserte Langlebigkeit<\/em><\/strong><\/em><\/strong><\/p>\n\n\n\n<p style=\"margin-bottom:var(--wp--preset--spacing--tb-section-padding)\">Unser Logo- und Gewichtsanzeigesystem verwendet lasergeschnittene Gewichtszahlen, die ein makelloses, schienenfreies Aussehen gew\u00e4hrleisten. Dar\u00fcber hinaus sind die Zahlen und das Logo mit langlebigem Urethan beschichtet, das leuchtende Farben garantiert, die mit der Zeit nicht verblassen. Entscheiden Sie sich f\u00fcr uns, wenn Sie un\u00fcbertroffene Haltbarkeit und Klarheit bei der Gewichtsangabe ben\u00f6tigen.<\/p>\n<\/div>\n\n\n\n<div class=\"wp-block-column is-vertically-aligned-center is-layout-flow wp-block-column-is-layout-flow\">\n<figure class=\"wp-block-video\"><video height=\"864\" style=\"aspect-ratio: 1154 \/ 864;\" width=\"1154\" autoplay=\"\" controls=\"\" loop=\"\" src=\"https:\/\/evolve-fitness.eu\/wp-content\/uploads\/2024\/01\/EV-WP-RB-Evolve.mp4\"><\/video><\/figure>\n<\/div>\n<\/div>\n\n\n\n<div class=\"wp-block-columns alignwide is-layout-flex wp-container-core-columns-is-layout-c45ee707 wp-block-columns-is-layout-flex\" style=\"margin-bottom:var(--wp--preset--spacing--side-padding);padding-top:var(--wp--preset--spacing--side-padding)\">\n<div class=\"wp-block-column is-vertically-aligned-center is-layout-flow wp-block-column-is-layout-flow\">\n<figure class=\"wp-block-image size-large\"><img decoding=\"async\" src=\"https:\/\/evolve-fitness.eu\/wp-content\/uploads\/2024\/01\/EV-WP-RB-683x1024.jpg\" alt=\"EV-WP-RB\" class=\"wp-image-9815\"\/><\/figure>\n<\/div>\n\n\n\n<div class=\"wp-block-column is-vertically-aligned-center is-layout-flow wp-block-column-is-layout-flow\">\n<h3 class=\"wp-block-heading\" style=\"margin-bottom:var(--wp--preset--spacing--h-3-bottom)\"><strong>FUNKTIONALIT\u00c4T<\/strong><\/h3>\n\n\n\n<p><strong><em><strong>Langlebigkeit, Sicherheit und Grip in Einem<\/strong><\/em><\/strong><\/p>\n\n\n\n<p>Diese Hantelscheiben wurden mit Blick auf h\u00f6chste Funktionalit\u00e4t entwickelt und sind mit strapazierf\u00e4higem Gummi ummantelt, um sowohl Ihre B\u00f6den als auch Ihre Ger\u00e4te vor m\u00f6glichen Sch\u00e4den zu sch\u00fctzen und gleichzeitig den Trainingsl\u00e4rm auf ein Minimum zu reduzieren. Ihre strukturierte Oberfl\u00e4che ist leicht zu reinigen, rutschfest und besonders griffig f\u00fcr eine sichere Handhabung, damit Sie auch bei den intensivsten Trainingseinheiten sicher sind.<\/p>\n<\/div>\n<\/div>\n\n\n\n<div class=\"wp-block-columns alignwide is-layout-flex wp-container-core-columns-is-layout-c45ee707 wp-block-columns-is-layout-flex\" style=\"margin-bottom:var(--wp--preset--spacing--side-padding);padding-top:var(--wp--preset--spacing--side-padding)\">\n<div class=\"wp-block-column is-vertically-aligned-center is-layout-flow wp-block-column-is-layout-flow\">\n<h3 class=\"wp-block-heading\" style=\"margin-bottom:var(--wp--preset--spacing--h-3-bottom)\">m\u00fchelose Widerstandseinstellung<\/h3>\n\n\n\n<p><em><strong>Pr\u00e4zisionsarbeit<\/strong><\/em><\/p>\n\n\n\n<p>Diese Platten sind mit einer langlebigen Edelstahlh\u00fclse und Pr\u00e4zisionsguss gefertigt und garantieren einen passgenauen Sitz auf allen Olympiastangen. Das Be- und Entladen der Gewichte ist dank der ergonomisch abgerundeten H\u00fclsen ein Kinderspiel. Und dank der drei praktischen Griffe und der rutschfesten Gummitextur haben Sie auch bei den anspruchsvollsten Hebungen einen sicheren Halt. Steigern Sie Ihr Trainingserlebnis mit unseren vielseitigen und benutzerfreundlichen Hantelscheiben.<\/p>\n<\/div>\n\n\n\n<div class=\"wp-block-column is-vertically-aligned-center is-layout-flow wp-block-column-is-layout-flow\">\n<div class=\"wp-block-columns is-layout-flex wp-container-core-columns-is-layout-9d6595d7 wp-block-columns-is-layout-flex\">\n<div class=\"wp-block-column is-layout-flow wp-block-column-is-layout-flow\">\n<figure class=\"wp-block-video\"><video height=\"864\" style=\"aspect-ratio: 1154 \/ 864;\" width=\"1154\" autoplay=\"\" controls=\"\" loop=\"\" muted=\"\" src=\"https:\/\/evolve-fitness.eu\/wp-content\/uploads\/2024\/01\/EV-WP-RB-Cut.mp4\"><\/video><\/figure>\n<\/div>\n<\/div>\n<\/div>\n<\/div>\n<\/section>\n","protected":false},"excerpt":{"rendered":"<p>Verbessern Sie Ihr Training mit den Evolve Gummihantelscheiben. Unsere Evolve Gummihantelscheiben sind die ideale Wahl f\u00fcr professionelle Fitnessstudios und f\u00fcr Fitnessbegeisterte zu Hause. Die aus hochwertigem, geruchsfreiem Gummi gefertigten Platten sind mit rostfreien Edelstahlh\u00fclsen versehen und in verschiedenen Gewichten von 1,25 kg bis 25 kg erh\u00e4ltlich. Ihre au\u00dfergew\u00f6hnliche Haltbarkeit, ihr Pr\u00e4zisionsguss und ihr rutschfestes Design machen sie perfekt f\u00fcr intensive Trainingseinheiten. Diese leicht an olympischen 50-mm-Stangen zu befestigenden Platten sind nicht nur funktionell, sondern auch stilvoll mit lasergeschnittenen Gewichtszahlen und einem auff\u00e4lligen Logo. Verbessern Sie Ihr Fitnessprogramm noch heute mit Evolve Hantelscheiben.<\/p>\n","protected":false},"featured_media":8707,"template":"","meta":{"_acf_changed":false,"inline_featured_image":false},"product_cat":[123,186],"product_tag":[],"class_list":{"0":"post-8700","1":"product","2":"type-product","3":"status-publish","4":"has-post-thumbnail","6":"product_cat-freie-gewichte","7":"product_cat-hantelscheiben","9":"first","10":"instock","11":"shipping-taxable","12":"purchasable","13":"product-type-variable"},"acf":[],"_links":{"self":[{"href":"https:\/\/store.evolve-fitness.eu\/de\/wp-json\/wp\/v2\/product\/8700","targetHints":{"allow":["GET"]}}],"collection":[{"href":"https:\/\/store.evolve-fitness.eu\/de\/wp-json\/wp\/v2\/product"}],"about":[{"href":"https:\/\/store.evolve-fitness.eu\/de\/wp-json\/wp\/v2\/types\/product"}],"wp:featuredmedia":[{"embeddable":true,"href":"https:\/\/store.evolve-fitness.eu\/de\/wp-json\/wp\/v2\/media\/8707"}],"wp:attachment":[{"href":"https:\/\/store.evolve-fitness.eu\/de\/wp-json\/wp\/v2\/media?parent=8700"}],"wp:term":[{"taxonomy":"product_cat","embeddable":true,"href":"https:\/\/store.evolve-fitness.eu\/de\/wp-json\/wp\/v2\/product_cat?post=8700"},{"taxonomy":"product_tag","embeddable":true,"href":"https:\/\/store.evolve-fitness.eu\/de\/wp-json\/wp\/v2\/product_tag?post=8700"}],"curies":[{"name":"wp","href":"https:\/\/api.w.org\/{rel}","templated":true}]}}