{"id":8677,"date":"2023-10-11T06:51:37","date_gmt":"2023-10-11T06:51:37","guid":{"rendered":"https:\/\/store.evolve-fitness.eu\/produktas\/evolve-komplettes-power-rack-230-270-cm\/"},"modified":"2025-11-07T11:32:25","modified_gmt":"2025-11-07T11:32:25","slug":"evolve-komplettes-power-rack-230-270-cm","status":"publish","type":"product","link":"https:\/\/store.evolve-fitness.eu\/de\/produkt\/evolve-komplettes-power-rack-230-270-cm\/","title":{"rendered":"Evolve Komplett-Power-Rack 230 &#8211; 270 cm"},"content":{"rendered":"\n<section class=\"wp-block-group alignfull black-content has-white-color has-darkgray-background-color has-text-color has-background is-layout-constrained wp-block-group-is-layout-constrained\" style=\"padding-top:var(--wp--preset--spacing--section-bottom);padding-bottom:var(--wp--preset--spacing--section-bottom)\">\n<div class=\"wp-block-columns alignwide mobile-reverse is-layout-flex wp-container-core-columns-is-layout-ca64bf2d wp-block-columns-is-layout-flex\" style=\"margin-bottom:var(--wp--preset--spacing--side-padding)\">\n<div class=\"wp-block-column is-vertically-aligned-center is-layout-flow wp-block-column-is-layout-flow\">\n<h3 class=\"wp-block-heading\" style=\"margin-bottom:var(--wp--preset--spacing--h-3-bottom)\"><strong><strong><strong><strong><strong><strong><strong>robust und vielseitig Konstruktion<\/strong><\/strong><\/strong><\/strong><\/strong><\/strong><\/strong><\/h3>\n\n\n\n<p>Das Evolve PR-01 Complete Power Rack 230 &#8211; 270 cm ist ein robustes und vielseitiges Krafttrainingsger\u00e4t, ideal f\u00fcr kommerzielle Fitnessstudios. Diese Eigenschaften machen ihn zu einer ausgezeichneten Wahl f\u00fcr eine Reihe von Kraft\u00fcbungen, die verschiedene Trainingsroutinen unterst\u00fctzen und gleichzeitig auf langfristige Zuverl\u00e4ssigkeit setzen. Das Evolve PR-01 Half Rack ist f\u00fcr eine breite Palette von Krafttrainings\u00fcbungen ausgelegt. Die verstellbaren Funktionen, einschlie\u00dflich J-Haken und Sicherheitsstangen, bieten Vielseitigkeit f\u00fcr \u00dcbungen wie Kniebeugen, Bankdr\u00fccken und Kreuzheben.<\/p>\n<\/div>\n\n\n\n<div class=\"wp-block-column is-vertically-aligned-center is-layout-flow wp-block-column-is-layout-flow\">\n<figure class=\"wp-block-image size-large\"><img decoding=\"async\" src=\"https:\/\/evolve-fitness.eu\/wp-content\/uploads\/2023\/12\/EV-CR-PR-01-2-1024x683.jpg\" alt=\"EV-CR-PR-01\" class=\"wp-image-10941\"\/><\/figure>\n<\/div>\n<\/div>\n\n\n\n<div class=\"wp-block-columns alignwide is-layout-flex wp-container-core-columns-is-layout-c45ee707 wp-block-columns-is-layout-flex\" style=\"margin-bottom:var(--wp--preset--spacing--side-padding);padding-top:var(--wp--preset--spacing--side-padding)\">\n<div class=\"wp-block-column is-vertically-aligned-center is-layout-flow wp-block-column-is-layout-flow\">\n<figure class=\"wp-block-image size-large\"><img decoding=\"async\" src=\"https:\/\/evolve-fitness.eu\/wp-content\/uploads\/2023\/12\/Evolve-Power-Rack-EV-CR-PR-01-1-1024x683.jpg\" alt=\"EV-CR-PR-01\" class=\"wp-image-10939\"\/><\/figure>\n<\/div>\n\n\n\n<div class=\"wp-block-column is-vertically-aligned-center is-layout-constrained wp-block-column-is-layout-constrained\">\n<h3 class=\"wp-block-heading\" style=\"margin-bottom:var(--wp--preset--spacing--h-3-bottom)\"><strong><strong><strong><strong><strong><strong><strong><strong>KOMPAKT <\/strong><\/strong><\/strong><\/strong><\/strong><\/strong><\/strong><\/strong>UND stabiles Design<\/h3>\n\n\n\n<p>Der robuste, 3 mm dicke, pulverbeschichtete Rahmen kann bis zu 1000 kg tragen und garantiert Langlebigkeit und Sicherheit. Durch die kompakte Bauweise ist er auch f\u00fcr kleinere R\u00e4ume geeignet und bietet dennoch die n\u00f6tige Robustheit f\u00fcr schwere Lasten. Das Design des Racks ist auf Stabilit\u00e4t ausgelegt, so dass es auch bei intensiven Trainingseinheiten sicher steht. Das macht ihn zu einer sicheren und zuverl\u00e4ssigen Wahl f\u00fcr Anf\u00e4nger und erfahrene Heber und tr\u00e4gt zu einem effektiven und effizienten Training bei. Das integrierte Gewichtsaufbewahrungssystem sorgt f\u00fcr einen aufger\u00e4umten und sicheren Trainingsbereich.<\/p>\n<\/div>\n<\/div>\n\n\n\n<div class=\"wp-block-columns alignwide is-layout-flex wp-container-core-columns-is-layout-c45ee707 wp-block-columns-is-layout-flex\" style=\"margin-bottom:var(--wp--preset--spacing--side-padding);padding-top:var(--wp--preset--spacing--side-padding)\">\n<div class=\"wp-block-column is-vertically-aligned-center is-layout-constrained wp-block-column-is-layout-constrained\">\n<h3 class=\"wp-block-heading\" style=\"margin-bottom:var(--wp--preset--spacing--h-3-bottom)\"><strong><strong><strong><strong><strong><strong><strong>Pr\u00e4zision und Funktionalit\u00e4t<\/strong><\/strong><\/strong><\/strong><\/strong><\/strong><\/strong><\/h3>\n\n\n\n<p>Die pr\u00e4zisen lasergeschnittenen L\u00f6cher und Zahlen auf dem Evolve HR-208 Half Rack erh\u00f6hen seine Funktionalit\u00e4t und Benutzerfreundlichkeit. Diese Funktionen erm\u00f6glichen eine schnelle und genaue Einstellung der J-Haken und Sicherheitsstangen und gew\u00e4hrleisten eine effiziente Einrichtung f\u00fcr verschiedene \u00dcbungen. Die deutlich markierten Zahlen helfen auch dabei, die Symmetrie bei der Platzierung der Stange zu gew\u00e4hrleisten, was f\u00fcr ein ausgewogenes Training und die Vermeidung von Verletzungen von entscheidender Bedeutung ist.<\/p>\n<\/div>\n\n\n\n<div class=\"wp-block-column is-vertically-aligned-center is-layout-flow wp-block-column-is-layout-flow\">\n<figure class=\"wp-block-video\"><video height=\"1080\" style=\"aspect-ratio: 1920 \/ 1080;\" width=\"1920\" autoplay=\"\" controls=\"\" loop=\"\" muted=\"\" src=\"https:\/\/evolve-fitness.eu\/wp-content\/uploads\/2023\/12\/2-6.mp4\"><\/video><\/figure>\n<\/div>\n<\/div>\n<\/section>\n","protected":false},"excerpt":{"rendered":"<p>Erh\u00f6hen Sie Ihr Krafttraining auf neue H\u00f6hen mit dem Evolve Complete Power Rack 230 &#8211; 270 cm. Der solide 3 mm starke Metallrahmen und die rostfreie Pulverbeschichtung sorgen f\u00fcr Langlebigkeit und Stabilit\u00e4t dieses Power Racks. Sein vielseitiges Design umfasst verstellbare J-Cups, Sicherheits-Spotter-Arme und eine Klimmzugstange mit mehreren Griffen, die f\u00fcr Benutzer aller Fitnessstufen geeignet ist. Die funktionale Aufteilung mit eingebauten Ablagef\u00e4chern und einer Stange sorgt f\u00fcr effiziente Organisation. Dieses Power Rack eignet sich sowohl f\u00fcr private als auch f\u00fcr professionelle Fitnessstudios und kann eine maximale Last von 1000 kg tragen, was es zu einer robusten Wahl macht, um Ihre Fitnessziele zu erreichen und zu \u00fcbertreffen.<\/p>\n","protected":false},"featured_media":97151,"template":"","meta":{"_acf_changed":false,"inline_featured_image":false},"product_cat":[118,121,217],"product_tag":[],"class_list":{"0":"post-8677","1":"product","2":"type-product","3":"status-publish","4":"has-post-thumbnail","6":"product_cat-hauptseite","7":"product_cat-ubergreifend-funktional","8":"product_cat-power-racks-de","10":"first","11":"instock","12":"shipping-taxable","13":"purchasable","14":"product-type-variable"},"acf":[],"_links":{"self":[{"href":"https:\/\/store.evolve-fitness.eu\/de\/wp-json\/wp\/v2\/product\/8677","targetHints":{"allow":["GET"]}}],"collection":[{"href":"https:\/\/store.evolve-fitness.eu\/de\/wp-json\/wp\/v2\/product"}],"about":[{"href":"https:\/\/store.evolve-fitness.eu\/de\/wp-json\/wp\/v2\/types\/product"}],"wp:featuredmedia":[{"embeddable":true,"href":"https:\/\/store.evolve-fitness.eu\/de\/wp-json\/wp\/v2\/media\/97151"}],"wp:attachment":[{"href":"https:\/\/store.evolve-fitness.eu\/de\/wp-json\/wp\/v2\/media?parent=8677"}],"wp:term":[{"taxonomy":"product_cat","embeddable":true,"href":"https:\/\/store.evolve-fitness.eu\/de\/wp-json\/wp\/v2\/product_cat?post=8677"},{"taxonomy":"product_tag","embeddable":true,"href":"https:\/\/store.evolve-fitness.eu\/de\/wp-json\/wp\/v2\/product_tag?post=8677"}],"curies":[{"name":"wp","href":"https:\/\/api.w.org\/{rel}","templated":true}]}}