{"id":8660,"date":"2023-10-04T13:54:10","date_gmt":"2023-10-04T13:54:10","guid":{"rendered":"https:\/\/store.evolve-fitness.eu\/produktas\/evolve-dip-bar\/"},"modified":"2024-08-06T12:55:02","modified_gmt":"2024-08-06T12:55:02","slug":"evolve-dip-bar","status":"publish","type":"product","link":"https:\/\/store.evolve-fitness.eu\/de\/produkt\/evolve-dip-bar\/","title":{"rendered":"Evolve Dip-Bar"},"content":{"rendered":"","protected":false},"excerpt":{"rendered":"<p>Die Evolve Dip Bar ist ein vielseitiges Fitnessger\u00e4t, das Ihr funktionelles Training, CrossFit-Sitzungen, Gruppentrainings oder individuelle Fitnessroutinen aufwertet. Dank seines modularen Aufbaus k\u00f6nnen Sie das Rig an Ihre spezifischen Anforderungen anpassen und problemlos eine F\u00fclle von Zubeh\u00f6r hinzuf\u00fcgen, um seine Funktionalit\u00e4t maximal zu erweitern. Machen Sie sich bereit, Ihre Fitnessreise mit diesem au\u00dfergew\u00f6hnlichen Ger\u00e4t weiterzuentwickeln. Preis pro St\u00fcck.  <\/p>\n","protected":false},"featured_media":8669,"template":"","meta":{"_acf_changed":false,"inline_featured_image":false},"product_cat":[118,121,145,146],"product_tag":[],"class_list":{"0":"post-8660","1":"product","2":"type-product","3":"status-publish","4":"has-post-thumbnail","6":"product_cat-hauptseite","7":"product_cat-ubergreifend-funktional","8":"product_cat-rigg-komponenten","9":"product_cat-zubehor","11":"first","12":"instock","13":"shipping-taxable","14":"purchasable","15":"product-type-simple"},"acf":[],"_links":{"self":[{"href":"https:\/\/store.evolve-fitness.eu\/de\/wp-json\/wp\/v2\/product\/8660","targetHints":{"allow":["GET"]}}],"collection":[{"href":"https:\/\/store.evolve-fitness.eu\/de\/wp-json\/wp\/v2\/product"}],"about":[{"href":"https:\/\/store.evolve-fitness.eu\/de\/wp-json\/wp\/v2\/types\/product"}],"wp:featuredmedia":[{"embeddable":true,"href":"https:\/\/store.evolve-fitness.eu\/de\/wp-json\/wp\/v2\/media\/8669"}],"wp:attachment":[{"href":"https:\/\/store.evolve-fitness.eu\/de\/wp-json\/wp\/v2\/media?parent=8660"}],"wp:term":[{"taxonomy":"product_cat","embeddable":true,"href":"https:\/\/store.evolve-fitness.eu\/de\/wp-json\/wp\/v2\/product_cat?post=8660"},{"taxonomy":"product_tag","embeddable":true,"href":"https:\/\/store.evolve-fitness.eu\/de\/wp-json\/wp\/v2\/product_tag?post=8660"}],"curies":[{"name":"wp","href":"https:\/\/api.w.org\/{rel}","templated":true}]}}