{"id":8648,"date":"2023-10-06T13:49:54","date_gmt":"2023-10-06T13:49:54","guid":{"rendered":"https:\/\/store.evolve-fitness.eu\/produktas\/evolve-stift-und-rohrsicherheitssets\/"},"modified":"2024-05-24T08:30:12","modified_gmt":"2024-05-24T08:30:12","slug":"evolve-stift-und-rohrsicherheitssets","status":"publish","type":"product","link":"https:\/\/store.evolve-fitness.eu\/de\/produkt\/evolve-stift-und-rohrsicherheitssets\/","title":{"rendered":"Evolve Stift- und Rohrsicherheitssets"},"content":{"rendered":"","protected":false},"excerpt":{"rendered":"<p>Erh\u00f6hen Sie die Sicherheit Ihres Trainings mit den Evolve Pin- und Pipe Safety Sets. Diese unverzichtbaren Sets sind so konzipiert, dass sie sich nahtlos in Ihr Evolve-Rig integrieren lassen und bei funktionellen, CrossFit-, Gruppen- oder Einzeltrainings verbesserten Schutz bieten. Das modulare Design des Evolve-Rig-Systems erm\u00f6glicht es Ihnen, Ihre Einrichtung an Ihre speziellen Bed\u00fcrfnisse anzupassen, und diese Sicherheitssets bieten eine zus\u00e4tzliche Sicherheitsschicht. Mit diesen zuverl\u00e4ssigen Sicherheitssets, die in praktischen Sets erh\u00e4ltlich sind, k\u00f6nnen Sie sich beruhigt zur\u00fccklehnen und Ihre Fitnessroutinen auf ein neues Niveau bringen.<\/p>\n","protected":false},"featured_media":8653,"template":"","meta":{"_acf_changed":false,"inline_featured_image":false},"product_cat":[118,121,145,146],"product_tag":[],"class_list":{"0":"post-8648","1":"product","2":"type-product","3":"status-publish","4":"has-post-thumbnail","6":"product_cat-hauptseite","7":"product_cat-ubergreifend-funktional","8":"product_cat-rigg-komponenten","9":"product_cat-zubehor","11":"first","12":"instock","13":"shipping-taxable","14":"purchasable","15":"product-type-simple"},"acf":[],"_links":{"self":[{"href":"https:\/\/store.evolve-fitness.eu\/de\/wp-json\/wp\/v2\/product\/8648","targetHints":{"allow":["GET"]}}],"collection":[{"href":"https:\/\/store.evolve-fitness.eu\/de\/wp-json\/wp\/v2\/product"}],"about":[{"href":"https:\/\/store.evolve-fitness.eu\/de\/wp-json\/wp\/v2\/types\/product"}],"wp:featuredmedia":[{"embeddable":true,"href":"https:\/\/store.evolve-fitness.eu\/de\/wp-json\/wp\/v2\/media\/8653"}],"wp:attachment":[{"href":"https:\/\/store.evolve-fitness.eu\/de\/wp-json\/wp\/v2\/media?parent=8648"}],"wp:term":[{"taxonomy":"product_cat","embeddable":true,"href":"https:\/\/store.evolve-fitness.eu\/de\/wp-json\/wp\/v2\/product_cat?post=8648"},{"taxonomy":"product_tag","embeddable":true,"href":"https:\/\/store.evolve-fitness.eu\/de\/wp-json\/wp\/v2\/product_tag?post=8648"}],"curies":[{"name":"wp","href":"https:\/\/api.w.org\/{rel}","templated":true}]}}