{"id":8641,"date":"2023-10-04T10:39:24","date_gmt":"2023-10-04T10:39:24","guid":{"rendered":"https:\/\/store.evolve-fitness.eu\/produktas\/evolve-jammer-arme\/"},"modified":"2023-10-04T10:39:24","modified_gmt":"2023-10-04T10:39:24","slug":"evolve-jammer-arme","status":"publish","type":"product","link":"https:\/\/store.evolve-fitness.eu\/de\/produkt\/evolve-jammer-arme\/","title":{"rendered":"Evolve Jammer Arme"},"content":{"rendered":"","protected":false},"excerpt":{"rendered":"<p>Erh\u00f6hen Sie die Vielseitigkeit Ihres Trainings mit Evolve Jammer Arms. Dieses modulare Zubeh\u00f6r wurde f\u00fcr die Verwendung mit Evolve-Ger\u00e4ten entwickelt und er\u00f6ffnet Ihnen eine Vielzahl von Trainingsm\u00f6glichkeiten, ganz gleich, ob Sie sich f\u00fcr funktionelle Fitness, Crossfit, Gruppenkurse oder individuelle Workouts interessieren. Passen Sie Ihr Rigg genau an Ihre Bed\u00fcrfnisse an und erweitern Sie seine M\u00f6glichkeiten durch den nahtlosen Anschluss von verschiedenem Zubeh\u00f6r. Erleben Sie erweiterte Trainingsm\u00f6glichkeiten und optimierte Funktionalit\u00e4t mit dieser wichtigen Ausr\u00fcstung. Preis pro Paar.<\/p>\n","protected":false},"featured_media":147991,"template":"","meta":{"_acf_changed":false,"inline_featured_image":false},"product_cat":[118,121,145,146],"product_tag":[],"class_list":{"0":"post-8641","1":"product","2":"type-product","3":"status-publish","4":"has-post-thumbnail","6":"product_cat-hauptseite","7":"product_cat-ubergreifend-funktional","8":"product_cat-rigg-komponenten","9":"product_cat-zubehor","11":"first","12":"outofstock","13":"shipping-taxable","14":"purchasable","15":"product-type-simple"},"acf":[],"_links":{"self":[{"href":"https:\/\/store.evolve-fitness.eu\/de\/wp-json\/wp\/v2\/product\/8641","targetHints":{"allow":["GET"]}}],"collection":[{"href":"https:\/\/store.evolve-fitness.eu\/de\/wp-json\/wp\/v2\/product"}],"about":[{"href":"https:\/\/store.evolve-fitness.eu\/de\/wp-json\/wp\/v2\/types\/product"}],"wp:featuredmedia":[{"embeddable":true,"href":"https:\/\/store.evolve-fitness.eu\/de\/wp-json\/wp\/v2\/media\/147991"}],"wp:attachment":[{"href":"https:\/\/store.evolve-fitness.eu\/de\/wp-json\/wp\/v2\/media?parent=8641"}],"wp:term":[{"taxonomy":"product_cat","embeddable":true,"href":"https:\/\/store.evolve-fitness.eu\/de\/wp-json\/wp\/v2\/product_cat?post=8641"},{"taxonomy":"product_tag","embeddable":true,"href":"https:\/\/store.evolve-fitness.eu\/de\/wp-json\/wp\/v2\/product_tag?post=8641"}],"curies":[{"name":"wp","href":"https:\/\/api.w.org\/{rel}","templated":true}]}}