{"id":8628,"date":"2023-10-04T12:54:07","date_gmt":"2023-10-04T12:54:07","guid":{"rendered":"https:\/\/store.evolve-fitness.eu\/produktas\/evolve-sicherheitsbuegel\/"},"modified":"2023-10-04T12:54:07","modified_gmt":"2023-10-04T12:54:07","slug":"evolve-sicherheitsbuegel","status":"publish","type":"product","link":"https:\/\/store.evolve-fitness.eu\/de\/produkt\/evolve-sicherheitsbuegel\/","title":{"rendered":"Evolve Sicherheitsb\u00fcgel"},"content":{"rendered":"","protected":false},"excerpt":{"rendered":"<p>Verbessern Sie die Sicherheit und Vielseitigkeit Ihres Trainings mit der Evolve Double Safety Bar. Dieses unverzichtbare Zubeh\u00f6r ist mit den Evolve-Ger\u00e4ten kompatibel und wurde entwickelt, um Ihr Training zu verbessern. Mit diesem Paar k\u00f6nnen Sie Ihre Ausr\u00fcstung individuell gestalten und die Sicherheit in den Vordergrund stellen &#8211; und das zu einem attraktiven Preis.<\/p>\n","protected":false},"featured_media":8643,"template":"","meta":{"_acf_changed":false,"inline_featured_image":false},"product_cat":[118,121,145,146],"product_tag":[],"class_list":{"0":"post-8628","1":"product","2":"type-product","3":"status-publish","4":"has-post-thumbnail","6":"product_cat-hauptseite","7":"product_cat-ubergreifend-funktional","8":"product_cat-rigg-komponenten","9":"product_cat-zubehor","11":"first","12":"outofstock","13":"shipping-taxable","14":"purchasable","15":"product-type-simple"},"acf":[],"_links":{"self":[{"href":"https:\/\/store.evolve-fitness.eu\/de\/wp-json\/wp\/v2\/product\/8628","targetHints":{"allow":["GET"]}}],"collection":[{"href":"https:\/\/store.evolve-fitness.eu\/de\/wp-json\/wp\/v2\/product"}],"about":[{"href":"https:\/\/store.evolve-fitness.eu\/de\/wp-json\/wp\/v2\/types\/product"}],"wp:featuredmedia":[{"embeddable":true,"href":"https:\/\/store.evolve-fitness.eu\/de\/wp-json\/wp\/v2\/media\/8643"}],"wp:attachment":[{"href":"https:\/\/store.evolve-fitness.eu\/de\/wp-json\/wp\/v2\/media?parent=8628"}],"wp:term":[{"taxonomy":"product_cat","embeddable":true,"href":"https:\/\/store.evolve-fitness.eu\/de\/wp-json\/wp\/v2\/product_cat?post=8628"},{"taxonomy":"product_tag","embeddable":true,"href":"https:\/\/store.evolve-fitness.eu\/de\/wp-json\/wp\/v2\/product_tag?post=8628"}],"curies":[{"name":"wp","href":"https:\/\/api.w.org\/{rel}","templated":true}]}}