{"id":8616,"date":"2023-10-04T13:18:22","date_gmt":"2023-10-04T13:18:22","guid":{"rendered":"https:\/\/store.evolve-fitness.eu\/produktas\/evolve-sicherheitsgurte-110-cm\/"},"modified":"2023-10-04T13:18:22","modified_gmt":"2023-10-04T13:18:22","slug":"evolve-sicherheitsgurte-110-cm","status":"publish","type":"product","link":"https:\/\/store.evolve-fitness.eu\/de\/produkt\/evolve-sicherheitsgurte-110-cm\/","title":{"rendered":"Evolve Sicherheitsgurte &#8211; 110 cm"},"content":{"rendered":"","protected":false},"excerpt":{"rendered":"<p>Verbessern Sie die Sicherheit und Vielseitigkeit Ihres Trainings mit den Evolve Sicherheitsgurten. Dieses wichtige Zubeh\u00f6r, das f\u00fcr die Verwendung mit Evolve-Ger\u00e4ten entwickelt wurde, verbessert Ihre funktionelle Fitness, Crossfit, Gruppentraining oder individuelle Trainingseinheiten. Dank des modularen Aufbaus k\u00f6nnen Sie Ihr Rigg m\u00fchelos an Ihre speziellen Bed\u00fcrfnisse anpassen und seine F\u00e4higkeiten durch den Anschluss verschiedener Zubeh\u00f6rteile erweitern. Setzen Sie auf Sicherheit und verbessern Sie Ihre Trainingserfahrung mit diesem Paar Sicherheitsgurte, die zu einem attraktiven Preis erh\u00e4ltlich sind.<\/p>\n","protected":false},"featured_media":8622,"template":"","meta":{"_acf_changed":false,"inline_featured_image":false},"product_cat":[118,121,145,146],"product_tag":[],"class_list":{"0":"post-8616","1":"product","2":"type-product","3":"status-publish","4":"has-post-thumbnail","6":"product_cat-hauptseite","7":"product_cat-ubergreifend-funktional","8":"product_cat-rigg-komponenten","9":"product_cat-zubehor","11":"first","12":"instock","13":"shipping-taxable","14":"purchasable","15":"product-type-simple"},"acf":[],"_links":{"self":[{"href":"https:\/\/store.evolve-fitness.eu\/de\/wp-json\/wp\/v2\/product\/8616","targetHints":{"allow":["GET"]}}],"collection":[{"href":"https:\/\/store.evolve-fitness.eu\/de\/wp-json\/wp\/v2\/product"}],"about":[{"href":"https:\/\/store.evolve-fitness.eu\/de\/wp-json\/wp\/v2\/types\/product"}],"wp:featuredmedia":[{"embeddable":true,"href":"https:\/\/store.evolve-fitness.eu\/de\/wp-json\/wp\/v2\/media\/8622"}],"wp:attachment":[{"href":"https:\/\/store.evolve-fitness.eu\/de\/wp-json\/wp\/v2\/media?parent=8616"}],"wp:term":[{"taxonomy":"product_cat","embeddable":true,"href":"https:\/\/store.evolve-fitness.eu\/de\/wp-json\/wp\/v2\/product_cat?post=8616"},{"taxonomy":"product_tag","embeddable":true,"href":"https:\/\/store.evolve-fitness.eu\/de\/wp-json\/wp\/v2\/product_tag?post=8616"}],"curies":[{"name":"wp","href":"https:\/\/api.w.org\/{rel}","templated":true}]}}