{"id":8606,"date":"2023-10-04T10:11:40","date_gmt":"2023-10-04T10:11:40","guid":{"rendered":"https:\/\/store.evolve-fitness.eu\/produktas\/evolve-stossfaengerplatte-blockteil\/"},"modified":"2024-08-06T11:17:17","modified_gmt":"2024-08-06T11:17:17","slug":"evolve-stossfaengerplatte-blockteil","status":"publish","type":"product","link":"https:\/\/store.evolve-fitness.eu\/de\/produkt\/evolve-stossfaengerplatte-blockteil\/","title":{"rendered":"Evolve Sto\u00dff\u00e4ngerplatte Blockteil"},"content":{"rendered":"","protected":false},"excerpt":{"rendered":"<p>Erh\u00f6hen Sie die Vielseitigkeit Ihres Trainings mit dem Evolve Bumper Plate Block Part. Dieses modulare Zubeh\u00f6r wurde als Erg\u00e4nzung zu den Evolve-Ger\u00e4ten entwickelt und ist Ihr Schl\u00fcssel zu individuell anpassbaren Funktions-, Crossfit-, Gruppen- oder Einzeltrainings. Passen Sie Ihr Rigg genau an Ihre Bed\u00fcrfnisse an und erh\u00f6hen Sie seine Funktionalit\u00e4t durch eine breite Palette von Zubeh\u00f6r. Holen Sie mit dieser wichtigen Komponente das Beste aus Ihrem Fitnessraum heraus. Preis pro St\u00fcck.  <\/p>\n","protected":false},"featured_media":8612,"template":"","meta":{"_acf_changed":false,"inline_featured_image":false},"product_cat":[118,121,145,151],"product_tag":[],"class_list":{"0":"post-8606","1":"product","2":"type-product","3":"status-publish","4":"has-post-thumbnail","6":"product_cat-hauptseite","7":"product_cat-ubergreifend-funktional","8":"product_cat-rigg-komponenten","9":"product_cat-lagerung","11":"first","12":"instock","13":"shipping-taxable","14":"purchasable","15":"product-type-simple"},"acf":[],"_links":{"self":[{"href":"https:\/\/store.evolve-fitness.eu\/de\/wp-json\/wp\/v2\/product\/8606","targetHints":{"allow":["GET"]}}],"collection":[{"href":"https:\/\/store.evolve-fitness.eu\/de\/wp-json\/wp\/v2\/product"}],"about":[{"href":"https:\/\/store.evolve-fitness.eu\/de\/wp-json\/wp\/v2\/types\/product"}],"wp:featuredmedia":[{"embeddable":true,"href":"https:\/\/store.evolve-fitness.eu\/de\/wp-json\/wp\/v2\/media\/8612"}],"wp:attachment":[{"href":"https:\/\/store.evolve-fitness.eu\/de\/wp-json\/wp\/v2\/media?parent=8606"}],"wp:term":[{"taxonomy":"product_cat","embeddable":true,"href":"https:\/\/store.evolve-fitness.eu\/de\/wp-json\/wp\/v2\/product_cat?post=8606"},{"taxonomy":"product_tag","embeddable":true,"href":"https:\/\/store.evolve-fitness.eu\/de\/wp-json\/wp\/v2\/product_tag?post=8606"}],"curies":[{"name":"wp","href":"https:\/\/api.w.org\/{rel}","templated":true}]}}