{"id":8586,"date":"2023-10-06T13:43:11","date_gmt":"2023-10-06T13:43:11","guid":{"rendered":"https:\/\/store.evolve-fitness.eu\/produktas\/evolve-biegewirbel-4er-pack\/"},"modified":"2026-03-18T12:00:19","modified_gmt":"2026-03-18T12:00:19","slug":"evolve-biegewirbel-4er-pack","status":"publish","type":"product","link":"https:\/\/store.evolve-fitness.eu\/de\/produkt\/evolve-biegewirbel-4er-pack\/","title":{"rendered":"Evolve Biegewirbel &#8211; 4er Pack"},"content":{"rendered":"","protected":false},"excerpt":{"rendered":"<p>Erweitern Sie Ihr Evolve-Rig mit den Evolve Bend Pegs &#8211; einem Satz von vier unverzichtbaren Zubeh\u00f6rteilen, die eine Welt von Trainingsm\u00f6glichkeiten er\u00f6ffnen. Diese vielseitigen Biegestifte sind so konzipiert, dass sie sich nahtlos in Ihre modulare Ausr\u00fcstung integrieren lassen, so dass Sie Ihr Setup an Ihre individuellen Fitnessziele anpassen k\u00f6nnen. Verbessern Sie Ihre funktionellen, CrossFit-, Gruppen- oder Einzeltrainingseinheiten, indem Sie diese Biegestifte zu Ihrem Rig-Setup hinzuf\u00fcgen. Entdecken Sie die n\u00e4chste Stufe der Vielseitigkeit und Funktionalit\u00e4t f\u00fcr Ihr Training mit diesem praktischen 4er-Pack.  <\/p>\n","protected":false},"featured_media":97907,"template":"","meta":{"_acf_changed":false,"inline_featured_image":false},"product_cat":[118,121,145,146],"product_tag":[],"class_list":{"0":"post-8586","1":"product","2":"type-product","3":"status-publish","4":"has-post-thumbnail","6":"product_cat-hauptseite","7":"product_cat-ubergreifend-funktional","8":"product_cat-rigg-komponenten","9":"product_cat-zubehor","11":"first","12":"outofstock","13":"shipping-taxable","14":"purchasable","15":"product-type-simple"},"acf":[],"_links":{"self":[{"href":"https:\/\/store.evolve-fitness.eu\/de\/wp-json\/wp\/v2\/product\/8586","targetHints":{"allow":["GET"]}}],"collection":[{"href":"https:\/\/store.evolve-fitness.eu\/de\/wp-json\/wp\/v2\/product"}],"about":[{"href":"https:\/\/store.evolve-fitness.eu\/de\/wp-json\/wp\/v2\/types\/product"}],"wp:featuredmedia":[{"embeddable":true,"href":"https:\/\/store.evolve-fitness.eu\/de\/wp-json\/wp\/v2\/media\/97907"}],"wp:attachment":[{"href":"https:\/\/store.evolve-fitness.eu\/de\/wp-json\/wp\/v2\/media?parent=8586"}],"wp:term":[{"taxonomy":"product_cat","embeddable":true,"href":"https:\/\/store.evolve-fitness.eu\/de\/wp-json\/wp\/v2\/product_cat?post=8586"},{"taxonomy":"product_tag","embeddable":true,"href":"https:\/\/store.evolve-fitness.eu\/de\/wp-json\/wp\/v2\/product_tag?post=8586"}],"curies":[{"name":"wp","href":"https:\/\/api.w.org\/{rel}","templated":true}]}}