{"id":8567,"date":"2023-10-04T13:09:56","date_gmt":"2023-10-04T13:09:56","guid":{"rendered":"https:\/\/store.evolve-fitness.eu\/produktas\/evolve-monolift-aufsatz\/"},"modified":"2023-10-04T13:09:56","modified_gmt":"2023-10-04T13:09:56","slug":"evolve-monolift-aufsatz","status":"publish","type":"product","link":"https:\/\/store.evolve-fitness.eu\/de\/produkt\/evolve-monolift-aufsatz\/","title":{"rendered":"Evolve Monolift-Aufsatz"},"content":{"rendered":"","protected":false},"excerpt":{"rendered":"<p>Bringen Sie Ihr Training mit dem Evolve Monolift Attachment auf die n\u00e4chste Stufe. Dieses vielseitige Zubeh\u00f6r wurde als Erg\u00e4nzung zu den Evolve-Ger\u00e4ten entwickelt und verbessert funktionelle Fitness, Crossfit, Gruppentraining oder individuelles Training. Dank des modularen Aufbaus k\u00f6nnen Sie Ihr Rig ganz einfach anpassen und seine F\u00e4higkeiten durch das Anbringen verschiedener Zubeh\u00f6rteile erweitern. Verbessern Sie Ihre Trainingserfahrung mit diesem Paar Monolift-Aufs\u00e4tze, die zu einem attraktiven Preis erh\u00e4ltlich sind.<\/p>\n","protected":false},"featured_media":8575,"template":"","meta":{"_acf_changed":false,"inline_featured_image":false},"product_cat":[118,121,145,146],"product_tag":[],"class_list":{"0":"post-8567","1":"product","2":"type-product","3":"status-publish","4":"has-post-thumbnail","6":"product_cat-hauptseite","7":"product_cat-ubergreifend-funktional","8":"product_cat-rigg-komponenten","9":"product_cat-zubehor","11":"first","12":"instock","13":"shipping-taxable","14":"purchasable","15":"product-type-simple"},"acf":[],"_links":{"self":[{"href":"https:\/\/store.evolve-fitness.eu\/de\/wp-json\/wp\/v2\/product\/8567","targetHints":{"allow":["GET"]}}],"collection":[{"href":"https:\/\/store.evolve-fitness.eu\/de\/wp-json\/wp\/v2\/product"}],"about":[{"href":"https:\/\/store.evolve-fitness.eu\/de\/wp-json\/wp\/v2\/types\/product"}],"wp:featuredmedia":[{"embeddable":true,"href":"https:\/\/store.evolve-fitness.eu\/de\/wp-json\/wp\/v2\/media\/8575"}],"wp:attachment":[{"href":"https:\/\/store.evolve-fitness.eu\/de\/wp-json\/wp\/v2\/media?parent=8567"}],"wp:term":[{"taxonomy":"product_cat","embeddable":true,"href":"https:\/\/store.evolve-fitness.eu\/de\/wp-json\/wp\/v2\/product_cat?post=8567"},{"taxonomy":"product_tag","embeddable":true,"href":"https:\/\/store.evolve-fitness.eu\/de\/wp-json\/wp\/v2\/product_tag?post=8567"}],"curies":[{"name":"wp","href":"https:\/\/api.w.org\/{rel}","templated":true}]}}