{"id":8544,"date":"2023-10-04T10:05:10","date_gmt":"2023-10-04T10:05:10","guid":{"rendered":"https:\/\/store.evolve-fitness.eu\/produktas\/evolve-kurzhanteln-lagerung-1100-1800-mm\/"},"modified":"2026-04-29T12:01:39","modified_gmt":"2026-04-29T12:01:39","slug":"evolve-kurzhanteln-lagerung-1100-1800-mm","status":"publish","type":"product","link":"https:\/\/store.evolve-fitness.eu\/de\/produkt\/evolve-kurzhanteln-lagerung-1100-1800-mm\/","title":{"rendered":"Evolve Hantelspeicher &#8211; 1100 \/ 1800 mm"},"content":{"rendered":"","protected":false},"excerpt":{"rendered":"<p>Optimieren Sie Ihr Fitnessstudio mit unserer Evolve Hantelablage, erh\u00e4ltlich in den L\u00e4ngen 1100mm und 1800mm. Diese modularen Ger\u00e4te eignen sich perfekt f\u00fcr funktionelles, Crossfit-, Gruppen- oder Einzeltraining. Passen Sie Ihre Einrichtung an und f\u00fcgen Sie Zubeh\u00f6r f\u00fcr maximale Effizienz hinzu. Organisieren Sie sich und verbessern Sie Ihr Fitnesserlebnis noch heute.    Preis pro St\u00fcck.<\/p>\n<p>\n","protected":false},"featured_media":8553,"template":"","meta":{"_acf_changed":false,"inline_featured_image":false},"product_cat":[118,151,145,121],"product_tag":[],"class_list":{"0":"post-8544","1":"product","2":"type-product","3":"status-publish","4":"has-post-thumbnail","6":"product_cat-hauptseite","7":"product_cat-lagerung","8":"product_cat-rigg-komponenten","9":"product_cat-ubergreifend-funktional","11":"first","12":"instock","13":"shipping-taxable","14":"purchasable","15":"product-type-variable"},"acf":[],"_links":{"self":[{"href":"https:\/\/store.evolve-fitness.eu\/de\/wp-json\/wp\/v2\/product\/8544","targetHints":{"allow":["GET"]}}],"collection":[{"href":"https:\/\/store.evolve-fitness.eu\/de\/wp-json\/wp\/v2\/product"}],"about":[{"href":"https:\/\/store.evolve-fitness.eu\/de\/wp-json\/wp\/v2\/types\/product"}],"wp:featuredmedia":[{"embeddable":true,"href":"https:\/\/store.evolve-fitness.eu\/de\/wp-json\/wp\/v2\/media\/8553"}],"wp:attachment":[{"href":"https:\/\/store.evolve-fitness.eu\/de\/wp-json\/wp\/v2\/media?parent=8544"}],"wp:term":[{"taxonomy":"product_cat","embeddable":true,"href":"https:\/\/store.evolve-fitness.eu\/de\/wp-json\/wp\/v2\/product_cat?post=8544"},{"taxonomy":"product_tag","embeddable":true,"href":"https:\/\/store.evolve-fitness.eu\/de\/wp-json\/wp\/v2\/product_tag?post=8544"}],"curies":[{"name":"wp","href":"https:\/\/api.w.org\/{rel}","templated":true}]}}