{"id":8466,"date":"2023-10-03T11:32:43","date_gmt":"2023-10-03T11:32:43","guid":{"rendered":"https:\/\/store.evolve-fitness.eu\/produktas\/schleppnetzfischer-evolve\/"},"modified":"2024-08-06T10:46:20","modified_gmt":"2024-08-06T10:46:20","slug":"schleppnetzfischer-evolve","status":"publish","type":"product","link":"https:\/\/store.evolve-fitness.eu\/de\/produkt\/schleppnetzfischer-evolve\/","title":{"rendered":"Schleppnetzfischer Evolve"},"content":{"rendered":"","protected":false},"excerpt":{"rendered":"<p>Erweitern Sie Ihre Trainingsvielfalt mit dem Evolve Trawler, einem 750 mm langen Zusatz zu Ihrem Evolve-Rig. Diese vielseitige Komponente wurde entwickelt, um Funktions-, Crossfit-, Gruppen- oder Einzeltrainings zu verbessern, und verf\u00fcgt \u00fcber ein modulares Design f\u00fcr individuelle Setups und Kompatibilit\u00e4t mit Zubeh\u00f6r. Preis pro St\u00fcck. Tauchen Sie noch heute in ein verbessertes Fitnesserlebnis mit dem Evolve Trawler ein!  <\/p>\n","protected":false},"featured_media":8470,"template":"","meta":{"_acf_changed":false,"inline_featured_image":false},"product_cat":[118,121,145,214],"product_tag":[],"class_list":{"0":"post-8466","1":"product","2":"type-product","3":"status-publish","4":"has-post-thumbnail","6":"product_cat-hauptseite","7":"product_cat-ubergreifend-funktional","8":"product_cat-rigg-komponenten","9":"product_cat-hauptteile","11":"first","12":"outofstock","13":"shipping-taxable","14":"purchasable","15":"product-type-simple"},"acf":[],"_links":{"self":[{"href":"https:\/\/store.evolve-fitness.eu\/de\/wp-json\/wp\/v2\/product\/8466","targetHints":{"allow":["GET"]}}],"collection":[{"href":"https:\/\/store.evolve-fitness.eu\/de\/wp-json\/wp\/v2\/product"}],"about":[{"href":"https:\/\/store.evolve-fitness.eu\/de\/wp-json\/wp\/v2\/types\/product"}],"wp:featuredmedia":[{"embeddable":true,"href":"https:\/\/store.evolve-fitness.eu\/de\/wp-json\/wp\/v2\/media\/8470"}],"wp:attachment":[{"href":"https:\/\/store.evolve-fitness.eu\/de\/wp-json\/wp\/v2\/media?parent=8466"}],"wp:term":[{"taxonomy":"product_cat","embeddable":true,"href":"https:\/\/store.evolve-fitness.eu\/de\/wp-json\/wp\/v2\/product_cat?post=8466"},{"taxonomy":"product_tag","embeddable":true,"href":"https:\/\/store.evolve-fitness.eu\/de\/wp-json\/wp\/v2\/product_tag?post=8466"}],"curies":[{"name":"wp","href":"https:\/\/api.w.org\/{rel}","templated":true}]}}