{"id":8424,"date":"2023-10-03T10:53:56","date_gmt":"2023-10-03T10:53:56","guid":{"rendered":"https:\/\/store.evolve-fitness.eu\/produktas\/evolve-kurz-anschlussrahmen-380-512-mm\/"},"modified":"2025-11-07T11:54:15","modified_gmt":"2025-11-07T11:54:15","slug":"evolve-kurz-anschlussrahmen-380-512-mm","status":"publish","type":"product","link":"https:\/\/store.evolve-fitness.eu\/de\/produkt\/evolve-kurz-anschlussrahmen-380-512-mm\/","title":{"rendered":"Evolve Kurzer Verbindungsrahmen &#8211; 380 \/ 512 mm"},"content":{"rendered":"","protected":false},"excerpt":{"rendered":"<p>Verbessern Sie Ihre Fitnessvielfalt mit dem Evolve Short Connection Frame, der in zwei L\u00e4ngen erh\u00e4ltlich ist: 380 mm und 512 mm. Dieser Rahmen wurde f\u00fcr die Verwendung mit Evolve-Rigs entwickelt und verbessert das Funktions-, Crossfit-, Gruppen- oder Einzeltraining. Das modulare Design und die Kompatibilit\u00e4t des Zubeh\u00f6rs sorgen f\u00fcr Flexibilit\u00e4t bei der Anpassung Ihrer Fitnesseinrichtung. Preis pro St\u00fcck. Entwickeln Sie Ihr Training mit dem Short Connection Frame noch heute weiter!<\/p>\n","protected":false},"featured_media":8428,"template":"","meta":{"_acf_changed":false,"inline_featured_image":false},"product_cat":[118,214,145,121],"product_tag":[],"class_list":{"0":"post-8424","1":"product","2":"type-product","3":"status-publish","4":"has-post-thumbnail","6":"product_cat-hauptseite","7":"product_cat-hauptteile","8":"product_cat-rigg-komponenten","9":"product_cat-ubergreifend-funktional","11":"first","12":"instock","13":"taxable","14":"shipping-taxable","15":"purchasable","16":"product-type-variable"},"acf":[],"_links":{"self":[{"href":"https:\/\/store.evolve-fitness.eu\/de\/wp-json\/wp\/v2\/product\/8424","targetHints":{"allow":["GET"]}}],"collection":[{"href":"https:\/\/store.evolve-fitness.eu\/de\/wp-json\/wp\/v2\/product"}],"about":[{"href":"https:\/\/store.evolve-fitness.eu\/de\/wp-json\/wp\/v2\/types\/product"}],"wp:featuredmedia":[{"embeddable":true,"href":"https:\/\/store.evolve-fitness.eu\/de\/wp-json\/wp\/v2\/media\/8428"}],"wp:attachment":[{"href":"https:\/\/store.evolve-fitness.eu\/de\/wp-json\/wp\/v2\/media?parent=8424"}],"wp:term":[{"taxonomy":"product_cat","embeddable":true,"href":"https:\/\/store.evolve-fitness.eu\/de\/wp-json\/wp\/v2\/product_cat?post=8424"},{"taxonomy":"product_tag","embeddable":true,"href":"https:\/\/store.evolve-fitness.eu\/de\/wp-json\/wp\/v2\/product_tag?post=8424"}],"curies":[{"name":"wp","href":"https:\/\/api.w.org\/{rel}","templated":true}]}}