{"id":8407,"date":"2023-10-03T11:25:56","date_gmt":"2023-10-03T11:25:56","guid":{"rendered":"https:\/\/store.evolve-fitness.eu\/produktas\/evolve-flugstab-1100-1800-mm\/"},"modified":"2026-02-20T12:01:47","modified_gmt":"2026-02-20T12:01:47","slug":"evolve-flugstab-1100-1800-mm","status":"publish","type":"product","link":"https:\/\/store.evolve-fitness.eu\/de\/produkt\/evolve-flugstab-1100-1800-mm\/","title":{"rendered":"Evolve Flying Bar 1100 \/ 1800 mm"},"content":{"rendered":"","protected":false},"excerpt":{"rendered":"<p>Erh\u00f6hen Sie Ihr Trainingserlebnis mit der Evolve Flying Bar, die in zwei L\u00e4ngen erh\u00e4ltlich ist: 1100 mm und 1800 mm. Diese vielseitige Stange wurde als Erg\u00e4nzung zu den Evolve-Ger\u00e4ten entwickelt und eignet sich f\u00fcr funktionelle, Crossfit-, Gruppen- und Einzeltrainings. Das modulare Design und die Kompatibilit\u00e4t des Zubeh\u00f6rs bieten die Flexibilit\u00e4t, ein individuelles, auf Ihre Bed\u00fcrfnisse zugeschnittenes Fitness-Setup zu erstellen. Preis pro St\u00fcck. Erreichen Sie mit der Evolve Flying Bar noch heute neue H\u00f6hen auf Ihrer Fitnessreise!<\/p>\n","protected":false},"featured_media":8415,"template":"","meta":{"_acf_changed":false,"inline_featured_image":false},"product_cat":[118,214,145,121],"product_tag":[],"class_list":{"0":"post-8407","1":"product","2":"type-product","3":"status-publish","4":"has-post-thumbnail","6":"product_cat-hauptseite","7":"product_cat-hauptteile","8":"product_cat-rigg-komponenten","9":"product_cat-ubergreifend-funktional","11":"first","12":"instock","13":"taxable","14":"shipping-taxable","15":"purchasable","16":"product-type-variable"},"acf":[],"_links":{"self":[{"href":"https:\/\/store.evolve-fitness.eu\/de\/wp-json\/wp\/v2\/product\/8407","targetHints":{"allow":["GET"]}}],"collection":[{"href":"https:\/\/store.evolve-fitness.eu\/de\/wp-json\/wp\/v2\/product"}],"about":[{"href":"https:\/\/store.evolve-fitness.eu\/de\/wp-json\/wp\/v2\/types\/product"}],"wp:featuredmedia":[{"embeddable":true,"href":"https:\/\/store.evolve-fitness.eu\/de\/wp-json\/wp\/v2\/media\/8415"}],"wp:attachment":[{"href":"https:\/\/store.evolve-fitness.eu\/de\/wp-json\/wp\/v2\/media?parent=8407"}],"wp:term":[{"taxonomy":"product_cat","embeddable":true,"href":"https:\/\/store.evolve-fitness.eu\/de\/wp-json\/wp\/v2\/product_cat?post=8407"},{"taxonomy":"product_tag","embeddable":true,"href":"https:\/\/store.evolve-fitness.eu\/de\/wp-json\/wp\/v2\/product_tag?post=8407"}],"curies":[{"name":"wp","href":"https:\/\/api.w.org\/{rel}","templated":true}]}}