{"id":8354,"date":"2023-10-03T10:38:25","date_gmt":"2023-10-03T10:38:25","guid":{"rendered":"https:\/\/store.evolve-fitness.eu\/produktas\/evolve-brueckenbauprofil-3000-mm\/"},"modified":"2023-10-03T10:38:25","modified_gmt":"2023-10-03T10:38:25","slug":"evolve-brueckenbauprofil-3000-mm","status":"publish","type":"product","link":"https:\/\/store.evolve-fitness.eu\/de\/produkt\/evolve-brueckenbauprofil-3000-mm\/","title":{"rendered":"Evolve Br\u00fcckenbauprofil &#8211; 3000 mm"},"content":{"rendered":"","protected":false},"excerpt":{"rendered":"<p>Erweitern Sie Ihre Trainingsm\u00f6glichkeiten mit dem Evolve Bridge Construction Beam, einem 3000 mm langen und 58 kg schweren Zusatzger\u00e4t. Dieser Balken wurde f\u00fcr die Verwendung mit Evolve-Ger\u00e4ten entwickelt und verbessert Ihr Functional-, Crossfit-, Gruppen- oder Einzeltraining. Das modulare Design und die Kompatibilit\u00e4t mit Zubeh\u00f6r erm\u00f6glichen eine individuelle Anpassung zur Optimierung Ihres Fitnessprogramms. Preis pro St\u00fcck. Bringen Sie Ihre Fitness mit dem Evolve Bridge Construction Beam auf ein neues Niveau!<\/p>\n","protected":false},"featured_media":8383,"template":"","meta":{"_acf_changed":false,"inline_featured_image":false},"product_cat":[118,121,145,214],"product_tag":[],"class_list":{"0":"post-8354","1":"product","2":"type-product","3":"status-publish","4":"has-post-thumbnail","6":"product_cat-hauptseite","7":"product_cat-ubergreifend-funktional","8":"product_cat-rigg-komponenten","9":"product_cat-hauptteile","11":"first","12":"instock","13":"shipping-taxable","14":"purchasable","15":"product-type-simple"},"acf":[],"_links":{"self":[{"href":"https:\/\/store.evolve-fitness.eu\/de\/wp-json\/wp\/v2\/product\/8354","targetHints":{"allow":["GET"]}}],"collection":[{"href":"https:\/\/store.evolve-fitness.eu\/de\/wp-json\/wp\/v2\/product"}],"about":[{"href":"https:\/\/store.evolve-fitness.eu\/de\/wp-json\/wp\/v2\/types\/product"}],"wp:featuredmedia":[{"embeddable":true,"href":"https:\/\/store.evolve-fitness.eu\/de\/wp-json\/wp\/v2\/media\/8383"}],"wp:attachment":[{"href":"https:\/\/store.evolve-fitness.eu\/de\/wp-json\/wp\/v2\/media?parent=8354"}],"wp:term":[{"taxonomy":"product_cat","embeddable":true,"href":"https:\/\/store.evolve-fitness.eu\/de\/wp-json\/wp\/v2\/product_cat?post=8354"},{"taxonomy":"product_tag","embeddable":true,"href":"https:\/\/store.evolve-fitness.eu\/de\/wp-json\/wp\/v2\/product_tag?post=8354"}],"curies":[{"name":"wp","href":"https:\/\/api.w.org\/{rel}","templated":true}]}}