{"id":8350,"date":"2023-10-03T08:37:30","date_gmt":"2023-10-03T08:37:30","guid":{"rendered":"https:\/\/store.evolve-fitness.eu\/produktas\/evolve-doppelte-affenstange-1100-mm-1800-mm\/"},"modified":"2026-04-02T12:00:50","modified_gmt":"2026-04-02T12:00:50","slug":"evolve-doppelte-affenstange-1100-mm-1800-mm","status":"publish","type":"product","link":"https:\/\/store.evolve-fitness.eu\/de\/produkt\/evolve-doppelte-affenstange-1100-mm-1800-mm\/","title":{"rendered":"Evolve Double Monkey Bar &#8211; 1100 mm \/ 1800 mm"},"content":{"rendered":"","protected":false},"excerpt":{"rendered":"<p>Verbessern Sie Ihr Training mit der Evolve Double Monkey Bar, die es in den L\u00e4ngen 1100 mm oder 1800 mm gibt. Diese Stangen wurden f\u00fcr Evolve-Rigs entwickelt und werten Ihr Functional-, Crossfit-, Gruppen- oder Einzeltraining auf. Mit einem robusten Durchmesser von 32 mm und der Kompatibilit\u00e4t mit Zubeh\u00f6r bereichert die Evolve Double Monkey Bar Ihr Fitnessprogramm. Preis pro St\u00fcck. Verbessern Sie noch heute Ihr Fitnessprogramm.<\/p>\n","protected":false},"featured_media":8366,"template":"","meta":{"_acf_changed":false,"inline_featured_image":false},"product_cat":[118,121,145,214],"product_tag":[],"class_list":{"0":"post-8350","1":"product","2":"type-product","3":"status-publish","4":"has-post-thumbnail","6":"product_cat-hauptseite","7":"product_cat-ubergreifend-funktional","8":"product_cat-rigg-komponenten","9":"product_cat-hauptteile","11":"first","12":"instock","13":"shipping-taxable","14":"purchasable","15":"product-type-variable"},"acf":[],"_links":{"self":[{"href":"https:\/\/store.evolve-fitness.eu\/de\/wp-json\/wp\/v2\/product\/8350","targetHints":{"allow":["GET"]}}],"collection":[{"href":"https:\/\/store.evolve-fitness.eu\/de\/wp-json\/wp\/v2\/product"}],"about":[{"href":"https:\/\/store.evolve-fitness.eu\/de\/wp-json\/wp\/v2\/types\/product"}],"wp:featuredmedia":[{"embeddable":true,"href":"https:\/\/store.evolve-fitness.eu\/de\/wp-json\/wp\/v2\/media\/8366"}],"wp:attachment":[{"href":"https:\/\/store.evolve-fitness.eu\/de\/wp-json\/wp\/v2\/media?parent=8350"}],"wp:term":[{"taxonomy":"product_cat","embeddable":true,"href":"https:\/\/store.evolve-fitness.eu\/de\/wp-json\/wp\/v2\/product_cat?post=8350"},{"taxonomy":"product_tag","embeddable":true,"href":"https:\/\/store.evolve-fitness.eu\/de\/wp-json\/wp\/v2\/product_tag?post=8350"}],"curies":[{"name":"wp","href":"https:\/\/api.w.org\/{rel}","templated":true}]}}