{"id":8309,"date":"2023-09-25T12:15:34","date_gmt":"2023-09-25T12:15:34","guid":{"rendered":"https:\/\/store.evolve-fitness.eu\/produktas\/evolve-urethan-body-pump-set-195-kg\/"},"modified":"2026-04-02T12:00:22","modified_gmt":"2026-04-02T12:00:22","slug":"evolve-urethan-body-pump-set-195-kg","status":"publish","type":"product","link":"https:\/\/store.evolve-fitness.eu\/de\/produkt\/evolve-urethan-body-pump-set-195-kg\/","title":{"rendered":"Evolve Urethan Body Pump Set &#8211; 19,5 kg"},"content":{"rendered":"\n<p> <mark style=\"background-color:rgba(0, 0, 0, 0);color:#ffffff\" class=\"has-inline-color\">ASD<\/mark><\/p>\n\n<section class=\"wp-block-group alignfull black-content has-white-color has-darkgray-background-color has-text-color has-background is-layout-constrained wp-block-group-is-layout-constrained\" style=\"padding-top:var(--wp--preset--spacing--section-bottom);padding-bottom:var(--wp--preset--spacing--section-bottom)\">\n<section class=\"wp-block-group alignfull black-content has-white-color has-darkgray-background-color has-text-color has-background is-layout-constrained wp-block-group-is-layout-constrained\" style=\"padding-top:var(--wp--preset--spacing--section-bottom);padding-bottom:var(--wp--preset--spacing--section-bottom)\">\n<div class=\"wp-block-columns alignwide mobile-reverse is-layout-flex wp-container-core-columns-is-layout-ca64bf2d wp-block-columns-is-layout-flex\" style=\"margin-bottom:var(--wp--preset--spacing--side-padding)\">\n<div class=\"wp-block-column is-vertically-aligned-center is-layout-flow wp-block-column-is-layout-flow\">\n<h3 class=\"wp-block-heading\" style=\"margin-bottom:var(--wp--preset--spacing--h-3-bottom)\"><strong>Unerreichte Langlebigkeit und Leistung<\/strong><\/h3>\n\n\n\n<p><em><strong>\u00dcberlegenes Design f\u00fcr effektives Training<\/strong><\/em><\/p>\n\n\n\n<p style=\"margin-bottom:var(--wp--preset--spacing--tb-section-padding)\">Entdecken Sie den Gipfel der Haltbarkeit mit dem Evolve Urethane Body Pump Set &#8211; 19,5 kg. Das aus hochwertigem Urethan gefertigte Set garantiert eine lange Lebensdauer und ist damit die ideale Wahl sowohl f\u00fcr kommerzielle Fitnessstudios als auch f\u00fcr das Training zu Hause. Die robuste Konstruktion ist resistent gegen Kratzer, Abplatzungen und Abbl\u00e4ttern, so dass das makellose Erscheinungsbild \u00fcber Jahre hinweg erhalten bleibt, ohne dass h\u00e4ufiges Auswechseln erforderlich ist.<\/p>\n\n\n\n<h3 class=\"wp-block-heading\" style=\"margin-bottom:var(--wp--preset--spacing--h-3-bottom)\">Pr\u00e4zisionsgefertigte Urethan-Gewichte<\/h3>\n\n\n\n<p><strong><em>Konsistente Leistung f\u00fcr effektive Workouts<\/em><\/strong><\/p>\n\n\n\n<p>Erleben Sie ein reibungsloses Be- und Entladen der Platten mit den abgerundeten H\u00fclsenspitzen des Evolve Urethane Body Pump Sets. Jedes Urethan-Gewicht, darunter 2 x 1,25 kg, 2 x 2,5 kg und 2 x 5 kg, wird nach exakten Spezifikationen gefertigt und bietet ein gleichm\u00e4\u00dfiges Gewicht und Gef\u00fchl f\u00fcr ein pr\u00e4zises Training.<\/p>\n<\/div>\n\n\n\n<div class=\"wp-block-column is-vertically-aligned-center is-layout-flow wp-block-column-is-layout-flow\">\n<figure class=\"wp-block-video\"><video autoplay=\"\" controls=\"\" loop=\"\" muted=\"\" src=\"https:\/\/evolve-fitness.eu\/wp-content\/uploads\/2023\/12\/1.mp4\"><\/video><\/figure>\n<\/div>\n<\/div>\n\n\n\n<div class=\"wp-block-columns alignwide is-layout-flex wp-container-core-columns-is-layout-c45ee707 wp-block-columns-is-layout-flex\" style=\"margin-bottom:var(--wp--preset--spacing--side-padding);padding-top:var(--wp--preset--spacing--side-padding)\">\n<div class=\"wp-block-column is-vertically-aligned-center is-layout-flow wp-block-column-is-layout-flow\">\n<figure class=\"wp-block-image size-full is-resized is-style-rounded\"><img decoding=\"async\" src=\"https:\/\/evolve-fitness.eu\/wp-content\/uploads\/2023\/08\/TPU-urethane-weight-plates-6.jpg\" alt=\"\" class=\"wp-image-838\" style=\"object-fit:cover;width:680px;height:600px\"\/><\/figure>\n<\/div>\n\n\n\n<div class=\"wp-block-column is-vertically-aligned-center is-layout-flow wp-block-column-is-layout-flow\">\n<h3 class=\"wp-block-heading\" style=\"margin-bottom:var(--wp--preset--spacing--h-3-bottom)\">Anpassung und Stil<\/h3>\n\n\n\n<p><strong><em><strong><em><strong><em>Verbessern Sie das Branding Ihres Fitnessstudios mit dem Body Pump Set<\/em><\/strong><\/em><\/strong><\/em><\/strong><\/p>\n\n\n\n<p style=\"margin-bottom:var(--wp--preset--spacing--tb-section-padding)\">Sie k\u00f6nnen Ihr Logo hinzuf\u00fcgen und individuelle Farben ausw\u00e4hlen, um ein einzigartiges Trainingserlebnis zu schaffen, das Ihr Fitnessstudio von der Konkurrenz abhebt. Das Evolve Urethane Body Pump Set bietet ein auff\u00e4lliges und einheitliches Erscheinungsbild, das die Identit\u00e4t einer Fitnessmarke perfekt erg\u00e4nzt. Die Wahl der Farben spielt eine entscheidende Rolle, um sicherzustellen, dass das Set nicht nur auff\u00e4llt, sondern auch mit der \u00c4sthetik der Marke \u00fcbereinstimmt. Das Evolve Urethane Body Pump Set ist mit einem lasergeschnittenen, mit Urethan durchzogenen Logo und einer Gewichtsangabe versehen, die sich mit der Zeit nicht abl\u00f6sen oder abnutzen wird.<\/p>\n<\/div>\n<\/div>\n\n\n\n<div class=\"wp-block-columns alignwide mobile-reverse is-layout-flex wp-container-core-columns-is-layout-ca64bf2d wp-block-columns-is-layout-flex\" style=\"margin-bottom:var(--wp--preset--spacing--side-padding)\">\n<div class=\"wp-block-column is-vertically-aligned-center is-layout-flow wp-block-column-is-layout-flow\">\n<h3 class=\"wp-block-heading\" style=\"margin-bottom:var(--wp--preset--spacing--h-3-bottom)\">FUNKTIONALIT\u00c4T<\/h3>\n\n\n\n<p>Das einzigartige Design verhindert, dass das Gewicht an der Stange h\u00e4ngen bleibt<\/p>\n\n\n\n<p style=\"margin-bottom:var(--wp--preset--spacing--tb-section-padding)\">Die Evolve Hantelscheiben haben eine strukturierte Oberfl\u00e4che, die leicht zu reinigen und rutschfest ist und einen guten Halt bietet. Diese Merkmale gew\u00e4hrleisten auch die Sicherheit und minimieren die M\u00f6glichkeit, dass sich der Benutzer beim Auf- und Abladen der Platten die Finger einklemmt.<\/p>\n\n\n\n<h3 class=\"wp-block-heading\" style=\"margin-bottom:var(--wp--preset--spacing--h-3-bottom)\">Urethan-Beschichtung<\/h3>\n\n\n\n<p>Die Urethanbeschichtung ist hochgradig sto\u00dffest und doppelt so haltbar wie eine Gummibeschichtung<\/p>\n\n\n\n<p>Lackierte Oberfl\u00e4chen k\u00f6nnen abplatzen und rosten, Gummi kann mit der Zeit abbl\u00e4ttern oder rei\u00dfen. Evolve Urethan-Hantelscheiben sind extrem haltbar und bauen nicht ab. Diese Gewichte behalten ihre kr\u00e4ftige Farbe ein Leben lang bei.<\/p>\n<\/div>\n\n\n\n<div class=\"wp-block-column is-vertically-aligned-center is-layout-flow wp-block-column-is-layout-flow\">\n<figure class=\"wp-block-image alignleft size-full is-resized is-style-rounded\"><img decoding=\"async\" src=\"https:\/\/evolve-fitness.eu\/wp-content\/uploads\/2023\/12\/A7_05432.jpg\" alt=\"\" class=\"wp-image-7840\" style=\"width:686px;height:652px\"\/><\/figure>\n<\/div>\n<\/div>\n\n\n\n<div class=\"wp-block-columns alignwide is-layout-flex wp-container-core-columns-is-layout-c45ee707 wp-block-columns-is-layout-flex\" style=\"margin-bottom:var(--wp--preset--spacing--side-padding);padding-top:var(--wp--preset--spacing--side-padding)\">\n<div class=\"wp-block-column is-vertically-aligned-center is-layout-flow wp-block-column-is-layout-flow\">\n<figure class=\"wp-block-image size-large\"><img decoding=\"async\" src=\"https:\/\/evolve-fitness.eu\/wp-content\/uploads\/2023\/12\/Lemon-Gym-Teika-3-1024x768.jpg\" alt=\"\" class=\"wp-image-8985\"\/><\/figure>\n<\/div>\n\n\n\n<div class=\"wp-block-column is-vertically-aligned-center is-layout-flow wp-block-column-is-layout-flow\">\n<h3 class=\"wp-block-heading\" style=\"margin-bottom:var(--wp--preset--spacing--h-3-bottom)\">Safety-First-Ansatz<\/h3>\n\n\n\n<p><strong><em>Ein sicheres und vertrauensw\u00fcrdiges Workout-Erlebnis<\/em><\/strong><\/p>\n\n\n\n<p>Bei Evolve hat die Sicherheit oberste Priorit\u00e4t. Unsere Urethan-Hantelscheiben sind aus hochwertigem, ungiftigem und geruchsneutralem Urethanmaterial gefertigt, das eine sichere und gesunde Trainingsumgebung gew\u00e4hrleistet.<\/p>\n<\/div>\n<\/div>\n\n\n\n<div class=\"wp-block-columns alignwide is-layout-flex wp-container-core-columns-is-layout-c45ee707 wp-block-columns-is-layout-flex\" style=\"margin-bottom:var(--wp--preset--spacing--side-padding);padding-top:var(--wp--preset--spacing--side-padding)\">\n<div class=\"wp-block-column is-vertically-aligned-center is-layout-flow wp-block-column-is-layout-flow\">\n<h3 class=\"wp-block-heading\" style=\"margin-bottom:var(--wp--preset--spacing--h-3-bottom)\">Schluss mit eingeklemmten Fingern<\/h3>\n\n\n\n<p><strong><em>Mit Evolve Urethan-Gewichtsplatten<\/em><\/strong><\/p>\n\n\n\n<p>Evolve Urethan-Hantelscheiben wurden entwickelt, um das Be- und Entladen f\u00fcr Fitnessstudio-Besucher sicherer und effizienter zu machen. Das Set enth\u00e4lt eine 140 cm lange Langhantel und Federklemmen, die ein sicheres und zuverl\u00e4ssiges Training gew\u00e4hrleisten. Die strukturierte Oberfl\u00e4che und die abgerundete Form der Platten verhindern au\u00dferdem, dass sie aneinander oder an anderen Oberfl\u00e4chen haften bleiben. Die Platten lassen sich leicht tragen und f\u00fcr eine Vielzahl von \u00dcbungen verwenden. Ob Sie nun Kreuzheben oder Ausfallschritte machen, die vier Griffe erleichtern den Transport und die Verwendung der Hantelscheiben und machen Ihr Training effizienter und effektiver.<\/p>\n<\/div>\n\n\n\n<div class=\"wp-block-column is-vertically-aligned-center is-layout-flow wp-block-column-is-layout-flow\">\n<div class=\"wp-block-columns is-layout-flex wp-container-core-columns-is-layout-9d6595d7 wp-block-columns-is-layout-flex\">\n<div class=\"wp-block-column is-layout-flow wp-block-column-is-layout-flow\">\n<figure class=\"wp-block-image size-full is-style-rounded\"><img decoding=\"async\" src=\"https:\/\/evolve-fitness.eu\/wp-content\/uploads\/2023\/08\/iskirpta-stanga-su-uretanu.png\" alt=\"\" class=\"wp-image-806\"\/><\/figure>\n<\/div>\n<\/div>\n<\/div>\n<\/div>\n<\/section>\n<\/section>\n","protected":false},"excerpt":{"rendered":"<p>Peppen Sie Ihr Fitnessstudio mit dem Evolve Urethane Body Pump Set auf, das sich perfekt f\u00fcr den gewerblichen Einsatz eignet. Dieses anpassbare Set enth\u00e4lt eine 140 cm lange Langhantel, Federringe und langlebige Betongewichte, die alle mit schlagfestem Urethan beschichtet sind. Die Platten haben eine strukturierte Oberfl\u00e4che f\u00fcr einen sicheren Halt, sch\u00fctzen Ihren Boden und reduzieren den Trainingsl\u00e4rm. Der Pr\u00e4zisionsguss sorgt f\u00fcr Ausgewogenheit und macht sie ideal f\u00fcr private und professionelle Fitnessstudios. Aktualisieren Sie die Ausr\u00fcstung Ihres Fitnessstudios und Ihr Markenimage mit Evolve.<\/p>\n","protected":false},"featured_media":90236,"template":"","meta":{"_acf_changed":false,"inline_featured_image":false},"product_cat":[123,2188,191],"product_tag":[],"class_list":{"0":"post-8309","1":"product","2":"type-product","3":"status-publish","4":"has-post-thumbnail","6":"product_cat-freie-gewichte","7":"product_cat-bar-sets-de","8":"product_cat-studio-de","10":"first","11":"instock","12":"shipping-taxable","13":"purchasable","14":"product-type-simple"},"acf":[],"_links":{"self":[{"href":"https:\/\/store.evolve-fitness.eu\/de\/wp-json\/wp\/v2\/product\/8309","targetHints":{"allow":["GET"]}}],"collection":[{"href":"https:\/\/store.evolve-fitness.eu\/de\/wp-json\/wp\/v2\/product"}],"about":[{"href":"https:\/\/store.evolve-fitness.eu\/de\/wp-json\/wp\/v2\/types\/product"}],"wp:featuredmedia":[{"embeddable":true,"href":"https:\/\/store.evolve-fitness.eu\/de\/wp-json\/wp\/v2\/media\/90236"}],"wp:attachment":[{"href":"https:\/\/store.evolve-fitness.eu\/de\/wp-json\/wp\/v2\/media?parent=8309"}],"wp:term":[{"taxonomy":"product_cat","embeddable":true,"href":"https:\/\/store.evolve-fitness.eu\/de\/wp-json\/wp\/v2\/product_cat?post=8309"},{"taxonomy":"product_tag","embeddable":true,"href":"https:\/\/store.evolve-fitness.eu\/de\/wp-json\/wp\/v2\/product_tag?post=8309"}],"curies":[{"name":"wp","href":"https:\/\/api.w.org\/{rel}","templated":true}]}}