{"id":8013,"date":"2023-09-26T11:18:37","date_gmt":"2023-09-26T11:18:37","guid":{"rendered":"https:\/\/store.evolve-fitness.eu\/produktas\/evolve-econ-serie-5hp-laufband-mit-lcd-konsole\/"},"modified":"2026-02-20T12:01:11","modified_gmt":"2026-02-20T12:01:11","slug":"evolve-econ-serie-5hp-laufband-mit-lcd-konsole","status":"publish","type":"product","link":"https:\/\/store.evolve-fitness.eu\/de\/produkt\/evolve-econ-serie-5hp-laufband-mit-lcd-konsole\/","title":{"rendered":"Evolve Econ Serie 5HP Laufband mit LCD-Konsole"},"content":{"rendered":"\n<section class=\"wp-block-group alignfull black-content has-white-color has-darkgray-background-color has-text-color has-background is-layout-constrained wp-block-group-is-layout-constrained\" style=\"padding-top:var(--wp--preset--spacing--section-bottom);padding-bottom:var(--wp--preset--spacing--section-bottom)\">\n<div class=\"wp-block-columns alignwide mobile-reverse is-layout-flex wp-container-core-columns-is-layout-ca64bf2d wp-block-columns-is-layout-flex\" style=\"margin-bottom:var(--wp--preset--spacing--side-padding)\">\n<div class=\"wp-block-column is-vertically-aligned-center is-layout-flow wp-block-column-is-layout-flow\">\n<h3 class=\"wp-block-heading\" style=\"margin-bottom:var(--wp--preset--spacing--h-3-bottom)\">MAX. BENUTZERGEWICHT &#8211; 200 KG<\/h3>\n\n\n\n<p><strong><em><strong>F\u00fcr alle<\/strong><\/em><\/strong><\/p>\n\n\n\n<p style=\"margin-bottom:var(--wp--preset--spacing--tb-section-padding)\">Das Evolve CT 500 LCD-Laufband ist f\u00fcr eine Belastung von bis zu 200 kg ausgelegt und gew\u00e4hrleistet Sicherheit und dauerhafte Leistung f\u00fcr eine Vielzahl von Benutzern.<\/p>\n\n\n\n<h3 class=\"wp-block-heading\" style=\"margin-bottom:var(--wp--preset--spacing--h-3-bottom)\">LAUFB\u00dcHNEN &#8211; 1650 x 600 MM<\/h3>\n\n\n\n<p><strong><em>Komfort trifft auf Leistung<\/em><\/strong><\/p>\n\n\n\n<p>Die 1650 x 600 mm gro\u00dfe Lauffl\u00e4che bietet reichlich Platz f\u00fcr bequeme Schritte. Ob f\u00fcr einen gem\u00fctlichen Spaziergang oder einen z\u00fcgigen Lauf, dieses Laufband eignet sich f\u00fcr Benutzer verschiedener K\u00f6rpergr\u00f6\u00dfen.<\/p>\n<\/div>\n\n\n\n<div class=\"wp-block-column is-vertically-aligned-center is-layout-flow wp-block-column-is-layout-flow\">\n<figure class=\"wp-block-video\"><video autoplay=\"\" controls=\"\" loop=\"\" muted=\"\" src=\"https:\/\/evolve-fitness.eu\/wp-content\/uploads\/2023\/08\/Dizainas-be-pavadinimo.mp4\"><\/video><\/figure>\n<\/div>\n<\/div>\n\n\n\n<div class=\"wp-block-columns alignwide is-layout-flex wp-container-core-columns-is-layout-c45ee707 wp-block-columns-is-layout-flex\" style=\"margin-bottom:var(--wp--preset--spacing--side-padding);padding-top:var(--wp--preset--spacing--side-padding)\">\n<div class=\"wp-block-column is-vertically-aligned-center is-layout-flow wp-block-column-is-layout-flow\">\n<figure class=\"wp-block-video\"><video autoplay=\"\" controls=\"\" loop=\"\" muted=\"\" src=\"https:\/\/evolve-fitness.eu\/wp-content\/uploads\/2023\/08\/Dizainas-be-pavadinimo1.mp4\"><\/video><\/figure>\n<\/div>\n\n\n\n<div class=\"wp-block-column is-vertically-aligned-center is-layout-flow wp-block-column-is-layout-flow\">\n<h3 class=\"wp-block-heading\" style=\"margin-bottom:var(--wp--preset--spacing--h-3-bottom)\">0-18% ELEKTRONISCHE STEIGUNG<\/h3>\n\n\n\n<p><strong><em>Herausforderung trifft auf Vielseitigkeit<\/em><\/strong><\/p>\n\n\n\n<p style=\"margin-bottom:var(--wp--preset--spacing--tb-section-padding)\">Mit der elektronischen Steigung von 0-18 % k\u00f6nnen Sie die Intensit\u00e4t Ihres Trainings individuell anpassen. Egal, ob es sich um eine leichte Steigung oder einen steilen Anstieg handelt, diese Funktion sorgt f\u00fcr Abwechslung bei Ihren Trainingseinheiten.<\/p>\n\n\n\n<h3 class=\"wp-block-heading\" style=\"margin-bottom:var(--wp--preset--spacing--h-3-bottom)\">H\u00d6CHSTGESCHWINDIGKEIT &#8211; 25 KM\/H<\/h3>\n\n\n\n<p><strong><em>Grenzen verschieben, <strong>Ziele erreichen<\/strong><\/em><\/strong><\/p>\n\n\n\n<p>Fordern Sie sich selbst mit Geschwindigkeiten von bis zu 25 km\/h heraus. Erf\u00fcllen Sie verschiedene Fitnessziele, vom gleichm\u00e4\u00dfigen Joggen bis hin zu hochintensiven Sprints, alles auf einem Laufband.<\/p>\n<\/div>\n<\/div>\n\n\n\n<div class=\"wp-block-columns alignwide are-vertically-aligned-center mobile-reverse is-layout-flex wp-container-core-columns-is-layout-e8158c2f wp-block-columns-is-layout-flex\" style=\"padding-top:var(--wp--preset--spacing--side-padding)\">\n<div class=\"wp-block-column is-vertically-aligned-center is-layout-flow wp-block-column-is-layout-flow\">\n<h3 class=\"wp-block-heading\" style=\"margin-bottom:var(--wp--preset--spacing--h-3-bottom)\"><strong>Hohe Leistung<\/strong><\/h3>\n\n\n\n<p><strong><em><strong>Verst\u00e4rken Sie Ihr Workout<\/strong><\/em><\/strong><\/p>\n\n\n\n<p style=\"margin-bottom:var(--wp--preset--spacing--tb-section-padding)\">Erleben Sie die beeindruckende Leistung des Evolve CT 500, der mit seinem 5-PS-Dauerbetrieb-AC-Motor eine maximale Leistung von 8 PS bietet. Bringen Sie Ihre Fitnessreise auf die n\u00e4chste Stufe.<\/p>\n\n\n\n<h3 class=\"wp-block-heading\" style=\"margin-bottom:var(--wp--preset--spacing--h-3-bottom)\">HERZFREQUENZSENSOREN<\/h3>\n\n\n\n<p><strong><em><strong>\u00dcberwachen Sie Ihren Fortschritt<\/strong><\/em><\/strong><\/p>\n\n\n\n<p>Mit den integrierten Herzfrequenzsensoren behalten Sie Ihren K\u00f6rper im Blick. Diese Funktion erh\u00f6ht die Sicherheit w\u00e4hrend des Trainings und hilft Ihnen, Ihr Training f\u00fcr bessere Ergebnisse zu optimieren.<\/p>\n<\/div>\n\n\n\n<div class=\"wp-block-column is-vertically-aligned-center is-layout-flow wp-block-column-is-layout-flow\">\n<figure class=\"wp-block-image alignright size-large is-style-default\"><img decoding=\"async\" src=\"https:\/\/evolve-fitness.eu\/wp-content\/uploads\/2023\/08\/image00001-0-1024x488.jpg\" alt=\"\" class=\"wp-image-1032\"\/><\/figure>\n<\/div>\n<\/div>\n<\/section>\n\n<section class=\"wp-block-group alignfull black-content has-white-color has-darkgray-background-color has-text-color has-background is-layout-constrained wp-block-group-is-layout-constrained\" style=\"padding-top:var(--wp--preset--spacing--section-bottom);padding-bottom:var(--wp--preset--spacing--section-bottom)\">\n<div class=\"wp-block-columns alignwide is-layout-flex wp-container-core-columns-is-layout-ca64bf2d wp-block-columns-is-layout-flex\" style=\"margin-bottom:var(--wp--preset--spacing--side-padding)\">\n<div class=\"wp-block-column is-vertically-aligned-center is-layout-flow wp-block-column-is-layout-flow\">\n<figure class=\"wp-block-video\"><video autoplay=\"\" controls=\"\" loop=\"\" muted=\"\" src=\"https:\/\/evolve-fitness.eu\/wp-content\/uploads\/2023\/08\/Dizainas-be-pavadinimo2.mp4\"><\/video><\/figure>\n<\/div>\n\n\n\n<div class=\"wp-block-column is-vertically-aligned-center is-layout-flow wp-block-column-is-layout-flow\">\n<h3 class=\"wp-block-heading\" style=\"margin-bottom:var(--wp--preset--spacing--h-3-bottom)\"><strong>Interaktive LCD-Konsole<\/strong><\/h3>\n\n\n\n<p><strong><em><strong>Fesselnde Erfahrung<\/strong><\/em><\/strong><\/p>\n\n\n\n<p style=\"margin-bottom:var(--wp--preset--spacing--tb-section-padding)\">Mit der interaktiven LCD-Konsole k\u00f6nnen Sie Ihre Fitnessdaten abrufen. Greifen Sie auf die wichtigsten Trainingsdaten zu und nutzen Sie 15 Trainingsprogramme, die f\u00fcr Ihre pers\u00f6nliche Fitness entwickelt wurden.<\/p>\n\n\n\n<h3 class=\"wp-block-heading\" style=\"margin-bottom:var(--wp--preset--spacing--h-3-bottom)\"><strong><strong>Vielf\u00e4ltige Workout-Programme<\/strong><\/strong><\/h3>\n\n\n\n<p><strong><em><strong>Ma\u00dfgeschneiderte Fitness<\/strong><\/em><\/strong><\/p>\n\n\n\n<p>W\u00e4hlen Sie aus 15 Trainingsprogrammen, die auf Ihre Fitnessziele und Vorlieben zugeschnitten sind. Diese vielseitigen Routinen erhalten Ihre Motivation und sorgen f\u00fcr ein effektives Workout.<\/p>\n<\/div>\n<\/div>\n\n\n\n<div class=\"wp-block-columns alignwide mobile-reverse is-layout-flex wp-container-core-columns-is-layout-c45ee707 wp-block-columns-is-layout-flex\" style=\"margin-bottom:var(--wp--preset--spacing--side-padding);padding-top:var(--wp--preset--spacing--side-padding)\">\n<div class=\"wp-block-column is-vertically-aligned-center is-layout-flow wp-block-column-is-layout-flow\">\n<h3 class=\"wp-block-heading\" style=\"margin-bottom:var(--wp--preset--spacing--h-3-bottom)\"><strong>Fortschrittliches<\/strong> CUSHIONING SYSTEM<\/h3>\n\n\n\n<p><strong><em><strong>Sch\u00fctzen Sie Ihre Gelenke<\/strong><\/em><\/strong><\/p>\n\n\n\n<p style=\"margin-bottom:var(--wp--preset--spacing--tb-section-padding)\">Das Luftfedersystem des Laufbands ist f\u00fcr die Gesundheit der Gelenke besonders wichtig. Erleben Sie eine hervorragende Sto\u00dfd\u00e4mpfung, die Ihre Gelenke bei jedem Schritt entlastet.<\/p>\n\n\n\n<h3 class=\"wp-block-heading\" style=\"margin-bottom:var(--wp--preset--spacing--h-3-bottom)\">SICHERHEITSZONE<\/h3>\n\n\n\n<p><strong><em><strong>Vertrauen in jede Bewegung<\/strong><\/em><\/strong><\/p>\n\n\n\n<p>F\u00fchlen Sie sich sicher mit den Sicherheitsmerkmalen des Laufbands, einschlie\u00dflich der Seitenschienen und dem rutschfesten Deckmuster. Diese Komponenten sorgen f\u00fcr Stabilit\u00e4t und Vertrauen, w\u00e4hrend Sie auf Ihre Fitnessziele hinarbeiten.<\/p>\n<\/div>\n\n\n\n<div class=\"wp-block-column is-vertically-aligned-center is-layout-flow wp-block-column-is-layout-flow\">\n<figure class=\"wp-block-video\"><video autoplay=\"\" controls=\"\" loop=\"\" muted=\"\" src=\"https:\/\/evolve-fitness.eu\/wp-content\/uploads\/2023\/08\/Dizainas-be-pavadinimo-1.mp4\"><\/video><\/figure>\n<\/div>\n<\/div>\n\n\n\n<div class=\"wp-block-columns alignwide are-vertically-aligned-center is-layout-flex wp-container-core-columns-is-layout-e8158c2f wp-block-columns-is-layout-flex\" style=\"padding-top:var(--wp--preset--spacing--side-padding)\">\n<div class=\"wp-block-column is-vertically-aligned-center is-layout-flow wp-block-column-is-layout-flow\">\n<figure class=\"wp-block-image alignright size-large is-style-default\"><img decoding=\"async\" src=\"https:\/\/evolve-fitness.eu\/wp-content\/uploads\/2023\/08\/image00010-1024x768.jpg\" alt=\"\" class=\"wp-image-1035\"\/><\/figure>\n<\/div>\n\n\n\n<div class=\"wp-block-column is-vertically-aligned-center is-layout-flow wp-block-column-is-layout-flow\">\n<h3 class=\"wp-block-heading\" style=\"margin-bottom:var(--wp--preset--spacing--h-3-bottom)\"><strong>Hydratation und Bequemlichkeit<\/strong><\/h3>\n\n\n\n<p><strong><em><strong>Erfrischt und vorbereitet bleiben<\/strong><\/em><\/strong><\/p>\n\n\n\n<p style=\"margin-bottom:var(--wp--preset--spacing--tb-section-padding)\">Mit den praktischen Wasserflaschenhaltern bleiben Sie w\u00e4hrend des Trainings stets hydriert, und mit den Zubeh\u00f6rhaltern haben Sie wichtige Gegenst\u00e4nde immer in Reichweite.<\/p>\n<\/div>\n<\/div>\n<\/section>\n","protected":false},"excerpt":{"rendered":"<p>Mit dem Evolve CT 500 LCD Commercial Treadmill, einem robusten Zusatzger\u00e4t, das Ihre Kardio-Routine ver\u00e4ndert, werten Sie Ihren Fitnessbereich auf. Dieses auf Langlebigkeit ausgelegte Laufband kann bis zu 200 kg tragen und ist f\u00fcr verschiedene Benutzer geeignet. Erleben Sie ein dynamisches Training mit einstellbaren Steigungen und Geschwindigkeiten bis zu 25 km\/h. Die interaktive LCD-Konsole zeigt Daten an und bietet 15 verschiedene Trainingsprogramme f\u00fcr ma\u00dfgeschneiderte Fitness. Moderne D\u00e4mpfungs- und Sicherheitsfunktionen sorgen f\u00fcr ein komfortables Training, und virtuelle Routen machen das Training noch spannender. Geben Sie Ihren Mitgliedern ein erstklassiges Kardioger\u00e4t an die Hand, das Leistung, Innovation und Engagement vereint.<\/p>\n","protected":false},"featured_media":8046,"template":"","meta":{"_acf_changed":false,"inline_featured_image":false},"product_cat":[118,140,141,142],"product_tag":[],"class_list":{"0":"post-8013","1":"product","2":"type-product","3":"status-publish","4":"has-post-thumbnail","6":"product_cat-hauptseite","7":"product_cat-kardiogerate","8":"product_cat-kommerzielle-kardiogerate","9":"product_cat-econ-serie-cardio","11":"first","12":"instock","13":"shipping-taxable","14":"purchasable","15":"product-type-simple"},"acf":[],"_links":{"self":[{"href":"https:\/\/store.evolve-fitness.eu\/de\/wp-json\/wp\/v2\/product\/8013","targetHints":{"allow":["GET"]}}],"collection":[{"href":"https:\/\/store.evolve-fitness.eu\/de\/wp-json\/wp\/v2\/product"}],"about":[{"href":"https:\/\/store.evolve-fitness.eu\/de\/wp-json\/wp\/v2\/types\/product"}],"wp:featuredmedia":[{"embeddable":true,"href":"https:\/\/store.evolve-fitness.eu\/de\/wp-json\/wp\/v2\/media\/8046"}],"wp:attachment":[{"href":"https:\/\/store.evolve-fitness.eu\/de\/wp-json\/wp\/v2\/media?parent=8013"}],"wp:term":[{"taxonomy":"product_cat","embeddable":true,"href":"https:\/\/store.evolve-fitness.eu\/de\/wp-json\/wp\/v2\/product_cat?post=8013"},{"taxonomy":"product_tag","embeddable":true,"href":"https:\/\/store.evolve-fitness.eu\/de\/wp-json\/wp\/v2\/product_tag?post=8013"}],"curies":[{"name":"wp","href":"https:\/\/api.w.org\/{rel}","templated":true}]}}