{"id":7934,"date":"2023-09-26T13:15:06","date_gmt":"2023-09-26T13:15:06","guid":{"rendered":"https:\/\/store.evolve-fitness.eu\/produktas\/evolve-prime-series-laufband-mit-215%e2%80%b2-full-hd-konsole\/"},"modified":"2026-04-14T12:00:34","modified_gmt":"2026-04-14T12:00:34","slug":"evolve-prime-series-laufband-mit-215%e2%80%b2-full-hd-konsole","status":"publish","type":"product","link":"https:\/\/store.evolve-fitness.eu\/de\/produkt\/evolve-prime-series-laufband-mit-215%e2%80%b2-full-hd-konsole\/","title":{"rendered":"Evolve Prime Series Laufband mit 21,5\u2032 Full HD-Konsole"},"content":{"rendered":"\n<section class=\"wp-block-group alignfull black-content has-white-color has-darkgray-background-color has-text-color has-background is-layout-constrained wp-block-group-is-layout-constrained\" style=\"padding-top:var(--wp--preset--spacing--section-bottom);padding-bottom:var(--wp--preset--spacing--section-bottom)\">\n<div class=\"wp-block-columns alignwide mobile-reverse is-layout-flex wp-container-core-columns-is-layout-ca64bf2d wp-block-columns-is-layout-flex\" style=\"margin-bottom:var(--wp--preset--spacing--side-padding)\">\n<div class=\"wp-block-column is-vertically-aligned-center is-layout-flow wp-block-column-is-layout-flow\">\n<h3 class=\"wp-block-heading\" style=\"margin-bottom:var(--wp--preset--spacing--h-3-bottom)\"><strong><strong>Innovieren Sie Ihr Cardio-Erlebnis<\/strong><\/strong><\/h3>\n\n\n\n<p><strong><em><strong>Verbessern Sie Ihr Fitnessstudio mit dem kommerziellen Laufband Evolve CT 215 F<\/strong><\/em><\/strong><\/p>\n\n\n\n<p style=\"margin-bottom:var(--wp--preset--spacing--tb-section-padding)\">Entdecken Sie die Evolution der Fitness mit dem kommerziellen Laufband Evolve CT 215 F. Dieses Kraftpaket bietet ein umfassendes Kardioerlebnis und definiert das Training f\u00fcr Fitnessstudiobesitzer und -begeisterte gleicherma\u00dfen neu. Entdecken Sie die herausragenden Funktionen und Vorteile, die f\u00fcr maximale Leistung und Engagement sorgen.<br\/><\/p>\n<\/div>\n\n\n\n<div class=\"wp-block-column is-vertically-aligned-center is-layout-flow wp-block-column-is-layout-flow\">\n<figure class=\"wp-block-image size-large is-style-default\"><img loading=\"lazy\" decoding=\"async\" width=\"1024\" height=\"682\" src=\"https:\/\/store.evolve-fitness.eu\/wp-content\/uploads\/2024\/06\/EV-CT-215X-26-1024x682.jpg\" alt=\"\" class=\"wp-image-77858\" srcset=\"https:\/\/store.evolve-fitness.eu\/wp-content\/uploads\/2024\/06\/EV-CT-215X-26-1024x682.jpg 1024w, https:\/\/store.evolve-fitness.eu\/wp-content\/uploads\/2024\/06\/EV-CT-215X-26-300x200.jpg 300w, https:\/\/store.evolve-fitness.eu\/wp-content\/uploads\/2024\/06\/EV-CT-215X-26-768x512.jpg 768w, https:\/\/store.evolve-fitness.eu\/wp-content\/uploads\/2024\/06\/EV-CT-215X-26-600x400.jpg 600w, https:\/\/store.evolve-fitness.eu\/wp-content\/uploads\/2024\/06\/EV-CT-215X-26.jpg 1280w\" sizes=\"auto, (max-width: 1024px) 100vw, 1024px\" \/><\/figure>\n<\/div>\n<\/div>\n\n\n\n<div class=\"wp-block-columns alignwide mobile-reverse is-layout-flex wp-container-core-columns-is-layout-ca64bf2d wp-block-columns-is-layout-flex\" style=\"margin-bottom:var(--wp--preset--spacing--side-padding)\">\n<div class=\"wp-block-column is-vertically-aligned-center is-layout-flow wp-block-column-is-layout-flow\">\n<figure class=\"wp-block-image size-full\"><img decoding=\"async\" src=\"https:\/\/evolve.adoras.lt\/wp-content\/uploads\/2023\/08\/EV-CT-215X-1.png\" alt=\"\" class=\"wp-image-1139\"\/><\/figure>\n<\/div>\n\n\n\n<div class=\"wp-block-column is-vertically-aligned-center is-layout-flow wp-block-column-is-layout-flow\">\n<h3 class=\"wp-block-heading\" style=\"margin-bottom:var(--wp--preset--spacing--h-3-bottom)\"><strong>Sanfte Kraft und solide Unterst\u00fctzung<\/strong><\/h3>\n\n\n\n<p><strong><em><strong><strong>Innovativer X-Style Rahmen und Aluminiumschienen<\/strong><\/strong><\/em><\/strong><\/p>\n\n\n\n<p>Erleben Sie optimale Leistung mit dem leistungsstarken Wechselstrommotor des Laufbandes, der eine Spitzenleistung von 7 PS und eine Dauerleistung von 3 PS bietet. Der einzigartige X-f\u00f6rmige Rahmen des Laufbandes, der mit Blick auf Innovation gefertigt wurde, bietet sowohl strukturelle Stabilit\u00e4t als auch \u00e4sthetische Attraktivit\u00e4t f\u00fcr Ihr Fitnessstudio. Erg\u00e4nzt wird dieses Design durch die Aluminiumschienen, die einen Hauch von Modernit\u00e4t verleihen und gleichzeitig f\u00fcr dauerhafte Zuverl\u00e4ssigkeit sorgen. Diese Rahmen- und Schienenkombination, bei der sowohl Form als auch Funktion im Vordergrund stehen, bietet ein \u00fcberragendes Trainingserlebnis, das Innovation und Exzellenz widerspiegelt.<\/p>\n<\/div>\n<\/div>\n\n\n\n<div class=\"wp-block-columns alignwide is-layout-flex wp-container-core-columns-is-layout-c45ee707 wp-block-columns-is-layout-flex\" style=\"margin-bottom:var(--wp--preset--spacing--side-padding);padding-top:var(--wp--preset--spacing--side-padding)\">\n<div class=\"wp-block-column is-vertically-aligned-center is-layout-flow wp-block-column-is-layout-flow\">\n<h3 class=\"wp-block-heading\" style=\"margin-bottom:var(--wp--preset--spacing--h-3-bottom)\"><strong>21,5&#8243; Full HD-Touchscreen<\/strong><\/h3>\n\n\n\n<p><strong><em><strong>Unendliche Unterhaltung, aufschlussreiche Metriken<\/strong><\/em><\/strong><\/p>\n\n\n\n<p style=\"margin-bottom:var(--wp--preset--spacing--tb-section-padding)\">Fesseln Sie Ihre Benutzer mit der beeindruckenden 21,5-Zoll-FULL-HD-Konsole, die ein Zentrum f\u00fcr Unterhaltung und Einblicke ist. Entdecken Sie die Unterhaltungsm\u00f6glichkeiten \u00fcber WiFi, Bluetooth und Videos in Full HD 2K-Aufl\u00f6sung. \u00dcberwachen Sie wichtige Messwerte wie Zeit, Entfernung, Kalorien, Geschwindigkeit, Herzfrequenz und Steigung, um den Benutzer zu motivieren und ihm Wissen zu vermitteln.<\/p>\n<\/div>\n\n\n\n<div class=\"wp-block-column is-vertically-aligned-center is-layout-flow wp-block-column-is-layout-flow\">\n<figure class=\"wp-block-video\"><video autoplay=\"\" controls=\"\" loop=\"\" muted=\"\" src=\"https:\/\/evolve.adoras.lt\/wp-content\/uploads\/2023\/08\/EV-CT-215F-11.mp4\"><\/video><\/figure>\n<\/div>\n<\/div>\n\n\n\n<div class=\"wp-block-columns alignwide is-layout-flex wp-container-core-columns-is-layout-c45ee707 wp-block-columns-is-layout-flex\" style=\"margin-bottom:var(--wp--preset--spacing--side-padding);padding-top:var(--wp--preset--spacing--side-padding)\">\n<div class=\"wp-block-column is-vertically-aligned-center is-layout-flow wp-block-column-is-layout-flow\">\n<figure class=\"wp-block-image alignright size-full is-resized is-style-rounded\"><img decoding=\"async\" src=\"https:\/\/evolve.adoras.lt\/wp-content\/uploads\/2023\/08\/5576a1_adc0ea7c3a404329b0c0a8527ed81f49mv2.jpg\" alt=\"\" class=\"wp-image-1115\" style=\"width:740px;height:494px\"\/><\/figure>\n<\/div>\n\n\n\n<div class=\"wp-block-column is-vertically-aligned-center is-layout-flow wp-block-column-is-layout-flow\">\n<h3 class=\"wp-block-heading\" style=\"margin-bottom:var(--wp--preset--spacing--h-3-bottom)\"><strong><strong>Vereinfachtes Anzeigenmanagement<\/strong><\/strong><\/h3>\n\n\n\n<p><strong><em><strong><strong>Optimieren Sie das Engagement durch Bildschirmwerbung<\/strong><\/strong><\/em><\/strong><\/p>\n\n\n\n<p>Nutzen Sie die M\u00f6glichkeiten der Bildschirmwerbung, um die Wirkung der Angebote und Promotionen Ihres Fitnessstudios zu maximieren. Stellen Sie Ihre Dienstleistungen und exklusiven Angebote nahtlos ins Rampenlicht, um das Engagement und den Bekanntheitsgrad Ihrer Marke zu steigern.<\/p>\n<\/div>\n<\/div>\n\n\n\n<div class=\"wp-block-columns alignwide are-vertically-aligned-center mobile-reverse is-layout-flex wp-container-core-columns-is-layout-e8158c2f wp-block-columns-is-layout-flex\" style=\"padding-top:var(--wp--preset--spacing--side-padding)\">\n<div class=\"wp-block-column is-vertically-aligned-center is-layout-flow wp-block-column-is-layout-flow\">\n<h3 class=\"wp-block-heading\" style=\"margin-bottom:var(--wp--preset--spacing--h-3-bottom)\"><strong>Sicherheit und Komfort bei jedem Schritt<\/strong><\/h3>\n\n\n\n<p><strong><em><strong>Laufdeck, G\u00fcrtel und humanisiertes Design<\/strong><\/em><\/strong><\/p>\n\n\n\n<p style=\"margin-bottom:var(--wp--preset--spacing--tb-section-padding)\">Die Sicherheit und der Komfort des Benutzers werden durch fortschrittliche Funktionen in den Vordergrund gestellt. Die rutschfeste Struktur und das ergonomische Design des Laufbandes f\u00f6rdern eine korrekte K\u00f6rperhaltung und verringern die Belastung. Profitieren Sie von einem speziellen Laufriemen, der Verformungen verhindert und einen geringen Energieverbrauch hat, was sowohl die Langlebigkeit als auch die Leistung erh\u00f6ht.<\/p>\n<\/div>\n\n\n\n<div class=\"wp-block-column is-vertically-aligned-center is-layout-flow wp-block-column-is-layout-flow\">\n<figure class=\"wp-block-image size-large\"><img decoding=\"async\" src=\"https:\/\/evolve.adoras.lt\/wp-content\/uploads\/2023\/08\/Ploteriuojami-tekstai-1024x902.png\" alt=\"\" class=\"wp-image-1142\"\/><\/figure>\n<\/div>\n<\/div>\n\n\n\n<div class=\"wp-block-columns alignwide are-vertically-aligned-center mobile-reverse is-layout-flex wp-container-core-columns-is-layout-e8158c2f wp-block-columns-is-layout-flex\" style=\"padding-top:var(--wp--preset--spacing--side-padding)\">\n<div class=\"wp-block-column is-vertically-aligned-center is-layout-flow wp-block-column-is-layout-flow\">\n<figure class=\"wp-block-video\"><video autoplay=\"\" controls=\"\" loop=\"\" muted=\"\" src=\"https:\/\/evolve.adoras.lt\/wp-content\/uploads\/2023\/08\/Pink-Aesthetic-Whitening-Serum-Benefits-Instagram-Post.mp4\"><\/video><\/figure>\n<\/div>\n\n\n\n<div class=\"wp-block-column is-vertically-aligned-center is-layout-flow wp-block-column-is-layout-flow\">\n<h3 class=\"wp-block-heading\" style=\"margin-bottom:var(--wp--preset--spacing--h-3-bottom)\"><strong>Steigung, Geschwindigkeit und <strong>benutzerorientiertes Design<\/strong><\/strong><\/h3>\n\n\n\n<p><strong><em><strong><strong>Anpassungsf\u00e4higkeit und Leistungsanpassung<\/strong><\/strong><\/em><\/strong><\/p>\n\n\n\n<p>Durch die einstellbaren Steigungsstufen von bis zu 15 % k\u00f6nnen Sie das Training auf Ihre individuellen Fitnessziele abstimmen. Mit einer H\u00f6chstgeschwindigkeit von 20 km\/h eignet er sich f\u00fcr verschiedene Fitnessprogramme. Der robuste Rahmen ist f\u00fcr ein Benutzergewicht von bis zu 180 kg geeignet und macht das Laufband zu einer vielseitigen Wahl f\u00fcr eine vielf\u00e4ltige Fitnessgemeinschaft.<\/p>\n<\/div>\n<\/div>\n\n\n\n<figure class=\"wp-block-video\"><video height=\"1000\" style=\"aspect-ratio: 1000 \/ 1000;\" width=\"1000\" autoplay=\"\" controls=\"\" loop=\"\" muted=\"\" src=\"https:\/\/evolve-fitness.eu\/wp-content\/uploads\/2023\/11\/Ultra-site-apps.mp4\"><\/video><\/figure>\n<\/section>\n\n<section class=\"wp-block-group alignfull black-content has-white-color has-darkgray-background-color has-text-color has-background is-layout-constrained wp-block-group-is-layout-constrained\" style=\"padding-top:var(--wp--preset--spacing--section-bottom);padding-bottom:var(--wp--preset--spacing--section-bottom)\">\n<div class=\"wp-block-columns alignwide mobile-reverse is-layout-flex wp-container-core-columns-is-layout-ca64bf2d wp-block-columns-is-layout-flex\" style=\"margin-bottom:var(--wp--preset--spacing--side-padding)\">\n<div class=\"wp-block-column is-vertically-aligned-center is-layout-flow wp-block-column-is-layout-flow\">\n<h3 class=\"wp-block-heading\" style=\"margin-bottom:var(--wp--preset--spacing--h-3-bottom)\"><strong><strong>Engagieren, bef\u00e4higen und voranbringen<\/strong><\/strong><\/h3>\n\n\n\n<p><strong><em><strong><strong>Multi-Feedback-Touch-Taste und Sicherheitsverbesserung<\/strong><\/strong><\/em><\/strong><\/p>\n\n\n\n<p style=\"margin-bottom:var(--wp--preset--spacing--tb-section-padding)\">Erh\u00f6hen Sie die Benutzerinteraktion mit der Multi-Feedback-Touch-Taste, die durch Vibrationen und akustisches Feedback f\u00fcr eine pr\u00e4zise Bedienung sorgt. Die Auto-Stopp-Funktion sorgt daf\u00fcr, dass das Laufband anh\u00e4lt, wenn keine Schritte mehr gemacht werden, und erh\u00f6ht so die Sicherheit des Benutzers.<\/p>\n<\/div>\n\n\n\n<div class=\"wp-block-column is-vertically-aligned-center is-layout-flow wp-block-column-is-layout-flow\">\n<figure class=\"wp-block-image size-large is-style-default\"><img loading=\"lazy\" decoding=\"async\" width=\"1024\" height=\"683\" src=\"https:\/\/store.evolve-fitness.eu\/wp-content\/uploads\/2024\/06\/EV-CT-215X-Evolve-Prime-Series-Treadmill-with-full-HD-Console-2-1024x683.jpg\" alt=\"\" class=\"wp-image-77883\" srcset=\"https:\/\/store.evolve-fitness.eu\/wp-content\/uploads\/2024\/06\/EV-CT-215X-Evolve-Prime-Series-Treadmill-with-full-HD-Console-2-1024x683.jpg 1024w, https:\/\/store.evolve-fitness.eu\/wp-content\/uploads\/2024\/06\/EV-CT-215X-Evolve-Prime-Series-Treadmill-with-full-HD-Console-2-300x200.jpg 300w, https:\/\/store.evolve-fitness.eu\/wp-content\/uploads\/2024\/06\/EV-CT-215X-Evolve-Prime-Series-Treadmill-with-full-HD-Console-2-768x512.jpg 768w, https:\/\/store.evolve-fitness.eu\/wp-content\/uploads\/2024\/06\/EV-CT-215X-Evolve-Prime-Series-Treadmill-with-full-HD-Console-2-1536x1024.jpg 1536w, https:\/\/store.evolve-fitness.eu\/wp-content\/uploads\/2024\/06\/EV-CT-215X-Evolve-Prime-Series-Treadmill-with-full-HD-Console-2-600x400.jpg 600w, https:\/\/store.evolve-fitness.eu\/wp-content\/uploads\/2024\/06\/EV-CT-215X-Evolve-Prime-Series-Treadmill-with-full-HD-Console-2.jpg 1980w\" sizes=\"auto, (max-width: 1024px) 100vw, 1024px\" \/><\/figure>\n<\/div>\n<\/div>\n\n\n\n<div class=\"wp-block-columns alignwide mobile-reverse is-layout-flex wp-container-core-columns-is-layout-ca64bf2d wp-block-columns-is-layout-flex\" style=\"margin-bottom:var(--wp--preset--spacing--side-padding)\">\n<div class=\"wp-block-column is-vertically-aligned-center is-layout-flow wp-block-column-is-layout-flow\">\n<figure class=\"wp-block-image alignright size-large is-resized is-style-default\"><img loading=\"lazy\" decoding=\"async\" width=\"683\" height=\"1024\" src=\"https:\/\/store.evolve-fitness.eu\/wp-content\/uploads\/2024\/06\/EV-CT-215X-Evolve-Prime-Series-Treadmill-with-full-HD-Console-3-1-683x1024.jpg\" alt=\"\" class=\"wp-image-77933\" style=\"width:907px;height:auto\" srcset=\"https:\/\/store.evolve-fitness.eu\/wp-content\/uploads\/2024\/06\/EV-CT-215X-Evolve-Prime-Series-Treadmill-with-full-HD-Console-3-1-683x1024.jpg 683w, https:\/\/store.evolve-fitness.eu\/wp-content\/uploads\/2024\/06\/EV-CT-215X-Evolve-Prime-Series-Treadmill-with-full-HD-Console-3-1-200x300.jpg 200w, https:\/\/store.evolve-fitness.eu\/wp-content\/uploads\/2024\/06\/EV-CT-215X-Evolve-Prime-Series-Treadmill-with-full-HD-Console-3-1-768x1152.jpg 768w, https:\/\/store.evolve-fitness.eu\/wp-content\/uploads\/2024\/06\/EV-CT-215X-Evolve-Prime-Series-Treadmill-with-full-HD-Console-3-1-1024x1536.jpg 1024w, https:\/\/store.evolve-fitness.eu\/wp-content\/uploads\/2024\/06\/EV-CT-215X-Evolve-Prime-Series-Treadmill-with-full-HD-Console-3-1-600x900.jpg 600w, https:\/\/store.evolve-fitness.eu\/wp-content\/uploads\/2024\/06\/EV-CT-215X-Evolve-Prime-Series-Treadmill-with-full-HD-Console-3-1.jpg 1320w\" sizes=\"auto, (max-width: 683px) 100vw, 683px\" \/><\/figure>\n<\/div>\n\n\n\n<div class=\"wp-block-column is-vertically-aligned-center is-layout-flow wp-block-column-is-layout-flow\">\n<h3 class=\"wp-block-heading\" style=\"margin-bottom:var(--wp--preset--spacing--h-3-bottom)\"><strong><strong><strong>Integration von Innovation und Unterhaltung<\/strong><\/strong><\/strong><\/h3>\n\n\n\n<p><strong><em><strong><strong>Bereichern Sie Ihr Training mit virtuellem Engagement<\/strong><\/strong><\/em><\/strong><\/p>\n\n\n\n<p>Das Evolve CT 215 X Laufband ist die Zukunft der Fitness-Innovation. Tauchen Sie ein in ein lebensechtes virtuelles Training, das globale Strecken f\u00fcr ein fesselndes Laufabenteuer nachahmt. Steigern Sie den Bekanntheitsgrad Ihres Fitnessstudios, indem Sie die Anzeigen auf dem Bildschirm personalisieren und so Ihre Dienstleistungen und exklusiven Angebote effektiv hervorheben.<\/p>\n<\/div>\n<\/div>\n\n\n\n<div class=\"wp-block-columns alignwide mobile-reverse is-layout-flex wp-container-core-columns-is-layout-ca64bf2d wp-block-columns-is-layout-flex\" style=\"margin-bottom:var(--wp--preset--spacing--side-padding)\">\n<div class=\"wp-block-column is-vertically-aligned-center is-layout-flow wp-block-column-is-layout-flow\">\n<h3 class=\"wp-block-heading\" style=\"margin-bottom:var(--wp--preset--spacing--h-3-bottom)\"><strong><strong><strong><strong>Drahtloses Aufladen von Mobiltelefonen<\/strong><\/strong><\/strong><\/strong><\/h3>\n\n\n\n<p><strong><em><strong><strong><strong>Unerreichter Komfort f\u00fcr moderne Workouts<\/strong><\/strong><\/strong><\/em><\/strong><\/p>\n\n\n\n<p>Mit der innovativen kabellosen Handy-Ladefunktion des Evolve CT 215 X Commercial Treadmill bleiben Sie w\u00e4hrend Ihres Fitnessprogramms in Verbindung und aufgeladen. W\u00e4hrend Sie auf dem Laufband an Ihre Grenzen gehen, k\u00f6nnen Sie Ihr mobiles Ger\u00e4t m\u00fchelos mit Strom versorgen. Diese innovative Erg\u00e4nzung sorgt daf\u00fcr, dass Ihr Training nicht unterbrochen wird und Sie sich mit Ihren Lieblingsapps, -musikst\u00fccken und -inhalten besch\u00e4ftigen k\u00f6nnen, w\u00e4hrend Ihr Ger\u00e4t einsatzbereit bleibt. Erleben Sie die Verschmelzung von Fitness und Technologie, indem Sie Ihr Handy kabellos aufladen und so den Komfort f\u00fcr den modernen Fitnessenthusiasten neu definieren.<\/p>\n<\/div>\n\n\n\n<div class=\"wp-block-column is-vertically-aligned-center is-layout-flow wp-block-column-is-layout-flow\">\n<figure class=\"wp-block-image alignright size-full is-style-default\"><img loading=\"lazy\" decoding=\"async\" width=\"1980\" height=\"1320\" src=\"https:\/\/store.evolve-fitness.eu\/wp-content\/uploads\/2024\/06\/EV-CT-215X-Evolve-Prime-Series-Treadmill-with-full-HD-Console-7.jpg\" alt=\"\" class=\"wp-image-77908\" srcset=\"https:\/\/store.evolve-fitness.eu\/wp-content\/uploads\/2024\/06\/EV-CT-215X-Evolve-Prime-Series-Treadmill-with-full-HD-Console-7.jpg 1980w, https:\/\/store.evolve-fitness.eu\/wp-content\/uploads\/2024\/06\/EV-CT-215X-Evolve-Prime-Series-Treadmill-with-full-HD-Console-7-300x200.jpg 300w, https:\/\/store.evolve-fitness.eu\/wp-content\/uploads\/2024\/06\/EV-CT-215X-Evolve-Prime-Series-Treadmill-with-full-HD-Console-7-1024x683.jpg 1024w, https:\/\/store.evolve-fitness.eu\/wp-content\/uploads\/2024\/06\/EV-CT-215X-Evolve-Prime-Series-Treadmill-with-full-HD-Console-7-768x512.jpg 768w, https:\/\/store.evolve-fitness.eu\/wp-content\/uploads\/2024\/06\/EV-CT-215X-Evolve-Prime-Series-Treadmill-with-full-HD-Console-7-1536x1024.jpg 1536w, https:\/\/store.evolve-fitness.eu\/wp-content\/uploads\/2024\/06\/EV-CT-215X-Evolve-Prime-Series-Treadmill-with-full-HD-Console-7-600x400.jpg 600w\" sizes=\"auto, (max-width: 1980px) 100vw, 1980px\" \/><\/figure>\n<\/div>\n<\/div>\n\n\n\n<div class=\"wp-block-columns alignwide is-layout-flex wp-container-core-columns-is-layout-c45ee707 wp-block-columns-is-layout-flex\" style=\"margin-bottom:var(--wp--preset--spacing--side-padding);padding-top:var(--wp--preset--spacing--side-padding)\">\n<div class=\"wp-block-column is-vertically-aligned-center is-layout-flow wp-block-column-is-layout-flow\">\n<figure class=\"wp-block-video\"><video autoplay=\"\" controls=\"\" loop=\"\" muted=\"\" src=\"https:\/\/evolve.adoras.lt\/wp-content\/uploads\/2023\/08\/215x-Kopa-Gym.mp4\"><\/video><\/figure>\n<\/div>\n\n\n\n<div class=\"wp-block-column is-vertically-aligned-center is-layout-flow wp-block-column-is-layout-flow\">\n<h3 class=\"wp-block-heading\" style=\"margin-bottom:var(--wp--preset--spacing--h-3-bottom)\"><strong><strong>Die Fitness-Reise unterst\u00fctzen<\/strong><\/strong><\/h3>\n\n\n\n<p><strong><em><strong><strong>Komplettes Fitnesspaket f\u00fcr Ihre Einrichtung<\/strong><\/strong><\/em><\/strong><\/p>\n\n\n\n<p style=\"margin-bottom:var(--wp--preset--spacing--tb-section-padding)\">Das Evolve CT 215 X Commercial Laufband ist Ihr ultimativer Cardio-Verb\u00fcndeter. Mit hochmodernen Innovationen, anpassbaren Funktionen und unersch\u00fctterlichem Engagement f\u00fcr die Sicherheit bietet es eine umfassende L\u00f6sung f\u00fcr Fitnessstudiobesitzer, die den Reiz und die Leistung ihres Fitnessstudios steigern m\u00f6chten.<\/p>\n<\/div>\n<\/div>\n<\/section>\n","protected":false},"excerpt":{"rendered":"<p>Erleben Sie mit dem Evolve CT 215 X Commercial Treadmill die Spitze der modernsten Fitnesstechnologie. Dieses Laufband wurde entwickelt, um das Kardiotraining neu zu definieren. Es verf\u00fcgt \u00fcber einen leistungsstarken AC-Motor, einen innovativen X-Style-Rahmen mit Aluminiumschienen und ein auf den Menschen abgestimmtes Design, das Komfort und Leistung optimiert. Die atemberaubende 21,5-Zoll-FULL-HD-Touchscreen-Konsole bietet Unterhaltung, aufschlussreiche Messdaten und eine nahtlose Verbindung zu virtuellen Trainingseinheiten. Heben Sie sich mit dem integrierten Bildschirmschoner hervor, der es Ihnen erm\u00f6glicht, Anzeigen zu gestalten, die das Angebot Ihres Fitnessstudios direkt bei den Nutzern bewerben. Und das ist noch nicht alles &#8211; dieses fortschrittliche Laufband verf\u00fcgt auch \u00fcber ein kabelloses Ladeger\u00e4t f\u00fcr Mobiltelefone, das die Trainingsroutine des Benutzers noch bequemer und effizienter macht. Steigern Sie die Attraktivit\u00e4t und Leistung Ihres Fitnessstudios mit dem Evolve CT 215 X, einem wahren Inbegriff von Innovation und Spitzenleistung in der Welt der Fitnessger\u00e4te.<\/p>\n","protected":false},"featured_media":7979,"template":"","meta":{"_acf_changed":false,"inline_featured_image":false},"product_cat":[118,140,141,197],"product_tag":[],"class_list":{"0":"post-7934","1":"product","2":"type-product","3":"status-publish","4":"has-post-thumbnail","6":"product_cat-hauptseite","7":"product_cat-kardiogerate","8":"product_cat-kommerzielle-kardiogerate","9":"product_cat-prime-series-cardio-de","11":"first","12":"instock","13":"shipping-taxable","14":"purchasable","15":"product-type-simple"},"acf":[],"_links":{"self":[{"href":"https:\/\/store.evolve-fitness.eu\/de\/wp-json\/wp\/v2\/product\/7934","targetHints":{"allow":["GET"]}}],"collection":[{"href":"https:\/\/store.evolve-fitness.eu\/de\/wp-json\/wp\/v2\/product"}],"about":[{"href":"https:\/\/store.evolve-fitness.eu\/de\/wp-json\/wp\/v2\/types\/product"}],"wp:featuredmedia":[{"embeddable":true,"href":"https:\/\/store.evolve-fitness.eu\/de\/wp-json\/wp\/v2\/media\/7979"}],"wp:attachment":[{"href":"https:\/\/store.evolve-fitness.eu\/de\/wp-json\/wp\/v2\/media?parent=7934"}],"wp:term":[{"taxonomy":"product_cat","embeddable":true,"href":"https:\/\/store.evolve-fitness.eu\/de\/wp-json\/wp\/v2\/product_cat?post=7934"},{"taxonomy":"product_tag","embeddable":true,"href":"https:\/\/store.evolve-fitness.eu\/de\/wp-json\/wp\/v2\/product_tag?post=7934"}],"curies":[{"name":"wp","href":"https:\/\/api.w.org\/{rel}","templated":true}]}}