{"id":7918,"date":"2023-09-26T11:15:05","date_gmt":"2023-09-26T11:15:05","guid":{"rendered":"https:\/\/store.evolve-fitness.eu\/produktas\/evolve-bodypump-riegel-2kg\/"},"modified":"2026-03-11T12:00:22","modified_gmt":"2026-03-11T12:00:22","slug":"evolve-bodypump-riegel-2kg","status":"publish","type":"product","link":"https:\/\/store.evolve-fitness.eu\/de\/produkt\/evolve-bodypump-riegel-2kg\/","title":{"rendered":"Evolve Schwarzer Holzstab"},"content":{"rendered":"\n<p> <mark style=\"background-color:rgba(0, 0, 0, 0);color:#ffffff\" class=\"has-inline-color\">ASD<\/mark><\/p>\n\n<p><\/p>\n","protected":false},"excerpt":{"rendered":"<p>Verbessern Sie Ihr Training mit dem Evolve Black Wooden Stick, dem Werkzeug zur Verbesserung von Kraft, Flexibilit\u00e4t und Balance. Dieser aus hochwertigem Holz gefertigte, langlebige Stock eignet sich perfekt f\u00fcr eine Vielzahl von \u00dcbungen, einschlie\u00dflich Kampfsporttraining, Yoga, Pilates und Physiotherapie. Inklusive schwarzem Premium-Holz f\u00fcr Haltbarkeit und \u00c4sthetik, glatte Oberfl\u00e4che f\u00fcr angenehmen Griff.  <\/p>\n<p>\n","protected":false},"featured_media":89807,"template":"","meta":{"_acf_changed":false,"inline_featured_image":false},"product_cat":[191],"product_tag":[],"class_list":{"0":"post-7918","1":"product","2":"type-product","3":"status-publish","4":"has-post-thumbnail","6":"product_cat-studio-de","8":"first","9":"instock","10":"shipping-taxable","11":"purchasable","12":"product-type-simple"},"acf":[],"_links":{"self":[{"href":"https:\/\/store.evolve-fitness.eu\/de\/wp-json\/wp\/v2\/product\/7918","targetHints":{"allow":["GET"]}}],"collection":[{"href":"https:\/\/store.evolve-fitness.eu\/de\/wp-json\/wp\/v2\/product"}],"about":[{"href":"https:\/\/store.evolve-fitness.eu\/de\/wp-json\/wp\/v2\/types\/product"}],"wp:featuredmedia":[{"embeddable":true,"href":"https:\/\/store.evolve-fitness.eu\/de\/wp-json\/wp\/v2\/media\/89807"}],"wp:attachment":[{"href":"https:\/\/store.evolve-fitness.eu\/de\/wp-json\/wp\/v2\/media?parent=7918"}],"wp:term":[{"taxonomy":"product_cat","embeddable":true,"href":"https:\/\/store.evolve-fitness.eu\/de\/wp-json\/wp\/v2\/product_cat?post=7918"},{"taxonomy":"product_tag","embeddable":true,"href":"https:\/\/store.evolve-fitness.eu\/de\/wp-json\/wp\/v2\/product_tag?post=7918"}],"curies":[{"name":"wp","href":"https:\/\/api.w.org\/{rel}","templated":true}]}}