{"id":7750,"date":"2023-09-21T10:56:57","date_gmt":"2023-09-21T10:56:57","guid":{"rendered":"https:\/\/store.evolve-fitness.eu\/produktas\/evolve-carbon-serie-powerbags-5-25-kg\/"},"modified":"2026-04-16T12:01:15","modified_gmt":"2026-04-16T12:01:15","slug":"evolve-carbon-serie-powerbags-5-25-kg","status":"publish","type":"product","link":"https:\/\/store.evolve-fitness.eu\/de\/produkt\/evolve-carbon-serie-powerbags-5-25-kg\/","title":{"rendered":"Evolve Carbon Serie Powerbags 5-25 kg"},"content":{"rendered":"\n<section class=\"wp-block-group alignfull has-lightgray-background-color has-background is-layout-constrained wp-block-group-is-layout-constrained\">\n<div class=\"wp-block-columns alignwide is-layout-flex wp-container-core-columns-is-layout-2edb0647 wp-block-columns-is-layout-flex\" style=\"margin-top:0;margin-bottom:0\">\n<div class=\"wp-block-column is-layout-flow wp-block-column-is-layout-flow\" style=\"flex-basis:33.33%\"><\/div>\n\n\n\n<div class=\"wp-block-column is-layout-flow wp-block-column-is-layout-flow\" style=\"flex-basis:66.66%\"><\/div>\n<\/div>\n<\/section>\n\n<div class=\"wp-block-columns alignfull mobile-reverse has-black-background-color has-background is-layout-flex wp-container-core-columns-is-layout-ca64bf2d wp-block-columns-is-layout-flex\" style=\"margin-bottom:var(--wp--preset--spacing--side-padding)\">\n<div class=\"wp-block-column is-vertically-aligned-center is-layout-flow wp-block-column-is-layout-flow\">\n<figure class=\"wp-block-video\"><video height=\"1080\" style=\"aspect-ratio: 1920 \/ 1080;\" width=\"1920\" controls=\"\" src=\"https:\/\/store.evolve-fitness.eu\/wp-content\/uploads\/2023\/09\/8.mp4\"><\/video><\/figure>\n<\/div>\n\n\n\n<div class=\"wp-block-column is-vertically-aligned-center is-layout-flow wp-block-column-is-layout-flow\">\n<h3 class=\"wp-block-heading has-white-color has-text-color\" style=\"margin-bottom:var(--wp--preset--spacing--h-3-bottom)\"><strong><strong><strong><strong><strong><strong><strong>CROSS &amp; FUNCTIONAL<\/strong><\/strong><\/strong><\/strong><\/strong><\/strong><\/strong><\/h3>\n\n\n\n<p>VIELSEITIG UND LANGLEBIG<\/p>\n\n\n\n<ul style=\"font-size:1.1rem;letter-spacing:0.02em\" class=\"wp-block-list has-white-color has-text-color\">\n<li><strong>Langlebige funktions\u00fcbergreifende Ausr\u00fcstung:<\/strong> Unsere sorgf\u00e4ltig konstruierten, funktions\u00fcbergreifenden Ger\u00e4te sind so gebaut, dass sie den Anforderungen t\u00e4glicher, intensiver Trainingseinheiten standhalten.<\/li>\n\n\n\n<li><strong>Der ideale Workout-Raum:<\/strong> Verbessern Sie Ihre Fitness, indem Sie unser vielf\u00e4ltiges Angebot an Zubeh\u00f6r in Ihren Trainingsraum integrieren und ihn zu einem Zentrum f\u00fcr aufregende Ganzk\u00f6rpertrainings machen.<\/li>\n\n\n\n<li><strong>Benutzerorientiertes Design:<\/strong> Erleben Sie den Unterschied mit Ger\u00e4ten, die sorgf\u00e4ltig mit Blick auf den Benutzer entworfen wurden, um sicherzustellen, dass Ihre Trainingseinheiten effektiv, komfortabel und sicher sind.<\/li>\n\n\n\n<li><strong>Ausstattungspakete:<\/strong> Entdecken Sie unsere umfassenden Ausstattungspakete, die Ihnen die Einrichtung Ihres eigenen Fitnessstudios erleichtern. Mit allem, was Sie f\u00fcr ein Cross-Training oder ein funktionelles Training ben\u00f6tigen, war es noch nie so einfach, Ihre Fitnessziele zu erreichen.<\/li>\n<\/ul>\n\n\n\n<p><\/p>\n\n\n\n<p class=\"has-white-color has-text-color\"><strong>Mit unseren robusten und benutzerfreundlichen, funktions\u00fcbergreifenden Ger\u00e4ten k\u00f6nnen Sie Ihren Trainingsbereich neu gestalten und ein neues Fitnessniveau erreichen.<\/strong><\/p>\n<\/div>\n<\/div>\n","protected":false},"excerpt":{"rendered":"<p>Verbessern Sie Ihr Trainingsprogramm mit den Evolve Carbon Series Powerbags, die in einer Gewichtsklasse von 5 bis 25 kg erh\u00e4ltlich sind. Diese Powerbags sind mehr als nur ein durchschnittliches Fitnessger\u00e4t; sie wurden entwickelt, um Stil und Funktionalit\u00e4t in Ihr Fitnessprogramm zu bringen. Die Powerbags verf\u00fcgen \u00fcber eine hochmoderne PVC-Carbon-Oberfl\u00e4che, die nicht nur leicht zu reinigen ist, sondern auch einen sicheren Halt bietet. Das elegante und moderne Design passt zu jeder Fitnessstudioumgebung. Das weiche Innenfutter d\u00e4mpft den Aufprall bei den \u00dcbungen und sorgt f\u00fcr Sicherheit und Formbest\u00e4ndigkeit. Diese Powerbags eignen sich f\u00fcr den intensiven, kommerziellen Einsatz und sind vielseitig einsetzbar. Sie eignen sich f\u00fcr Benutzer aller Fitnessniveaus f\u00fcr Cardio, Functional, Crossfit und mehr. Mit verst\u00e4rkten N\u00e4hten, rutschfesten Griffen und Bel\u00fcftungs\u00f6ffnungen sind diese Powerbags f\u00fcr eine lange Lebensdauer ausgelegt und damit die ideale Wahl sowohl f\u00fcr private Nutzer als auch f\u00fcr professionelle Fitnessstudios. Verbessern Sie Ihre Fitness mit den Evolve Carbon Series Powerbags und profitieren Sie von den Vorteilen eines hochwertigen, vielseitigen Trainingsger\u00e4ts.<\/p>\n","protected":false},"featured_media":94555,"template":"","meta":{"_acf_changed":false,"inline_featured_image":false},"product_cat":[2407,118,121,122],"product_tag":[],"class_list":{"0":"post-7750","1":"product","2":"type-product","3":"status-publish","4":"has-post-thumbnail","6":"product_cat-hyrox-getriebe","7":"product_cat-hauptseite","8":"product_cat-ubergreifend-funktional","9":"product_cat-funktionelle-ausstattung","11":"first","12":"instock","13":"shipping-taxable","14":"purchasable","15":"product-type-variable"},"acf":[],"_links":{"self":[{"href":"https:\/\/store.evolve-fitness.eu\/de\/wp-json\/wp\/v2\/product\/7750","targetHints":{"allow":["GET"]}}],"collection":[{"href":"https:\/\/store.evolve-fitness.eu\/de\/wp-json\/wp\/v2\/product"}],"about":[{"href":"https:\/\/store.evolve-fitness.eu\/de\/wp-json\/wp\/v2\/types\/product"}],"wp:featuredmedia":[{"embeddable":true,"href":"https:\/\/store.evolve-fitness.eu\/de\/wp-json\/wp\/v2\/media\/94555"}],"wp:attachment":[{"href":"https:\/\/store.evolve-fitness.eu\/de\/wp-json\/wp\/v2\/media?parent=7750"}],"wp:term":[{"taxonomy":"product_cat","embeddable":true,"href":"https:\/\/store.evolve-fitness.eu\/de\/wp-json\/wp\/v2\/product_cat?post=7750"},{"taxonomy":"product_tag","embeddable":true,"href":"https:\/\/store.evolve-fitness.eu\/de\/wp-json\/wp\/v2\/product_tag?post=7750"}],"curies":[{"name":"wp","href":"https:\/\/api.w.org\/{rel}","templated":true}]}}