{"id":7710,"date":"2023-09-25T07:41:07","date_gmt":"2023-09-25T07:41:07","guid":{"rendered":"https:\/\/store.evolve-fitness.eu\/produktas\/evolve-indoor-bodenfliesen-mit-schoener-oberflaeche-100-x-100-x-15-cm-5-cm\/"},"modified":"2025-11-07T10:44:47","modified_gmt":"2025-11-07T10:44:47","slug":"evolve-indoor-bodenfliesen-mit-schoener-oberflaeche-100-x-100-x-15-cm-5-cm","status":"publish","type":"product","link":"https:\/\/store.evolve-fitness.eu\/de\/produkt\/evolve-indoor-bodenfliesen-mit-schoener-oberflaeche-100-x-100-x-15-cm-5-cm\/","title":{"rendered":"Evolve Indoor Bodenfliesen mit sch\u00f6ner Oberfl\u00e4che 100 x 100 x 1,5 cm &#8211; 5 cm"},"content":{"rendered":"\n<section class=\"wp-block-group alignfull black-content has-white-color has-darkgray-background-color has-text-color has-background is-layout-constrained wp-block-group-is-layout-constrained\" style=\"padding-top:var(--wp--preset--spacing--section-bottom);padding-bottom:var(--wp--preset--spacing--section-bottom)\">\n<div class=\"wp-block-columns alignwide is-layout-flex wp-container-core-columns-is-layout-c45ee707 wp-block-columns-is-layout-flex\" style=\"margin-bottom:var(--wp--preset--spacing--side-padding);padding-top:var(--wp--preset--spacing--side-padding)\">\n<div class=\"wp-block-column is-vertically-aligned-center is-layout-flow wp-block-column-is-layout-flow\">\n<h3 class=\"wp-block-heading\"><strong>Fortschrittliche 20mm Top Layer Technologie<\/strong><\/h3>\n\n\n\n<p><strong><em><strong><em>Entwickelt f\u00fcr \u00fcberragende Haltbarkeit und Sicherheit<\/em><\/strong><\/em><\/strong><\/p>\n\n\n\n<p style=\"margin-bottom:var(--wp--preset--spacing--tb-section-padding)\">Die innovative 20-mm-Deckschicht der Evolve Indoor-Bodenfliesen hebt sich von anderen Bodenbel\u00e4gen ab und bietet eine un\u00fcbertroffene Widerstandsf\u00e4higkeit gegen Abnutzung durch schwere Ger\u00e4te und anstrengende \u00dcbungen. Diese fortschrittliche Schicht absorbiert St\u00f6\u00dfe, reduziert Ger\u00e4usche und verbessert die Griffigkeit und sorgt so f\u00fcr ein sichereres und komfortableres Trainingserlebnis. Ganz gleich, ob Sie Gewichte fallen lassen oder dynamische Bewegungen ausf\u00fchren, diese Fliesen halten das alles mit Leichtigkeit aus.  <br\/><br\/>Dank dieser Beschichtung erscheint die Gummioberfl\u00e4che v\u00f6llig glatt, so dass sie im Laufe der Zeit nicht br\u00f6ckelt und leichter zu reinigen und zu pflegen ist.<\/p>\n<\/div>\n\n\n\n<div class=\"wp-block-column is-vertically-aligned-center is-layout-flow wp-block-column-is-layout-flow\">\n<figure class=\"wp-block-image size-large\"><img loading=\"lazy\" decoding=\"async\" width=\"1024\" height=\"512\" src=\"https:\/\/store.evolve-fitness.eu\/wp-content\/uploads\/2023\/09\/2-6-1024x512.jpg\" alt=\"\" class=\"wp-image-127026\" srcset=\"https:\/\/store.evolve-fitness.eu\/wp-content\/uploads\/2023\/09\/2-6-1024x512.jpg 1024w, https:\/\/store.evolve-fitness.eu\/wp-content\/uploads\/2023\/09\/2-6-300x150.jpg 300w, https:\/\/store.evolve-fitness.eu\/wp-content\/uploads\/2023\/09\/2-6-768x384.jpg 768w, https:\/\/store.evolve-fitness.eu\/wp-content\/uploads\/2023\/09\/2-6-1536x768.jpg 1536w, https:\/\/store.evolve-fitness.eu\/wp-content\/uploads\/2023\/09\/2-6-2048x1024.jpg 2048w, https:\/\/store.evolve-fitness.eu\/wp-content\/uploads\/2023\/09\/2-6-600x300.jpg 600w\" sizes=\"auto, (max-width: 1024px) 100vw, 1024px\" \/><\/figure>\n<\/div>\n<\/div>\n\n\n\n<div class=\"wp-block-columns alignwide are-vertically-aligned-center mobile-reverse is-layout-flex wp-container-core-columns-is-layout-e8158c2f wp-block-columns-is-layout-flex\" style=\"padding-top:var(--wp--preset--spacing--side-padding)\">\n<div class=\"wp-block-column is-vertically-aligned-center is-layout-flow wp-block-column-is-layout-flow\">\n<figure class=\"wp-block-image size-large\"><img decoding=\"async\" src=\"https:\/\/evolve-fitness.eu\/wp-content\/uploads\/2023\/09\/1-4-576x1024.jpg\" alt=\"\" class=\"wp-image-171242\"\/><\/figure>\n<\/div>\n\n\n\n<div class=\"wp-block-column is-vertically-aligned-center is-layout-flow wp-block-column-is-layout-flow\">\n<h3 class=\"wp-block-heading\" style=\"margin-bottom:var(--wp--preset--spacing--h-3-bottom)\"><strong>Vielseitige L\u00f6sung f\u00fcr Sportb\u00f6den<\/strong><\/h3>\n\n\n\n<p><strong><em><strong><em>Entwickelt f\u00fcr Fitness und sportliche H\u00f6chstleistungen<\/em><\/strong><\/em><\/strong><\/p>\n\n\n\n<p style=\"margin-bottom:var(--wp--preset--spacing--tb-section-padding)\">Evolve Indoor Floor Tiles sind die ultimative Wahl f\u00fcr die Schaffung einer funktionellen und vielseitigen Sportumgebung. Dank ihrer robusten Konstruktion und der rutschfesten Oberfl\u00e4che eignen sie sich f\u00fcr eine Vielzahl von Aktivit\u00e4ten, darunter Gewichtheben, Kardio, Yoga und Mannschaftssportarten. Diese einfach zu verlegenden und zu pflegenden Fliesen sind eine zuverl\u00e4ssige Bodenbelagsoption, die Sportler auf jedem Fitnessniveau unterst\u00fctzt und in jeder Umgebung Komfort, Sicherheit und Leistung bietet.  <\/p>\n<\/div>\n<\/div>\n<\/section>\n","protected":false},"excerpt":{"rendered":"<p>Evolve Indoor Floor Tiles sind hochwertige Bodenbel\u00e4ge, die den h\u00e4rtesten Bedingungen in Fitnessstudios standhalten und mit einer speziellen 20 mm dicken Deckschicht f\u00fcr Sicherheit und Haltbarkeit sorgen. Diese Fliesen sind ideal f\u00fcr stark beanspruchte Bereiche und bieten au\u00dfergew\u00f6hnliche Sto\u00dffestigkeit, Ger\u00e4uschd\u00e4mmung und Komfort f\u00fcr verschiedene Sport- und Fitnessaktivit\u00e4ten. Sie sind sehr leicht zu pflegen und zu reinigen.  <\/p>\n","protected":false},"featured_media":88726,"template":"","meta":{"_acf_changed":false,"inline_featured_image":false},"product_cat":[118,189,190],"product_tag":[],"class_list":{"0":"post-7710","1":"product","2":"type-product","3":"status-publish","4":"has-post-thumbnail","6":"product_cat-hauptseite","7":"product_cat-plattformen-und-bodenbelage","8":"product_cat-bodenbelag","10":"first","11":"instock","12":"shipping-taxable","13":"purchasable","14":"product-type-variable"},"acf":[],"_links":{"self":[{"href":"https:\/\/store.evolve-fitness.eu\/de\/wp-json\/wp\/v2\/product\/7710","targetHints":{"allow":["GET"]}}],"collection":[{"href":"https:\/\/store.evolve-fitness.eu\/de\/wp-json\/wp\/v2\/product"}],"about":[{"href":"https:\/\/store.evolve-fitness.eu\/de\/wp-json\/wp\/v2\/types\/product"}],"wp:featuredmedia":[{"embeddable":true,"href":"https:\/\/store.evolve-fitness.eu\/de\/wp-json\/wp\/v2\/media\/88726"}],"wp:attachment":[{"href":"https:\/\/store.evolve-fitness.eu\/de\/wp-json\/wp\/v2\/media?parent=7710"}],"wp:term":[{"taxonomy":"product_cat","embeddable":true,"href":"https:\/\/store.evolve-fitness.eu\/de\/wp-json\/wp\/v2\/product_cat?post=7710"},{"taxonomy":"product_tag","embeddable":true,"href":"https:\/\/store.evolve-fitness.eu\/de\/wp-json\/wp\/v2\/product_tag?post=7710"}],"curies":[{"name":"wp","href":"https:\/\/api.w.org\/{rel}","templated":true}]}}