{"id":7709,"date":"2024-01-11T15:25:29","date_gmt":"2024-01-11T15:25:29","guid":{"rendered":"https:\/\/store.evolve-fitness.eu\/produktas\/evolve-prime-serie-ab-und-arms-kabelmaschine\/"},"modified":"2024-02-27T13:22:39","modified_gmt":"2024-02-27T13:22:39","slug":"evolve-prime-serie-ab-und-arms-kabelmaschine","status":"publish","type":"product","link":"https:\/\/store.evolve-fitness.eu\/de\/produkt\/evolve-prime-serie-ab-und-arms-kabelmaschine\/","title":{"rendered":"Evolve Prime Serie AB und Arms Kabelmaschine"},"content":{"rendered":"","protected":false},"excerpt":{"rendered":"<p>Optimieren Sie Ihr Kern- und Bizepstraining mit dem Evolve Cable System, einer vielseitigen und platzsparenden Erg\u00e4nzung f\u00fcr private und kommerzielle Fitnessstudios. Dieses System bietet einstellbare Widerstandsstufen, mit denen der Benutzer die Intensit\u00e4t seines Trainings an seine Fitnessziele anpassen kann. Das ergonomische Design sorgt f\u00fcr eine korrekte K\u00f6rperhaltung und Unterst\u00fctzung und maximiert die Wirkung von Bauch- und Bizeps\u00fcbungen. Das Evolve Cable System ist ideal f\u00fcr alle, die eine kompakte und dennoch effektive L\u00f6sung f\u00fcr die St\u00e4rkung von Rumpf und Bizeps suchen.<\/p>\n","protected":false},"featured_media":7724,"template":"","meta":{"_acf_changed":false,"inline_featured_image":false},"product_cat":[118,164,187],"product_tag":[],"class_list":{"0":"post-7709","1":"product","2":"type-product","3":"status-publish","4":"has-post-thumbnail","6":"product_cat-hauptseite","7":"product_cat-selektorisierte-maschinen","8":"product_cat-prime-series-selektiert","10":"first","11":"outofstock","12":"shipping-taxable","13":"purchasable","14":"product-type-simple"},"acf":[],"_links":{"self":[{"href":"https:\/\/store.evolve-fitness.eu\/de\/wp-json\/wp\/v2\/product\/7709","targetHints":{"allow":["GET"]}}],"collection":[{"href":"https:\/\/store.evolve-fitness.eu\/de\/wp-json\/wp\/v2\/product"}],"about":[{"href":"https:\/\/store.evolve-fitness.eu\/de\/wp-json\/wp\/v2\/types\/product"}],"wp:featuredmedia":[{"embeddable":true,"href":"https:\/\/store.evolve-fitness.eu\/de\/wp-json\/wp\/v2\/media\/7724"}],"wp:attachment":[{"href":"https:\/\/store.evolve-fitness.eu\/de\/wp-json\/wp\/v2\/media?parent=7709"}],"wp:term":[{"taxonomy":"product_cat","embeddable":true,"href":"https:\/\/store.evolve-fitness.eu\/de\/wp-json\/wp\/v2\/product_cat?post=7709"},{"taxonomy":"product_tag","embeddable":true,"href":"https:\/\/store.evolve-fitness.eu\/de\/wp-json\/wp\/v2\/product_tag?post=7709"}],"curies":[{"name":"wp","href":"https:\/\/api.w.org\/{rel}","templated":true}]}}