{"id":7708,"date":"2024-01-11T13:38:55","date_gmt":"2024-01-11T13:38:55","guid":{"rendered":"https:\/\/store.evolve-fitness.eu\/produktas\/evolve-prime-serie-dual-cable-cross-system\/"},"modified":"2024-02-27T13:22:36","modified_gmt":"2024-02-27T13:22:36","slug":"evolve-prime-serie-dual-cable-cross-system","status":"publish","type":"product","link":"https:\/\/store.evolve-fitness.eu\/de\/produkt\/evolve-prime-serie-dual-cable-cross-system\/","title":{"rendered":"Evolve Prime Serie Dual Cable Cross System"},"content":{"rendered":"\n<section class=\"wp-block-group alignfull black-content has-white-color has-darkgray-background-color has-text-color has-background is-layout-constrained wp-block-group-is-layout-constrained\" style=\"padding-top:var(--wp--preset--spacing--section-bottom);padding-bottom:var(--wp--preset--spacing--section-bottom)\">\n<div class=\"wp-block-columns alignwide is-layout-flex wp-container-core-columns-is-layout-c45ee707 wp-block-columns-is-layout-flex\" style=\"margin-bottom:var(--wp--preset--spacing--side-padding);padding-top:var(--wp--preset--spacing--side-padding)\">\n<div class=\"wp-block-column is-vertically-aligned-center is-layout-flow wp-block-column-is-layout-flow\">\n<figure class=\"wp-block-video\"><video autoplay=\"\" controls=\"\" loop=\"\" muted=\"\" src=\"https:\/\/evolve-fitness.eu\/wp-content\/uploads\/2023\/12\/2-18.mp4\"><\/video><\/figure>\n<\/div>\n\n\n\n<div class=\"wp-block-column is-vertically-aligned-center is-layout-constrained wp-block-column-is-layout-constrained\">\n<h3 class=\"wp-block-heading\" style=\"margin-bottom:var(--wp--preset--spacing--h-3-bottom)\"><strong>Breite Palette von \u00dcbungen<\/strong> <\/h3>\n\n\n\n<p><\/p>\n\n\n\n<p style=\"margin-bottom:var(--wp--preset--spacing--tb-section-padding)\">Der Evolve Crosstrainer Cable Crossover bietet eine breite Palette von \u00dcbungen, die mehrere Muskelgruppen ansprechen und die Kraft und Flexibilit\u00e4t des gesamten K\u00f6rpers verbessern.<\/p>\n<\/div>\n<\/div>\n\n\n\n<div class=\"wp-block-columns alignwide is-layout-flex wp-container-core-columns-is-layout-c45ee707 wp-block-columns-is-layout-flex\" style=\"margin-bottom:var(--wp--preset--spacing--side-padding);padding-top:var(--wp--preset--spacing--side-padding)\">\n<div class=\"wp-block-column is-vertically-aligned-center is-layout-flow wp-block-column-is-layout-flow\">\n<h3 class=\"wp-block-heading\" style=\"margin-bottom:var(--wp--preset--spacing--h-3-bottom)\"><strong><strong>Anpassbare Widerstandsoptionen<\/strong><\/strong><\/h3>\n\n\n\n<p><\/p>\n\n\n\n<p>Mit den einstellbaren Widerstandsstufen kann der Benutzer sein Training auf sein Kraftniveau und seine Ziele abstimmen, so dass es sowohl f\u00fcr Anf\u00e4nger als auch f\u00fcr Fortgeschrittene geeignet ist.<\/p>\n<\/div>\n\n\n\n<div class=\"wp-block-column is-vertically-aligned-center is-layout-flow wp-block-column-is-layout-flow\">\n<div class=\"wp-block-columns is-layout-flex wp-container-core-columns-is-layout-9d6595d7 wp-block-columns-is-layout-flex\">\n<div class=\"wp-block-column is-layout-flow wp-block-column-is-layout-flow\">\n<figure class=\"wp-block-video\"><video autoplay=\"\" controls=\"\" loop=\"\" muted=\"\" src=\"https:\/\/evolve-fitness.eu\/wp-content\/uploads\/2023\/12\/8.mp4\"><\/video><\/figure>\n<\/div>\n<\/div>\n<\/div>\n<\/div>\n\n\n\n<div class=\"wp-block-columns alignwide is-layout-flex wp-container-core-columns-is-layout-c45ee707 wp-block-columns-is-layout-flex\" style=\"margin-bottom:var(--wp--preset--spacing--side-padding);padding-top:var(--wp--preset--spacing--side-padding)\">\n<div class=\"wp-block-column is-vertically-aligned-center is-layout-flow wp-block-column-is-layout-flow\">\n<figure class=\"wp-block-video\"><video autoplay=\"\" controls=\"\" loop=\"\" muted=\"\" src=\"https:\/\/evolve-fitness.eu\/wp-content\/uploads\/2023\/12\/1-28.mp4\"><\/video><\/figure>\n<\/div>\n\n\n\n<div class=\"wp-block-column is-vertically-aligned-center is-layout-flow wp-block-column-is-layout-flow\">\n<h3 class=\"wp-block-heading\" style=\"margin-bottom:var(--wp--preset--spacing--h-3-bottom)\"><strong><strong><strong>Langlebigkeit bei intensiver Nutzung<\/strong><\/strong><\/strong><\/h3>\n\n\n\n<p><\/p>\n\n\n\n<p>Dieses Ger\u00e4t wurde f\u00fcr den professionellen Einsatz in Fitnessstudios entwickelt und ist f\u00fcr hohe Beanspruchung ausgelegt, um Langlebigkeit und konstante Leistung zu gew\u00e4hrleisten.<\/p>\n<\/div>\n<\/div>\n\n\n\n<div class=\"wp-block-columns alignwide is-layout-flex wp-container-core-columns-is-layout-c45ee707 wp-block-columns-is-layout-flex\" style=\"margin-bottom:var(--wp--preset--spacing--side-padding);padding-top:var(--wp--preset--spacing--side-padding)\">\n<div class=\"wp-block-column is-vertically-aligned-center is-layout-flow wp-block-column-is-layout-flow\">\n<h3 class=\"wp-block-heading\" style=\"margin-bottom:var(--wp--preset--spacing--h-3-bottom)\"><strong><strong>Ergonomisches Design f\u00fcr Benutzerkomfort<\/strong><\/strong><\/h3>\n\n\n\n<p><\/p>\n\n\n\n<p>Das ergonomische Design des Ger\u00e4ts erleichtert die nat\u00fcrliche Bewegung, verringert das Verletzungsrisiko und erh\u00f6ht die Effektivit\u00e4t der \u00dcbungen.<\/p>\n<\/div>\n\n\n\n<div class=\"wp-block-column is-vertically-aligned-center is-layout-flow wp-block-column-is-layout-flow\">\n<div class=\"wp-block-columns is-layout-flex wp-container-core-columns-is-layout-9d6595d7 wp-block-columns-is-layout-flex\">\n<div class=\"wp-block-column is-layout-flow wp-block-column-is-layout-flow\">\n<figure class=\"wp-block-video\"><video height=\"450\" style=\"aspect-ratio: 367 \/ 450;\" width=\"367\" autoplay=\"\" controls=\"\" loop=\"\" muted=\"\" src=\"https:\/\/evolve-fitness.eu\/wp-content\/uploads\/2023\/12\/6-1.mp4\"><\/video><\/figure>\n<\/div>\n<\/div>\n<\/div>\n<\/div>\n<\/section>\n","protected":false},"excerpt":{"rendered":"<p>Der Evolve-Cross-Pull-Trainer ist ein professioneller Trainer der Spitzenklasse, der die Kernkraft und Ausdauer verbessert. Die Arme k\u00f6nnen vertikal und horizontal verstellt werden. Dieser Crosstrainer wurde speziell f\u00fcr den Einsatz im Fitnessstudio und zu Hause entwickelt und bietet eine au\u00dfergew\u00f6hnliche Vielfalt an Kern\u00fcbungen. Seine robuste Konstruktion garantiert Langlebigkeit und macht ihn zu einem zuverl\u00e4ssigen Ger\u00e4t f\u00fcr intensive Trainingseinheiten.<\/p>\n","protected":false},"featured_media":7721,"template":"","meta":{"_acf_changed":false,"inline_featured_image":false},"product_cat":[118,164,187],"product_tag":[],"class_list":{"0":"post-7708","1":"product","2":"type-product","3":"status-publish","4":"has-post-thumbnail","6":"product_cat-hauptseite","7":"product_cat-selektorisierte-maschinen","8":"product_cat-prime-series-selektiert","10":"first","11":"outofstock","12":"shipping-taxable","13":"purchasable","14":"product-type-simple"},"acf":[],"_links":{"self":[{"href":"https:\/\/store.evolve-fitness.eu\/de\/wp-json\/wp\/v2\/product\/7708","targetHints":{"allow":["GET"]}}],"collection":[{"href":"https:\/\/store.evolve-fitness.eu\/de\/wp-json\/wp\/v2\/product"}],"about":[{"href":"https:\/\/store.evolve-fitness.eu\/de\/wp-json\/wp\/v2\/types\/product"}],"wp:featuredmedia":[{"embeddable":true,"href":"https:\/\/store.evolve-fitness.eu\/de\/wp-json\/wp\/v2\/media\/7721"}],"wp:attachment":[{"href":"https:\/\/store.evolve-fitness.eu\/de\/wp-json\/wp\/v2\/media?parent=7708"}],"wp:term":[{"taxonomy":"product_cat","embeddable":true,"href":"https:\/\/store.evolve-fitness.eu\/de\/wp-json\/wp\/v2\/product_cat?post=7708"},{"taxonomy":"product_tag","embeddable":true,"href":"https:\/\/store.evolve-fitness.eu\/de\/wp-json\/wp\/v2\/product_tag?post=7708"}],"curies":[{"name":"wp","href":"https:\/\/api.w.org\/{rel}","templated":true}]}}