{"id":7684,"date":"2023-09-21T14:21:13","date_gmt":"2023-09-21T14:21:13","guid":{"rendered":"https:\/\/store.evolve-fitness.eu\/produktas\/evolve-soft-plyo-box-3-in-1\/"},"modified":"2026-04-04T12:00:11","modified_gmt":"2026-04-04T12:00:11","slug":"evolve-soft-plyo-box-3-in-1","status":"publish","type":"product","link":"https:\/\/store.evolve-fitness.eu\/de\/produkt\/evolve-soft-plyo-box-3-in-1\/","title":{"rendered":"Evolve Soft Plyo Box 3-in-1"},"content":{"rendered":"\n<section class=\"wp-block-group alignfull black-content has-white-color has-darkgray-background-color has-text-color has-background is-layout-constrained wp-block-group-is-layout-constrained\" style=\"padding-top:var(--wp--preset--spacing--section-bottom);padding-bottom:var(--wp--preset--spacing--section-bottom)\">\n<div class=\"wp-block-columns alignwide is-layout-flex wp-container-core-columns-is-layout-c45ee707 wp-block-columns-is-layout-flex\" style=\"margin-bottom:var(--wp--preset--spacing--side-padding);padding-top:var(--wp--preset--spacing--side-padding)\">\n<div class=\"wp-block-column is-vertically-aligned-center is-layout-flow wp-block-column-is-layout-flow\">\n<figure class=\"wp-block-video\"><video height=\"864\" style=\"aspect-ratio: 1154 \/ 864;\" width=\"1154\" autoplay=\"\" controls=\"\" loop=\"\" muted=\"\" src=\"https:\/\/evolve-fitness.eu\/wp-content\/uploads\/2023\/09\/EV-PF-SP-300.mp4\"><\/video><\/figure>\n<\/div>\n\n\n\n<div class=\"wp-block-column is-vertically-aligned-center is-layout-constrained wp-block-column-is-layout-constrained\">\n<h3 class=\"wp-block-heading\" style=\"margin-bottom:var(--wp--preset--spacing--h-3-bottom)\">Weiche Plyo Box 3-in-1  <\/h3>\n\n\n\n<p><strong><em><strong><em>Vielseitige Fitnessger\u00e4te<\/em><\/strong><\/em><\/strong><\/p>\n\n\n\n<p style=\"margin-bottom:var(--wp--preset--spacing--tb-section-padding)\">Mit drei verstellbaren H\u00f6hen (51 cm, 61 cm, 76 cm) in einer Box! Er ist f\u00fcr eine Vielzahl von \u00dcbungen wie Boxspr\u00fcnge, Liegest\u00fctze und Ausfallschritte konzipiert. Das Produkt besteht aus einem hochdichten Schaumstoffkern und einer hochrei\u00dffesten PVC-H\u00fclle im eleganten Carbon-Look. Diese Plyo-Box ist sowohl f\u00fcr den gewerblichen als auch f\u00fcr den h\u00e4uslichen Gebrauch geeignet. Sie gew\u00e4hrleistet ein gelenkschonendes Training und sch\u00fctzt mit ihrer rutschfesten Oberfl\u00e4che Ihre H\u00fcften, Knie und Kn\u00f6chel.<\/p>\n\n\n\n<h3 class=\"wp-block-heading\" style=\"margin-bottom:var(--wp--preset--spacing--h-3-bottom)\">unverwechselbarer Carbon-Look<\/h3>\n\n\n\n<p><em><strong>Zus\u00e4tzlicher \u00e4sthetischer Reiz zu seiner Funktionalit\u00e4t<\/strong><\/em><\/p>\n\n\n\n<p>Dieses elegante Design, das durch einen hochrei\u00dffesten PVC-Bezug erreicht wird, wertet nicht nur die Optik des Ger\u00e4ts auf, sondern tr\u00e4gt auch zu seiner Langlebigkeit bei. Der Carbon-Look verleiht ihm ein modernes und professionelles Aussehen, so dass er sich sowohl f\u00fcr Fitnessstudios zu Hause als auch f\u00fcr kommerzielle Fitnessstudios eignet, und seine rutschfeste Oberfl\u00e4che sorgt f\u00fcr Sicherheit auch bei intensiven Trainingseinheiten.<\/p>\n<\/div>\n<\/div>\n\n\n\n<div class=\"wp-block-columns alignwide is-layout-flex wp-container-core-columns-is-layout-c45ee707 wp-block-columns-is-layout-flex\" style=\"margin-bottom:var(--wp--preset--spacing--side-padding);padding-top:var(--wp--preset--spacing--side-padding)\">\n<div class=\"wp-block-column is-vertically-aligned-center is-layout-flow wp-block-column-is-layout-flow\">\n<h3 class=\"wp-block-heading\" style=\"margin-bottom:var(--wp--preset--spacing--h-3-bottom)\">Ihr K\u00f6rper ist alles, was Sie brauchen<\/h3>\n\n\n\n<p>Ideal f\u00fcr Bodyweight-\u00dcbungen<\/p>\n\n\n\n<p>Das Evolve Soft Drop Pad Set ist ideal, um Ihre Bodyweight-Trainingsroutinen zu verbessern, indem es Komfort bietet und den Aufprall reduziert. Hier sind einige der besten \u00dcbungen, die Sie mit diesen Pads durchf\u00fchren k\u00f6nnen:<\/p>\n\n\n\n<ol class=\"wp-block-list\">\n<li><strong>Liegest\u00fctze<\/strong>: Reduziert die Belastung der Handgelenke durch zus\u00e4tzliche Polsterung.<\/li>\n\n\n\n<li><strong>Burpees<\/strong>: Macht die Landung weicher und minimiert L\u00e4rm und Aufprall.<\/li>\n\n\n\n<li><strong>Planken und Variationen<\/strong>: Bietet eine stabile und bequeme Oberfl\u00e4che f\u00fcr die Unterarme.<\/li>\n\n\n\n<li><strong>Mountain Climbers<\/strong>: Erleichtert die Belastung der Gelenke und erm\u00f6glicht sanftere Bewegungen.<\/li>\n\n\n\n<li><strong>Lunges<\/strong>: Polstert die Knie bei tiefen Ausfallschritten f\u00fcr mehr Komfort und Form.<\/li>\n<\/ol>\n\n\n\n<p>Diese Pads sorgen f\u00fcr ein sichereres und komfortableres Trainingserlebnis.<\/p>\n<\/div>\n\n\n\n<div class=\"wp-block-column is-vertically-aligned-center is-layout-flow wp-block-column-is-layout-flow\">\n<div class=\"wp-block-columns is-layout-flex wp-container-core-columns-is-layout-9d6595d7 wp-block-columns-is-layout-flex\">\n<div class=\"wp-block-column is-layout-flow wp-block-column-is-layout-flow\">\n<figure class=\"wp-block-video\"><video height=\"788\" style=\"aspect-ratio: 940 \/ 788;\" width=\"940\" autoplay=\"\" controls=\"\" loop=\"\" muted=\"\" src=\"https:\/\/evolve-fitness.eu\/wp-content\/uploads\/2024\/07\/5.mp4\"><\/video><\/figure>\n<\/div>\n<\/div>\n<\/div>\n<\/div>\n\n\n\n<div class=\"wp-block-columns alignwide is-layout-flex wp-container-core-columns-is-layout-c45ee707 wp-block-columns-is-layout-flex\" style=\"margin-bottom:var(--wp--preset--spacing--side-padding);padding-top:var(--wp--preset--spacing--side-padding)\">\n<div class=\"wp-block-column is-vertically-aligned-center is-layout-flow wp-block-column-is-layout-flow\">\n<figure class=\"wp-block-image size-large\"><img decoding=\"async\" src=\"https:\/\/evolve-fitness.eu\/wp-content\/uploads\/2024\/01\/EV-PF-SP-300-51-76-1024x683.webp\" alt=\"EV-PF-SP-300\" class=\"wp-image-9784\"\/><\/figure>\n<\/div>\n\n\n\n<div class=\"wp-block-column is-vertically-aligned-center is-layout-flow wp-block-column-is-layout-flow\">\n<h3 class=\"wp-block-heading\" style=\"margin-bottom:var(--wp--preset--spacing--h-3-bottom)\"><strong>Vorteil von drei verschiedenen H\u00f6hen in einer Box<\/strong><\/h3>\n\n\n\n<p><strong><em><strong>Verbesserung des Nutzens f\u00fcr eine Reihe von \u00dcbungen<\/strong><\/em><\/strong><\/p>\n\n\n\n<p>Dank dieser Vielseitigkeit k\u00f6nnen die Benutzer den Schwierigkeitsgrad ihres Trainings schrittweise erh\u00f6hen und so auf unterschiedliche Fitnessniveaus eingehen. Es ist besonders vorteilhaft f\u00fcr plyometrisches Training und hilft, Kraft, Geschwindigkeit und vertikale Spr\u00fcnge zu verbessern. Durch die verschiedenen H\u00f6henoptionen ist es f\u00fcr ein breites Publikum geeignet, vom Anf\u00e4nger bis zum fortgeschrittenen Sportler.<\/p>\n<\/div>\n<\/div>\n<\/section>\n","protected":false},"excerpt":{"rendered":"<p>Wir stellen die Evolve Soft Plyo Box 3-in-1 vor: Ihr ultimativer Fitnessbegleiter!<\/p>\n<p>Drei H\u00f6hen, eine Box: Mit verstellbaren H\u00f6hen von 51 cm (20&#8243;), 61 cm (24&#8243;) und 76 cm (30&#8243;) ist diese vielseitige Plyo-Box perfekt f\u00fcr Box Jumps, Liegest\u00fctze, Ausfallschritte, Dips und mehr.<\/p>\n<p>F\u00fcr Langlebigkeit gebaut: Das Ger\u00e4t ist f\u00fcr den kommerziellen Einsatz konzipiert und eignet sich ideal f\u00fcr private Fitnessstudios, professionelle Fitnesszentren, Milit\u00e4rst\u00fctzpunkte, Hotels, Herbergen und Reha-Zentren.<\/p>\n<p>Elegantes Carbon-Design: Der moderne Carbon-Look bringt Stil in jedes Fitnessstudio, und die rutschfeste Oberfl\u00e4che sorgt auch bei intensiven Trainingseinheiten f\u00fcr Sicherheit.<\/p>\n<p>Gelenkschonend: Der hochdichte Schaumstoffkern reduziert die Belastung f\u00fcr Ihre Gelenke und sch\u00fctzt so Ihre H\u00fcften, Knie und Kn\u00f6chel.<\/p>\n<p>Verbessern Sie Ihr Fitnessprogramm mit der Evolve Soft Plyo Box 3-in-1 und entwickeln Sie Ihr Training noch heute weiter!<\/p>\n","protected":false},"featured_media":7692,"template":"","meta":{"_acf_changed":false,"inline_featured_image":false},"product_cat":[118,121,122],"product_tag":[],"class_list":{"0":"post-7684","1":"product","2":"type-product","3":"status-publish","4":"has-post-thumbnail","6":"product_cat-hauptseite","7":"product_cat-ubergreifend-funktional","8":"product_cat-funktionelle-ausstattung","10":"first","11":"instock","12":"sale","13":"shipping-taxable","14":"purchasable","15":"product-type-simple"},"acf":[],"_links":{"self":[{"href":"https:\/\/store.evolve-fitness.eu\/de\/wp-json\/wp\/v2\/product\/7684","targetHints":{"allow":["GET"]}}],"collection":[{"href":"https:\/\/store.evolve-fitness.eu\/de\/wp-json\/wp\/v2\/product"}],"about":[{"href":"https:\/\/store.evolve-fitness.eu\/de\/wp-json\/wp\/v2\/types\/product"}],"wp:featuredmedia":[{"embeddable":true,"href":"https:\/\/store.evolve-fitness.eu\/de\/wp-json\/wp\/v2\/media\/7692"}],"wp:attachment":[{"href":"https:\/\/store.evolve-fitness.eu\/de\/wp-json\/wp\/v2\/media?parent=7684"}],"wp:term":[{"taxonomy":"product_cat","embeddable":true,"href":"https:\/\/store.evolve-fitness.eu\/de\/wp-json\/wp\/v2\/product_cat?post=7684"},{"taxonomy":"product_tag","embeddable":true,"href":"https:\/\/store.evolve-fitness.eu\/de\/wp-json\/wp\/v2\/product_tag?post=7684"}],"curies":[{"name":"wp","href":"https:\/\/api.w.org\/{rel}","templated":true}]}}