{"id":7677,"date":"2024-01-17T12:22:16","date_gmt":"2024-01-17T12:22:16","guid":{"rendered":"https:\/\/store.evolve-fitness.eu\/produktas\/evolve-ultra-series-serie-selectorized-4-stack-multigym-mit-2-einstellbaren-kabeln\/"},"modified":"2024-12-02T14:49:36","modified_gmt":"2024-12-02T14:49:36","slug":"evolve-ultra-series-serie-selectorized-4-stack-multigym-mit-2-einstellbaren-kabeln","status":"publish","type":"product","link":"https:\/\/store.evolve-fitness.eu\/de\/produkt\/evolve-ultra-series-serie-selectorized-4-stack-multigym-mit-2-einstellbaren-kabeln\/","title":{"rendered":"Evolve Ultra Series Serie Selectorized 4 Stack Multigym mit 2 einstellbaren Kabeln"},"content":{"rendered":"\n<section class=\"wp-block-group alignfull black-content has-white-color has-darkgray-background-color has-text-color has-background is-layout-constrained wp-block-group-is-layout-constrained\" style=\"padding-top:var(--wp--preset--spacing--section-bottom);padding-bottom:var(--wp--preset--spacing--section-bottom)\">\n<div class=\"wp-block-columns alignwide mobile-reverse is-layout-flex wp-container-core-columns-is-layout-ca64bf2d wp-block-columns-is-layout-flex\" style=\"margin-bottom:var(--wp--preset--spacing--side-padding)\">\n<div class=\"wp-block-column is-vertically-aligned-center is-layout-flow wp-block-column-is-layout-flow\">\n<h3 class=\"wp-block-heading\" style=\"margin-bottom:var(--wp--preset--spacing--h-3-bottom)\">Evolve Ultra Serie<\/h3>\n\n\n\n<p style=\"margin-bottom:var(--wp--preset--spacing--tb-section-padding)\">Willkommen bei der Evolve Ultra-Serie, mit der wir Spitzenleistungen neu definieren. Unsere Ultra Series wurde f\u00fcr Fitnessstudiobesitzer, potenzielle Fitnessstudiobesitzer und Fitnesseinrichtungen jeder Gr\u00f6\u00dfe entwickelt und bietet eine Reihe von kosteneffizienten, selektiven Ger\u00e4ten, bei denen Qualit\u00e4t und Leistung im Vordergrund stehen. Sehen wir uns die einzigartigen Merkmale an, die die Ultra-Serie zu einer au\u00dfergew\u00f6hnlichen Wahl f\u00fcr alle machen, die ein preisg\u00fcnstiges und dennoch hochwertiges Fitnessger\u00e4t suchen.<\/p>\n<\/div>\n\n\n\n<div class=\"wp-block-column is-vertically-aligned-center is-layout-flow wp-block-column-is-layout-flow\">\n<figure class=\"wp-block-video\"><video autoplay=\"\" controls=\"\" loop=\"\" muted=\"\" src=\"https:\/\/evolve-fitness.eu\/wp-content\/uploads\/2023\/12\/ev-sc-ul-1200-2.mp4\"><\/video><\/figure>\n<\/div>\n<\/div>\n\n\n\n<div class=\"wp-block-columns alignwide is-layout-flex wp-container-core-columns-is-layout-c45ee707 wp-block-columns-is-layout-flex\" style=\"margin-bottom:var(--wp--preset--spacing--side-padding);padding-top:var(--wp--preset--spacing--side-padding)\">\n<div class=\"wp-block-column is-vertically-aligned-center is-layout-flow wp-block-column-is-layout-flow\">\n<figure class=\"wp-block-video\"><video height=\"720\" style=\"aspect-ratio: 1280 \/ 720;\" width=\"1280\" autoplay=\"\" controls=\"\" loop=\"\" muted=\"\" src=\"https:\/\/store.evolve-fitness.eu\/wp-content\/uploads\/2024\/01\/EFBWN5Z.mp4\"><\/video><\/figure>\n<\/div>\n\n\n\n<div class=\"wp-block-column is-vertically-aligned-center is-layout-flow wp-block-column-is-layout-flow\">\n<h3 class=\"wp-block-heading\">IHREN RAUM BEWAHREN<\/h3>\n\n\n\n<p><strong><em><strong><em>Gummipads f\u00fcr Bodenschutz<\/em><\/strong><\/em><\/strong><\/p>\n\n\n\n<p>Sorgen Sie mit Rubber Pads f\u00fcr eine saubere und besch\u00e4digungsfreie Trainingsumgebung. Fitnessstudiobesitzer wissen, wie wichtig es ist, den Boden ihres Studios zu erhalten. Unsere gummibeschichteten F\u00fc\u00dfe sch\u00fctzen Ihren Bodenbelag vor Kratzern und potenziellen Sch\u00e4den und machen die Ultra-Serie zur ersten Wahl f\u00fcr Fitnessstudiobesitzer, die ihren Raum sch\u00fctzen m\u00f6chten.<\/p>\n<\/div>\n<\/div>\n\n\n\n<div class=\"wp-block-columns alignwide mobile-reverse is-layout-flex wp-container-core-columns-is-layout-ca64bf2d wp-block-columns-is-layout-flex\" style=\"margin-bottom:var(--wp--preset--spacing--side-padding)\">\n<div class=\"wp-block-column is-vertically-aligned-center is-layout-flow wp-block-column-is-layout-flow\">\n<h3 class=\"wp-block-heading\" style=\"margin-bottom:var(--wp--preset--spacing--h-3-bottom)\">Sicherheit trifft auf Stil<\/h3>\n\n\n\n<p><strong><em>Vollst\u00e4ndig abgedeckte Gewichtsstapelabdeckung<\/em><\/strong><\/p>\n\n\n\n<p>F\u00fcr Fitnessstudiobesitzer und -unternehmer sind Sicherheit und \u00c4sthetik von gr\u00f6\u00dfter Bedeutung. Die Evolve Ultra Series verf\u00fcgt \u00fcber eine vollst\u00e4ndig abgedeckte Gewichtsstapelabdeckung, die Sicherheit und Stil nahtlos miteinander verbindet. Durch die Verbesserung der Sicherheit und die Vermeidung von Unf\u00e4llen bei gleichzeitiger Reinhaltung des Fitnessraums ist diese Abdeckhaube eine unverzichtbare Erg\u00e4nzung f\u00fcr jede Fitnesseinrichtung. Erh\u00f6hen Sie die visuelle Attraktivit\u00e4t Ihres Fitnessstudios und achten Sie gleichzeitig auf die Sicherheit Ihrer Kunden bei jeder Trainingseinheit.<\/p>\n<\/div>\n\n\n\n<div class=\"wp-block-column is-vertically-aligned-center is-layout-flow wp-block-column-is-layout-flow\">\n<figure class=\"wp-block-image size-large\"><img decoding=\"async\" src=\"https:\/\/evolve-fitness.eu\/wp-content\/uploads\/2023\/12\/EV-SC-UL-1200-2-683x1024.jpg\" alt=\"\" class=\"wp-image-166054\"\/><\/figure>\n<\/div>\n<\/div>\n\n\n\n<div class=\"wp-block-columns alignwide is-layout-flex wp-container-core-columns-is-layout-c45ee707 wp-block-columns-is-layout-flex\" style=\"margin-bottom:var(--wp--preset--spacing--side-padding);padding-top:var(--wp--preset--spacing--side-padding)\">\n<div class=\"wp-block-column is-vertically-aligned-center is-layout-flow wp-block-column-is-layout-flow\">\n<figure class=\"wp-block-image size-large\"><img decoding=\"async\" src=\"https:\/\/evolve-fitness.eu\/wp-content\/uploads\/2023\/12\/EV-SC-UL-1200-5-683x1024.jpg\" alt=\"\" class=\"wp-image-166105\"\/><\/figure>\n<\/div>\n\n\n\n<div class=\"wp-block-column is-vertically-aligned-center is-layout-flow wp-block-column-is-layout-flow\">\n<h3 class=\"wp-block-heading\" style=\"margin-bottom:var(--wp--preset--spacing--h-3-bottom)\">Sicherheit trifft auf Stil<\/h3>\n\n\n\n<p><strong><em>Vollst\u00e4ndig abgedeckte Gewichtsstapelabdeckung<\/em><\/strong><\/p>\n\n\n\n<p>F\u00fcr Fitnessstudiobesitzer und -unternehmer sind Sicherheit und \u00c4sthetik von gr\u00f6\u00dfter Bedeutung. Die Evolve Ultra Series verf\u00fcgt \u00fcber eine vollst\u00e4ndig abgedeckte Gewichtsstapelabdeckung, die Sicherheit und Stil nahtlos miteinander verbindet. Durch die Verbesserung der Sicherheit und die Vermeidung von Unf\u00e4llen bei gleichzeitiger Reinhaltung des Fitnessraums ist diese Abdeckhaube eine unverzichtbare Erg\u00e4nzung f\u00fcr jede Fitnesseinrichtung. Erh\u00f6hen Sie die visuelle Attraktivit\u00e4t Ihres Fitnessstudios und achten Sie gleichzeitig auf die Sicherheit Ihrer Kunden bei jeder Trainingseinheit.<\/p>\n<\/div>\n<\/div>\n\n\n\n<div class=\"wp-block-columns alignwide are-vertically-aligned-center mobile-reverse is-layout-flex wp-container-core-columns-is-layout-e8158c2f wp-block-columns-is-layout-flex\" style=\"padding-top:var(--wp--preset--spacing--side-padding)\">\n<div class=\"wp-block-column is-vertically-aligned-center is-layout-flow wp-block-column-is-layout-flow\">\n<h3 class=\"wp-block-heading\" style=\"margin-bottom:var(--wp--preset--spacing--h-3-bottom)\"><strong>Optimale Griffe<\/strong><\/h3>\n\n\n\n<p><strong><em><strong><em>Das Fitnesserlebnis verbessern<\/em><\/strong><\/em><\/strong><\/p>\n\n\n\n<p style=\"margin-bottom:var(--wp--preset--spacing--tb-section-padding)\">Die Gewinnung und Bindung von Kunden ist f\u00fcr Fitnessstudiobesitzer und Leiter von Fitnesseinrichtungen von entscheidender Bedeutung. Die Evolve Ultra Serie bietet optimale Handgriffe, die sorgf\u00e4ltig f\u00fcr Komfort und Sicherheit entwickelt wurden. Verbessern Sie das Trainingserlebnis Ihrer Kunden und sorgen Sie daf\u00fcr, dass sie engagiert und motiviert bleiben, um ihre Fitnessziele in Ihrer Einrichtung zu erreichen.<\/p>\n<\/div>\n\n\n\n<div class=\"wp-block-column is-vertically-aligned-center is-layout-flow wp-block-column-is-layout-flow\">\n<figure class=\"wp-block-image size-large\"><img decoding=\"async\" src=\"https:\/\/evolve-fitness.eu\/wp-content\/uploads\/2023\/12\/EV-SC-UL-1200-4-1024x683.jpg\" alt=\"\" class=\"wp-image-166080\"\/><\/figure>\n<\/div>\n<\/div>\n\n\n\n<div class=\"wp-block-columns alignwide are-vertically-aligned-center mobile-reverse is-layout-flex wp-container-core-columns-is-layout-e8158c2f wp-block-columns-is-layout-flex\" style=\"padding-top:var(--wp--preset--spacing--side-padding)\">\n<div class=\"wp-block-column is-vertically-aligned-center is-layout-flow wp-block-column-is-layout-flow\">\n<figure class=\"wp-block-image size-large\"><img decoding=\"async\" src=\"https:\/\/evolve-fitness.eu\/wp-content\/uploads\/2023\/12\/EV-SC-UL-1200-7-1024x683.jpg\" alt=\"\" class=\"wp-image-166130\"\/><\/figure>\n<\/div>\n\n\n\n<div class=\"wp-block-column is-vertically-aligned-center is-layout-flow wp-block-column-is-layout-flow\">\n<h3 class=\"wp-block-heading\" style=\"margin-bottom:var(--wp--preset--spacing--h-3-bottom)\"><strong>DOPPELT PULVERBESCHICHTET<\/strong><\/h3>\n\n\n\n<p><strong><em><strong><em>Elektrostatisch pulverbeschichtet<\/em><\/strong><\/em><\/strong><\/p>\n\n\n\n<p style=\"margin-bottom:var(--wp--preset--spacing--tb-section-padding)\">Die Evolve Ultra Series Kraftmaschinen mit einem elektrostatisch pulverbeschichteten, perlschwarzen, matten Rahmen sind ein Beispiel f\u00fcr Form und Funktion. Seine \u00c4sthetik wird durch die matte schwarze Oberfl\u00e4che unterstrichen, w\u00e4hrend seine praktischen Eigenschaften wie Reibungswiderstand, Korrosionsschutz und Kratzfestigkeit sicherstellen, dass er ein zuverl\u00e4ssiger und langlebiger Fitnessbegleiter ist.<\/p>\n<\/div>\n<\/div>\n<\/section>\n","protected":false},"excerpt":{"rendered":"<p>Entdecken Sie die Evolve Ultra Series Selectorized 4 Stack Multigym, eine erstklassige Wahl f\u00fcr Fitnessstudiobesitzer und Fitnessbegeisterte. Dieses Multigym kombiniert Sicherheit mit Stil, mit einer vollst\u00e4ndig abgedeckten Hantelabdeckung und einem eleganten, langlebigen, elektrostatisch pulverbeschichteten, mattschwarzen Rahmen. Die Gummipads sch\u00fctzen den Boden im Fitnessstudio, w\u00e4hrend die optimalen Handgriffe f\u00fcr ein komfortables und sicheres Training sorgen. Er wiegt 770 kg, hat eine 2-Jahres-Garantie und wird mit Korrosionsschutz, Hinweisschildern und Bodensch\u00fctzern geliefert. Werten Sie Ihr Fitnessstudio mit dieser hochwertigen, budgetfreundlichen Fitnessl\u00f6sung auf.<\/p>\n","protected":false},"featured_media":7689,"template":"","meta":{"_acf_changed":false,"inline_featured_image":false},"product_cat":[118,164,165],"product_tag":[],"class_list":{"0":"post-7677","1":"product","2":"type-product","3":"status-publish","4":"has-post-thumbnail","6":"product_cat-hauptseite","7":"product_cat-selektorisierte-maschinen","8":"product_cat-ultra-series-selektiert","10":"first","11":"instock","12":"shipping-taxable","13":"purchasable","14":"product-type-simple"},"acf":[],"_links":{"self":[{"href":"https:\/\/store.evolve-fitness.eu\/de\/wp-json\/wp\/v2\/product\/7677","targetHints":{"allow":["GET"]}}],"collection":[{"href":"https:\/\/store.evolve-fitness.eu\/de\/wp-json\/wp\/v2\/product"}],"about":[{"href":"https:\/\/store.evolve-fitness.eu\/de\/wp-json\/wp\/v2\/types\/product"}],"wp:featuredmedia":[{"embeddable":true,"href":"https:\/\/store.evolve-fitness.eu\/de\/wp-json\/wp\/v2\/media\/7689"}],"wp:attachment":[{"href":"https:\/\/store.evolve-fitness.eu\/de\/wp-json\/wp\/v2\/media?parent=7677"}],"wp:term":[{"taxonomy":"product_cat","embeddable":true,"href":"https:\/\/store.evolve-fitness.eu\/de\/wp-json\/wp\/v2\/product_cat?post=7677"},{"taxonomy":"product_tag","embeddable":true,"href":"https:\/\/store.evolve-fitness.eu\/de\/wp-json\/wp\/v2\/product_tag?post=7677"}],"curies":[{"name":"wp","href":"https:\/\/api.w.org\/{rel}","templated":true}]}}