{"id":7628,"date":"2024-01-17T12:31:39","date_gmt":"2024-01-17T12:31:39","guid":{"rendered":"https:\/\/store.evolve-fitness.eu\/produktas\/evolve-ultra-series-selectorized-dual-adjustable-pulley\/"},"modified":"2024-02-27T13:22:42","modified_gmt":"2024-02-27T13:22:42","slug":"evolve-ultra-series-selectorized-dual-adjustable-pulley","status":"publish","type":"product","link":"https:\/\/store.evolve-fitness.eu\/de\/produkt\/evolve-ultra-series-selectorized-dual-adjustable-pulley\/","title":{"rendered":"Evolve Ultra Series Selectorized Dual Adjustable Pulley"},"content":{"rendered":"\n<section class=\"wp-block-group alignfull black-content has-white-color has-darkgray-background-color has-text-color has-background is-layout-constrained wp-block-group-is-layout-constrained\" style=\"padding-top:var(--wp--preset--spacing--section-bottom);padding-bottom:var(--wp--preset--spacing--section-bottom)\">\n<div class=\"wp-block-columns alignwide mobile-reverse is-layout-flex wp-container-core-columns-is-layout-ca64bf2d wp-block-columns-is-layout-flex\" style=\"margin-bottom:var(--wp--preset--spacing--side-padding)\">\n<div class=\"wp-block-column is-vertically-aligned-center is-layout-flow wp-block-column-is-layout-flow\">\n<h3 class=\"wp-block-heading\">Willkommen bei der Ultra-Serie<\/h3>\n\n\n\n<p><\/p>\n\n\n\n<p><strong><em>Lernen Sie unsere Ger\u00e4te der Ultra-Serie mit einer hochmodernen 3D-360-Tour kennen<\/em><\/strong><\/p>\n\n\n\n<p>Die Evolve Ultra Series Selectorized Dual Adjustable Pulley, Teil der Evolve Ultra Series, ist sowohl auf Komfort als auch auf Leistung ausgelegt. Das Ger\u00e4t wurde f\u00fcr die Vielseitigkeit der \u00dcbungen, die ergonomische Unterst\u00fctzung und die Verstellbarkeit f\u00fcr verschiedene Benutzergr\u00f6\u00dfen entwickelt. Das Design ist \u00e4sthetisch ansprechend mit einer haltbaren, pulverbeschichteten Oberfl\u00e4che, und die Verwendung von hochwertigen Kabeln sorgt f\u00fcr einen reibungslosen Betrieb.<\/p>\n<\/div>\n\n\n\n<div class=\"wp-block-column is-vertically-aligned-center is-layout-flow wp-block-column-is-layout-flow\">\n<figure class=\"wp-block-video\"><video height=\"600\" style=\"aspect-ratio: 680 \/ 600;\" width=\"680\" autoplay=\"\" controls=\"\" loop=\"\" muted=\"\" src=\"https:\/\/evolve-fitness.eu\/wp-content\/uploads\/2023\/08\/Abduction-Adduction-Evolve-Ultra-Series-Selectorized-2.mp4\"><\/video><\/figure>\n<\/div>\n<\/div>\n\n\n\n<div class=\"wp-block-columns alignwide is-layout-flex wp-container-core-columns-is-layout-c45ee707 wp-block-columns-is-layout-flex\" style=\"margin-bottom:var(--wp--preset--spacing--side-padding);padding-top:var(--wp--preset--spacing--side-padding)\">\n<div class=\"wp-block-column is-vertically-aligned-center is-layout-flow wp-block-column-is-layout-flow\">\n<figure class=\"wp-block-image size-large\"><img decoding=\"async\" src=\"https:\/\/evolve-fitness.eu\/wp-content\/uploads\/2023\/08\/Dual-Adjustable-Pulley-Evolve-Ultra-Series-Selectorize_PNG-1-1024x907.png\" alt=\"EV-SC-UL-210\" class=\"wp-image-10154\"\/><\/figure>\n<\/div>\n\n\n\n<div class=\"wp-block-column is-vertically-aligned-center is-layout-flow wp-block-column-is-layout-flow\">\n<h3 class=\"wp-block-heading\"><strong>DOPPELT PULVERBESCHICHTET<\/strong><\/h3>\n\n\n\n<p><strong><em><strong><em>Elektrostatisch pulverbeschichtet<\/em><\/strong><\/em><\/strong><\/p>\n\n\n\n<p style=\"margin-bottom:var(--wp--preset--spacing--tb-section-padding)\">Die Evolve Ultra Series Kraftmaschinen mit einem elektrostatisch pulverbeschichteten, perlschwarzen, matten Rahmen sind ein Beispiel f\u00fcr Form und Funktion. Seine \u00c4sthetik wird durch das matte schwarze Finish noch verst\u00e4rkt, w\u00e4hrend seine praktischen Eigenschaften wie Reibungswiderstand, Korrosionsschutz und Kratzfestigkeit daf\u00fcr sorgen, dass er ein zuverl\u00e4ssiger und langlebiger Fitnessbegleiter ist.<\/p>\n<\/div>\n<\/div>\n\n\n\n<div class=\"wp-block-columns alignwide are-vertically-aligned-center mobile-reverse is-layout-flex wp-container-core-columns-is-layout-e8158c2f wp-block-columns-is-layout-flex\" style=\"padding-top:var(--wp--preset--spacing--side-padding)\">\n<div class=\"wp-block-column is-vertically-aligned-center is-layout-flow wp-block-column-is-layout-flow\">\n<h3 class=\"wp-block-heading\" style=\"margin-bottom:var(--wp--preset--spacing--h-3-bottom)\"><strong>Optimale Griffe<\/strong><\/h3>\n\n\n\n<p><strong><em><strong><em>Das Fitnesserlebnis verbessern<\/em><\/strong><\/em><\/strong><\/p>\n\n\n\n<p style=\"margin-bottom:var(--wp--preset--spacing--tb-section-padding)\">Die Gewinnung und Bindung von Kunden ist f\u00fcr Fitnessstudiobesitzer und Leiter von Fitnesseinrichtungen von entscheidender Bedeutung. Die Evolve Ultra Serie bietet optimale Handgriffe, die sorgf\u00e4ltig f\u00fcr Komfort und Sicherheit entwickelt wurden. Verbessern Sie das Trainingserlebnis Ihrer Kunden und sorgen Sie daf\u00fcr, dass sie engagiert und motiviert bleiben, um ihre Fitnessziele in Ihrer Einrichtung zu erreichen.<\/p>\n<\/div>\n\n\n\n<div class=\"wp-block-column is-vertically-aligned-center is-layout-flow wp-block-column-is-layout-flow\">\n<figure class=\"wp-block-image size-large\"><img decoding=\"async\" src=\"https:\/\/evolve-fitness.eu\/wp-content\/uploads\/2023\/08\/Dual-Adjustable-Pulley-Evolve-Ultra-Series-Selectorized_PNG_front-1024x1024.png\" alt=\"EV-SC-UL-210\" class=\"wp-image-10149\"\/><\/figure>\n<\/div>\n<\/div>\n<\/section>\n","protected":false},"excerpt":{"rendered":"<p>Entdecken Sie die ultimative Vielseitigkeit und Innovation mit der Evolve Ultra Series Ul-210 Selectorized Dual Adjustable Pulley. Verbessern Sie Ihr Fitnesserlebnis durch unabh\u00e4ngige Armbewegungen, eine abgedeckte Gewichtsablage f\u00fcr Sicherheit und Stil und ein benutzerorientiertes Design. Revolutionieren Sie Ihr Fitnessstudio mit dem Ul-210 aus der Evolve Ultra Series.<\/p>\n","protected":false},"featured_media":7637,"template":"","meta":{"_acf_changed":false,"inline_featured_image":false},"product_cat":[118,164,165],"product_tag":[],"class_list":{"0":"post-7628","1":"product","2":"type-product","3":"status-publish","4":"has-post-thumbnail","6":"product_cat-hauptseite","7":"product_cat-selektorisierte-maschinen","8":"product_cat-ultra-series-selektiert","10":"first","11":"instock","12":"shipping-taxable","13":"purchasable","14":"product-type-simple"},"acf":[],"_links":{"self":[{"href":"https:\/\/store.evolve-fitness.eu\/de\/wp-json\/wp\/v2\/product\/7628","targetHints":{"allow":["GET"]}}],"collection":[{"href":"https:\/\/store.evolve-fitness.eu\/de\/wp-json\/wp\/v2\/product"}],"about":[{"href":"https:\/\/store.evolve-fitness.eu\/de\/wp-json\/wp\/v2\/types\/product"}],"wp:featuredmedia":[{"embeddable":true,"href":"https:\/\/store.evolve-fitness.eu\/de\/wp-json\/wp\/v2\/media\/7637"}],"wp:attachment":[{"href":"https:\/\/store.evolve-fitness.eu\/de\/wp-json\/wp\/v2\/media?parent=7628"}],"wp:term":[{"taxonomy":"product_cat","embeddable":true,"href":"https:\/\/store.evolve-fitness.eu\/de\/wp-json\/wp\/v2\/product_cat?post=7628"},{"taxonomy":"product_tag","embeddable":true,"href":"https:\/\/store.evolve-fitness.eu\/de\/wp-json\/wp\/v2\/product_tag?post=7628"}],"curies":[{"name":"wp","href":"https:\/\/api.w.org\/{rel}","templated":true}]}}