{"id":7620,"date":"2024-01-11T14:08:56","date_gmt":"2024-01-11T14:08:56","guid":{"rendered":"https:\/\/store.evolve-fitness.eu\/produktas\/evolve-prime-series-latzug-und-ruderkabelmaschine\/"},"modified":"2024-02-27T13:22:35","modified_gmt":"2024-02-27T13:22:35","slug":"evolve-prime-series-latzug-und-ruderkabelmaschine","status":"publish","type":"product","link":"https:\/\/store.evolve-fitness.eu\/de\/produkt\/evolve-prime-series-latzug-und-ruderkabelmaschine\/","title":{"rendered":"Evolve Prime Series Latzug- und Ruderkabelmaschine"},"content":{"rendered":"\n<section class=\"wp-block-group alignfull black-content has-white-color has-darkgray-background-color has-text-color has-background is-layout-constrained wp-block-group-is-layout-constrained\" style=\"padding-top:var(--wp--preset--spacing--section-bottom);padding-bottom:var(--wp--preset--spacing--section-bottom)\">\n<div class=\"wp-block-columns is-layout-flex wp-container-core-columns-is-layout-9d6595d7 wp-block-columns-is-layout-flex\">\n<div class=\"wp-block-column is-layout-flow wp-block-column-is-layout-flow\">\n<figure class=\"wp-block-image size-full\"><img loading=\"lazy\" decoding=\"async\" width=\"614\" height=\"768\" src=\"https:\/\/store.evolve-fitness.eu\/wp-content\/uploads\/2024\/01\/Lat-Pull-Row-Trainer-7.png\" alt=\"\" class=\"wp-image-4461\" srcset=\"https:\/\/store.evolve-fitness.eu\/wp-content\/uploads\/2024\/01\/Lat-Pull-Row-Trainer-7.png 614w, https:\/\/store.evolve-fitness.eu\/wp-content\/uploads\/2024\/01\/Lat-Pull-Row-Trainer-7-240x300.png 240w, https:\/\/store.evolve-fitness.eu\/wp-content\/uploads\/2024\/01\/Lat-Pull-Row-Trainer-7-600x750.png 600w\" sizes=\"auto, (max-width: 614px) 100vw, 614px\" \/><\/figure>\n<\/div>\n\n\n\n<div class=\"wp-block-column is-layout-flow wp-block-column-is-layout-flow\" style=\"padding-top:var(--wp--preset--spacing--tb-section-padding);padding-bottom:var(--wp--preset--spacing--tb-section-padding)\">\n<p class=\"has-big-title-font-size\">Latzug und Rudern Kabel Maschine<\/p>\n\n\n\n<p><\/p>\n\n\n\n<p>1. Exklusives Design: Mit Simulationen allt\u00e4glicher Aktivit\u00e4ten, Aluminiumschiebern, hochwertigen Kabeln und zwei Griffpaaren f\u00fcr ein abwechslungsreiches Oberk\u00f6rpertraining.  <\/p>\n\n\n\n<p>2. Vielseitigkeit: Geeignet f\u00fcr sitzende und stehende \u00dcbungen, zug\u00e4nglich f\u00fcr verschiedene Fitnessniveaus und Menschen mit Bewegungseinschr\u00e4nkungen, einschlie\u00dflich Rollstuhlfahrer.  <\/p>\n\n\n\n<p>3. Langlebiger Rahmen: Kombiniert hochwertiges, pulverbeschichtetes Metall f\u00fcr Rostschutz und lang anhaltende Farbe.  <\/p>\n\n\n\n<p>4. Unbegrenzte \u00dcbungsfreiheit: Unabh\u00e4ngige Griffbewegung f\u00fcr ein ausgewogenes Training, anpassbar an individuelle Bed\u00fcrfnisse, mit Transportr\u00e4dern f\u00fcr eine einfache Neupositionierung.  <\/p>\n\n\n\n<p>5. Ergonomische Polsterung: Die verformungsbest\u00e4ndige Schaumstoffpolsterung in Industriequalit\u00e4t ist f\u00fcr mehr Komfort mit strapazierf\u00e4higem Kunstleder \u00fcberzogen.  <\/p>\n\n\n\n<p>6. Sicherheit und Benutzerfreundlichkeit: Elegante, verletzungsvorbeugende, abgedeckte Gewichtsstapel mit einfacher Widerstandseinstellung \u00fcber einen roten, farbcodierten Stift und rostfreie Gewichtsplatten.<\/p>\n<\/div>\n<\/div>\n<\/section>\n","protected":false},"excerpt":{"rendered":"<p>Entdecken Sie das Evolve Vertical Cable Pull-Ger\u00e4t, eine vielseitige Trainingsl\u00f6sung f\u00fcr den Oberk\u00f6rper, die f\u00fcr alle Fitnesslevel geeignet ist. Sein einzigartiges Design bietet eine breite Palette von \u00dcbungen mit sanften, ununterbrochenen Bewegungen und einstellbarem Widerstand. Es eignet sich sowohl f\u00fcr sitzende als auch f\u00fcr stehende Trainingseinheiten und ist f\u00fcr Benutzer mit unterschiedlichen F\u00e4higkeiten geeignet, auch f\u00fcr Rollstuhlfahrer. Der robuste, pulverbeschichtete Rahmen und die ergonomische Polsterung sorgen f\u00fcr Komfort und Langlebigkeit. Mit seinen unabh\u00e4ngigen Griffbewegungen und dem leicht einstellbaren Widerstand ist es perfekt f\u00fcr ein ausgewogenes Muskeltraining und ein umfassendes Fitnessprogramm.<\/p>\n","protected":false},"featured_media":7630,"template":"","meta":{"_acf_changed":false,"inline_featured_image":false},"product_cat":[118,164,187],"product_tag":[],"class_list":{"0":"post-7620","1":"product","2":"type-product","3":"status-publish","4":"has-post-thumbnail","6":"product_cat-hauptseite","7":"product_cat-selektorisierte-maschinen","8":"product_cat-prime-series-selektiert","10":"first","11":"outofstock","12":"shipping-taxable","13":"purchasable","14":"product-type-simple"},"acf":[],"_links":{"self":[{"href":"https:\/\/store.evolve-fitness.eu\/de\/wp-json\/wp\/v2\/product\/7620","targetHints":{"allow":["GET"]}}],"collection":[{"href":"https:\/\/store.evolve-fitness.eu\/de\/wp-json\/wp\/v2\/product"}],"about":[{"href":"https:\/\/store.evolve-fitness.eu\/de\/wp-json\/wp\/v2\/types\/product"}],"wp:featuredmedia":[{"embeddable":true,"href":"https:\/\/store.evolve-fitness.eu\/de\/wp-json\/wp\/v2\/media\/7630"}],"wp:attachment":[{"href":"https:\/\/store.evolve-fitness.eu\/de\/wp-json\/wp\/v2\/media?parent=7620"}],"wp:term":[{"taxonomy":"product_cat","embeddable":true,"href":"https:\/\/store.evolve-fitness.eu\/de\/wp-json\/wp\/v2\/product_cat?post=7620"},{"taxonomy":"product_tag","embeddable":true,"href":"https:\/\/store.evolve-fitness.eu\/de\/wp-json\/wp\/v2\/product_tag?post=7620"}],"curies":[{"name":"wp","href":"https:\/\/api.w.org\/{rel}","templated":true}]}}