{"id":7615,"date":"2023-09-21T14:10:38","date_gmt":"2023-09-21T14:10:38","guid":{"rendered":"https:\/\/store.evolve-fitness.eu\/produktas\/evolve-soft-drop-pad-set\/"},"modified":"2026-02-10T12:00:47","modified_gmt":"2026-02-10T12:00:47","slug":"evolve-soft-drop-pad-set","status":"publish","type":"product","link":"https:\/\/store.evolve-fitness.eu\/de\/produkt\/evolve-soft-drop-pad-set\/","title":{"rendered":"Evolve Soft Drop Pad Set"},"content":{"rendered":"\n<section class=\"wp-block-group alignfull black-content has-white-color has-darkgray-background-color has-text-color has-background is-layout-constrained wp-block-group-is-layout-constrained\" style=\"padding-top:var(--wp--preset--spacing--section-bottom);padding-bottom:var(--wp--preset--spacing--section-bottom)\">\n<div class=\"wp-block-columns alignwide mobile-reverse is-layout-flex wp-container-core-columns-is-layout-ca64bf2d wp-block-columns-is-layout-flex\" style=\"margin-bottom:var(--wp--preset--spacing--side-padding)\">\n<div class=\"wp-block-column is-vertically-aligned-center is-layout-flow wp-block-column-is-layout-flow\">\n<h3 class=\"wp-block-heading\" style=\"margin-bottom:var(--wp--preset--spacing--h-3-bottom)\"><strong><strong>Maximieren Sie Ihr Workout mit Mobilit\u00e4t<\/strong><\/strong><\/h3>\n\n\n\n<p><strong><em><em>Tragbarer Schutz<\/em><\/em><\/strong><\/p>\n\n\n\n<p style=\"margin-bottom:var(--wp--preset--spacing--tb-section-padding)\">Das Evolve Soft Drop Pad Set bietet eine mobile, effiziente L\u00f6sung f\u00fcr Sportler, die L\u00e4rm und Aufprall bei schweren Hebesitzungen reduzieren m\u00f6chten. Diese tragbaren Pads sch\u00fctzen den Boden und die Ger\u00e4te und sind damit die ideale Wahl f\u00fcr private und gewerbliche Fitnessstudios, in denen Platzoptimierung und L\u00e4rmschutz wichtig sind. <\/p>\n<\/div>\n\n\n\n<div class=\"wp-block-column is-vertically-aligned-center is-layout-flow wp-block-column-is-layout-flow\">\n<figure class=\"wp-block-video\"><video autoplay=\"\" controls=\"\" loop=\"\" muted=\"\" src=\"https:\/\/evolve-fitness.eu\/wp-content\/uploads\/2023\/09\/Evolve-Soft-Drop-Pad-Set-Video.mp4\"><\/video><\/figure>\n<\/div>\n<\/div>\n\n\n\n<div class=\"wp-block-columns alignwide is-layout-flex wp-container-core-columns-is-layout-c45ee707 wp-block-columns-is-layout-flex\" style=\"margin-bottom:var(--wp--preset--spacing--side-padding);padding-top:var(--wp--preset--spacing--side-padding)\">\n<div class=\"wp-block-column is-vertically-aligned-center is-layout-flow wp-block-column-is-layout-flow\">\n<figure class=\"wp-block-image size-large\"><img decoding=\"async\" src=\"https:\/\/evolve-fitness.eu\/wp-content\/uploads\/2023\/09\/Evolve-Soft-Drop-Pad-Set-EV-PF-DP-100-1024x683.jpg\" alt=\"EV-PF-DP-100\" class=\"wp-image-10846\"\/><\/figure>\n<\/div>\n\n\n\n<div class=\"wp-block-column is-vertically-aligned-center is-layout-flow wp-block-column-is-layout-flow\">\n<h3 class=\"wp-block-heading\" style=\"margin-bottom:var(--wp--preset--spacing--h-3-bottom)\"><strong><strong><strong>Innovative Materialien: St\u00e4rke und Stil<\/strong><\/strong><\/strong><\/h3>\n\n\n\n<p><strong><em><em><em>Carbon-Design f\u00fcr h\u00f6chste Qualit\u00e4t<\/em><\/em><\/em><\/strong><\/p>\n\n\n\n<p>Das Evolve Soft Drop Pad Set ist aus innovativen Materialien gefertigt und verf\u00fcgt \u00fcber ein elegantes Karbondesign, das nicht nur die Haltbarkeit erh\u00f6ht, sondern auch eine moderne \u00c4sthetik f\u00fcr Ihren Trainingsbereich bietet. Diese Materialien werden aufgrund ihrer F\u00e4higkeit, St\u00f6\u00dfe effektiv zu absorbieren, ausgew\u00e4hlt, um die Langlebigkeit der Pads und die Sicherheit Ihrer Ausr\u00fcstung zu gew\u00e4hrleisten. <\/p>\n<\/div>\n<\/div>\n\n\n\n<div class=\"wp-block-columns alignwide is-layout-flex wp-container-core-columns-is-layout-c45ee707 wp-block-columns-is-layout-flex\" style=\"margin-bottom:var(--wp--preset--spacing--side-padding);padding-top:var(--wp--preset--spacing--side-padding)\">\n<div class=\"wp-block-column is-vertically-aligned-center is-layout-flow wp-block-column-is-layout-flow\">\n<h3 class=\"wp-block-heading\" style=\"margin-bottom:var(--wp--preset--spacing--h-3-bottom)\"><strong><strong>F\u00fcr die Ewigkeit gebaut: Langlebigkeit trifft auf Design<\/strong><\/strong><\/h3>\n\n\n\n<p><strong><em><em>Entwickelt f\u00fcr Langlebigkeit<\/em><\/em><\/strong><\/p>\n\n\n\n<p>Das Evolve Soft Drop Pad Set zeichnet sich durch seine au\u00dfergew\u00f6hnliche Langlebigkeit aus, die f\u00fcr den harten Einsatz in jedem Fitnessbereich entwickelt wurde. Die aus hochwertigen Materialien gefertigten Pads sind so konstruiert, dass sie den Belastungen eines intensiven Workouts standhalten und eine lang anhaltende Leistung und Zuverl\u00e4ssigkeit gew\u00e4hrleisten. Ideal f\u00fcr alle, die eine dauerhafte L\u00f6sung zum Schutz ihrer B\u00f6den und Ger\u00e4te suchen.  <\/p>\n<\/div>\n\n\n\n<div class=\"wp-block-column is-vertically-aligned-center is-layout-flow wp-block-column-is-layout-flow\">\n<figure class=\"wp-block-video\"><video height=\"1200\" style=\"aspect-ratio: 1600 \/ 1200;\" width=\"1600\" autoplay=\"\" controls=\"\" loop=\"\" muted=\"\" src=\"https:\/\/evolve-fitness.eu\/wp-content\/uploads\/2024\/01\/Evolve-Soft-Drop-Pad-Set-2.mp4\"><\/video><\/figure>\n<\/div>\n<\/div>\n\n\n\n<div class=\"wp-block-columns alignwide is-layout-flex wp-container-core-columns-is-layout-c45ee707 wp-block-columns-is-layout-flex\" style=\"margin-bottom:var(--wp--preset--spacing--side-padding);padding-top:var(--wp--preset--spacing--side-padding)\">\n<div class=\"wp-block-column is-vertically-aligned-center is-layout-flow wp-block-column-is-layout-flow\">\n<figure class=\"wp-block-image size-large\"><img decoding=\"async\" src=\"https:\/\/evolve-fitness.eu\/wp-content\/uploads\/2023\/09\/Evolve-Soft-Drop-Pad-Set-Plate-EV-PF-DP-100-1024x683.jpg\" alt=\"EV-PF-DP-100\" class=\"wp-image-10850\"\/><\/figure>\n<\/div>\n\n\n\n<div class=\"wp-block-column is-vertically-aligned-center is-layout-flow wp-block-column-is-layout-flow\">\n<h3 class=\"wp-block-heading\" style=\"margin-bottom:var(--wp--preset--spacing--h-3-bottom)\"><strong><strong><strong><strong><strong>Nahtlose Integration<\/strong><\/strong><\/strong><\/strong><\/strong><\/h3>\n\n\n\n<p><strong><em><strong><strong><strong><strong><strong><strong>\u00c4sthetik und Funktiona<\/strong><\/strong><\/strong><\/strong><\/strong><\/strong>lit\u00e4t<em>harmonieren mit der Carbon-Serie von Evolve<\/em><\/em><\/strong><\/p>\n\n\n\n<p>F\u00fcr eine nahtlose Integration in Ihr Fitness-Set ist das Evolve Soft Drop Pad Set so konzipiert, dass es andere Evolve-Ger\u00e4te, wie z. B. Hanteln, freie Gewichte und Ger\u00e4te aus der Carbon-Serie, erg\u00e4nzt. Das koh\u00e4rente Design sorgt f\u00fcr ein einheitliches Erscheinungsbild in Ihrem Trainingsbereich und verbessert sowohl die Funktionalit\u00e4t als auch die \u00c4sthetik. <\/p>\n<\/div>\n<\/div>\n<\/section>\n","protected":false},"excerpt":{"rendered":"<p>Einf\u00fchrung des Evolve Soft Drop Pad Sets &#8211; Ihre ultimative L\u00f6sung f\u00fcr L\u00e4rm- und Bodenschutz<\/p>\n<p>Haben Sie genug von dem st\u00e4ndigen Klappern und den Sch\u00e4den am Boden, die durch herunterfallende Gewichte und Hanteln in Ihrem Fitnessstudio verursacht werden? Dann ist das Evolve Soft Drop Pad Set genau das Richtige f\u00fcr Sie. Diese Pads wurden entwickelt, um Ihren Trainingsbereich zu revolutionieren. Sie sind ger\u00e4uschd\u00e4mpfend, sch\u00fctzen Ihren Bodenbelag und verleihen Ihrem Fitnessstudio einen Hauch von modernem Stil.<\/p>\n","protected":false},"featured_media":7623,"template":"","meta":{"_acf_changed":false,"inline_featured_image":false},"product_cat":[121,122],"product_tag":[],"class_list":{"0":"post-7615","1":"product","2":"type-product","3":"status-publish","4":"has-post-thumbnail","6":"product_cat-ubergreifend-funktional","7":"product_cat-funktionelle-ausstattung","9":"first","10":"instock","11":"shipping-taxable","12":"purchasable","13":"product-type-simple"},"acf":[],"_links":{"self":[{"href":"https:\/\/store.evolve-fitness.eu\/de\/wp-json\/wp\/v2\/product\/7615","targetHints":{"allow":["GET"]}}],"collection":[{"href":"https:\/\/store.evolve-fitness.eu\/de\/wp-json\/wp\/v2\/product"}],"about":[{"href":"https:\/\/store.evolve-fitness.eu\/de\/wp-json\/wp\/v2\/types\/product"}],"wp:featuredmedia":[{"embeddable":true,"href":"https:\/\/store.evolve-fitness.eu\/de\/wp-json\/wp\/v2\/media\/7623"}],"wp:attachment":[{"href":"https:\/\/store.evolve-fitness.eu\/de\/wp-json\/wp\/v2\/media?parent=7615"}],"wp:term":[{"taxonomy":"product_cat","embeddable":true,"href":"https:\/\/store.evolve-fitness.eu\/de\/wp-json\/wp\/v2\/product_cat?post=7615"},{"taxonomy":"product_tag","embeddable":true,"href":"https:\/\/store.evolve-fitness.eu\/de\/wp-json\/wp\/v2\/product_tag?post=7615"}],"curies":[{"name":"wp","href":"https:\/\/api.w.org\/{rel}","templated":true}]}}