{"id":7515,"date":"2024-01-18T08:06:39","date_gmt":"2024-01-18T08:06:39","guid":{"rendered":"https:\/\/store.evolve-fitness.eu\/produktas\/evolve-ultra-series-selectorized-bizeps-curl\/"},"modified":"2024-06-05T12:46:43","modified_gmt":"2024-06-05T12:46:43","slug":"evolve-ultra-series-selectorized-bizeps-curl","status":"publish","type":"product","link":"https:\/\/store.evolve-fitness.eu\/de\/produkt\/evolve-ultra-series-selectorized-bizeps-curl\/","title":{"rendered":"Evolve Ultra Series Selectorized Bizeps Curl"},"content":{"rendered":"\n<section class=\"wp-block-group alignfull black-content has-white-color has-darkgray-background-color has-text-color has-background is-layout-constrained wp-block-group-is-layout-constrained\" style=\"padding-top:var(--wp--preset--spacing--section-bottom);padding-bottom:var(--wp--preset--spacing--section-bottom)\">\n<div class=\"wp-block-columns alignwide mobile-reverse is-layout-flex wp-container-core-columns-is-layout-ca64bf2d wp-block-columns-is-layout-flex\" style=\"margin-bottom:var(--wp--preset--spacing--side-padding)\">\n<div class=\"wp-block-column is-vertically-aligned-center is-layout-flow wp-block-column-is-layout-flow\">\n<h3 class=\"wp-block-heading\">Willkommen bei der Ultra-Serie<\/h3>\n\n\n\n<p><strong><em>Lernen Sie unsere Ger\u00e4te der Ultra-Serie mit einer hochmodernen 3D-360-Tour kennen<\/em><\/strong><\/p>\n\n\n\n<p>Der Evolve Ultra Series Selectorized Biceps Curl, Teil der Evolve Ultra Series, ist sowohl auf Komfort als auch auf Leistung ausgelegt. Das Ger\u00e4t wurde f\u00fcr die Vielseitigkeit der \u00dcbungen, die ergonomische Unterst\u00fctzung und die Verstellbarkeit f\u00fcr verschiedene Benutzergr\u00f6\u00dfen entwickelt. Das Design ist \u00e4sthetisch ansprechend mit einer haltbaren, pulverbeschichteten Oberfl\u00e4che, und die Verwendung von hochwertigen Kabeln sorgt f\u00fcr einen reibungslosen Betrieb.<\/p>\n<\/div>\n\n\n\n<div class=\"wp-block-column is-vertically-aligned-center is-layout-flow wp-block-column-is-layout-flow\">\n<figure class=\"wp-block-video\"><video height=\"1080\" style=\"aspect-ratio: 1920 \/ 1080;\" width=\"1920\" autoplay=\"\" controls=\"\" loop=\"\" muted=\"\" src=\"https:\/\/evolve-fitness.eu\/wp-content\/uploads\/2023\/08\/Biceps-Curl-Evolve-Ultra-Series-Selectorized.mp4\"><\/video><\/figure>\n<\/div>\n<\/div>\n\n\n\n<div class=\"wp-block-columns alignwide are-vertically-aligned-center mobile-reverse is-layout-flex wp-container-core-columns-is-layout-e8158c2f wp-block-columns-is-layout-flex\" style=\"padding-top:var(--wp--preset--spacing--side-padding)\">\n<div class=\"wp-block-column is-vertically-aligned-center is-layout-flow wp-block-column-is-layout-flow\">\n<figure class=\"wp-block-video\"><video autoplay=\"\" controls=\"\" loop=\"\" muted=\"\" src=\"https:\/\/evolve-fitness.eu\/wp-content\/uploads\/2023\/08\/Evolve-Ultra-Series-Selectorized-Biceps-Curl-UL-060.mp4\"><\/video><\/figure>\n<\/div>\n\n\n\n<div class=\"wp-block-column is-vertically-aligned-center is-layout-flow wp-block-column-is-layout-flow\">\n<h3 class=\"wp-block-heading\" style=\"margin-bottom:var(--wp--preset--spacing--h-3-bottom)\"><strong>Muskeln<\/strong><\/h3>\n\n\n\n<p><strong><em><strong><em>Hervorragende Qualit\u00e4t<\/em><\/strong><\/em><\/strong><\/p>\n\n\n\n<p>Die Evolve Ultra Series Selectorized Biceps Curl Maschine ist eine ausgezeichnete Wahl f\u00fcr alle, die die St\u00e4rke und Definition ihres Bizeps verbessern m\u00f6chten. Dieses Ger\u00e4t wurde speziell entwickelt, um diese Muskeln effektiv zu trainieren und zu st\u00e4rken.<\/p>\n\n\n\n<p>Die Evolve Ultra Series Bizeps-Curl-Maschine konzentriert sich au\u00dferdem auf das Training verschiedener Muskelgruppen, darunter die folgenden:<\/p>\n\n\n\n<p><strong>Bizeps Brachii (Bizeps)<\/strong>: Der Bizepsmuskel ist das Hauptziel bei Armbeugen. Er ist f\u00fcr die Beugung des Ellenbogengelenks verantwortlich, und die Arbeit an einer Armbeugemaschine st\u00e4rkt und entwickelt diese Muskelgruppe effektiv.  <strong>Brachialis<\/strong>: Der unter dem Bizeps liegende Brachialis-Muskel spielt ebenfalls eine wichtige Rolle bei der Beugung des Ellenbogens und wird bei Armbeugen eingesetzt.  <strong>Brachioradialis<\/strong>: Dieser Muskel am Unterarm unterst\u00fctzt die Beugung des Ellbogens, vor allem wenn die Handfl\u00e4chen nach oben gerichtet sind und der Griff nach oben gerichtet ist.  <strong>Unterarmbeuger<\/strong>: Die Muskeln an der Vorderseite des Unterarms, wie der Flexor carpi radialis und der Flexor carpi ulnaris, stabilisieren das Handgelenk und den Ellbogen w\u00e4hrend der Beugebewegung.<\/p>\n\n\n\n<p>W\u00e4hrend diese Muskeln bei Armbeugen in erster Linie beansprucht werden, k\u00f6nnen auch andere unterst\u00fctzende Muskeln und Stabilisatoren in unterschiedlichem Ma\u00dfe beansprucht werden, um eine korrekte Form und Kontrolle w\u00e4hrend der \u00dcbung zu gew\u00e4hrleisten.<\/p>\n<\/div>\n<\/div>\n\n\n\n<div class=\"wp-block-columns alignwide mobile-reverse is-layout-flex wp-container-core-columns-is-layout-ca64bf2d wp-block-columns-is-layout-flex\" style=\"margin-bottom:var(--wp--preset--spacing--side-padding)\">\n<div class=\"wp-block-column is-vertically-aligned-center is-layout-flow wp-block-column-is-layout-flow\">\n<h3 class=\"wp-block-heading\" style=\"margin-bottom:var(--wp--preset--spacing--h-3-bottom)\">3D-Drehgriff<\/h3>\n\n\n\n<p><em><strong>Verbessert Ihr Trainingsprogramm<\/strong><\/em><\/p>\n\n\n\n<p style=\"margin-bottom:var(--wp--preset--spacing--tb-section-padding)\">Die Evolve Ultra Series Biceps Curl Machine definiert Ihr Bizepstraining mit ihrem innovativen 3D-Drehgriff neu. Diese Funktion bietet die M\u00f6glichkeit, Bizepscurls sowohl mit schmalen als auch mit breiten Griffen auszuf\u00fchren und so verschiedene Teile des Bizepsmuskels f\u00fcr ein umfassendes Training zu trainieren. Egal, ob Sie sich auf den kurzen Kopf, den langen Kopf oder beide K\u00f6pfe des Bizeps konzentrieren m\u00f6chten, der drehbare Griff macht es m\u00f6glich. Neben seiner Anpassungsf\u00e4higkeit verbessert der drehbare Griff Ihre Trainingsroutine, indem er ein nat\u00fcrlicheres und komfortableres Gef\u00fchl bei Bizepscurls vermittelt. Dieses nat\u00fcrliche Gef\u00fchl sorgt daf\u00fcr, dass jede Wiederholung gleichm\u00e4\u00dfig und kontrolliert abl\u00e4uft, was das Risiko einer \u00dcberanstrengung oder eines Unwohlseins verringert.<\/p>\n<\/div>\n\n\n\n<div class=\"wp-block-column is-vertically-aligned-center is-layout-flow wp-block-column-is-layout-flow\">\n<figure class=\"wp-block-video\"><video height=\"2048\" style=\"aspect-ratio: 1536 \/ 2048;\" width=\"1536\" autoplay=\"\" controls=\"\" loop=\"\" muted=\"\" src=\"https:\/\/evolve-fitness.eu\/wp-content\/uploads\/2023\/08\/EV-SC-UL-060-handle.mp4\"><\/video><\/figure>\n<\/div>\n<\/div>\n\n\n\n<div class=\"wp-block-columns alignwide is-layout-flex wp-container-core-columns-is-layout-c45ee707 wp-block-columns-is-layout-flex\" style=\"margin-bottom:var(--wp--preset--spacing--side-padding);padding-top:var(--wp--preset--spacing--side-padding)\">\n<div class=\"wp-block-column is-vertically-aligned-center is-layout-flow wp-block-column-is-layout-flow\">\n<figure class=\"wp-block-video\"><video height=\"1536\" style=\"aspect-ratio: 2048 \/ 1536;\" width=\"2048\" autoplay=\"\" controls=\"\" loop=\"\" muted=\"\" src=\"https:\/\/evolve-fitness.eu\/wp-content\/uploads\/2023\/08\/EV-SC-UL-060-seat.mp4\"><\/video><\/figure>\n<\/div>\n\n\n\n<div class=\"wp-block-column is-vertically-aligned-center is-layout-flow wp-block-column-is-layout-flow\">\n<h3 class=\"wp-block-heading\" style=\"margin-bottom:var(--wp--preset--spacing--h-3-bottom)\">Geformte Sitze und pr\u00e4zise Sitzverstellung<\/h3>\n\n\n\n<p><strong><em>Doppelt gen\u00e4hte Polsterung<\/em><\/strong><\/p>\n\n\n\n<p style=\"margin-bottom:var(--wp--preset--spacing--tb-section-padding)\">Die Polyurethan-Sitze der Serie Evolve Ultra, die mit einem geformten Design und einer doppelt gen\u00e4hten Polsterung ausgestattet sind, bieten au\u00dfergew\u00f6hnliche Haltbarkeit und Komfort. Sie sind so konzipiert, dass sie die Wirbels\u00e4ule ergonomisch st\u00fctzen und f\u00fcr Benutzer unterschiedlicher Gr\u00f6\u00dfe geeignet sind. Dar\u00fcber hinaus sind robuste Maschinenkissen aus PU aufgrund ihrer Langlebigkeit, ihres Komforts, ihrer Pflegeleichtigkeit und ihrer allgemeinen Kosteneffizienz eine ausgezeichnete Wahl. Sie halten den Anforderungen des Krafttrainings stand und bieten gleichzeitig eine komfortable und hygienische Trainingsfl\u00e4che. Da der Sitz mit einer hydraulischen Stange gest\u00fctzt wird, ist die Einstellung der Sitzh\u00f6he ein Kinderspiel und kann mit nur einer Hand vorgenommen werden. Der Sitz ist in 18 Positionen verstellbar.<\/p>\n<\/div>\n<\/div>\n\n\n\n<div class=\"wp-block-columns alignwide are-vertically-aligned-center mobile-reverse is-layout-flex wp-container-core-columns-is-layout-e8158c2f wp-block-columns-is-layout-flex\" style=\"padding-top:var(--wp--preset--spacing--side-padding)\">\n<div class=\"wp-block-column is-vertically-aligned-center is-layout-flow wp-block-column-is-layout-flow\">\n<h3 class=\"wp-block-heading\" style=\"margin-bottom:var(--wp--preset--spacing--h-3-bottom)\"><strong>Obere Gewichtsplatte<\/strong><\/h3>\n\n\n\n<p><strong><em><strong><em>Verbesserung der Leistung des Trainingsger\u00e4ts<\/em><\/strong><\/em><\/strong><\/p>\n\n\n\n<p style=\"margin-bottom:var(--wp--preset--spacing--tb-section-padding)\">Die Evolve Ultra Series Selectorized Bizeps-Curl-Maschine verf\u00fcgt \u00fcber zwei zus\u00e4tzliche 2,5 kg schwere Gewichtsplatten, die einen doppelten Zweck erf\u00fcllen, indem sie die Leistung der Trainingsmaschine erh\u00f6hen. Erstens erweitert es den maximalen Widerstand, den das Ger\u00e4t leisten kann, so dass die Benutzer sich in ihrem Training noch mehr herausfordern k\u00f6nnen. Dar\u00fcber hinaus bieten diese zus\u00e4tzlichen Gewichtsplatten einen einzigartigen Vorteil, denn sie erm\u00f6glichen es dem Benutzer, den Widerstand in kleineren, pr\u00e4ziseren Schritten einzustellen, wobei jede Platte eine Erh\u00f6hung um 2,5 kg erm\u00f6glicht. Diese Pr\u00e4zision bei der Auswahl des Widerstands erm\u00f6glicht es den Trainierenden, ihr Training auf ihre spezifischen Bed\u00fcrfnisse und Ziele abzustimmen, um sicherzustellen, dass jede Trainingseinheit auf optimale Ergebnisse zugeschnitten ist.<\/p>\n<\/div>\n\n\n\n<div class=\"wp-block-column is-vertically-aligned-center is-layout-flow wp-block-column-is-layout-flow\">\n<figure class=\"wp-block-image size-full\"><img decoding=\"async\" src=\"https:\/\/evolve-fitness.eu\/wp-content\/uploads\/2024\/01\/plate.webp\" alt=\"\" class=\"wp-image-9942\"\/><\/figure>\n<\/div>\n<\/div>\n\n\n\n<div class=\"wp-block-columns alignwide are-vertically-aligned-center mobile-reverse is-layout-flex wp-container-core-columns-is-layout-e8158c2f wp-block-columns-is-layout-flex\" style=\"padding-top:var(--wp--preset--spacing--side-padding)\">\n<div class=\"wp-block-column is-vertically-aligned-center is-layout-flow wp-block-column-is-layout-flow\">\n<figure class=\"wp-block-video\"><video height=\"1080\" style=\"aspect-ratio: 1080 \/ 1080;\" width=\"1080\" autoplay=\"\" controls=\"\" loop=\"\" muted=\"\" src=\"https:\/\/evolve-fitness.eu\/wp-content\/uploads\/2023\/08\/Evolve-UL-060-Exercises-Sticker.mp4\"><\/video><\/figure>\n<\/div>\n\n\n\n<div class=\"wp-block-column is-vertically-aligned-center is-layout-flow wp-block-column-is-layout-flow\">\n<h3 class=\"wp-block-heading\" style=\"margin-bottom:var(--wp--preset--spacing--h-3-bottom)\"><strong>Informativ und bequem<\/strong><\/h3>\n\n\n\n<p><strong><em><strong><em>Ihre visuelle Hilfe<\/em><\/strong><\/em><\/strong><\/p>\n\n\n\n<p style=\"margin-bottom:var(--wp--preset--spacing--tb-section-padding)\">Die Ger\u00e4te der Evolve Ultra-Serie sind mit informativen Aufklebern versehen, die Ihnen als visuelle Hilfe dienen und es Ihnen erleichtern, sich in den Funktionen des Ger\u00e4ts zurechtzufinden, was letztendlich Ihr Trainingserlebnis verbessert. Dar\u00fcber hinaus erhalten Sie wertvolle Einblicke in die verschiedenen Muskelgruppen, die auf dem Ger\u00e4t effektiv trainiert werden k\u00f6nnen. So k\u00f6nnen Sie das Beste aus Ihrem Fitnessprogramm machen, indem Sie gezielt bestimmte Bereiche ansprechen.<br\/><br\/><strong><em><strong><em>F\u00fcr Ihre Bequemlichkeit<\/em><\/strong><\/em><\/strong><br\/><br\/>W\u00e4hrend Sie trainieren, k\u00f6nnen Sie Ihre Wasserflasche, Ihr Telefon und pers\u00f6nliche Gegenst\u00e4nde bequem in den daf\u00fcr vorgesehenen Halterungen der Evolve Ultra-Ger\u00e4te aufbewahren. Diese speziell entworfenen F\u00e4cher sorgen daf\u00fcr, dass Sie w\u00e4hrend Ihrer Trainingseinheiten einen sicheren und leicht zug\u00e4nglichen Platz f\u00fcr Ihre Habseligkeiten haben.<\/p>\n<\/div>\n<\/div>\n\n\n\n<div class=\"wp-block-columns alignwide are-vertically-aligned-center mobile-reverse is-layout-flex wp-container-core-columns-is-layout-e8158c2f wp-block-columns-is-layout-flex\" style=\"padding-top:var(--wp--preset--spacing--side-padding)\">\n<div class=\"wp-block-column is-vertically-aligned-center is-layout-flow wp-block-column-is-layout-flow\">\n<h3 class=\"wp-block-heading\" style=\"margin-bottom:var(--wp--preset--spacing--h-3-bottom)\"><strong>Kabel<\/strong><\/h3>\n\n\n\n<p><strong><em><strong><em>Hervorragende Qualit\u00e4t<\/em><\/strong><\/em><\/strong><\/p>\n\n\n\n<p style=\"margin-bottom:var(--wp--preset--spacing--tb-section-padding)\">Die Maschinen der Evolve Ultra Serie verwenden Kabel von h\u00f6chster Qualit\u00e4t. Jede Litze besteht aus 19 miteinander verdrillten Dr\u00e4hten aus Polyamid 12 (PA12) und hat einen Durchmesser von 5 mm. Diese Kabel sind auf St\u00e4rke und Langlebigkeit ausgelegt, mit einer Bruchkraft von 9000 kN, was sie zur bevorzugten Wahl f\u00fcr Anwendungen macht, bei denen es auf au\u00dfergew\u00f6hnliche Zuverl\u00e4ssigkeit, Langlebigkeit und Leistung ankommt&#8230; Wenn Sie von einer \u00dcbung zur n\u00e4chsten \u00fcbergehen, sei es Bizepscurls, Brustdr\u00fccken, Latziehen oder jede andere kraftf\u00f6rdernde Aktivit\u00e4t, sorgt die au\u00dfergew\u00f6hnliche Leistung der Kabel der Evolve Ultra-Serie daf\u00fcr, dass Ihre Bewegungen gleichm\u00e4\u00dfig sind und der Widerstand konstant bleibt, was ein effektives und angenehmes Training f\u00f6rdert.<\/p>\n<\/div>\n\n\n\n<div class=\"wp-block-column is-vertically-aligned-center is-layout-flow wp-block-column-is-layout-flow\">\n<figure class=\"wp-block-video\"><video height=\"600\" style=\"aspect-ratio: 680 \/ 600;\" width=\"680\" autoplay=\"\" controls=\"\" loop=\"\" muted=\"\" src=\"https:\/\/evolve-fitness.eu\/wp-content\/uploads\/2023\/10\/Evolve-cable.mp4\"><\/video><\/figure>\n<\/div>\n<\/div>\n\n\n\n<div class=\"wp-block-columns alignwide are-vertically-aligned-center mobile-reverse is-layout-flex wp-container-core-columns-is-layout-e8158c2f wp-block-columns-is-layout-flex\" style=\"padding-top:var(--wp--preset--spacing--side-padding)\">\n<div class=\"wp-block-column is-vertically-aligned-center is-layout-flow wp-block-column-is-layout-flow\">\n<figure class=\"wp-block-video\"><video autoplay=\"\" controls=\"\" loop=\"\" muted=\"\" src=\"https:\/\/evolve-fitness.eu\/wp-content\/uploads\/2023\/08\/UL-040-Weight-Stack.mp4\"><\/video><\/figure>\n<\/div>\n\n\n\n<div class=\"wp-block-column is-vertically-aligned-center is-layout-flow wp-block-column-is-layout-flow\">\n<h3 class=\"wp-block-heading\" style=\"margin-bottom:var(--wp--preset--spacing--h-3-bottom)\"><strong>Gewicht Stack<\/strong><\/h3>\n\n\n\n<p><strong><em><strong><em>Das Fitnesserlebnis verbessern<\/em><\/strong><\/em><\/strong><\/p>\n\n\n\n<p style=\"margin-bottom:var(--wp--preset--spacing--tb-section-padding)\">Die Evolve Ultra Series Selectorized Bizeps-Curl-Maschine ist mit einem Widerstand von 85 kg ausgestattet, aber Sie haben auch die M\u00f6glichkeit, den Widerstand auf 122,5 kg zu erh\u00f6hen, um ein noch anspruchsvolleres Training zu absolvieren. Ein vollst\u00e4ndig geschlossener Gewichtsstapel gew\u00e4hrleistet die Sicherheit Ihrer \u00dcbungen.<\/p>\n<\/div>\n<\/div>\n\n\n\n<div class=\"wp-block-columns alignwide are-vertically-aligned-center mobile-reverse is-layout-flex wp-container-core-columns-is-layout-e8158c2f wp-block-columns-is-layout-flex\" style=\"padding-top:var(--wp--preset--spacing--side-padding)\">\n<div class=\"wp-block-column is-vertically-aligned-center is-layout-flow wp-block-column-is-layout-flow\">\n<h3 class=\"wp-block-heading\" style=\"margin-bottom:var(--wp--preset--spacing--h-3-bottom)\"><strong>Langlebig und sch\u00fctzend<\/strong><\/h3>\n\n\n\n<p><strong><em><strong><em>Elektrostatisch pulverbeschichtet<\/em><\/strong><\/em><\/strong><\/p>\n\n\n\n<p style=\"margin-bottom:var(--wp--preset--spacing--tb-section-padding)\">Die Evolve Ultra Series Kraftmaschinen mit einem elektrostatisch pulverbeschichteten, perlschwarzen, matten Rahmen sind ein Beispiel f\u00fcr Form und Funktion. Seine \u00c4sthetik wird durch das matte schwarze Finish noch verst\u00e4rkt, w\u00e4hrend seine praktischen Eigenschaften wie Reibungswiderstand, Korrosionsschutz und Kratzfestigkeit daf\u00fcr sorgen, dass er ein zuverl\u00e4ssiger und langlebiger Fitnessbegleiter ist.<br\/><br\/><strong><em><strong><em>Schutzschilde<\/em><\/strong><\/em><\/strong><br\/><br\/>Die robusten Gummif\u00fc\u00dfe der Evolve Ultra Series dienen als Schutzschild, um m\u00f6gliche Sch\u00e4den an Ihren B\u00f6den zu verhindern. Diese strapazierf\u00e4higen Gummif\u00fc\u00dfe sind so konzipiert, dass sie Ihre Fu\u00dfbodenoberfl\u00e4chen vor Sch\u00e4den sch\u00fctzen, die w\u00e4hrend des Gebrauchs entstehen k\u00f6nnten. Au\u00dferdem bieten diese Gummif\u00fc\u00dfe nicht nur Schutz, sondern tragen auch zur Stabilit\u00e4t bei.<\/p>\n<\/div>\n\n\n\n<div class=\"wp-block-column is-vertically-aligned-center is-layout-flow wp-block-column-is-layout-flow\">\n<figure class=\"wp-block-video\"><video height=\"1920\" style=\"aspect-ratio: 1920 \/ 1920;\" width=\"1920\" autoplay=\"\" controls=\"\" loop=\"\" muted=\"\" src=\"https:\/\/evolve-fitness.eu\/wp-content\/uploads\/2023\/10\/Evolve-Double-powder-coated-Frame.mp4\"><\/video><\/figure>\n<\/div>\n<\/div>\n<\/section>\n","protected":false},"excerpt":{"rendered":"<p>Erleben Sie gezieltes Bizepstraining wie nie zuvor mit dem Evolve Ultra Series Selectorized Biceps Curl, UL-060. Verbessern Sie Ihr Trainingsprogramm mit diesem hochmodernen Ger\u00e4t, das f\u00fcr optimalen Komfort und Effektivit\u00e4t entwickelt wurde. Die innovative unabh\u00e4ngige Armbewegung sorgt f\u00fcr einen umfassenden Bewegungsumfang und beansprucht Ihre Muskeln mit symmetrischer Pr\u00e4zision. Mit der eleganten und langlebigen, einzigartigen Mattlackierung, der sicherheitsbewussten, vollst\u00e4ndig abgedeckten Gewichtsstapelabdeckung und der benutzerfreundlichen Einhand-Sitzverstellung vereint dieses Ger\u00e4t Stil, Komfort und Leistung nahtlos. Mit dem UL-060 aus der Evolve Ultra Series erzielen Sie unvergleichliche Bizepsgewinne und steigern Ihre Fitness.<\/p>\n","protected":false},"featured_media":75815,"template":"","meta":{"_acf_changed":false,"inline_featured_image":false},"product_cat":[118,164,165],"product_tag":[],"class_list":{"0":"post-7515","1":"product","2":"type-product","3":"status-publish","4":"has-post-thumbnail","6":"product_cat-hauptseite","7":"product_cat-selektorisierte-maschinen","8":"product_cat-ultra-series-selektiert","10":"first","11":"instock","12":"sale","13":"shipping-taxable","14":"purchasable","15":"product-type-simple"},"acf":[],"_links":{"self":[{"href":"https:\/\/store.evolve-fitness.eu\/de\/wp-json\/wp\/v2\/product\/7515","targetHints":{"allow":["GET"]}}],"collection":[{"href":"https:\/\/store.evolve-fitness.eu\/de\/wp-json\/wp\/v2\/product"}],"about":[{"href":"https:\/\/store.evolve-fitness.eu\/de\/wp-json\/wp\/v2\/types\/product"}],"wp:featuredmedia":[{"embeddable":true,"href":"https:\/\/store.evolve-fitness.eu\/de\/wp-json\/wp\/v2\/media\/75815"}],"wp:attachment":[{"href":"https:\/\/store.evolve-fitness.eu\/de\/wp-json\/wp\/v2\/media?parent=7515"}],"wp:term":[{"taxonomy":"product_cat","embeddable":true,"href":"https:\/\/store.evolve-fitness.eu\/de\/wp-json\/wp\/v2\/product_cat?post=7515"},{"taxonomy":"product_tag","embeddable":true,"href":"https:\/\/store.evolve-fitness.eu\/de\/wp-json\/wp\/v2\/product_tag?post=7515"}],"curies":[{"name":"wp","href":"https:\/\/api.w.org\/{rel}","templated":true}]}}