{"id":7511,"date":"2024-01-18T06:49:23","date_gmt":"2024-01-18T06:49:23","guid":{"rendered":"https:\/\/store.evolve-fitness.eu\/produktas\/evolve-ultra-series-selektorisierte-beinpresse-hack-squat\/"},"modified":"2024-06-05T12:55:03","modified_gmt":"2024-06-05T12:55:03","slug":"evolve-ultra-series-selektorisierte-beinpresse-hack-squat","status":"publish","type":"product","link":"https:\/\/store.evolve-fitness.eu\/de\/produkt\/evolve-ultra-series-selektorisierte-beinpresse-hack-squat\/","title":{"rendered":"Evolve Ultra Series Selektorisierte Beinpresse \/ Hack Squat"},"content":{"rendered":"\n<section class=\"wp-block-group alignfull black-content has-white-color has-darkgray-background-color has-text-color has-background is-layout-constrained wp-block-group-is-layout-constrained\" style=\"padding-top:var(--wp--preset--spacing--section-bottom);padding-bottom:var(--wp--preset--spacing--section-bottom)\">\n<div class=\"wp-block-columns alignwide is-layout-flex wp-container-core-columns-is-layout-c45ee707 wp-block-columns-is-layout-flex\" style=\"margin-bottom:var(--wp--preset--spacing--side-padding);padding-top:var(--wp--preset--spacing--side-padding)\">\n<div class=\"wp-block-column is-vertically-aligned-center is-layout-flow wp-block-column-is-layout-flow\">\n<h3 class=\"wp-block-heading\">Willkommen bei der Ultra-Serie<\/h3>\n\n\n\n<p><\/p>\n\n\n\n<p><strong><em>Lernen Sie unsere Ger\u00e4te der Ultra-Serie mit einer hochmodernen 3D-360-Tour kennen<\/em><\/strong><\/p>\n\n\n\n<p>Die Evolve Ultra Series Selectorized Leg-Press \/ Hack Squat, Teil der Evolve Ultra Series, ist sowohl auf Komfort als auch auf Leistung ausgelegt. Das Ger\u00e4t wurde f\u00fcr die Vielseitigkeit der \u00dcbungen, die ergonomische Unterst\u00fctzung und die Verstellbarkeit f\u00fcr verschiedene Benutzergr\u00f6\u00dfen entwickelt. Das Design ist \u00e4sthetisch ansprechend mit einer haltbaren, pulverbeschichteten Oberfl\u00e4che, und die Verwendung von hochwertigen Kabeln sorgt f\u00fcr einen reibungslosen Betrieb.<\/p>\n<\/div>\n\n\n\n<div class=\"wp-block-column is-vertically-aligned-center is-layout-flow wp-block-column-is-layout-flow\">\n<figure class=\"wp-block-video\"><video height=\"600\" style=\"aspect-ratio: 680 \/ 600;\" width=\"680\" autoplay=\"\" controls=\"\" loop=\"\" muted=\"\" src=\"https:\/\/evolve-fitness.eu\/wp-content\/uploads\/2023\/08\/Evolve-Ultra-Series-Selectorized-Leg-Press-Hack-Squat-1.mp4\"><\/video><\/figure>\n<\/div>\n<\/div>\n\n\n\n<div class=\"wp-block-columns alignwide mobile-reverse is-layout-flex wp-container-core-columns-is-layout-ca64bf2d wp-block-columns-is-layout-flex\" style=\"margin-bottom:var(--wp--preset--spacing--side-padding)\">\n<div class=\"wp-block-column is-vertically-aligned-center is-layout-flow wp-block-column-is-layout-flow\">\n<figure class=\"wp-block-video\"><video autoplay=\"\" controls=\"\" loop=\"\" muted=\"\" src=\"https:\/\/evolve-fitness.eu\/wp-content\/uploads\/2023\/08\/Evolve-Ultra-Series-Selectorized-Leg-Press-Hack-Squat-Ul-160.mp4\"><\/video><\/figure>\n<\/div>\n\n\n\n<div class=\"wp-block-column is-vertically-aligned-center is-layout-flow wp-block-column-is-layout-flow\">\n<h3 class=\"wp-block-heading\" style=\"margin-bottom:var(--wp--preset--spacing--h-3-bottom)\">Muskeln<\/h3>\n\n\n\n<p><strong><em>Wirksame Ziele<\/em><\/strong><\/p>\n\n\n\n<p>Die Evolve Ultra Series Selectorized Leg-Press \/ Hack Squat Maschine zielt effektiv auf eine Vielzahl von Muskeln des unteren K\u00f6rpers ab und beansprucht diese, was sie zu einer umfassenden Trainingsoption f\u00fcr den unteren K\u00f6rper macht. Die wichtigsten Muskeln, die auf diesem Ger\u00e4t trainiert werden, sind:<br\/><br\/><strong>Quadrizeps (vordere Oberschenkelmuskulatur)<\/strong>: Bei der Beinpresse und der Kniebeuge wird der Quadrizeps, also die Muskeln an der Vorderseite des Oberschenkels, stark beansprucht. Diese Muskeln sind f\u00fcr die Streckung des Kniegelenks verantwortlich;  <strong>Hamstrings (hintere Oberschenkelmuskulatur)<\/strong>: Die Kniesehnen stehen zwar nicht im Vordergrund, spielen aber bei beiden \u00dcbungen eine unterst\u00fctzende Rolle, da sie zur Stabilisierung der Knie- und H\u00fcftgelenke beitragen;  <strong>Gluteus Maximus (Ges\u00e4\u00df)<\/strong>: Der Gluteus maximus, der gro\u00dfe Ges\u00e4\u00dfmuskel, ist ebenfalls an den Bewegungen der Beinpresse und der Kniebeuge beteiligt. Es hilft bei der Streckung des H\u00fcftgelenks;  <strong>Adduktoren (innere Oberschenkelmuskulatur)<\/strong>: Die Adduktoren, die sich an der Innenseite des Oberschenkels befinden, tragen zur Stabilit\u00e4t der \u00dcbungen Beinpresse und Kniebeuge bei;  <strong>K\u00e4lber (Gastrocnemius und Soleus)<\/strong>: Die Wadenmuskeln spielen bei diesen \u00dcbungen eine stabilisierende Rolle, vor allem bei der Ausf\u00fchrung von Kniebeugen mit angehobenen Fersen;  <strong>H\u00fcftbeuger<\/strong>: Die H\u00fcftbeugemuskeln, einschlie\u00dflich des Iliopsoas und des Rectus femoris, sind am Anheben der Beine w\u00e4hrend der Beinpresse und der Hocke beteiligt.<\/p>\n\n\n\n<p>Insgesamt bietet die Evolve Ultra Series Selectorized Leg-Press \/ Hack Squat Maschine ein abgerundetes Training f\u00fcr den unteren K\u00f6rperbereich, indem sie den Quadrizeps, die Kniesehnen, die Ges\u00e4\u00dfmuskeln, die Adduktoren und bis zu einem gewissen Grad sogar die Waden anspricht. Eine korrekte Form und kontrollierte Bewegungen sind unerl\u00e4sslich, um den Muskeleinsatz zu maximieren und das Verletzungsrisiko zu minimieren.<\/p>\n<\/div>\n<\/div>\n\n\n\n<div class=\"wp-block-columns alignwide is-layout-flex wp-container-core-columns-is-layout-c45ee707 wp-block-columns-is-layout-flex\" style=\"margin-bottom:var(--wp--preset--spacing--side-padding);padding-top:var(--wp--preset--spacing--side-padding)\">\n<div class=\"wp-block-column is-vertically-aligned-center is-layout-flow wp-block-column-is-layout-flow\">\n<h3 class=\"wp-block-heading\" style=\"margin-bottom:var(--wp--preset--spacing--h-3-bottom)\">Einstellbare Ausgangsposition<\/h3>\n\n\n\n<p><strong><em>F\u00fcr unterschiedliche H\u00f6hen und Gr\u00f6\u00dfen<\/em><\/strong><\/p>\n\n\n\n<p style=\"margin-bottom:var(--wp--preset--spacing--tb-section-padding)\">Die Maschine verf\u00fcgt \u00fcber eine einstellbare Startposition mit neun verschiedenen Einstellungen. Diese Anpassungsf\u00e4higkeit erm\u00f6glicht es dem Benutzer, den Abstand zwischen der Plattform und der R\u00fcckenlehne zu ver\u00e4ndern, ein entscheidender Faktor f\u00fcr die richtige Ausrichtung und Form bei Beinpress\u00fcbungen. Durch diese Einstellung ist das Ger\u00e4t f\u00fcr Personen unterschiedlicher Gr\u00f6\u00dfe und K\u00f6rperhaltung geeignet, was die Integration und Sicherheit f\u00f6rdert.<\/p>\n<\/div>\n\n\n\n<div class=\"wp-block-column is-vertically-aligned-center is-layout-flow wp-block-column-is-layout-flow\">\n<figure class=\"wp-block-video\"><video height=\"600\" style=\"aspect-ratio: 680 \/ 600;\" width=\"680\" autoplay=\"\" controls=\"\" loop=\"\" muted=\"\" src=\"https:\/\/evolve-fitness.eu\/wp-content\/uploads\/2023\/08\/Evolve-UL-160-Adjustable-starting-position.mp4\"><\/video><\/figure>\n<\/div>\n<\/div>\n\n\n\n<div class=\"wp-block-columns alignwide mobile-reverse is-layout-flex wp-container-core-columns-is-layout-ca64bf2d wp-block-columns-is-layout-flex\" style=\"margin-bottom:var(--wp--preset--spacing--side-padding)\">\n<div class=\"wp-block-column is-vertically-aligned-center is-layout-flow wp-block-column-is-layout-flow\">\n<figure class=\"wp-block-video\"><video height=\"600\" style=\"aspect-ratio: 680 \/ 600;\" width=\"680\" autoplay=\"\" controls=\"\" loop=\"\" muted=\"\" src=\"https:\/\/evolve-fitness.eu\/wp-content\/uploads\/2023\/08\/Evolve-UL-160-Dual-function.mp4\"><\/video><\/figure>\n<\/div>\n\n\n\n<div class=\"wp-block-column is-vertically-aligned-center is-layout-flow wp-block-column-is-layout-flow\">\n<h3 class=\"wp-block-heading\" style=\"margin-bottom:var(--wp--preset--spacing--h-3-bottom)\">Doppelte Funktion<\/h3>\n\n\n\n<p><strong><em>Entwickelt f\u00fcr die Bereitstellung<\/em><\/strong><\/p>\n\n\n\n<p style=\"margin-bottom:var(--wp--preset--spacing--tb-section-padding)\">Die Evolve Ultra Series Selectorized Dual Function Leg-Press \/ Hack Squat Machine ist ein einzigartiges Fitnessger\u00e4t, das sowohl Beinpressen- als auch Hack-Squat-\u00dcbungen in einem Ger\u00e4t erm\u00f6glicht, so dass die Benutzer verschiedene Beinmuskeln effektiv trainieren k\u00f6nnen. Die R\u00fcckenlehne l\u00e4sst sich in f\u00fcnf Positionen verstellen, so dass der Benutzer den Winkel nach seinen Vorlieben und seinem Komfort einstellen kann. sorgt daf\u00fcr, dass das Ger\u00e4t f\u00fcr Benutzer mit unterschiedlichen K\u00f6rpergr\u00f6\u00dfen und einem unterschiedlichen Ma\u00df an Flexibilit\u00e4t geeignet ist. Mit der verstellbaren R\u00fcckenlehne k\u00f6nnen Sie nahtlos zwischen Beinpresse und Kniebeugen wechseln und so ein vielseitiges Training absolvieren.<\/p>\n<\/div>\n<\/div>\n\n\n\n<div class=\"wp-block-columns alignwide are-vertically-aligned-center mobile-reverse is-layout-flex wp-container-core-columns-is-layout-e8158c2f wp-block-columns-is-layout-flex\" style=\"padding-top:var(--wp--preset--spacing--side-padding)\">\n<div class=\"wp-block-column is-vertically-aligned-center is-layout-flow wp-block-column-is-layout-flow\">\n<h3 class=\"wp-block-heading\" style=\"margin-bottom:var(--wp--preset--spacing--h-3-bottom)\"><strong>Plattform aus rostfreiem Stahl<\/strong><\/h3>\n\n\n\n<p><strong><em><strong><em>Stabile und dauerhafte Oberfl\u00e4che<\/em><\/strong><\/em><\/strong><\/p>\n\n\n\n<p style=\"margin-bottom:var(--wp--preset--spacing--tb-section-padding)\">Die Evolve Ultra Series Selectorized Leg-Press \/ Hack Squat Maschine verf\u00fcgt \u00fcber eine breite, konturierte Plattform aus Edelstahl, die eine stabile und haltbare Oberfl\u00e4che f\u00fcr die Durchf\u00fchrung von Leg-Press und Hack Squat \u00dcbungen bietet. Das breite Design bietet reichlich Platz f\u00fcr ein komfortables Workout-Erlebnis und eignet sich f\u00fcr Benutzer mit unterschiedlichen K\u00f6rpergr\u00f6\u00dfen. Die Konstruktion aus rostfreiem Stahl gew\u00e4hrleistet Langlebigkeit und Widerstandsf\u00e4higkeit und eignet sich daher f\u00fcr den harten Einsatz in gewerblichen oder privaten Fitnessstudios. Plattform mit zwei verschiedenen Winkeln f\u00fcr die Platzierung der Kn\u00f6chel w\u00e4hrend der \u00dcbung. So kann der Benutzer den Winkel einstellen, der seinem Komfort und seinen Trainingszielen am besten entspricht. Ganz gleich, ob Sie eine leichte Neigung oder eine neutrale Position bevorzugen, diese Funktion sorgt f\u00fcr ein individuelles und effektives Trainingserlebnis. Die durchdachte Anbringung von Griffen in der N\u00e4he der Plattform erleichtert das Ein- und Aussteigen auf die Maschine erheblich.<\/p>\n<\/div>\n\n\n\n<div class=\"wp-block-column is-vertically-aligned-center is-layout-flow wp-block-column-is-layout-flow\">\n<figure class=\"wp-block-video\"><video height=\"563\" style=\"aspect-ratio: 1000 \/ 563;\" width=\"1000\" autoplay=\"\" controls=\"\" loop=\"\" muted=\"\" src=\"https:\/\/evolve-fitness.eu\/wp-content\/uploads\/2023\/08\/Evolve-UL-160-Stainless-steel-platform.mp4\"><\/video><\/figure>\n<\/div>\n<\/div>\n\n\n\n<div class=\"wp-block-columns alignwide are-vertically-aligned-center mobile-reverse is-layout-flex wp-container-core-columns-is-layout-e8158c2f wp-block-columns-is-layout-flex\" style=\"padding-top:var(--wp--preset--spacing--side-padding)\">\n<div class=\"wp-block-column is-vertically-aligned-center is-layout-flow wp-block-column-is-layout-flow\">\n<figure class=\"wp-block-video\"><video height=\"1703\" style=\"aspect-ratio: 2560 \/ 1703;\" width=\"2560\" autoplay=\"\" controls=\"\" loop=\"\" muted=\"\" src=\"https:\/\/evolve-fitness.eu\/wp-content\/uploads\/2023\/08\/Evolve-UL-160-Adjustable-distance-of-shoulders-rest.mp4\"><\/video><\/figure>\n<\/div>\n\n\n\n<div class=\"wp-block-column is-vertically-aligned-center is-layout-flow wp-block-column-is-layout-flow\">\n<h3 class=\"wp-block-heading\" style=\"margin-bottom:var(--wp--preset--spacing--h-3-bottom)\"><strong>Einstellbarer Abstand der Schulterst\u00fctze<\/strong><\/h3>\n\n\n\n<p><strong><em><strong><em>Sicher und wirksam<\/em><\/strong><\/em><\/strong><\/p>\n\n\n\n<p style=\"margin-bottom:var(--wp--preset--spacing--tb-section-padding)\">Zus\u00e4tzlich zur R\u00fcckenlehne bietet die Evolve Ultra Series Selectorized Leg-Press \/ Hack Squat Maschine neun verstellbare Positionen f\u00fcr die Schulterst\u00fctze. Mit dieser Funktion k\u00f6nnen die Benutzer den Abstand zwischen der Plattform und der Schulterst\u00fctze ver\u00e4ndern, um eine korrekte Ausrichtung bei Hack Squats zu gew\u00e4hrleisten. Genau wie die R\u00fcckenlehnenverstellung passt sich diese Funktion an Benutzer mit unterschiedlichen K\u00f6rpertypen und K\u00f6rpergr\u00f6\u00dfen an und verbessert so das gesamte Trainingserlebnis.<\/p>\n<\/div>\n<\/div>\n\n\n\n<div class=\"wp-block-columns alignwide is-layout-flex wp-container-core-columns-is-layout-c45ee707 wp-block-columns-is-layout-flex\" style=\"margin-bottom:var(--wp--preset--spacing--side-padding);padding-top:var(--wp--preset--spacing--side-padding)\">\n<div class=\"wp-block-column is-vertically-aligned-center is-layout-flow wp-block-column-is-layout-flow\">\n<h3 class=\"wp-block-heading\" style=\"margin-bottom:var(--wp--preset--spacing--h-3-bottom)\">Gewicht Stack<\/h3>\n\n\n\n<p><strong><em>Anpassen und Hinzuf\u00fcgen<\/em><\/strong><\/p>\n\n\n\n<p style=\"margin-bottom:var(--wp--preset--spacing--tb-section-padding)\">Die Evolve Ultra Series Selectorized Leg Curl Machine mit 2 x 2,5 kg Hantelscheiben ist mit einem 110 kg schweren Gewichtsstapel ausgestattet, aber Sie haben auch die M\u00f6glichkeit, diesen auf 122,5 kg zu erweitern, um ein noch anspruchsvolleres Training zu absolvieren. Ein vollst\u00e4ndig geschlossener Gewichtsstapel gew\u00e4hrleistet die Sicherheit Ihrer \u00dcbungen.<\/p>\n<\/div>\n\n\n\n<div class=\"wp-block-column is-vertically-aligned-center is-layout-flow wp-block-column-is-layout-flow\">\n<figure class=\"wp-block-image size-full\"><img decoding=\"async\" src=\"https:\/\/evolve-fitness.eu\/wp-content\/uploads\/2024\/01\/stack.webp\" alt=\"\" class=\"wp-image-9940\"\/><\/figure>\n<\/div>\n<\/div>\n\n\n\n<div class=\"wp-block-columns alignwide is-layout-flex wp-container-core-columns-is-layout-c45ee707 wp-block-columns-is-layout-flex\" style=\"margin-bottom:var(--wp--preset--spacing--side-padding);padding-top:var(--wp--preset--spacing--side-padding)\">\n<div class=\"wp-block-column is-vertically-aligned-center is-layout-flow wp-block-column-is-layout-flow\">\n<figure class=\"wp-block-image size-large\"><img decoding=\"async\" src=\"https:\/\/evolve-fitness.eu\/wp-content\/uploads\/2023\/08\/A7_08555-1024x683.jpg\" alt=\"\" class=\"wp-image-8732\"\/><\/figure>\n<\/div>\n\n\n\n<div class=\"wp-block-column is-vertically-aligned-center is-layout-flow wp-block-column-is-layout-flow\">\n<h3 class=\"wp-block-heading\" style=\"margin-bottom:var(--wp--preset--spacing--h-3-bottom)\">Geformte Bodenschoner<\/h3>\n\n\n\n<p><strong><em>Vorbeugung von Sch\u00e4den<\/em><\/strong><\/p>\n\n\n\n<p style=\"margin-bottom:var(--wp--preset--spacing--tb-section-padding)\">Die robusten Gummif\u00fc\u00dfe der Evolve Ultra Series dienen als Schutzschild, um m\u00f6gliche Sch\u00e4den an Ihren B\u00f6den zu verhindern. Diese strapazierf\u00e4higen Gummif\u00fc\u00dfe sind so konzipiert, dass sie Ihre Fu\u00dfbodenoberfl\u00e4chen vor Sch\u00e4den sch\u00fctzen, die w\u00e4hrend des Gebrauchs entstehen k\u00f6nnten. Au\u00dferdem bieten diese Gummif\u00fc\u00dfe nicht nur Schutz, sondern tragen auch zur Stabilit\u00e4t bei.<\/p>\n<\/div>\n<\/div>\n\n\n\n<div class=\"wp-block-columns alignwide is-layout-flex wp-container-core-columns-is-layout-c45ee707 wp-block-columns-is-layout-flex\" style=\"margin-bottom:var(--wp--preset--spacing--side-padding);padding-top:var(--wp--preset--spacing--side-padding)\">\n<div class=\"wp-block-column is-vertically-aligned-center is-layout-flow wp-block-column-is-layout-flow\">\n<h3 class=\"wp-block-heading\" style=\"margin-bottom:var(--wp--preset--spacing--h-3-bottom)\">Obere Gewichtsplatte<\/h3>\n\n\n\n<p><strong><em>F\u00fcr bessere Leistung<\/em><\/strong> <\/p>\n\n\n\n<p style=\"margin-bottom:var(--wp--preset--spacing--tb-section-padding)\">Die Evolve Ultra Series Selectorized Leg-Press \/ Hack Squat Machine ist mit zwei zus\u00e4tzlichen 2,5 kg schweren Gewichtsplatten ausgestattet, die einen doppelten Zweck erf\u00fcllen, um die Leistung des Trainingsger\u00e4ts zu steigern. Erstens erweitert es den maximalen Widerstand, den das Ger\u00e4t leisten kann, so dass die Benutzer sich in ihrem Training noch mehr herausfordern k\u00f6nnen. Dar\u00fcber hinaus bieten diese zus\u00e4tzlichen Gewichtsplatten einen einzigartigen Vorteil, denn sie erm\u00f6glichen es dem Benutzer, den Widerstand in kleineren, pr\u00e4ziseren Schritten einzustellen, wobei jede Platte eine Erh\u00f6hung um 2,5 kg erm\u00f6glicht. Diese Pr\u00e4zision bei der Auswahl des Widerstands erm\u00f6glicht es den Trainierenden, ihr Training auf ihre spezifischen Bed\u00fcrfnisse und Ziele abzustimmen, um sicherzustellen, dass jede Trainingseinheit auf optimale Ergebnisse zugeschnitten ist.<\/p>\n<\/div>\n\n\n\n<div class=\"wp-block-column is-vertically-aligned-center is-layout-flow wp-block-column-is-layout-flow\">\n<figure class=\"wp-block-image size-full\"><img decoding=\"async\" src=\"https:\/\/evolve-fitness.eu\/wp-content\/uploads\/2024\/01\/plate.webp\" alt=\"\" class=\"wp-image-9942\"\/><\/figure>\n<\/div>\n<\/div>\n\n\n\n<div class=\"wp-block-columns alignwide is-layout-flex wp-container-core-columns-is-layout-c45ee707 wp-block-columns-is-layout-flex\" style=\"margin-bottom:var(--wp--preset--spacing--side-padding);padding-top:var(--wp--preset--spacing--side-padding)\">\n<div class=\"wp-block-column is-vertically-aligned-center is-layout-flow wp-block-column-is-layout-flow\">\n<figure class=\"wp-block-video\"><video height=\"1920\" style=\"aspect-ratio: 1920 \/ 1920;\" width=\"1920\" autoplay=\"\" controls=\"\" loop=\"\" muted=\"\" src=\"https:\/\/evolve-fitness.eu\/wp-content\/uploads\/2023\/10\/Evolve-Double-powder-coated-Frame.mp4\"><\/video><\/figure>\n<\/div>\n\n\n\n<div class=\"wp-block-column is-vertically-aligned-center is-layout-flow wp-block-column-is-layout-flow\">\n<h3 class=\"wp-block-heading\" style=\"margin-bottom:var(--wp--preset--spacing--h-3-bottom)\">Doppelt pulverbeschichteter Rahmen<\/h3>\n\n\n\n<p><strong><em>Vorbeugung von Sch\u00e4den<\/em><\/strong><\/p>\n\n\n\n<p style=\"margin-bottom:var(--wp--preset--spacing--tb-section-padding)\">Die Evolve Ultra Series Kraftmaschinen mit einem elektrostatisch pulverbeschichteten, perlschwarzen, matten Rahmen sind ein Beispiel f\u00fcr Form und Funktion. Seine \u00c4sthetik wird durch das matte schwarze Finish noch verst\u00e4rkt, w\u00e4hrend seine praktischen Eigenschaften wie Reibungswiderstand, Korrosionsschutz und Kratzfestigkeit daf\u00fcr sorgen, dass er ein zuverl\u00e4ssiger und langlebiger Fitnessbegleiter ist.<\/p>\n<\/div>\n<\/div>\n\n\n\n<div class=\"wp-block-columns alignwide is-layout-flex wp-container-core-columns-is-layout-c45ee707 wp-block-columns-is-layout-flex\" style=\"margin-bottom:var(--wp--preset--spacing--side-padding);padding-top:var(--wp--preset--spacing--side-padding)\">\n<div class=\"wp-block-column is-vertically-aligned-center is-layout-flow wp-block-column-is-layout-flow\">\n<h3 class=\"wp-block-heading\" style=\"margin-bottom:var(--wp--preset--spacing--h-3-bottom)\">Kabel<\/h3>\n\n\n\n<p><strong><em>Hervorragende Qualit\u00e4t<\/em><\/strong><\/p>\n\n\n\n<p style=\"margin-bottom:var(--wp--preset--spacing--tb-section-padding)\">Die Maschinen der Evolve Ultra Serie verwenden Kabel von h\u00f6chster Qualit\u00e4t. Jede Litze besteht aus 19 miteinander verdrillten Dr\u00e4hten aus Polyamid 12 (PA12) und hat einen Durchmesser von 5 mm. Diese Kabel sind auf St\u00e4rke und Langlebigkeit ausgelegt, mit einer Bruchkraft von 9000 kN, was sie zur bevorzugten Wahl f\u00fcr Anwendungen macht, bei denen es auf au\u00dfergew\u00f6hnliche Zuverl\u00e4ssigkeit, Langlebigkeit und Leistung ankommt&#8230; Wenn Sie von einer \u00dcbung zur n\u00e4chsten \u00fcbergehen, sei es Bizepscurls, Brustdr\u00fccken, Latziehen oder jede andere kraftf\u00f6rdernde Aktivit\u00e4t, sorgt die au\u00dfergew\u00f6hnliche Leistung der Kabel der Evolve Ultra-Serie daf\u00fcr, dass Ihre Bewegungen gleichm\u00e4\u00dfig sind und der Widerstand konstant bleibt, was ein effektives und angenehmes Training f\u00f6rdert.<\/p>\n<\/div>\n\n\n\n<div class=\"wp-block-column is-vertically-aligned-center is-layout-flow wp-block-column-is-layout-flow\">\n<figure class=\"wp-block-video\"><video height=\"600\" style=\"aspect-ratio: 680 \/ 600;\" width=\"680\" controls=\"\" src=\"https:\/\/evolve-fitness.eu\/wp-content\/uploads\/2023\/10\/Evolve-cable.mp4\"><\/video><\/figure>\n<\/div>\n<\/div>\n<\/section>\n","protected":false},"excerpt":{"rendered":"<p>Bringen Sie Schwung in Ihr Fitnessstudio mit der Evolve Ultra Series UL-160 Selectorized Leg-Press\/Hack Squat. Entdecken Sie Komfort, Vielseitigkeit und Sicherheit mit unabh\u00e4ngiger Armbewegung, Gewichtsstapelabdeckung und Mattlackierung. M\u00fchelose \u00dcberg\u00e4nge durch Einhand-Sitzverstellung. Definieren Sie Workouts neu und ziehen Sie Kunden an.<\/p>\n","protected":false},"featured_media":75940,"template":"","meta":{"_acf_changed":false,"inline_featured_image":false},"product_cat":[118,164,165],"product_tag":[],"class_list":{"0":"post-7511","1":"product","2":"type-product","3":"status-publish","4":"has-post-thumbnail","6":"product_cat-hauptseite","7":"product_cat-selektorisierte-maschinen","8":"product_cat-ultra-series-selektiert","10":"first","11":"instock","12":"shipping-taxable","13":"purchasable","14":"product-type-simple"},"acf":[],"_links":{"self":[{"href":"https:\/\/store.evolve-fitness.eu\/de\/wp-json\/wp\/v2\/product\/7511","targetHints":{"allow":["GET"]}}],"collection":[{"href":"https:\/\/store.evolve-fitness.eu\/de\/wp-json\/wp\/v2\/product"}],"about":[{"href":"https:\/\/store.evolve-fitness.eu\/de\/wp-json\/wp\/v2\/types\/product"}],"wp:featuredmedia":[{"embeddable":true,"href":"https:\/\/store.evolve-fitness.eu\/de\/wp-json\/wp\/v2\/media\/75940"}],"wp:attachment":[{"href":"https:\/\/store.evolve-fitness.eu\/de\/wp-json\/wp\/v2\/media?parent=7511"}],"wp:term":[{"taxonomy":"product_cat","embeddable":true,"href":"https:\/\/store.evolve-fitness.eu\/de\/wp-json\/wp\/v2\/product_cat?post=7511"},{"taxonomy":"product_tag","embeddable":true,"href":"https:\/\/store.evolve-fitness.eu\/de\/wp-json\/wp\/v2\/product_tag?post=7511"}],"curies":[{"name":"wp","href":"https:\/\/api.w.org\/{rel}","templated":true}]}}