{"id":7476,"date":"2024-01-18T08:17:49","date_gmt":"2024-01-18T08:17:49","guid":{"rendered":"https:\/\/store.evolve-fitness.eu\/produktas\/evolve-ultra-serie-selectorized-low-row\/"},"modified":"2024-06-05T12:42:41","modified_gmt":"2024-06-05T12:42:41","slug":"evolve-ultra-serie-selectorized-low-row","status":"publish","type":"product","link":"https:\/\/store.evolve-fitness.eu\/de\/produkt\/evolve-ultra-serie-selectorized-low-row\/","title":{"rendered":"Evolve Ultra Serie Selectorized Low Row"},"content":{"rendered":"\n<section class=\"wp-block-group alignfull black-content has-white-color has-darkgray-background-color has-text-color has-background is-layout-constrained wp-block-group-is-layout-constrained\" style=\"padding-top:var(--wp--preset--spacing--section-bottom);padding-bottom:var(--wp--preset--spacing--section-bottom)\">\n<div class=\"wp-block-columns alignwide mobile-reverse is-layout-flex wp-container-core-columns-is-layout-ca64bf2d wp-block-columns-is-layout-flex\" style=\"margin-bottom:var(--wp--preset--spacing--side-padding)\">\n<div class=\"wp-block-column is-vertically-aligned-center is-layout-flow wp-block-column-is-layout-flow\">\n<h3 class=\"wp-block-heading\">Willkommen bei der Ultra-Serie<\/h3>\n\n\n\n<p><strong><em>Lernen Sie unsere Ger\u00e4te der Ultra-Serie mit einer hochmodernen 3D-360-Tour kennen<\/em><\/strong><\/p>\n\n\n\n<p>Der Evolve Ultra Series Selectorized Low Row, Teil der Evolve Ultra Series, ist sowohl auf Komfort als auch auf Leistung ausgelegt. Das Ger\u00e4t wurde f\u00fcr die Vielseitigkeit der \u00dcbungen, die ergonomische Unterst\u00fctzung und die Verstellbarkeit f\u00fcr verschiedene Benutzergr\u00f6\u00dfen entwickelt. Das Design ist \u00e4sthetisch ansprechend mit einer haltbaren, pulverbeschichteten Oberfl\u00e4che, und die Verwendung von hochwertigen Kabeln sorgt f\u00fcr einen reibungslosen Betrieb.<\/p>\n<\/div>\n\n\n\n<div class=\"wp-block-column is-vertically-aligned-center is-layout-flow wp-block-column-is-layout-flow\">\n<figure class=\"wp-block-video\"><video autoplay=\"\" controls=\"\" loop=\"\" muted=\"\" src=\"https:\/\/evolve-fitness.eu\/wp-content\/uploads\/2023\/08\/Low-Row-Evolve-Ultra-Series-Selectorized.mp4\"><\/video><\/figure>\n<\/div>\n<\/div>\n\n\n\n<div class=\"wp-block-columns alignwide are-vertically-aligned-center mobile-reverse is-layout-flex wp-container-core-columns-is-layout-e8158c2f wp-block-columns-is-layout-flex\" style=\"padding-top:var(--wp--preset--spacing--side-padding)\">\n<div class=\"wp-block-column is-vertically-aligned-center is-layout-flow wp-block-column-is-layout-flow\">\n<figure class=\"wp-block-video\"><video autoplay=\"\" controls=\"\" loop=\"\" muted=\"\" src=\"https:\/\/evolve-fitness.eu\/wp-content\/uploads\/2023\/08\/Evolve-Ultra-Series-Selectorized-Low-Row-Ul-050.mp4\"><\/video><\/figure>\n<\/div>\n\n\n\n<div class=\"wp-block-column is-vertically-aligned-center is-layout-flow wp-block-column-is-layout-flow\">\n<h3 class=\"wp-block-heading\" style=\"margin-bottom:var(--wp--preset--spacing--h-3-bottom)\"><strong>Muskeln<\/strong><\/h3>\n\n\n\n<p><strong><em>Hervorragende Qualit\u00e4t<\/em><\/strong><\/p>\n\n\n\n<p>Die Evolve Ultra Series Selectorized Shoulder Press Maschine ist eine sehr empfehlenswerte Option f\u00fcr Personen, die ihre R\u00fcckenst\u00e4rke und Muskeldefinition verbessern m\u00f6chten. Dieses Ger\u00e4t ist so konzipiert, dass es die R\u00fcckenmuskulatur gezielt und effektiv st\u00e4rkt. Das niedrige Ruderger\u00e4t der Serie Evolve Ultra ist in erster Linie f\u00fcr das Training der folgenden Muskelgruppen geeignet und erm\u00f6glicht dieses:<br\/><br\/><strong>Latissimus Dorsi (Lats)<\/strong>: Die Latissimus-Dorsi-Muskeln sind die gr\u00f6\u00dften Muskeln des R\u00fcckens und sind stark an den Ruderbewegungen beteiligt. Sie sind f\u00fcr die Bewegung verantwortlich, mit der Sie den Griff in Richtung Ihrer unteren Brust ziehen;  <strong>Rhomboide<\/strong>: Die Muskeln Rhomboideus major und minor, die sich zwischen den Schulterbl\u00e4ttern befinden, werden aktiviert, um das Schulterblatt (Scapula) w\u00e4hrend der Ruderbewegung zur\u00fcckzuziehen und zu stabilisieren;  <strong>Bizeps Brachii (Bizeps)<\/strong>: Ihr Bizeps ist an der Beugung des Ellbogens beteiligt, wenn Sie den Griff zum Oberk\u00f6rper ziehen;  <strong>Hintere Deltamuskeln<\/strong>: Die hinteren Deltamuskeln, die sich auf der R\u00fcckseite Ihrer Schultern befinden, werden aktiviert, wenn Sie Ihre Schulterbl\u00e4tter am Ende der Ruderbewegung zusammenpressen;  <strong>Unterer Trapezius<\/strong>: Der untere Trapezmuskel ist an der Abw\u00e4rtsphase der Ruderbewegung beteiligt und hilft bei der Absenkung des Schulterblatts;  <strong>Unterarmmuskulatur<\/strong>: Ihre Unterarmbeugemuskeln werden aktiviert, wenn Sie den V-Bar-Griff greifen und halten;  <strong>Sekund\u00e4re Muskeln<\/strong>: Verschiedene stabilisierende Muskeln sind ebenfalls beteiligt, um Ihre Haltung zu unterst\u00fctzen und das Gleichgewicht w\u00e4hrend der \u00dcbung zu halten.<\/p>\n<\/div>\n<\/div>\n\n\n\n<div class=\"wp-block-columns alignwide mobile-reverse is-layout-flex wp-container-core-columns-is-layout-ca64bf2d wp-block-columns-is-layout-flex\" style=\"margin-bottom:var(--wp--preset--spacing--side-padding)\">\n<div class=\"wp-block-column is-vertically-aligned-center is-layout-flow wp-block-column-is-layout-flow\">\n<h3 class=\"wp-block-heading\" style=\"margin-bottom:var(--wp--preset--spacing--h-3-bottom)\">H\u00f6he der Griffe einstellbar<\/h3>\n\n\n\n<p><em><strong>Gebrauch: F\u00fcr ein umfassendes R\u00fcckentraining<\/strong><\/em><\/p>\n\n\n\n<p style=\"margin-bottom:var(--wp--preset--spacing--tb-section-padding)\">Das Evolve Ultra Series Low Row Ger\u00e4t ist ein vielseitiges Trainingsger\u00e4t f\u00fcr ein umfassendes R\u00fcckentraining. Mit der M\u00f6glichkeit, zwischen verschiedenen Zugtrainingsgriffen zu wechseln, erm\u00f6glicht dieses Ger\u00e4t den Benutzern, ihre Trainingsroutinen zu diversifizieren und eine breite Palette von Muskelgruppen effektiv zu trainieren. Ein herausragendes Merkmal dieser Maschine ist die einstellbare Griffh\u00f6he, die 10 verschiedene Positionen bietet.<br\/><br\/>Diese Anpassungsf\u00e4higkeit erm\u00f6glicht es den Nutzern, R\u00fcckenreihen in verschiedenen Winkeln auszuf\u00fchren, um ihre spezifischen Fitnessziele zu erreichen und verschiedene Bereiche des R\u00fcckens zu trainieren. Egal, ob man sich auf den oberen oder unteren R\u00fccken konzentriert oder ein abwechslungsreiches Training sucht, dieses Ger\u00e4t bietet die n\u00f6tige Flexibilit\u00e4t f\u00fcr ein abgerundetes Fitnessprogramm.  <br\/><br\/>Die niedrigste Einstellung der Umlenkrolle eignet sich f\u00fcr \u00dcbungen, die sich auf den oberen R\u00fccken konzentrieren, insbesondere auf die Trapez- und Rhomboidmuskeln, und hilft, diese Muskelgruppen zu st\u00e4rken und zu entwickeln. Umgekehrt ist die h\u00f6chste Einstellung des Flaschenzugs ideal f\u00fcr \u00dcbungen, bei denen ein Seil zum hinteren Teil der Deltamuskeln gezogen wird. Diese spezifische Trainingsmethode hilft, die Kraft und Definition der Deltamuskeln zu verbessern. Das Verstellsystem ist mit einem leuchtend gelben H\u00f6henverstellstift ausgestattet. Dieser Stift ist gut sichtbar und einfach zu bedienen, so dass der Benutzer schnell und pr\u00e4zise die gew\u00fcnschte Griffh\u00f6he ausw\u00e4hlen kann.<\/p>\n<\/div>\n\n\n\n<div class=\"wp-block-column is-vertically-aligned-center is-layout-flow wp-block-column-is-layout-flow\">\n<figure class=\"wp-block-video\"><video autoplay=\"\" controls=\"\" loop=\"\" muted=\"\" src=\"https:\/\/evolve-fitness.eu\/wp-content\/uploads\/2023\/08\/Evolve-UL-050-Adjustable-height-of-handles.mp4\"><\/video><\/figure>\n<\/div>\n<\/div>\n\n\n\n<div class=\"wp-block-columns alignwide is-layout-flex wp-container-core-columns-is-layout-c45ee707 wp-block-columns-is-layout-flex\" style=\"margin-bottom:var(--wp--preset--spacing--side-padding);padding-top:var(--wp--preset--spacing--side-padding)\">\n<div class=\"wp-block-column is-vertically-aligned-center is-layout-flow wp-block-column-is-layout-flow\">\n<figure class=\"wp-block-video\"><video autoplay=\"\" controls=\"\" loop=\"\" muted=\"\" src=\"https:\/\/evolve-fitness.eu\/wp-content\/uploads\/2023\/08\/Evolve-UL-050-Moulded-Seats-Precise-Seat-Adjustments.mp4\"><\/video><\/figure>\n<\/div>\n\n\n\n<div class=\"wp-block-column is-vertically-aligned-center is-layout-flow wp-block-column-is-layout-flow\">\n<h3 class=\"wp-block-heading\" style=\"margin-bottom:var(--wp--preset--spacing--h-3-bottom)\">Geformte Sitze und pr\u00e4zise Sitzverstellung<\/h3>\n\n\n\n<p><strong><em>Doppelt gen\u00e4hte Polsterung<\/em><\/strong><\/p>\n\n\n\n<p style=\"margin-bottom:var(--wp--preset--spacing--tb-section-padding)\">Der Selectorized Low Row Polyurethan-Sitz der Evolve Ultra-Serie ist mit einem geformten Design und einer doppelt gen\u00e4hten Polsterung ausgestattet und bietet au\u00dfergew\u00f6hnliche Haltbarkeit und Komfort. Sie sind so konzipiert, dass sie eine ergonomische Unterst\u00fctzung bieten. Dar\u00fcber hinaus sind robuste Maschinenkissen aus PU aufgrund ihrer Langlebigkeit, ihres Komforts, ihrer Pflegeleichtigkeit und ihrer allgemeinen Kosteneffizienz eine ausgezeichnete Wahl. Sie halten den Anforderungen des Krafttrainings stand und bieten gleichzeitig eine komfortable und hygienische Trainingsfl\u00e4che.<\/p>\n<\/div>\n<\/div>\n\n\n\n<div class=\"wp-block-columns alignwide are-vertically-aligned-center mobile-reverse is-layout-flex wp-container-core-columns-is-layout-e8158c2f wp-block-columns-is-layout-flex\" style=\"padding-top:var(--wp--preset--spacing--side-padding)\">\n<div class=\"wp-block-column is-vertically-aligned-center is-layout-flow wp-block-column-is-layout-flow\">\n<h3 class=\"wp-block-heading\" style=\"margin-bottom:var(--wp--preset--spacing--h-3-bottom)\"><strong>Fu\u00dfst\u00fctze aus rostfreiem Stahl<\/strong><\/h3>\n\n\n\n<p><strong><em>Fu\u00dfst\u00fctze aus rostfreiem Stahl<\/em><\/strong><\/p>\n\n\n\n<p style=\"margin-bottom:var(--wp--preset--spacing--tb-section-padding)\">Das Evolve Ultra Series Low Row-Ger\u00e4t verf\u00fcgt \u00fcber eine Fu\u00dfst\u00fctze aus Edelstahl, die sowohl die Sicherheit als auch die Stabilit\u00e4t w\u00e4hrend des Trainings erh\u00f6ht. Diese Fu\u00dfst\u00fctze bietet eine stabile Plattform, die f\u00fcr die Aufrechterhaltung der richtigen Form und die Verringerung des Verletzungsrisikos unerl\u00e4sslich ist. Die rutschfeste Oberfl\u00e4che verhindert ein versehentliches Ausrutschen und sorgt f\u00fcr ein konzentriertes und sicheres Trainingserlebnis. Neben der Funktionalit\u00e4t wertet die Fu\u00dfst\u00fctze aus Edelstahl das Erscheinungsbild der Maschine auf. Der gl\u00e4nzende Edelstahl sieht nicht nur attraktiv aus, sondern verleiht dem Ger\u00e4t auch einen modernen Touch und macht es zu einer optisch ansprechenden Erg\u00e4nzung f\u00fcr jedes Fitnessstudio oder jede Fitnesseinrichtung.<\/p>\n<\/div>\n\n\n\n<div class=\"wp-block-column is-vertically-aligned-center is-layout-flow wp-block-column-is-layout-flow\">\n<figure class=\"wp-block-video\"><video autoplay=\"\" controls=\"\" loop=\"\" muted=\"\" src=\"https:\/\/evolve-fitness.eu\/wp-content\/uploads\/2023\/08\/Evolve-UL-050-Stainless-steel-foot-support.mp4\"><\/video><\/figure>\n<\/div>\n<\/div>\n\n\n\n<div class=\"wp-block-columns alignwide are-vertically-aligned-center mobile-reverse is-layout-flex wp-container-core-columns-is-layout-e8158c2f wp-block-columns-is-layout-flex\" style=\"padding-top:var(--wp--preset--spacing--side-padding)\">\n<div class=\"wp-block-column is-vertically-aligned-center is-layout-flow wp-block-column-is-layout-flow\">\n<figure class=\"wp-block-video\"><video autoplay=\"\" controls=\"\" loop=\"\" muted=\"\" src=\"https:\/\/evolve-fitness.eu\/wp-content\/uploads\/2023\/08\/Evolve-UL-050-Handles-holder.mp4\"><\/video><\/figure>\n<\/div>\n\n\n\n<div class=\"wp-block-column is-vertically-aligned-center is-layout-flow wp-block-column-is-layout-flow\">\n<h3 class=\"wp-block-heading\" style=\"margin-bottom:var(--wp--preset--spacing--h-3-bottom)\"><strong>Halter f\u00fcr Griffe<\/strong><\/h3>\n\n\n\n<p><strong><em>Bequeme und organisierte L\u00f6sung<\/em><\/strong><\/p>\n\n\n\n<p style=\"margin-bottom:var(--wp--preset--spacing--tb-section-padding)\">Das Evolve Ultra Series Low Row-Ger\u00e4t ist mit einem 4-fachen Aufbewahrungshaken f\u00fcr Trainingszubeh\u00f6r ausgestattet, der eine bequeme und organisierte L\u00f6sung f\u00fcr die Aufbewahrung von Trainingsgriffen und Zubeh\u00f6r bietet. Diese Funktion gew\u00e4hrleistet einen schnellen und einfachen Zugang zu den verschiedenen Griffen w\u00e4hrend des Trainings. Die organisierte Aufbewahrung spielt auch eine entscheidende Rolle bei der Aufrechterhaltung eines sauberen und \u00fcbersichtlichen Trainingsbereichs. Es verhindert, dass Griffe verlegt werden und tr\u00e4gt zu einer sicheren und optisch ansprechenden Trainingsumgebung bei.<\/p>\n<\/div>\n<\/div>\n\n\n\n<div class=\"wp-block-columns alignwide are-vertically-aligned-center mobile-reverse is-layout-flex wp-container-core-columns-is-layout-e8158c2f wp-block-columns-is-layout-flex\" style=\"padding-top:var(--wp--preset--spacing--side-padding)\">\n<div class=\"wp-block-column is-vertically-aligned-center is-layout-flow wp-block-column-is-layout-flow\">\n<h3 class=\"wp-block-heading\" style=\"margin-bottom:var(--wp--preset--spacing--h-3-bottom)\"><strong>Obere Gewichtsplatte<\/strong><\/h3>\n\n\n\n<p><strong><em>Fordere dich selbst heraus<\/em><\/strong><\/p>\n\n\n\n<p>Die Evolve Ultra Series Selectorized Shoulder Press ist mit zwei zus\u00e4tzlichen 2,5 kg schweren Gewichtsplatten ausgestattet, die einen doppelten Zweck erf\u00fcllen, indem sie die Leistung des Trainingsger\u00e4ts steigern. Erstens erweitert es den maximalen Widerstand, den das Ger\u00e4t leisten kann, so dass die Benutzer sich in ihrem Training noch mehr herausfordern k\u00f6nnen.<br\/>Dar\u00fcber hinaus bieten diese zus\u00e4tzlichen Gewichtsplatten einen einzigartigen Vorteil, denn sie erm\u00f6glichen es dem Benutzer, den Widerstand in kleineren, pr\u00e4ziseren Schritten einzustellen, wobei jede Platte eine Erh\u00f6hung um 2,5 kg erm\u00f6glicht. Diese Pr\u00e4zision bei der Auswahl des Widerstands erm\u00f6glicht es den Trainierenden, ihr Training auf ihre spezifischen Bed\u00fcrfnisse und Ziele abzustimmen, um sicherzustellen, dass jede Trainingseinheit auf optimale Ergebnisse zugeschnitten ist.<\/p>\n<\/div>\n\n\n\n<div class=\"wp-block-column is-vertically-aligned-center is-layout-flow wp-block-column-is-layout-flow\">\n<figure class=\"wp-block-image size-full\"><img decoding=\"async\" src=\"https:\/\/evolve-fitness.eu\/wp-content\/uploads\/2024\/01\/plate.webp\" alt=\"\" class=\"wp-image-9942\"\/><\/figure>\n<\/div>\n<\/div>\n\n\n\n<div class=\"wp-block-columns alignwide are-vertically-aligned-center mobile-reverse is-layout-flex wp-container-core-columns-is-layout-e8158c2f wp-block-columns-is-layout-flex\" style=\"padding-top:var(--wp--preset--spacing--side-padding)\">\n<div class=\"wp-block-column is-vertically-aligned-center is-layout-flow wp-block-column-is-layout-flow\">\n<figure class=\"wp-block-video\"><video height=\"493\" style=\"aspect-ratio: 922 \/ 493;\" width=\"922\" autoplay=\"\" controls=\"\" loop=\"\" muted=\"\" src=\"https:\/\/evolve-fitness.eu\/wp-content\/uploads\/2023\/08\/Evolve-UL-050-Weight-Stack.mp4\"><\/video><\/figure>\n<\/div>\n\n\n\n<div class=\"wp-block-column is-vertically-aligned-center is-layout-flow wp-block-column-is-layout-flow\">\n<h3 class=\"wp-block-heading\" style=\"margin-bottom:var(--wp--preset--spacing--h-3-bottom)\"><strong>Gewicht Stack<\/strong><\/h3>\n\n\n\n<p><strong><em>Anspruchsvolleres Workout<\/em><\/strong><\/p>\n\n\n\n<p>Die Evolve Ultra Series Selectorized Shoulder Press ist mit einem 110-kg-Widerstand ausgestattet, aber Sie haben auch die M\u00f6glichkeit, diesen auf 122,5 kg zu erh\u00f6hen, um ein noch anspruchsvolleres Training zu absolvieren. Ein vollst\u00e4ndig geschlossener Gewichtsstapel gew\u00e4hrleistet die Sicherheit Ihrer \u00dcbungen.<\/p>\n\n\n\n<p><strong><em>\u00dcbungen kleben unsere visuelle Hilfe auf<\/em><\/strong><\/p>\n\n\n\n<p>Die Ger\u00e4te der Evolve Ultra-Serie sind mit informativen Aufklebern versehen, die Ihnen als visuelle Hilfe dienen und es Ihnen erleichtern, sich in den Funktionen des Ger\u00e4ts zurechtzufinden, was letztendlich Ihr Trainingserlebnis verbessert. Dar\u00fcber hinaus bietet er wertvolle Einblicke in die verschiedenen Muskelgruppen, die auf dem Ger\u00e4t effektiv trainiert werden k\u00f6nnen, so dass Sie das Beste aus Ihrem Fitnessprogramm machen k\u00f6nnen, indem Sie gezielt bestimmte Bereiche ansprechen<\/p>\n<\/div>\n<\/div>\n\n\n\n<div class=\"wp-block-columns alignwide are-vertically-aligned-center mobile-reverse is-layout-flex wp-container-core-columns-is-layout-e8158c2f wp-block-columns-is-layout-flex\" style=\"padding-top:var(--wp--preset--spacing--side-padding)\">\n<div class=\"wp-block-column is-vertically-aligned-center is-layout-flow wp-block-column-is-layout-flow\">\n<h3 class=\"wp-block-heading\" style=\"margin-bottom:var(--wp--preset--spacing--h-3-bottom)\"><strong>Kabel<\/strong><\/h3>\n\n\n\n<p><strong><em>Hervorragende Qualit\u00e4t<\/em><\/strong><\/p>\n\n\n\n<p>Die Maschinen der Evolve Ultra Serie verwenden Kabel von h\u00f6chster Qualit\u00e4t. Jede Litze besteht aus 19 miteinander verdrillten Dr\u00e4hten aus Polyamid 12 (PA12) und hat einen Durchmesser von 5 mm. Diese Kabel sind auf St\u00e4rke und Langlebigkeit ausgelegt, mit einer Bruchkraft von 9000 kN, was sie zur bevorzugten Wahl f\u00fcr Anwendungen macht, bei denen es auf au\u00dfergew\u00f6hnliche Zuverl\u00e4ssigkeit, Langlebigkeit und Leistung ankommt&#8230; Wenn Sie von einer \u00dcbung zur n\u00e4chsten \u00fcbergehen, sei es Bizepscurls, Brustdr\u00fccken, Latziehen oder jede andere kraftf\u00f6rdernde Aktivit\u00e4t, sorgt die au\u00dfergew\u00f6hnliche Leistung der Kabel der Evolve Ultra-Serie daf\u00fcr, dass Ihre Bewegungen gleichm\u00e4\u00dfig sind und der Widerstand konstant bleibt, was ein effektives und angenehmes Training f\u00f6rdert.<\/p>\n<\/div>\n\n\n\n<div class=\"wp-block-column is-vertically-aligned-center is-layout-flow wp-block-column-is-layout-flow\">\n<figure class=\"wp-block-video\"><video height=\"600\" style=\"aspect-ratio: 680 \/ 600;\" width=\"680\" autoplay=\"\" controls=\"\" loop=\"\" muted=\"\" src=\"https:\/\/evolve-fitness.eu\/wp-content\/uploads\/2023\/10\/Evolve-cable.mp4\"><\/video><\/figure>\n<\/div>\n<\/div>\n\n\n\n<div class=\"wp-block-columns alignwide are-vertically-aligned-center mobile-reverse is-layout-flex wp-container-core-columns-is-layout-e8158c2f wp-block-columns-is-layout-flex\" style=\"padding-top:var(--wp--preset--spacing--side-padding)\">\n<div class=\"wp-block-column is-vertically-aligned-center is-layout-flow wp-block-column-is-layout-flow\">\n<figure class=\"wp-block-video\"><video height=\"1920\" style=\"aspect-ratio: 1920 \/ 1920;\" width=\"1920\" autoplay=\"\" controls=\"\" loop=\"\" muted=\"\" src=\"https:\/\/evolve-fitness.eu\/wp-content\/uploads\/2023\/10\/Evolve-Double-powder-coated-Frame.mp4\"><\/video><\/figure>\n<\/div>\n\n\n\n<div class=\"wp-block-column is-vertically-aligned-center is-layout-flow wp-block-column-is-layout-flow\">\n<h3 class=\"wp-block-heading\" style=\"margin-bottom:var(--wp--preset--spacing--h-3-bottom)\"><strong>Doppelt pulverbeschichtet<\/strong><\/h3>\n\n\n\n<p><strong><em>Elektrostatisch pulverbeschichtet<\/em><\/strong><\/p>\n\n\n\n<p>Die Evolve Ultra Series Kraftmaschinen mit einem elektrostatisch pulverbeschichteten, perlschwarzen, matten Rahmen sind ein Beispiel f\u00fcr Form und Funktion. Seine \u00c4sthetik wird durch das matte schwarze Finish noch verst\u00e4rkt, w\u00e4hrend seine praktischen Eigenschaften wie Reibungswiderstand, Korrosionsschutz und Kratzfestigkeit daf\u00fcr sorgen, dass er ein zuverl\u00e4ssiger und langlebiger Fitnessbegleiter ist.<\/p>\n<\/div>\n<\/div>\n<\/section>\n","protected":false},"excerpt":{"rendered":"<p>Erleben Sie unvergleichliche Vielseitigkeit und Komfort mit dem Evolve Ultra Series Selectorized Low Row (UL-050). Verbessern Sie Ihr Trainingsprogramm durch dynamische \u00dcbungen mit unabh\u00e4ngigen Armbewegungen, die eine symmetrische Muskelentwicklung f\u00f6rdern. Die vollst\u00e4ndig abgedeckte Hantelstapelabdeckung sorgt f\u00fcr Sicherheit und verleiht Ihrem Fitnessraum einen Hauch von Stil. Mit seiner eleganten, matten Lackierung, den optimalen Griffen und dem benutzerfreundlichen Design mit Einhand-Sitzverstellung bietet dieses Ger\u00e4t ein nahtloses und effizientes Trainingserlebnis. Entdecken Sie den UL-050, um Ihre Fitnessreise zu neuen H\u00f6hen zu f\u00fchren.<\/p>\n","protected":false},"featured_media":75789,"template":"","meta":{"_acf_changed":false,"inline_featured_image":false},"product_cat":[164,165],"product_tag":[],"class_list":{"0":"post-7476","1":"product","2":"type-product","3":"status-publish","4":"has-post-thumbnail","6":"product_cat-selektorisierte-maschinen","7":"product_cat-ultra-series-selektiert","9":"first","10":"instock","11":"sale","12":"shipping-taxable","13":"purchasable","14":"product-type-simple"},"acf":[],"_links":{"self":[{"href":"https:\/\/store.evolve-fitness.eu\/de\/wp-json\/wp\/v2\/product\/7476","targetHints":{"allow":["GET"]}}],"collection":[{"href":"https:\/\/store.evolve-fitness.eu\/de\/wp-json\/wp\/v2\/product"}],"about":[{"href":"https:\/\/store.evolve-fitness.eu\/de\/wp-json\/wp\/v2\/types\/product"}],"wp:featuredmedia":[{"embeddable":true,"href":"https:\/\/store.evolve-fitness.eu\/de\/wp-json\/wp\/v2\/media\/75789"}],"wp:attachment":[{"href":"https:\/\/store.evolve-fitness.eu\/de\/wp-json\/wp\/v2\/media?parent=7476"}],"wp:term":[{"taxonomy":"product_cat","embeddable":true,"href":"https:\/\/store.evolve-fitness.eu\/de\/wp-json\/wp\/v2\/product_cat?post=7476"},{"taxonomy":"product_tag","embeddable":true,"href":"https:\/\/store.evolve-fitness.eu\/de\/wp-json\/wp\/v2\/product_tag?post=7476"}],"curies":[{"name":"wp","href":"https:\/\/api.w.org\/{rel}","templated":true}]}}