{"id":7474,"date":"2024-01-17T13:53:33","date_gmt":"2024-01-17T13:53:33","guid":{"rendered":"https:\/\/store.evolve-fitness.eu\/produktas\/evolve-ultra-series-selectorized-bauchmuskelmaschine\/"},"modified":"2025-11-03T11:54:03","modified_gmt":"2025-11-03T11:54:03","slug":"evolve-ultra-series-selectorized-bauchmuskelmaschine","status":"publish","type":"product","link":"https:\/\/store.evolve-fitness.eu\/de\/produkt\/evolve-ultra-series-selectorized-bauchmuskelmaschine\/","title":{"rendered":"Evolve Ultra Series Selectorized Bauchmuskelmaschine (UL-270)"},"content":{"rendered":"\n<section class=\"wp-block-group alignfull black-content has-white-color has-darkgray-background-color has-text-color has-background is-layout-constrained wp-block-group-is-layout-constrained\" style=\"padding-top:var(--wp--preset--spacing--section-bottom);padding-bottom:var(--wp--preset--spacing--section-bottom)\">\n<div class=\"wp-block-columns alignwide mobile-reverse is-layout-flex wp-container-core-columns-is-layout-ca64bf2d wp-block-columns-is-layout-flex\" style=\"margin-bottom:var(--wp--preset--spacing--side-padding)\">\n<div class=\"wp-block-column is-vertically-aligned-center is-layout-flow wp-block-column-is-layout-flow\">\n<h3 class=\"wp-block-heading\">Obere Gewichtsplatte<\/h3>\n\n\n\n<p><strong><em>F\u00fcr bessere Leistung<\/em><\/strong><\/p>\n\n\n\n<p>Die Evolve Ultra Series Selectorized Leg Extension Machine ist mit zwei zus\u00e4tzlichen 2,5 kg schweren Gewichtsplatten ausgestattet, die einen doppelten Zweck erf\u00fcllen und die Leistung des Trainingsger\u00e4ts steigern. Erstens erweitert er den maximalen Widerstand, den das Ger\u00e4t leisten kann, und erm\u00f6glicht es den Benutzern, sich bei ihrem Training noch mehr herauszufordern. Dar\u00fcber hinaus bieten diese zus\u00e4tzlichen Gewichtsplatten einen einzigartigen Vorteil, denn sie erm\u00f6glichen es dem Benutzer, den Widerstand in kleineren, pr\u00e4ziseren Schritten einzustellen, wobei jede Platte eine Erh\u00f6hung um 2,5 kg erm\u00f6glicht. Dank dieser Pr\u00e4zision bei der Auswahl des Widerstands k\u00f6nnen Sie Ihr Training genau auf Ihre Bed\u00fcrfnisse und Ziele abstimmen und so sicherstellen, dass jede Trainingseinheit auf optimale Ergebnisse zugeschnitten ist.<\/p>\n<\/div>\n\n\n\n<div class=\"wp-block-column is-vertically-aligned-center is-layout-flow wp-block-column-is-layout-flow\">\n<figure class=\"wp-block-image size-full\"><img decoding=\"async\" src=\"https:\/\/evolve-fitness.eu\/wp-content\/uploads\/2024\/01\/plate.webp\" alt=\"\" class=\"wp-image-9942\"\/><\/figure>\n<\/div>\n<\/div>\n\n\n\n<div class=\"wp-block-columns alignwide is-layout-flex wp-container-core-columns-is-layout-c45ee707 wp-block-columns-is-layout-flex\" style=\"margin-bottom:var(--wp--preset--spacing--side-padding);padding-top:var(--wp--preset--spacing--side-padding)\">\n<div class=\"wp-block-column is-vertically-aligned-center is-layout-flow wp-block-column-is-layout-flow\">\n<figure class=\"wp-block-image size-full\"><img decoding=\"async\" src=\"https:\/\/evolve-fitness.eu\/wp-content\/uploads\/2024\/01\/stack.webp\" alt=\"\" class=\"wp-image-9940\"\/><\/figure>\n<\/div>\n\n\n\n<div class=\"wp-block-column is-vertically-aligned-center is-layout-flow wp-block-column-is-layout-flow\">\n<h3 class=\"wp-block-heading\">Gewicht Stapel<\/h3>\n\n\n\n<p><strong><em>Anpassen und Hinzuf\u00fcgen<\/em><\/strong><\/p>\n\n\n\n<p>Die Evolve Ultra Series Selectorized Leg Extension Machine mit 2 x 2,5 kg Hantelscheiben ist mit einem 110 kg schweren Gewichtsstapel ausgestattet, aber Sie haben auch die M\u00f6glichkeit, diesen auf 122,5 kg zu erweitern, um ein noch anspruchsvolleres Training zu absolvieren. Der vollst\u00e4ndig geschlossene Gewichtsstapel gew\u00e4hrleistet die Sicherheit Ihrer \u00dcbungen.<\/p>\n<\/div>\n<\/div>\n\n\n\n<div class=\"wp-block-columns alignwide are-vertically-aligned-center mobile-reverse is-layout-flex wp-container-core-columns-is-layout-e8158c2f wp-block-columns-is-layout-flex\" style=\"padding-top:var(--wp--preset--spacing--side-padding)\">\n<div class=\"wp-block-column is-vertically-aligned-center is-layout-flow wp-block-column-is-layout-flow\">\n<h3 class=\"wp-block-heading\">Kabel<\/h3>\n\n\n\n<p><strong><em>Hervorragende Qualit\u00e4t<\/em><\/strong><\/p>\n\n\n\n<p>Die Ger\u00e4te der Evolve Ultra Series verwenden Kabel von h\u00f6chster Qualit\u00e4t. Jede Litze besteht aus 19 miteinander verdrillten Dr\u00e4hten aus Polyamid 12 (PA12) und hat einen Durchmesser von 5 mm. Diese Kabel sind auf St\u00e4rke und Langlebigkeit ausgelegt, mit einer Bruchkraft von 9000 kN, was sie zur bevorzugten Wahl f\u00fcr Anwendungen macht, bei denen es auf au\u00dfergew\u00f6hnliche Zuverl\u00e4ssigkeit, Langlebigkeit und Leistung ankommt&#8230; Wenn Sie von einer \u00dcbung zur n\u00e4chsten \u00fcbergehen, sei es Bizepscurls, Brustdr\u00fccken, Latziehen oder jede andere kraftf\u00f6rdernde Aktivit\u00e4t, sorgt die au\u00dfergew\u00f6hnliche Leistung der Kabel der Evolve Ultra-Serie daf\u00fcr, dass Ihre Bewegungen gleichm\u00e4\u00dfig sind und der Widerstand konstant bleibt, was ein effektives und angenehmes Training f\u00f6rdert.<\/p>\n<\/div>\n\n\n\n<div class=\"wp-block-column is-vertically-aligned-center is-layout-flow wp-block-column-is-layout-flow\">\n<figure class=\"wp-block-video\"><video height=\"600\" style=\"aspect-ratio: 680 \/ 600;\" width=\"680\" controls=\"\" src=\"https:\/\/evolve-fitness.eu\/wp-content\/uploads\/2023\/10\/Evolve-cable.mp4\"><\/video><\/figure>\n<\/div>\n<\/div>\n<\/section>\n","protected":false},"excerpt":{"rendered":"<p>Entdecken Sie die Spitze des Bauchtrainings mit der Evolve Ultra Series Selectorized Abdominal Machine UL-270, einer hochmodernen Fitnessl\u00f6sung, die Ihr Kerntraining revolutioniert. Dieses Ger\u00e4t wurde sowohl f\u00fcr Fitness-Enthusiasten als auch f\u00fcr Fitness-Profis entwickelt. Es verbindet hervorragende Ergonomie mit einem einstellbaren Widerstand und ist damit die ideale Wahl f\u00fcr Benutzer aller Leistungsstufen, die ihre Bauchkraft und -definition verbessern m\u00f6chten. Dieses Bauchmuskeltrainingsger\u00e4t verspricht Langlebigkeit, benutzerfreundliche Funktionen und ein effektives Training der Rumpfmuskulatur und setzt damit einen neuen Standard f\u00fcr Bauchmuskeltrainingsger\u00e4te. Ganz gleich, ob Sie Ihren Mittelteil straffen, Kernkraft aufbauen oder Ihre allgemeine Fitness verbessern m\u00f6chten, die Evolve Ultra Series Selectorized Abdominal Machine ist eine hervorragende Wahl auf dem Markt.<\/p>\n","protected":false},"featured_media":81224,"template":"","meta":{"_acf_changed":false,"inline_featured_image":false},"product_cat":[118,164,165],"product_tag":[],"class_list":{"0":"post-7474","1":"product","2":"type-product","3":"status-publish","4":"has-post-thumbnail","6":"product_cat-hauptseite","7":"product_cat-selektorisierte-maschinen","8":"product_cat-ultra-series-selektiert","10":"first","11":"instock","12":"sale","13":"shipping-taxable","14":"purchasable","15":"product-type-simple"},"acf":[],"_links":{"self":[{"href":"https:\/\/store.evolve-fitness.eu\/de\/wp-json\/wp\/v2\/product\/7474","targetHints":{"allow":["GET"]}}],"collection":[{"href":"https:\/\/store.evolve-fitness.eu\/de\/wp-json\/wp\/v2\/product"}],"about":[{"href":"https:\/\/store.evolve-fitness.eu\/de\/wp-json\/wp\/v2\/types\/product"}],"wp:featuredmedia":[{"embeddable":true,"href":"https:\/\/store.evolve-fitness.eu\/de\/wp-json\/wp\/v2\/media\/81224"}],"wp:attachment":[{"href":"https:\/\/store.evolve-fitness.eu\/de\/wp-json\/wp\/v2\/media?parent=7474"}],"wp:term":[{"taxonomy":"product_cat","embeddable":true,"href":"https:\/\/store.evolve-fitness.eu\/de\/wp-json\/wp\/v2\/product_cat?post=7474"},{"taxonomy":"product_tag","embeddable":true,"href":"https:\/\/store.evolve-fitness.eu\/de\/wp-json\/wp\/v2\/product_tag?post=7474"}],"curies":[{"name":"wp","href":"https:\/\/api.w.org\/{rel}","templated":true}]}}