{"id":7458,"date":"2024-01-17T15:22:30","date_gmt":"2024-01-17T15:22:30","guid":{"rendered":"https:\/\/store.evolve-fitness.eu\/produktas\/evolve-ultra-series-selektierte-abduktion-adduktion\/"},"modified":"2024-06-05T12:53:27","modified_gmt":"2024-06-05T12:53:27","slug":"evolve-ultra-series-selektierte-abduktion-adduktion","status":"publish","type":"product","link":"https:\/\/store.evolve-fitness.eu\/de\/produkt\/evolve-ultra-series-selektierte-abduktion-adduktion\/","title":{"rendered":"Evolve Ultra Series Selektierte Abduktion \/ Adduktion"},"content":{"rendered":"\n<section class=\"wp-block-group alignfull black-content has-white-color has-darkgray-background-color has-text-color has-background is-layout-constrained wp-block-group-is-layout-constrained\" style=\"padding-top:var(--wp--preset--spacing--section-bottom);padding-bottom:var(--wp--preset--spacing--section-bottom)\">\n<div class=\"wp-block-columns alignwide mobile-reverse is-layout-flex wp-container-core-columns-is-layout-ca64bf2d wp-block-columns-is-layout-flex\" style=\"margin-bottom:var(--wp--preset--spacing--side-padding)\">\n<div class=\"wp-block-column is-vertically-aligned-center is-layout-flow wp-block-column-is-layout-flow\">\n<figure class=\"wp-block-video\"><video autoplay=\"\" controls=\"\" loop=\"\" muted=\"\" src=\"https:\/\/evolve-fitness.eu\/wp-content\/uploads\/2023\/08\/Abduction-Adduction-Evolve-Ultra-Series-Selectorized-1.mp4\"><\/video><\/figure>\n<\/div>\n\n\n\n<div class=\"wp-block-column is-vertically-aligned-center is-layout-flow wp-block-column-is-layout-flow\">\n<h3 class=\"wp-block-heading\">Willkommen bei der Ultra-Serie<\/h3>\n\n\n\n<p><strong><em>Lernen Sie unsere Ger\u00e4te der Ultra-Serie mit einer hochmodernen 3D-360-Tour kennen<\/em><\/strong><\/p>\n\n\n\n<p>Die Evolve Ultra Series Selectorized Leg-Press \/ Hack Squat, Teil der Evolve Ultra Series, ist sowohl auf Komfort als auch auf Leistung ausgelegt. Das Ger\u00e4t wurde f\u00fcr die Vielseitigkeit der \u00dcbungen, die ergonomische Unterst\u00fctzung und die Verstellbarkeit f\u00fcr verschiedene Benutzergr\u00f6\u00dfen entwickelt. Das Design ist \u00e4sthetisch ansprechend mit einer haltbaren, pulverbeschichteten Oberfl\u00e4che, und die Verwendung von hochwertigen Kabeln sorgt f\u00fcr einen reibungslosen Betrieb.<\/p>\n<\/div>\n<\/div>\n\n\n\n<div class=\"wp-block-columns alignwide is-layout-flex wp-container-core-columns-is-layout-c45ee707 wp-block-columns-is-layout-flex\" style=\"margin-bottom:var(--wp--preset--spacing--side-padding);padding-top:var(--wp--preset--spacing--side-padding)\">\n<div class=\"wp-block-column is-vertically-aligned-center is-layout-flow wp-block-column-is-layout-flow\">\n<h3 class=\"wp-block-heading\" style=\"margin-bottom:var(--wp--preset--spacing--h-3-bottom)\">Muskeln<\/h3>\n\n\n\n<p><strong><em>Die einzigartige matte Lackoberfl\u00e4che<\/em><\/strong><\/p>\n\n\n\n<p>Die Abduktions-\/Adduktionsmaschine trainiert die Muskeln der inneren und \u00e4u\u00dferen Oberschenkel. <strong>Abduktions-Bewegung:<\/strong> Konzentriert sich auf die Abduktionsmuskeln, vor allem auf den Gluteus medius und minimus. Diese Muskeln sind daf\u00fcr verantwortlich, das Bein von der Mittellinie des K\u00f6rpers wegzubewegen. <strong>Adduktions-Bewegung:<\/strong> Zielt auf die Adduktorenmuskeln, einschlie\u00dflich des Adductor magnus, longus und brevis. Diese Muskeln dienen dazu, das Bein zur K\u00f6rpermitte zu bringen.<br\/><br\/>Dieses Ger\u00e4t dient zur St\u00e4rkung und Kr\u00e4ftigung dieser Muskelgruppen und verbessert die Stabilit\u00e4t und das Gleichgewicht der Beine.<\/p>\n\n\n\n<ol class=\"wp-block-list\">\n<li><\/li>\n<\/ol>\n<\/div>\n\n\n\n<div class=\"wp-block-column is-vertically-aligned-center is-layout-flow wp-block-column-is-layout-flow\">\n<figure class=\"wp-block-video\"><video height=\"2560\" style=\"aspect-ratio: 1920 \/ 2560;\" width=\"1920\" autoplay=\"\" controls=\"\" loop=\"\" muted=\"\" src=\"https:\/\/evolve-fitness.eu\/wp-content\/uploads\/2023\/08\/EV-SC-UL-200-Full.mp4\"><\/video><\/figure>\n<\/div>\n<\/div>\n\n\n\n<div class=\"wp-block-columns alignwide mobile-reverse is-layout-flex wp-container-core-columns-is-layout-ca64bf2d wp-block-columns-is-layout-flex\" style=\"margin-bottom:var(--wp--preset--spacing--side-padding)\">\n<div class=\"wp-block-column is-vertically-aligned-center is-layout-flow wp-block-column-is-layout-flow\">\n<figure class=\"wp-block-video\"><video height=\"2560\" style=\"aspect-ratio: 1920 \/ 2560;\" width=\"1920\" autoplay=\"\" controls=\"\" loop=\"\" muted=\"\" src=\"https:\/\/evolve-fitness.eu\/wp-content\/uploads\/2023\/08\/EV-SC-UL-200-Seat.mp4\"><\/video><\/figure>\n<\/div>\n\n\n\n<div class=\"wp-block-column is-vertically-aligned-center is-layout-flow wp-block-column-is-layout-flow\">\n<h3 class=\"wp-block-heading\">Geformte Sitze<\/h3>\n\n\n\n<p><em><strong>  F\u00fcr optimalen Komfort und Effektivit\u00e4t<\/strong><\/em><\/p>\n\n\n\n<p style=\"margin-bottom:var(--wp--preset--spacing--tb-section-padding)\">Die Evolve Ultra Series Selectorized Abduction\/Adduction ist Teil der Evolve Ultra Series, die f\u00fcr ihre ergonomische Unterst\u00fctzung, ihre Anpassungsf\u00e4higkeit an verschiedene Benutzergr\u00f6\u00dfen und ihr schlankes, langlebiges Design bekannt ist. Dieses Ger\u00e4t ist ideal, um die Muskeln zu trainieren und die Stabilit\u00e4t und das Gleichgewicht der Beine zu verbessern.<\/p>\n<\/div>\n<\/div>\n\n\n\n<div class=\"wp-block-columns alignwide mobile-reverse is-layout-flex wp-container-core-columns-is-layout-ca64bf2d wp-block-columns-is-layout-flex\" style=\"margin-bottom:var(--wp--preset--spacing--side-padding)\">\n<div class=\"wp-block-column is-vertically-aligned-center is-layout-flow wp-block-column-is-layout-flow\">\n<h3 class=\"wp-block-heading\" style=\"margin-bottom:var(--wp--preset--spacing--h-3-bottom)\">Sicherheit trifft auf Stil<\/h3>\n\n\n\n<p><strong><em>Vollst\u00e4ndig abgedeckte Gewichtsstapelabdeckung<\/em><\/strong><\/p>\n\n\n\n<p>F\u00fcr Fitnessstudiobesitzer und -unternehmer sind Sicherheit und \u00c4sthetik von gr\u00f6\u00dfter Bedeutung. Die Evolve Ultra Series verf\u00fcgt \u00fcber eine vollst\u00e4ndig abgedeckte Gewichtsstapelabdeckung, die Sicherheit und Stil nahtlos miteinander verbindet. Durch die Verbesserung der Sicherheit und die Vermeidung von Unf\u00e4llen bei gleichzeitiger Reinhaltung des Fitnessraums ist diese Abdeckhaube eine unverzichtbare Erg\u00e4nzung f\u00fcr jede Fitnesseinrichtung. Erh\u00f6hen Sie die visuelle Attraktivit\u00e4t Ihres Fitnessstudios und achten Sie gleichzeitig auf die Sicherheit Ihrer Kunden bei jeder Trainingseinheit.<\/p>\n<\/div>\n\n\n\n<div class=\"wp-block-column is-vertically-aligned-center is-layout-flow wp-block-column-is-layout-flow\">\n<figure class=\"wp-block-image size-large\"><img decoding=\"async\" src=\"https:\/\/evolve-fitness.eu\/wp-content\/uploads\/2023\/12\/A7_08500-683x1024.jpg\" alt=\"\" class=\"wp-image-8710\"\/><\/figure>\n<\/div>\n<\/div>\n\n\n\n<div class=\"wp-block-columns alignwide is-layout-flex wp-container-core-columns-is-layout-c45ee707 wp-block-columns-is-layout-flex\" style=\"margin-bottom:var(--wp--preset--spacing--side-padding);padding-top:var(--wp--preset--spacing--side-padding)\">\n<div class=\"wp-block-column is-vertically-aligned-center is-layout-flow wp-block-column-is-layout-flow\">\n<figure class=\"wp-block-video\"><video height=\"2560\" style=\"aspect-ratio: 1920 \/ 2560;\" width=\"1920\" autoplay=\"\" controls=\"\" loop=\"\" muted=\"\" src=\"https:\/\/evolve-fitness.eu\/wp-content\/uploads\/2024\/01\/EV-SC-UL-200-Handle.mp4\"><\/video><\/figure>\n<\/div>\n\n\n\n<div class=\"wp-block-column is-vertically-aligned-center is-layout-flow wp-block-column-is-layout-flow\">\n<h3 class=\"wp-block-heading\" style=\"margin-bottom:var(--wp--preset--spacing--h-3-bottom)\">Benutzerorientierter Komfort<\/h3>\n\n\n\n<p><strong><em>Einhand-Sitzverstellung<\/em><\/strong><\/p>\n\n\n\n<p>Aufstrebende Fitnessstudiobesitzer, aufgepasst! Der benutzerorientierte Komfort der Einhand-Sitzverstellung verbessert das Trainingserlebnis. Die Kunden k\u00f6nnen nahtlos und ohne Unterbrechung von einer \u00dcbung zur n\u00e4chsten wechseln, was ihre Trainingseinheiten effizienter und angenehmer macht. Dieser nutzerzentrierte Ansatz wird Ihrer Fitnesseinrichtung helfen, sich in der wettbewerbsintensiven Fitnessbranche abzuheben.<\/p>\n<\/div>\n<\/div>\n\n\n\n<div class=\"wp-block-columns alignwide are-vertically-aligned-center mobile-reverse is-layout-flex wp-container-core-columns-is-layout-e8158c2f wp-block-columns-is-layout-flex\" style=\"padding-top:var(--wp--preset--spacing--side-padding)\">\n<div class=\"wp-block-column is-vertically-aligned-center is-layout-flow wp-block-column-is-layout-flow\">\n<h3 class=\"wp-block-heading\" style=\"margin-bottom:var(--wp--preset--spacing--h-3-bottom)\"><strong>Optimale Griffe<\/strong><\/h3>\n\n\n\n<p><strong><em><strong><em>Das Fitnesserlebnis verbessern<\/em><\/strong><\/em><\/strong><\/p>\n\n\n\n<p style=\"margin-bottom:var(--wp--preset--spacing--tb-section-padding)\">Die Gewinnung und Bindung von Kunden ist f\u00fcr Fitnessstudiobesitzer und Leiter von Fitnesseinrichtungen von entscheidender Bedeutung. Die Evolve Ultra Serie bietet optimale Handgriffe, die sorgf\u00e4ltig f\u00fcr Komfort und Sicherheit entwickelt wurden. Verbessern Sie das Trainingserlebnis Ihrer Kunden und sorgen Sie daf\u00fcr, dass sie engagiert und motiviert bleiben, um ihre Fitnessziele in Ihrer Einrichtung zu erreichen.<\/p>\n\n\n\n<h3 class=\"wp-block-heading\" style=\"margin-bottom:var(--wp--preset--spacing--h-3-bottom)\">M\u00fchelose Inbetriebnahme<\/h3>\n\n\n\n<p><strong><em><strong><em>Leg Assist f\u00fcr Inklusion<\/em><\/strong><\/em><\/strong><\/p>\n\n\n\n<p>F\u00fcr aufstrebende Fitnessstudiobesitzer, die in das Gesch\u00e4ft mit Fitnesseinrichtungen einsteigen m\u00f6chten, bietet das Effortless Start mit Leg Assist der Evolve Ultra Series einen Zugang f\u00fcr alle Fitnesslevel. Diese innovative Funktion beseitigt die Zugangsbarrieren f\u00fcr Neueinsteiger und sorgt daf\u00fcr, dass Ihr Fitnessstudio Kunden mit unterschiedlichen F\u00e4higkeiten willkommen hei\u00dft.<\/p>\n<\/div>\n\n\n\n<div class=\"wp-block-column is-vertically-aligned-center is-layout-flow wp-block-column-is-layout-flow\">\n<figure class=\"wp-block-image size-large\"><img decoding=\"async\" src=\"https:\/\/evolve-fitness.eu\/wp-content\/uploads\/2023\/08\/A7_08503-1024x683.jpg\" alt=\"\" class=\"wp-image-8715\"\/><\/figure>\n<\/div>\n<\/div>\n<\/section>\n","protected":false},"excerpt":{"rendered":"<p>Verbessern Sie Ihr Beintraining mit der Evolve Ultra Series Selectorized Abduction\/Adduction (UL-200). Erleben Sie gezielte Bewegungen und optimalen Komfort durch sein innovatives Design mit unabh\u00e4ngigen Armbewegungen, geformten Sitzen und benutzerfreundlichen Einstellungen. Erweitern Sie Ihr Fitnessstudio mit diesem eleganten und effektiven Ger\u00e4t, das die Muskelaktivit\u00e4t f\u00f6rdert und ein hervorragendes Fitnesserlebnis bietet.<\/p>\n","protected":false},"featured_media":75965,"template":"","meta":{"_acf_changed":false,"inline_featured_image":false},"product_cat":[118,164,165],"product_tag":[],"class_list":{"0":"post-7458","1":"product","2":"type-product","3":"status-publish","4":"has-post-thumbnail","6":"product_cat-hauptseite","7":"product_cat-selektorisierte-maschinen","8":"product_cat-ultra-series-selektiert","10":"first","11":"instock","12":"shipping-taxable","13":"purchasable","14":"product-type-simple"},"acf":[],"_links":{"self":[{"href":"https:\/\/store.evolve-fitness.eu\/de\/wp-json\/wp\/v2\/product\/7458","targetHints":{"allow":["GET"]}}],"collection":[{"href":"https:\/\/store.evolve-fitness.eu\/de\/wp-json\/wp\/v2\/product"}],"about":[{"href":"https:\/\/store.evolve-fitness.eu\/de\/wp-json\/wp\/v2\/types\/product"}],"wp:featuredmedia":[{"embeddable":true,"href":"https:\/\/store.evolve-fitness.eu\/de\/wp-json\/wp\/v2\/media\/75965"}],"wp:attachment":[{"href":"https:\/\/store.evolve-fitness.eu\/de\/wp-json\/wp\/v2\/media?parent=7458"}],"wp:term":[{"taxonomy":"product_cat","embeddable":true,"href":"https:\/\/store.evolve-fitness.eu\/de\/wp-json\/wp\/v2\/product_cat?post=7458"},{"taxonomy":"product_tag","embeddable":true,"href":"https:\/\/store.evolve-fitness.eu\/de\/wp-json\/wp\/v2\/product_tag?post=7458"}],"curies":[{"name":"wp","href":"https:\/\/api.w.org\/{rel}","templated":true}]}}