{"id":74537,"date":"2023-09-21T13:03:11","date_gmt":"2023-09-21T13:03:11","guid":{"rendered":"https:\/\/store.evolve-fitness.eu\/product\/evolve-pilates-ball-25cm\/"},"modified":"2025-03-07T09:40:05","modified_gmt":"2025-03-07T09:40:05","slug":"evolve-pilates-ball-25cm","status":"publish","type":"product","link":"https:\/\/store.evolve-fitness.eu\/de\/produkt\/evolve-pilates-ball-25cm\/","title":{"rendered":"Evolve Pilates Ball &#8211; 25cm"},"content":{"rendered":"\n<section class=\"wp-block-group alignfull has-lightgray-background-color has-background is-layout-constrained wp-block-group-is-layout-constrained\">\n<div class=\"wp-block-columns alignwide is-layout-flex wp-container-core-columns-is-layout-2edb0647 wp-block-columns-is-layout-flex\" style=\"margin-top:0;margin-bottom:0\">\n<div class=\"wp-block-column is-layout-flow wp-block-column-is-layout-flow\" style=\"flex-basis:33.33%\"><\/div>\n\n\n\n<div class=\"wp-block-column is-layout-flow wp-block-column-is-layout-flow\" style=\"flex-basis:66.66%\"><\/div>\n<\/div>\n<\/section>\n","protected":false},"excerpt":{"rendered":"<p>Verbessern Sie Ihre Fitness mit dem Evolve Pilates Ball &#8211; 25 cm. Entdecken Sie den ultimativen Fitnessbegleiter &#8211; unseren 25 cm Pilates-Ball. St\u00e4rken Sie Ihre K\u00f6rpermitte, verbessern Sie Ihr Gleichgewicht und Ihre Flexibilit\u00e4t. Er ist aus strapazierf\u00e4higem PVC gefertigt und eignet sich f\u00fcr alle Fitnessstufen. Kompakt, vielseitig und auf Erfolg ausgelegt. Verbessern Sie Ihr Training noch heute mit Evolve.<\/p>\n","protected":false},"featured_media":90211,"template":"","meta":{"_acf_changed":false,"inline_featured_image":false},"product_cat":[191],"product_tag":[],"class_list":{"0":"post-74537","1":"product","2":"type-product","3":"status-publish","4":"has-post-thumbnail","6":"product_cat-studio-de","8":"first","9":"instock","10":"shipping-taxable","11":"purchasable","12":"product-type-simple"},"acf":[],"_links":{"self":[{"href":"https:\/\/store.evolve-fitness.eu\/de\/wp-json\/wp\/v2\/product\/74537","targetHints":{"allow":["GET"]}}],"collection":[{"href":"https:\/\/store.evolve-fitness.eu\/de\/wp-json\/wp\/v2\/product"}],"about":[{"href":"https:\/\/store.evolve-fitness.eu\/de\/wp-json\/wp\/v2\/types\/product"}],"wp:featuredmedia":[{"embeddable":true,"href":"https:\/\/store.evolve-fitness.eu\/de\/wp-json\/wp\/v2\/media\/90211"}],"wp:attachment":[{"href":"https:\/\/store.evolve-fitness.eu\/de\/wp-json\/wp\/v2\/media?parent=74537"}],"wp:term":[{"taxonomy":"product_cat","embeddable":true,"href":"https:\/\/store.evolve-fitness.eu\/de\/wp-json\/wp\/v2\/product_cat?post=74537"},{"taxonomy":"product_tag","embeddable":true,"href":"https:\/\/store.evolve-fitness.eu\/de\/wp-json\/wp\/v2\/product_tag?post=74537"}],"curies":[{"name":"wp","href":"https:\/\/api.w.org\/{rel}","templated":true}]}}