{"id":74478,"date":"2023-09-21T08:50:34","date_gmt":"2023-09-21T08:50:34","guid":{"rendered":"https:\/\/store.evolve-fitness.eu\/product\/evolve-nbr-studio-matte-180-x-60-x-1-cm\/"},"modified":"2025-03-07T09:35:35","modified_gmt":"2025-03-07T09:35:35","slug":"evolve-nbr-studio-matte-180-x-60-x-1-cm","status":"publish","type":"product","link":"https:\/\/store.evolve-fitness.eu\/de\/produkt\/evolve-nbr-studio-matte-180-x-60-x-1-cm\/","title":{"rendered":"Evolve NBR Studio Matte 180 x 60 x 1 cm"},"content":{"rendered":"\n<section class=\"wp-block-group alignfull has-darkgray-background-color has-background is-layout-constrained wp-block-group-is-layout-constrained\">\n<div class=\"wp-block-columns alignwide is-layout-flex wp-container-core-columns-is-layout-2edb0647 wp-block-columns-is-layout-flex\" style=\"margin-top:0;margin-bottom:0\">\n<div class=\"wp-block-column is-layout-flow wp-block-column-is-layout-flow\" style=\"flex-basis:33.33%\"><\/div>\n\n\n\n<div class=\"wp-block-column is-layout-flow wp-block-column-is-layout-flow\" style=\"flex-basis:66.66%\"><\/div>\n<\/div>\n\n\n\n<section class=\"wp-block-group alignfull has-darkgray-background-color has-background is-layout-constrained wp-block-group-is-layout-constrained\">\n<div class=\"wp-block-columns alignwide is-layout-flex wp-container-core-columns-is-layout-2edb0647 wp-block-columns-is-layout-flex\" style=\"margin-top:0;margin-bottom:0\">\n<div class=\"wp-block-column is-layout-flow wp-block-column-is-layout-flow\" style=\"flex-basis:33.33%\"><\/div>\n\n\n\n<div class=\"wp-block-column is-layout-flow wp-block-column-is-layout-flow\" style=\"flex-basis:66.66%\"><\/div>\n<\/div>\n\n\n\n<section class=\"wp-block-group alignfull black-content has-white-color has-darkgray-background-color has-text-color has-background is-layout-constrained wp-block-group-is-layout-constrained\" style=\"padding-top:var(--wp--preset--spacing--section-bottom);padding-bottom:var(--wp--preset--spacing--section-bottom)\">\n<div class=\"wp-block-columns alignwide is-layout-flex wp-container-core-columns-is-layout-c45ee707 wp-block-columns-is-layout-flex\" style=\"margin-bottom:var(--wp--preset--spacing--side-padding);padding-top:var(--wp--preset--spacing--side-padding)\">\n<div class=\"wp-block-column is-vertically-aligned-center is-layout-flow wp-block-column-is-layout-flow\">\n<figure class=\"wp-block-video\"><video autoplay=\"\" controls=\"\" loop=\"\" muted=\"\" src=\"https:\/\/evolve-fitness.eu\/wp-content\/uploads\/2023\/12\/1-3.mp4\"><\/video><\/figure>\n<\/div>\n\n\n\n<div class=\"wp-block-column is-vertically-aligned-center is-layout-constrained wp-block-column-is-layout-constrained\">\n<h3 class=\"wp-block-heading\" style=\"margin-bottom:var(--wp--preset--spacing--h-3-bottom)\">Hochwertige Studiomatte  <\/h3>\n\n\n\n<p><strong><em>Entwickelt f\u00fcr verschiedene \u00dcbungen wie Yoga, Aerobic, Pilates und Stretching<\/em><\/strong><\/p>\n\n\n\n<p style=\"margin-bottom:var(--wp--preset--spacing--tb-section-padding)\">Die Evolve NBR Studio Matte bietet mit ihrer Dicke von 1 cm Komfort und Stabilit\u00e4t. Die Matte besteht aus hochverdichtetem Material, das sie langlebig, schwei\u00dffest und leicht zu reinigen macht. Mat zeichnet sich durch seine robuste Konstruktion und sein durchdachtes Design aus. Die Evolve NBR Studio Mat Mat ist aus einem dichten, hochwertigen Material gefertigt, das Langlebigkeit und Verschlei\u00dffestigkeit gew\u00e4hrleistet.<\/p>\n<\/div>\n<\/div>\n\n\n\n<div class=\"wp-block-columns alignwide is-layout-flex wp-container-core-columns-is-layout-c45ee707 wp-block-columns-is-layout-flex\" style=\"margin-bottom:var(--wp--preset--spacing--side-padding);padding-top:var(--wp--preset--spacing--side-padding)\">\n<div class=\"wp-block-column is-vertically-aligned-center is-layout-flow wp-block-column-is-layout-flow\">\n<h3 class=\"wp-block-heading\" style=\"margin-bottom:var(--wp--preset--spacing--h-3-bottom)\">DAUERHAFT UND LEICHT<\/h3>\n\n\n\n<p><em><strong>Mit integrierten \u00d6sen zur praktischen Aufbewahrung<\/strong><\/em><\/p>\n\n\n\n<p>Es verf\u00fcgt \u00fcber rutschfeste Eigenschaften, abgerundete Ecken, optimale Sto\u00dfd\u00e4mpfung und eine hygienische, geschlossene Zellstruktur, die wasserdicht ist. Au\u00dferdem ist die Matte mit einem Gewicht von nur 1,2 kg sehr leicht.<\/p>\n<\/div>\n\n\n\n<div class=\"wp-block-column is-vertically-aligned-center is-layout-flow wp-block-column-is-layout-flow\">\n<div class=\"wp-block-columns is-layout-flex wp-container-core-columns-is-layout-9d6595d7 wp-block-columns-is-layout-flex\">\n<div class=\"wp-block-column is-layout-flow wp-block-column-is-layout-flow\">\n<figure class=\"wp-block-image size-large\"><img decoding=\"async\" src=\"https:\/\/evolve-fitness.eu\/wp-content\/uploads\/2023\/12\/A7_05507-683x1024.jpg\" alt=\"\" class=\"wp-image-7892\"\/><\/figure>\n<\/div>\n<\/div>\n<\/div>\n<\/div>\n\n\n\n<div class=\"wp-block-columns alignwide is-layout-flex wp-container-core-columns-is-layout-c45ee707 wp-block-columns-is-layout-flex\" style=\"margin-bottom:var(--wp--preset--spacing--side-padding);padding-top:var(--wp--preset--spacing--side-padding)\">\n<div class=\"wp-block-column is-vertically-aligned-center is-layout-flow wp-block-column-is-layout-flow\">\n<figure class=\"wp-block-image size-large\"><img decoding=\"async\" src=\"https:\/\/evolve-fitness.eu\/wp-content\/uploads\/2023\/12\/A7_05548-1024x683.jpg\" alt=\"\" class=\"wp-image-7895\"\/><\/figure>\n<\/div>\n\n\n\n<div class=\"wp-block-column is-vertically-aligned-center is-layout-flow wp-block-column-is-layout-flow\">\n<h3 class=\"wp-block-heading\" style=\"margin-bottom:var(--wp--preset--spacing--h-3-bottom)\"><strong>Speziell angefertigte Oberfl\u00e4che<\/strong><\/h3>\n\n\n\n<p><strong><em>Hygienische Oberfl\u00e4che und einfache Aufbewahrungsl\u00f6sungen<\/em><\/strong><\/p>\n\n\n\n<p>Seine hygienischen Eigenschaften, einschlie\u00dflich der Wasserdichtigkeit und der leicht zu reinigenden Oberfl\u00e4che, machen ihn zu einer idealen Wahl f\u00fcr den h\u00e4ufigen Gebrauch in verschiedenen Umgebungen. Das geringe Gewicht und die integrierten Aufbewahrungsm\u00f6glichkeiten machen ihn zu einer praktischen Option f\u00fcr den Einsatz zu Hause und im Studio.<\/p>\n<\/div>\n<\/div>\n\n\n\n<div class=\"wp-block-columns alignwide is-layout-flex wp-container-core-columns-is-layout-c45ee707 wp-block-columns-is-layout-flex\" style=\"margin-bottom:var(--wp--preset--spacing--side-padding);padding-top:var(--wp--preset--spacing--side-padding)\">\n<div class=\"wp-block-column is-vertically-aligned-center is-layout-flow wp-block-column-is-layout-flow\">\n<h3 class=\"wp-block-heading\" style=\"margin-bottom:var(--wp--preset--spacing--h-3-bottom)\">benutzerdefiniertes Logodesign<\/h3>\n\n\n\n<p><strong><em>Die M\u00f6glichkeit, ein Firmenlogo oder Design direkt auf die Matte zu drucken<\/em><\/strong><\/p>\n\n\n\n<p>Die Evolve NBR Studio Matte kann mit individuellen Designoptionen erweitert werden, um sie besser an das Branding des Unternehmens oder pers\u00f6nliche \u00e4sthetische Vorlieben anzupassen. Eine solche Individualisierung w\u00fcrde die Matte f\u00fcr Wellness-Programme von Unternehmen, Fitnessstudios, die ihre Markenidentit\u00e4t st\u00e4rken wollen, oder Privatpersonen, die eine Matte w\u00fcnschen, die ihren pers\u00f6nlichen Stil widerspiegelt, attraktiver machen.<\/p>\n<\/div>\n\n\n\n<div class=\"wp-block-column is-vertically-aligned-center is-layout-flow wp-block-column-is-layout-flow\">\n<div class=\"wp-block-columns is-layout-flex wp-container-core-columns-is-layout-9d6595d7 wp-block-columns-is-layout-flex\">\n<div class=\"wp-block-column is-layout-flow wp-block-column-is-layout-flow\">\n<figure class=\"wp-block-image size-full\"><img decoding=\"async\" src=\"https:\/\/evolve-fitness.eu\/wp-content\/uploads\/2023\/09\/Evolve-Customized-Mats_PNG-1.png\" alt=\"\" class=\"wp-image-7905\"\/><\/figure>\n<\/div>\n<\/div>\n<\/div>\n<\/div>\n<\/section>\n<\/section>\n<\/section>\n","protected":false},"excerpt":{"rendered":"<p>Wir stellen Ihnen die Evolve NBR Studio Matte vor &#8211; 180 cm Matten, die ultimative Wahl f\u00fcr Ihre Trainingsbed\u00fcrfnisse. Diese 1 cm dicke Fitnessmatte bietet au\u00dfergew\u00f6hnlichen Komfort und Stabilit\u00e4t, perfekt f\u00fcr Yoga, Aerobic, Pilates, Stretching und mehr. Sein hochdichtes Material garantiert Langlebigkeit, ist schwei\u00dffest und leicht zu reinigen. Mit rutschfesten Eigenschaften, abgerundeten Ecken und optimaler Sto\u00dfd\u00e4mpfung garantiert er maximale Sicherheit w\u00e4hrend Ihres Trainings. Die hygienische, geschlossenzellige Struktur und die Wasserdichtigkeit machen die Wartung zum Kinderspiel. Diese Matte ist im Gegensatz zu anderen Matten auf dem Markt sehr langlebig und verf\u00fcgt \u00fcber integrierte \u00d6sen f\u00fcr eine einfache Lagerung. Verbessern Sie Ihr Trainingsprogramm mit der Evolve Fitnessmatte, die nur 1,2 kg wiegt. Erleben Sie Langlebigkeit und Komfort wie nie zuvor.<\/p>\n<p>\n","protected":false},"featured_media":74479,"template":"","meta":{"_acf_changed":false,"inline_featured_image":false},"product_cat":[2407,191],"product_tag":[],"class_list":{"0":"post-74478","1":"product","2":"type-product","3":"status-publish","4":"has-post-thumbnail","6":"product_cat-hyrox-getriebe","7":"product_cat-studio-de","9":"first","10":"instock","11":"sale","12":"shipping-taxable","13":"purchasable","14":"product-type-simple"},"acf":[],"_links":{"self":[{"href":"https:\/\/store.evolve-fitness.eu\/de\/wp-json\/wp\/v2\/product\/74478","targetHints":{"allow":["GET"]}}],"collection":[{"href":"https:\/\/store.evolve-fitness.eu\/de\/wp-json\/wp\/v2\/product"}],"about":[{"href":"https:\/\/store.evolve-fitness.eu\/de\/wp-json\/wp\/v2\/types\/product"}],"wp:featuredmedia":[{"embeddable":true,"href":"https:\/\/store.evolve-fitness.eu\/de\/wp-json\/wp\/v2\/media\/74479"}],"wp:attachment":[{"href":"https:\/\/store.evolve-fitness.eu\/de\/wp-json\/wp\/v2\/media?parent=74478"}],"wp:term":[{"taxonomy":"product_cat","embeddable":true,"href":"https:\/\/store.evolve-fitness.eu\/de\/wp-json\/wp\/v2\/product_cat?post=74478"},{"taxonomy":"product_tag","embeddable":true,"href":"https:\/\/store.evolve-fitness.eu\/de\/wp-json\/wp\/v2\/product_tag?post=74478"}],"curies":[{"name":"wp","href":"https:\/\/api.w.org\/{rel}","templated":true}]}}