{"id":7444,"date":"2024-01-18T07:23:22","date_gmt":"2024-01-18T07:23:22","guid":{"rendered":"https:\/\/store.evolve-fitness.eu\/produktas\/evolve-ultra-series-selektorisierte-beinverlaengerung\/"},"modified":"2024-06-05T12:48:57","modified_gmt":"2024-06-05T12:48:57","slug":"evolve-ultra-series-selektorisierte-beinverlaengerung","status":"publish","type":"product","link":"https:\/\/store.evolve-fitness.eu\/de\/produkt\/evolve-ultra-series-selektorisierte-beinverlaengerung\/","title":{"rendered":"Evolve Ultra Series Selektorisierte Beinverl\u00e4ngerung"},"content":{"rendered":"\n<section class=\"wp-block-group alignfull black-content has-white-color has-darkgray-background-color has-text-color has-background is-layout-constrained wp-block-group-is-layout-constrained\" style=\"padding-top:var(--wp--preset--spacing--section-bottom);padding-bottom:var(--wp--preset--spacing--section-bottom)\">\n<div class=\"wp-block-columns alignwide is-layout-flex wp-container-core-columns-is-layout-c45ee707 wp-block-columns-is-layout-flex\" style=\"margin-bottom:var(--wp--preset--spacing--side-padding);padding-top:var(--wp--preset--spacing--side-padding)\">\n<div class=\"wp-block-column is-vertically-aligned-center is-layout-flow wp-block-column-is-layout-flow\">\n<h3 class=\"wp-block-heading\">Willkommen bei der Ultra-Serie<\/h3>\n\n\n\n<p><strong><em>Lernen Sie unsere Ger\u00e4te der Ultra-Serie mit einer hochmodernen 3D-360-Tour kennen<\/em><\/strong><\/p>\n\n\n\n<p>Die Evolve Ultra Series Selectorized Chest Press, Teil der Evolve Ultra Series, ist sowohl auf Komfort als auch auf Leistung ausgelegt. Das Ger\u00e4t wurde f\u00fcr die Vielseitigkeit der \u00dcbungen, die ergonomische Unterst\u00fctzung und die Verstellbarkeit f\u00fcr verschiedene Benutzergr\u00f6\u00dfen entwickelt. Das Design ist \u00e4sthetisch ansprechend mit einer haltbaren, pulverbeschichteten Oberfl\u00e4che, und die Verwendung von hochwertigen Kabeln sorgt f\u00fcr einen reibungslosen Betrieb.<\/p>\n<\/div>\n\n\n\n<div class=\"wp-block-column is-vertically-aligned-center is-layout-flow wp-block-column-is-layout-flow\">\n<figure class=\"wp-block-video\"><video height=\"1899\" style=\"aspect-ratio: 1500 \/ 1899;\" width=\"1500\" autoplay=\"\" controls=\"\" loop=\"\" muted=\"\" src=\"https:\/\/evolve-fitness.eu\/wp-content\/uploads\/2023\/08\/Evolve-Ultra-Series-Selectorized-Leg-Extension.mp4\"><\/video><\/figure>\n<\/div>\n<\/div>\n\n\n\n<div class=\"wp-block-columns alignwide mobile-reverse is-layout-flex wp-container-core-columns-is-layout-ca64bf2d wp-block-columns-is-layout-flex\" style=\"margin-bottom:var(--wp--preset--spacing--side-padding)\">\n<div class=\"wp-block-column is-vertically-aligned-center is-layout-flow wp-block-column-is-layout-flow\">\n<figure class=\"wp-block-video\"><video height=\"1920\" style=\"aspect-ratio: 1920 \/ 1920;\" width=\"1920\" autoplay=\"\" controls=\"\" loop=\"\" muted=\"\" src=\"https:\/\/evolve-fitness.eu\/wp-content\/uploads\/2023\/08\/Evolve-Ultra-Series-Selectorized-Leg-Extension-Ul-140-2.mp4\"><\/video><\/figure>\n<\/div>\n\n\n\n<div class=\"wp-block-column is-vertically-aligned-center is-layout-flow wp-block-column-is-layout-flow\">\n<h3 class=\"wp-block-heading\" style=\"margin-bottom:var(--wp--preset--spacing--h-3-bottom)\">Muskeln<\/h3>\n\n\n\n<p>Die Evolve Ultra Series Selectorized Leg Extension Maschine zielt in erster Linie auf die folgenden Muskeln ab und beansprucht diese:<br\/><br\/><strong>Quadrizeps (vordere Oberschenkelmuskulatur)<\/strong>: Der Quadrizeps ist der wichtigste Muskel bei der Beinstreckung. Diese \u00dcbung isoliert und st\u00e4rkt die vier Muskeln, aus denen die Quadrizepsgruppe besteht: den Vastus medialis, den Vastus lateralis, den Vastus intermedius und den Rectus femoris; <strong>Sartorius<\/strong>: Der Musculus sartorius, der l\u00e4ngste Muskel des K\u00f6rpers, wird bei der Beinstreckung ebenfalls beansprucht. Er verl\u00e4uft diagonal \u00fcber die Vorderseite des Oberschenkels und tr\u00e4gt zur H\u00fcft- und Kniebeugung bei; <strong>Tensor Fasciae Latae (TFL<\/strong>): Der TFL-Muskel, der entlang des seitlichen (\u00e4u\u00dferen) Oberschenkels verl\u00e4uft, hilft bei der H\u00fcftbeugung und -abduktion und spielt eine unterst\u00fctzende Rolle bei der Beinstreckung.<br\/><br\/>W\u00e4hrend Beinstrecker in erster Linie diese Muskeln ansprechen, kommen auch andere sekund\u00e4re stabilisierende Muskeln wie die H\u00fcftbeuger, die Rumpfmuskulatur und die Stabilisatoren um das Kniegelenk herum ins Spiel, um die \u00dcbung zu unterst\u00fctzen und die richtige Form aufrechtzuerhalten.<\/p>\n<\/div>\n<\/div>\n\n\n\n<div class=\"wp-block-columns alignwide is-layout-flex wp-container-core-columns-is-layout-c45ee707 wp-block-columns-is-layout-flex\" style=\"margin-bottom:var(--wp--preset--spacing--side-padding);padding-top:var(--wp--preset--spacing--side-padding)\">\n<div class=\"wp-block-column is-vertically-aligned-center is-layout-flow wp-block-column-is-layout-flow\">\n<h3 class=\"wp-block-heading\" style=\"margin-bottom:var(--wp--preset--spacing--h-3-bottom)\">Gewicht Stack<\/h3>\n\n\n\n<p><strong><em>Anpassen und Hinzuf\u00fcgen<\/em><\/strong><\/p>\n\n\n\n<p style=\"margin-bottom:var(--wp--preset--spacing--tb-section-padding)\">Die Evolve Ultra Series Selectorized Leg Extension Machine mit 2 x 2,5 kg Hantelscheiben ist mit einem 110 kg schweren Gewichtsstapel ausgestattet, aber Sie haben auch die M\u00f6glichkeit, diesen auf 122,5 kg zu erweitern, um ein noch anspruchsvolleres Training zu absolvieren. Ein vollst\u00e4ndig geschlossener Gewichtsstapel gew\u00e4hrleistet die Sicherheit Ihrer \u00dcbungen.<\/p>\n<\/div>\n\n\n\n<div class=\"wp-block-column is-vertically-aligned-center is-layout-flow wp-block-column-is-layout-flow\">\n<figure class=\"wp-block-image size-full\"><img decoding=\"async\" src=\"https:\/\/evolve-fitness.eu\/wp-content\/uploads\/2024\/01\/stack.webp\" alt=\"\" class=\"wp-image-9940\"\/><\/figure>\n<\/div>\n<\/div>\n\n\n\n<div class=\"wp-block-columns alignwide mobile-reverse is-layout-flex wp-container-core-columns-is-layout-ca64bf2d wp-block-columns-is-layout-flex\" style=\"margin-bottom:var(--wp--preset--spacing--side-padding)\">\n<div class=\"wp-block-column is-vertically-aligned-center is-layout-flow wp-block-column-is-layout-flow\">\n<figure class=\"wp-block-video\"><video autoplay=\"\" controls=\"\" loop=\"\" muted=\"\" src=\"https:\/\/evolve-fitness.eu\/wp-content\/uploads\/2023\/08\/Evolve-UL-140-Adjustable-back-rest.mp4\"><\/video><\/figure>\n<\/div>\n\n\n\n<div class=\"wp-block-column is-vertically-aligned-center is-layout-flow wp-block-column-is-layout-flow\">\n<h3 class=\"wp-block-heading\" style=\"margin-bottom:var(--wp--preset--spacing--h-3-bottom)\">Verstellbare R\u00fcckenlehne<\/h3>\n\n\n\n<p><strong><em>  8 Einstellungspositionen<\/em><\/strong><\/p>\n\n\n\n<p style=\"margin-bottom:var(--wp--preset--spacing--tb-section-padding)\">Die verstellbare R\u00fcckenlehne der Evolve Ultra Series Selectorized Leg Extension Maschine mit 8 Einstellpositionen erm\u00f6glicht es dem Benutzer, die f\u00fcr ihn bequemste Position zu finden. Diese Anpassung ist besonders vorteilhaft f\u00fcr Menschen mit unterschiedlichen Gr\u00f6\u00dfen und K\u00f6rperproportionen. Sie sorgt daf\u00fcr, dass die Benutzer die Beinstrecker in der richtigen Haltung und ohne Beschwerden ausf\u00fchren k\u00f6nnen, wodurch das Risiko von \u00dcberlastungen oder Verletzungen verringert wird.<\/p>\n\n\n\n<p><strong><em><strong><em> Doppelt gen\u00e4hte Polsterung<\/em><\/strong><\/em><\/strong><\/p>\n\n\n\n<p style=\"margin-bottom:var(--wp--preset--spacing--tb-section-padding)\">Die Polyurethan-Sitze der Evolve Ultra Series Selectorized Leg Extension Maschine, die aus einem geformten Design und einer doppelt gen\u00e4hten Polsterung bestehen, bieten au\u00dfergew\u00f6hnliche Haltbarkeit und Komfort. Sie sind so konzipiert, dass sie eine ergonomische Unterst\u00fctzung bieten. Dar\u00fcber hinaus sind robuste Maschinenkissen aus PU aufgrund ihrer Langlebigkeit, ihres Komforts, ihrer Pflegeleichtigkeit und ihrer allgemeinen Kosteneffizienz eine ausgezeichnete Wahl. Sie halten den Anforderungen des Krafttrainings stand und bieten gleichzeitig eine komfortable und hygienische Trainingsfl\u00e4che.<\/p>\n<\/div>\n<\/div>\n\n\n\n<div class=\"wp-block-columns alignwide is-layout-flex wp-container-core-columns-is-layout-c45ee707 wp-block-columns-is-layout-flex\" style=\"margin-bottom:var(--wp--preset--spacing--side-padding);padding-top:var(--wp--preset--spacing--side-padding)\">\n<div class=\"wp-block-column is-vertically-aligned-center is-layout-flow wp-block-column-is-layout-flow\">\n<h3 class=\"wp-block-heading\" style=\"margin-bottom:var(--wp--preset--spacing--h-3-bottom)\">Einstellbarer Winkel der Ausgangsposition<\/h3>\n\n\n\n<p><strong><em>F\u00fcr unterschiedliche H\u00f6hen und Gr\u00f6\u00dfen<\/em><\/strong><\/p>\n\n\n\n<p style=\"margin-bottom:var(--wp--preset--spacing--tb-section-padding)\">Der verstellbare Winkel der Ausgangsposition an der Evolve Ultra Series Selectorized Leg Extension Maschine ist ein wertvolles Merkmal, das die Effektivit\u00e4t und Vielseitigkeit dieses Ger\u00e4ts erheblich steigert. Der verstellbare Winkel mit 4 verschiedenen Positionen erm\u00f6glicht es dem Benutzer, die Ausgangsposition einzustellen, die seiner individuellen Flexibilit\u00e4t und seinem Bewegungsumfang entspricht. Das bedeutet, dass Personen mit unterschiedlichen Flexibilit\u00e4ts- oder Mobilit\u00e4tsgraden das Ger\u00e4t an ihre speziellen Bed\u00fcrfnisse anpassen k\u00f6nnen. Es ist besonders n\u00fctzlich, um Benutzer mit unterschiedlichen K\u00f6rpergr\u00f6\u00dfen und k\u00f6rperlichen F\u00e4higkeiten unterzubringen.<\/p>\n<\/div>\n\n\n\n<div class=\"wp-block-column is-vertically-aligned-center is-layout-flow wp-block-column-is-layout-flow\">\n<figure class=\"wp-block-video\"><video autoplay=\"\" controls=\"\" loop=\"\" muted=\"\" src=\"https:\/\/evolve-fitness.eu\/wp-content\/uploads\/2023\/08\/EV-SC-UL-140-Angle.mp4\"><\/video><\/figure>\n<\/div>\n<\/div>\n\n\n\n<div class=\"wp-block-columns alignwide are-vertically-aligned-center mobile-reverse is-layout-flex wp-container-core-columns-is-layout-e8158c2f wp-block-columns-is-layout-flex\" style=\"padding-top:var(--wp--preset--spacing--side-padding)\">\n<div class=\"wp-block-column is-vertically-aligned-center is-layout-flow wp-block-column-is-layout-flow\">\n<figure class=\"wp-block-video\"><video autoplay=\"\" controls=\"\" loop=\"\" muted=\"\" src=\"https:\/\/evolve-fitness.eu\/wp-content\/uploads\/2023\/08\/Evolve-UL-140-Adjustable-ankle-support.mp4\"><\/video><\/figure>\n<\/div>\n\n\n\n<div class=\"wp-block-column is-vertically-aligned-center is-layout-flow wp-block-column-is-layout-flow\">\n<h3 class=\"wp-block-heading\" style=\"margin-bottom:var(--wp--preset--spacing--h-3-bottom)\"><strong>Einstellbare Kn\u00f6chelst\u00fctze<\/strong><\/h3>\n\n\n\n<p><strong><em><strong><em>Sicher und wirksam<\/em><\/strong><\/em><\/strong><\/p>\n\n\n\n<p style=\"margin-bottom:var(--wp--preset--spacing--tb-section-padding)\">Eine korrekte K\u00f6rperhaltung ist f\u00fcr sichere und effektive Beinstreck\u00fcbungen unerl\u00e4sslich. Die verstellbare Kn\u00f6chelst\u00fctze mit 7 verschiedenen Einstellpositionen f\u00f6rdert die korrekte Positionierung, indem sie die Kn\u00f6chel in einer Weise fixiert, die Knie und H\u00fcfte stabilisiert. Dadurch wird das Verletzungsrisiko minimiert, da unnat\u00fcrliche Bewegungen vermieden werden und die \u00dcbung in erster Linie den Quadrizeps (vordere Oberschenkelmuskeln) anspricht.<\/p>\n<\/div>\n<\/div>\n\n\n\n<div class=\"wp-block-columns alignwide is-layout-flex wp-container-core-columns-is-layout-c45ee707 wp-block-columns-is-layout-flex\" style=\"margin-bottom:var(--wp--preset--spacing--side-padding);padding-top:var(--wp--preset--spacing--side-padding)\">\n<div class=\"wp-block-column is-vertically-aligned-center is-layout-flow wp-block-column-is-layout-flow\">\n<h3 class=\"wp-block-heading\" style=\"margin-bottom:var(--wp--preset--spacing--h-3-bottom)\">Doppelt pulverbeschichteter Rahmen<\/h3>\n\n\n\n<p><strong><em>Vorbeugung von Sch\u00e4den<\/em><\/strong><\/p>\n\n\n\n<p style=\"margin-bottom:var(--wp--preset--spacing--tb-section-padding)\">Die Evolve Ultra Series Kraftmaschinen mit einem elektrostatisch pulverbeschichteten, perlschwarzen, matten Rahmen sind ein Beispiel f\u00fcr Form und Funktion. Seine \u00c4sthetik wird durch das matte schwarze Finish noch verst\u00e4rkt, w\u00e4hrend seine praktischen Eigenschaften wie Reibungswiderstand, Korrosionsschutz und Kratzfestigkeit daf\u00fcr sorgen, dass er ein zuverl\u00e4ssiger und langlebiger Fitnessbegleiter ist.<\/p>\n<\/div>\n\n\n\n<div class=\"wp-block-column is-vertically-aligned-center is-layout-flow wp-block-column-is-layout-flow\">\n<figure class=\"wp-block-video\"><video height=\"1920\" style=\"aspect-ratio: 1920 \/ 1920;\" width=\"1920\" autoplay=\"\" controls=\"\" loop=\"\" muted=\"\" src=\"https:\/\/evolve-fitness.eu\/wp-content\/uploads\/2023\/10\/Evolve-Double-powder-coated-Frame.mp4\"><\/video><\/figure>\n<\/div>\n<\/div>\n\n\n\n<div class=\"wp-block-columns alignwide is-layout-flex wp-container-core-columns-is-layout-c45ee707 wp-block-columns-is-layout-flex\" style=\"margin-bottom:var(--wp--preset--spacing--side-padding);padding-top:var(--wp--preset--spacing--side-padding)\">\n<div class=\"wp-block-column is-vertically-aligned-center is-layout-flow wp-block-column-is-layout-flow\">\n<figure class=\"wp-block-video\"><video height=\"2560\" style=\"aspect-ratio: 1920 \/ 2560;\" width=\"1920\" autoplay=\"\" controls=\"\" loop=\"\" muted=\"\" src=\"https:\/\/evolve-fitness.eu\/wp-content\/uploads\/2023\/08\/EV-SC-UL-140-Storage-and-Stickers.mp4\"><\/video><\/figure>\n<\/div>\n\n\n\n<div class=\"wp-block-column is-vertically-aligned-center is-layout-flow wp-block-column-is-layout-flow\">\n<h3 class=\"wp-block-heading\" style=\"margin-bottom:var(--wp--preset--spacing--h-3-bottom)\">\u00dcbungen Aufkleber<\/h3>\n\n\n\n<p><strong><em>Perfekt f\u00fcr leichtere Navigation<\/em><\/strong><\/p>\n\n\n\n<p style=\"margin-bottom:var(--wp--preset--spacing--tb-section-padding)\">Die Ger\u00e4te der Evolve Ultra-Serie sind mit informativen Aufklebern versehen, die Ihnen als visuelle Hilfe dienen und es Ihnen erleichtern, sich in den Funktionen des Ger\u00e4ts zurechtzufinden, was letztendlich Ihr Trainingserlebnis verbessert. Dar\u00fcber hinaus erhalten Sie wertvolle Einblicke in die verschiedenen Muskelgruppen, die auf dem Ger\u00e4t effektiv trainiert werden k\u00f6nnen. So k\u00f6nnen Sie das Beste aus Ihrem Fitnessprogramm machen, indem Sie gezielt bestimmte Bereiche ansprechen.<\/p>\n\n\n\n<p><strong><em>Bequeme und praktische Aufbewahrung von Zubeh\u00f6rteilen<\/em><\/strong><\/p>\n\n\n\n<p style=\"margin-bottom:var(--wp--preset--spacing--tb-section-padding)\">W\u00e4hrend Sie trainieren, k\u00f6nnen Sie Ihre Wasserflasche, Ihr Telefon und pers\u00f6nliche Gegenst\u00e4nde bequem in den daf\u00fcr vorgesehenen Halterungen der Evolve Ultra-Ger\u00e4te aufbewahren. Diese speziell entworfenen F\u00e4cher sorgen daf\u00fcr, dass Sie w\u00e4hrend Ihrer Trainingseinheiten einen sicheren und leicht zug\u00e4nglichen Platz f\u00fcr Ihre Habseligkeiten haben.<\/p>\n<\/div>\n<\/div>\n\n\n\n<div class=\"wp-block-columns alignwide is-layout-flex wp-container-core-columns-is-layout-c45ee707 wp-block-columns-is-layout-flex\" style=\"margin-bottom:var(--wp--preset--spacing--side-padding);padding-top:var(--wp--preset--spacing--side-padding)\">\n<div class=\"wp-block-column is-vertically-aligned-center is-layout-flow wp-block-column-is-layout-flow\">\n<h3 class=\"wp-block-heading\" style=\"margin-bottom:var(--wp--preset--spacing--h-3-bottom)\">Kabel<\/h3>\n\n\n\n<p><strong><em>Hervorragende Qualit\u00e4t<\/em><\/strong><\/p>\n\n\n\n<p style=\"margin-bottom:var(--wp--preset--spacing--tb-section-padding)\">Die Maschinen der Evolve Ultra Serie verwenden Kabel von h\u00f6chster Qualit\u00e4t. Jede Litze besteht aus 19 miteinander verdrillten Dr\u00e4hten aus Polyamid 12 (PA12) und hat einen Durchmesser von 5 mm. Diese Kabel sind auf St\u00e4rke und Langlebigkeit ausgelegt, mit einer Bruchkraft von 9000 kN, was sie zur bevorzugten Wahl f\u00fcr Anwendungen macht, bei denen es auf au\u00dfergew\u00f6hnliche Zuverl\u00e4ssigkeit, Langlebigkeit und Leistung ankommt&#8230; Wenn Sie von einer \u00dcbung zur n\u00e4chsten \u00fcbergehen, sei es Bizepscurls, Brustdr\u00fccken, Latziehen oder jede andere kraftf\u00f6rdernde Aktivit\u00e4t, sorgt die au\u00dfergew\u00f6hnliche Leistung der Kabel der Evolve Ultra-Serie daf\u00fcr, dass Ihre Bewegungen gleichm\u00e4\u00dfig sind und der Widerstand konstant bleibt, was ein effektives und angenehmes Training f\u00f6rdert.<\/p>\n<\/div>\n\n\n\n<div class=\"wp-block-column is-vertically-aligned-center is-layout-flow wp-block-column-is-layout-flow\">\n<figure class=\"wp-block-video\"><video height=\"600\" style=\"aspect-ratio: 680 \/ 600;\" width=\"680\" autoplay=\"\" controls=\"\" loop=\"\" muted=\"\" src=\"https:\/\/evolve-fitness.eu\/wp-content\/uploads\/2023\/10\/Evolve-cable.mp4\"><\/video><\/figure>\n<\/div>\n<\/div>\n\n\n\n<div class=\"wp-block-columns alignwide is-layout-flex wp-container-core-columns-is-layout-c45ee707 wp-block-columns-is-layout-flex\" style=\"margin-bottom:var(--wp--preset--spacing--side-padding);padding-top:var(--wp--preset--spacing--side-padding)\">\n<div class=\"wp-block-column is-vertically-aligned-center is-layout-flow wp-block-column-is-layout-flow\">\n<figure class=\"wp-block-image size-full\"><img decoding=\"async\" src=\"https:\/\/evolve-fitness.eu\/wp-content\/uploads\/2024\/01\/plate.webp\" alt=\"\" class=\"wp-image-9942\"\/><\/figure>\n<\/div>\n\n\n\n<div class=\"wp-block-column is-vertically-aligned-center is-layout-flow wp-block-column-is-layout-flow\">\n<h3 class=\"wp-block-heading\" style=\"margin-bottom:var(--wp--preset--spacing--h-3-bottom)\">Obere Gewichtsplatte<\/h3>\n\n\n\n<p><strong><em>F\u00fcr bessere Leistung<\/em><\/strong> <\/p>\n\n\n\n<p style=\"margin-bottom:var(--wp--preset--spacing--tb-section-padding)\">Die Evolve Ultra Series Selectorized Leg Extension Machine ist mit zwei zus\u00e4tzlichen 2,5 kg schweren Gewichtsplatten ausgestattet, die einen doppelten Zweck erf\u00fcllen und die Leistung des Trainingsger\u00e4ts steigern. Erstens erweitert es den maximalen Widerstand, den das Ger\u00e4t leisten kann, so dass die Benutzer sich in ihrem Training noch mehr herausfordern k\u00f6nnen. Dar\u00fcber hinaus bieten diese zus\u00e4tzlichen Gewichtsplatten einen einzigartigen Vorteil, denn sie erm\u00f6glichen es dem Benutzer, den Widerstand in kleineren, pr\u00e4ziseren Schritten einzustellen, wobei jede Platte eine Erh\u00f6hung um 2,5 kg erm\u00f6glicht. Diese Pr\u00e4zision bei der Auswahl des Widerstands erm\u00f6glicht es den Trainierenden, ihr Training auf ihre spezifischen Bed\u00fcrfnisse und Ziele abzustimmen, um sicherzustellen, dass jede Trainingseinheit auf optimale Ergebnisse zugeschnitten ist.<\/p>\n<\/div>\n<\/div>\n<\/section>\n","protected":false},"excerpt":{"rendered":"<p>Verbessern Sie Ihr Beintraining mit der Evolve Ultra Series UL-140 Selectorized Leg Extension. Genie\u00dfen Sie Komfort und Sicherheit durch Merkmale wie geformte Sitze und eine elegante, matte Oberfl\u00e4che. Erleben Sie Vielseitigkeit mit Einhand-Sitzverstellung und optimalen Handgriffen. Werten Sie Ihr Fitnessstudio mit diesem innovativen und eleganten Ger\u00e4t auf.<\/p>\n","protected":false},"featured_media":75890,"template":"","meta":{"_acf_changed":false,"inline_featured_image":false},"product_cat":[118,164,165],"product_tag":[],"class_list":{"0":"post-7444","1":"product","2":"type-product","3":"status-publish","4":"has-post-thumbnail","6":"product_cat-hauptseite","7":"product_cat-selektorisierte-maschinen","8":"product_cat-ultra-series-selektiert","10":"first","11":"instock","12":"shipping-taxable","13":"purchasable","14":"product-type-simple"},"acf":[],"_links":{"self":[{"href":"https:\/\/store.evolve-fitness.eu\/de\/wp-json\/wp\/v2\/product\/7444","targetHints":{"allow":["GET"]}}],"collection":[{"href":"https:\/\/store.evolve-fitness.eu\/de\/wp-json\/wp\/v2\/product"}],"about":[{"href":"https:\/\/store.evolve-fitness.eu\/de\/wp-json\/wp\/v2\/types\/product"}],"wp:featuredmedia":[{"embeddable":true,"href":"https:\/\/store.evolve-fitness.eu\/de\/wp-json\/wp\/v2\/media\/75890"}],"wp:attachment":[{"href":"https:\/\/store.evolve-fitness.eu\/de\/wp-json\/wp\/v2\/media?parent=7444"}],"wp:term":[{"taxonomy":"product_cat","embeddable":true,"href":"https:\/\/store.evolve-fitness.eu\/de\/wp-json\/wp\/v2\/product_cat?post=7444"},{"taxonomy":"product_tag","embeddable":true,"href":"https:\/\/store.evolve-fitness.eu\/de\/wp-json\/wp\/v2\/product_tag?post=7444"}],"curies":[{"name":"wp","href":"https:\/\/api.w.org\/{rel}","templated":true}]}}