{"id":7443,"date":"2024-01-18T08:26:02","date_gmt":"2024-01-18T08:26:02","guid":{"rendered":"https:\/\/store.evolve-fitness.eu\/produktas\/evolve-ultra-series-selektorisierte-schulterpresse\/"},"modified":"2024-06-05T12:44:05","modified_gmt":"2024-06-05T12:44:05","slug":"evolve-ultra-series-selektorisierte-schulterpresse","status":"publish","type":"product","link":"https:\/\/store.evolve-fitness.eu\/de\/produkt\/evolve-ultra-series-selektorisierte-schulterpresse\/","title":{"rendered":"Evolve Ultra Series Selektorisierte Schulterpresse"},"content":{"rendered":"\n<section class=\"wp-block-group alignfull black-content has-white-color has-darkgray-background-color has-text-color has-background is-layout-constrained wp-block-group-is-layout-constrained\" style=\"padding-top:var(--wp--preset--spacing--section-bottom);padding-bottom:var(--wp--preset--spacing--section-bottom)\">\n<div class=\"wp-block-columns alignwide mobile-reverse is-layout-flex wp-container-core-columns-is-layout-ca64bf2d wp-block-columns-is-layout-flex\" style=\"margin-bottom:var(--wp--preset--spacing--side-padding)\">\n<div class=\"wp-block-column is-vertically-aligned-center is-layout-flow wp-block-column-is-layout-flow\">\n<h3 class=\"wp-block-heading\">Willkommen bei der Ultra-Serie<\/h3>\n\n\n\n<p><strong><em>Lernen Sie unsere Ger\u00e4te der Ultra-Serie mit einer hochmodernen 3D-360-Tour kennen<\/em><\/strong><\/p>\n\n\n\n<p>Die Evolve Ultra Series Selectorized Shoulder Press, Teil der Evolve Ultra Series, ist sowohl auf Komfort als auch auf Leistung ausgelegt. Das Ger\u00e4t wurde f\u00fcr die Vielseitigkeit der \u00dcbungen, die ergonomische Unterst\u00fctzung und die Verstellbarkeit f\u00fcr verschiedene Benutzergr\u00f6\u00dfen entwickelt. Das Design ist \u00e4sthetisch ansprechend mit einer haltbaren, pulverbeschichteten Oberfl\u00e4che, und die Verwendung von hochwertigen Kabeln sorgt f\u00fcr einen reibungslosen Betrieb.<\/p>\n<\/div>\n\n\n\n<div class=\"wp-block-column is-vertically-aligned-center is-layout-flow wp-block-column-is-layout-flow\">\n<figure class=\"wp-block-video\"><video autoplay=\"\" controls=\"\" loop=\"\" muted=\"\" src=\"https:\/\/evolve-fitness.eu\/wp-content\/uploads\/2023\/08\/Shoulder-Press-Evolve-Ultra-Series-Selectorized.mp4\"><\/video><\/figure>\n<\/div>\n<\/div>\n\n\n\n<div class=\"wp-block-columns alignwide are-vertically-aligned-center mobile-reverse is-layout-flex wp-container-core-columns-is-layout-e8158c2f wp-block-columns-is-layout-flex\" style=\"padding-top:var(--wp--preset--spacing--side-padding)\">\n<div class=\"wp-block-column is-vertically-aligned-center is-layout-flow wp-block-column-is-layout-flow\">\n<figure class=\"wp-block-video\"><video autoplay=\"\" controls=\"\" loop=\"\" muted=\"\" src=\"https:\/\/evolve-fitness.eu\/wp-content\/uploads\/2023\/08\/Evolve-Ultra-Series-Selectorized-Shoulder-Press-Ul-040.mp4\"><\/video><\/figure>\n<\/div>\n\n\n\n<div class=\"wp-block-column is-vertically-aligned-center is-layout-flow wp-block-column-is-layout-flow\">\n<h3 class=\"wp-block-heading\" style=\"margin-bottom:var(--wp--preset--spacing--h-3-bottom)\"><strong>Muskeln<\/strong><\/h3>\n\n\n\n<p><strong><em><strong><em>Hervorragende Qualit\u00e4t<\/em><\/strong><\/em><\/strong><\/p>\n\n\n\n<p>Die Evolve Ultra Series Selectorized Shoulder Press Maschine ist eine ausgezeichnete Wahl f\u00fcr die Entwicklung von Kraft und Muskeldefinition in den Schultern, mit Schwerpunkt auf dem vorderen Deltoid. Es kann eine wertvolle Erg\u00e4nzung zu einem Trainingsprogramm f\u00fcr den Oberk\u00f6rper sein. Die Schulterdr\u00fcckmaschine zielt in erster Linie auf folgende Muskelgruppen ab und erm\u00f6glicht deren Training &#8211; <strong>Vorderer Deltamuskel<\/strong>: Der vordere Teil der Deltamuskeln wird beim Schulterdr\u00fccken stark beansprucht. Er ist f\u00fcr das Anheben des Gewichts \u00fcber Kopf verantwortlich;  <strong>Seitlicher Deltamuskel<\/strong>: Der mittlere Teil der Deltamuskeln ist ebenfalls beteiligt und hilft bei der Abduktion oder dem Anheben der Arme zur Seite;  <strong>Hinterer Deltamuskel<\/strong>: Der hintere Deltamuskel wird weniger beansprucht, insbesondere bei der Stabilisierung und Kontrolle des Gewichts w\u00e4hrend der \u00dcbung;  <strong>Trizeps Brachii (Trizeps)<\/strong>: Der Trizeps wird beansprucht, wenn Sie die Arme ausstrecken und das Gewicht \u00fcber den Kopf dr\u00fccken;  <strong>Trapezius (Oberer R\u00fccken und Nacken)<\/strong>: Die Trapezmuskeln, insbesondere die oberen Traps, spielen eine Rolle bei der Stabilisierung der Schultern und des Nackens beim Schulterdr\u00fccken.  <strong>Serratus Anterior<\/strong>: Dieser Muskel hilft bei der Stabilisierung der Schulterbl\u00e4tter w\u00e4hrend der Bewegung.<\/p>\n<\/div>\n<\/div>\n\n\n\n<div class=\"wp-block-columns alignwide mobile-reverse is-layout-flex wp-container-core-columns-is-layout-ca64bf2d wp-block-columns-is-layout-flex\" style=\"margin-bottom:var(--wp--preset--spacing--side-padding)\">\n<div class=\"wp-block-column is-vertically-aligned-center is-layout-flow wp-block-column-is-layout-flow\">\n<h3 class=\"wp-block-heading\" style=\"margin-bottom:var(--wp--preset--spacing--h-3-bottom)\">Multi-Griff Griffe<\/h3>\n\n\n\n<p><em><strong>Erweitert Ihre \u00dcbungsm\u00f6glichkeiten<\/strong><\/em><\/p>\n\n\n\n<p style=\"margin-bottom:var(--wp--preset--spacing--tb-section-padding)\">Die Mehrfachgriffe der Evolve Ultra Series Selectorized Shoulder Press erweitern Ihre Trainingsm\u00f6glichkeiten erheblich. Der Lenker ist nach oben geneigt, um zu verhindern, dass der Ellbogen zu weit nach au\u00dfen rotiert. Dieses Design folgt der nat\u00fcrlichen Form des Schultergelenks und verringert das Risiko, die Schulterb\u00e4nder unn\u00f6tig zu belasten. Es hilft auch, Verletzungen durch St\u00f6\u00dfe oder Druck am h\u00f6chsten Punkt der Schulter zu vermeiden und f\u00f6rdert gleichzeitig die Stimulation der Trizepsmuskeln in vertikaler, hinterer Richtung. Dar\u00fcber hinaus gibt es eine hammerf\u00f6rmige Blockposition, die speziell f\u00fcr den effektiven Einsatz und die gezielte Beanspruchung des Trizeps bei Druck\u00fcbungen optimiert ist.<\/p>\n<\/div>\n\n\n\n<div class=\"wp-block-column is-vertically-aligned-center is-layout-flow wp-block-column-is-layout-flow\">\n<figure class=\"wp-block-video\"><video autoplay=\"\" controls=\"\" loop=\"\" muted=\"\" src=\"https:\/\/evolve-fitness.eu\/wp-content\/uploads\/2023\/08\/UL-040-Multi-grip-Handles.mp4\"><\/video><\/figure>\n<\/div>\n<\/div>\n\n\n\n<div class=\"wp-block-columns alignwide is-layout-flex wp-container-core-columns-is-layout-c45ee707 wp-block-columns-is-layout-flex\" style=\"margin-bottom:var(--wp--preset--spacing--side-padding);padding-top:var(--wp--preset--spacing--side-padding)\">\n<div class=\"wp-block-column is-vertically-aligned-center is-layout-flow wp-block-column-is-layout-flow\">\n<figure class=\"wp-block-video\"><video autoplay=\"\" controls=\"\" loop=\"\" muted=\"\" src=\"https:\/\/evolve-fitness.eu\/wp-content\/uploads\/2023\/08\/UL-040-Moulded-Seats-Precise-Seat-Adjustments.mp4\"><\/video><\/figure>\n<\/div>\n\n\n\n<div class=\"wp-block-column is-vertically-aligned-center is-layout-flow wp-block-column-is-layout-flow\">\n<h3 class=\"wp-block-heading\" style=\"margin-bottom:var(--wp--preset--spacing--h-3-bottom)\">Geformte Sitze und pr\u00e4zise Sitzverstellung<\/h3>\n\n\n\n<p><strong><em>Doppelt gen\u00e4hte Polsterung<\/em><\/strong><\/p>\n\n\n\n<p style=\"margin-bottom:var(--wp--preset--spacing--tb-section-padding)\">Die Polyurethan-Sitze der Serie Evolve Ultra, die mit einem geformten Design und einer doppelt gen\u00e4hten Polsterung ausgestattet sind, bieten au\u00dfergew\u00f6hnliche Haltbarkeit und Komfort. Sie sind so konzipiert, dass sie die Wirbels\u00e4ule ergonomisch st\u00fctzen und f\u00fcr Benutzer unterschiedlicher Gr\u00f6\u00dfe geeignet sind. Dar\u00fcber hinaus sind robuste Maschinenkissen aus PU aufgrund ihrer Langlebigkeit, ihres Komforts, ihrer Pflegeleichtigkeit und ihrer allgemeinen Kosteneffizienz eine ausgezeichnete Wahl. Sie halten den Anforderungen des Krafttrainings stand und bieten gleichzeitig eine komfortable und hygienische Trainingsfl\u00e4che. Da der Sitz mit einer hydraulischen Stange gest\u00fctzt wird, ist die Einstellung der Sitzh\u00f6he ein Kinderspiel und kann mit nur einer Hand vorgenommen werden. Der Sitz ist in 18 Positionen verstellbar.<\/p>\n<\/div>\n<\/div>\n\n\n\n<div class=\"wp-block-columns alignwide are-vertically-aligned-center mobile-reverse is-layout-flex wp-container-core-columns-is-layout-e8158c2f wp-block-columns-is-layout-flex\" style=\"padding-top:var(--wp--preset--spacing--side-padding)\">\n<div class=\"wp-block-column is-vertically-aligned-center is-layout-flow wp-block-column-is-layout-flow\">\n<h3 class=\"wp-block-heading\" style=\"margin-bottom:var(--wp--preset--spacing--h-3-bottom)\"><strong>Obere Gewichtsplatte<\/strong><\/h3>\n\n\n\n<p><strong><em><strong><em>Erweitert den maximalen Widerstand<\/em><\/strong><\/em><\/strong><\/p>\n\n\n\n<p>Die Evolve Ultra Series Selectorized Shoulder Press ist mit zwei zus\u00e4tzlichen 2,5 kg schweren Gewichtsplatten ausgestattet, die einen doppelten Zweck erf\u00fcllen, indem sie die Leistung des Trainingsger\u00e4ts steigern. Erstens erweitert es den maximalen Widerstand, den das Ger\u00e4t leisten kann, so dass die Benutzer sich in ihrem Training noch mehr herausfordern k\u00f6nnen.<br\/>Dar\u00fcber hinaus bieten diese zus\u00e4tzlichen Gewichtsplatten einen einzigartigen Vorteil, denn sie erm\u00f6glichen es dem Benutzer, den Widerstand in kleineren, pr\u00e4ziseren Schritten einzustellen, wobei jede Platte eine Erh\u00f6hung um 2,5 kg erm\u00f6glicht. Diese Pr\u00e4zision bei der Auswahl des Widerstands erm\u00f6glicht es den Trainierenden, ihr Training auf ihre spezifischen Bed\u00fcrfnisse und Ziele abzustimmen, um sicherzustellen, dass jede Trainingseinheit auf optimale Ergebnisse zugeschnitten ist.<\/p>\n<\/div>\n\n\n\n<div class=\"wp-block-column is-vertically-aligned-center is-layout-flow wp-block-column-is-layout-flow\">\n<figure class=\"wp-block-image size-full\"><img decoding=\"async\" src=\"https:\/\/evolve-fitness.eu\/wp-content\/uploads\/2024\/01\/plate.webp\" alt=\"\" class=\"wp-image-9942\"\/><\/figure>\n<\/div>\n<\/div>\n\n\n\n<div class=\"wp-block-columns alignwide are-vertically-aligned-center mobile-reverse is-layout-flex wp-container-core-columns-is-layout-e8158c2f wp-block-columns-is-layout-flex\" style=\"padding-top:var(--wp--preset--spacing--side-padding)\">\n<div class=\"wp-block-column is-vertically-aligned-center is-layout-flow wp-block-column-is-layout-flow\">\n<div class=\"wp-block-columns alignwide are-vertically-aligned-center mobile-reverse is-layout-flex wp-container-core-columns-is-layout-e8158c2f wp-block-columns-is-layout-flex\" style=\"padding-top:var(--wp--preset--spacing--side-padding)\">\n<div class=\"wp-block-column is-vertically-aligned-center is-layout-flow wp-block-column-is-layout-flow\">\n<figure class=\"wp-block-video\"><video autoplay=\"\" controls=\"\" loop=\"\" muted=\"\" src=\"https:\/\/evolve-fitness.eu\/wp-content\/uploads\/2023\/08\/UL-040-Weight-Stack.mp4\"><\/video><\/figure>\n<\/div>\n\n\n\n<div class=\"wp-block-column is-vertically-aligned-center is-layout-flow wp-block-column-is-layout-flow\">\n<h3 class=\"wp-block-heading\" style=\"margin-bottom:var(--wp--preset--spacing--h-3-bottom)\"><strong>Gewicht Stack<\/strong><\/h3>\n\n\n\n<p><strong><em><strong><em>Anpassen und Hinzuf\u00fcgen<\/em><\/strong><\/em><\/strong><\/p>\n\n\n\n<p>Die Evolve Ultra Series Selectorized Shoulder Press ist mit einem 85-kg-Widerstand ausgestattet, aber Sie haben auch die M\u00f6glichkeit, diesen auf 122,5 kg zu erh\u00f6hen, um ein noch anspruchsvolleres Training zu absolvieren. Ein vollst\u00e4ndig geschlossener Gewichtsstapel gew\u00e4hrleistet die Sicherheit Ihrer \u00dcbungen.<\/p>\n<\/div>\n<\/div>\n<\/div>\n<\/div>\n\n\n\n<div class=\"wp-block-columns alignwide are-vertically-aligned-center mobile-reverse is-layout-flex wp-container-core-columns-is-layout-e8158c2f wp-block-columns-is-layout-flex\" style=\"padding-top:var(--wp--preset--spacing--side-padding)\">\n<div class=\"wp-block-column is-vertically-aligned-center is-layout-flow wp-block-column-is-layout-flow\">\n<h3 class=\"wp-block-heading\" style=\"margin-bottom:var(--wp--preset--spacing--h-3-bottom)\"><strong>Einstellbarer R\u00fcckenlehnenwinkel<\/strong><\/h3>\n\n\n\n<p><strong><em><strong><em>Hocheffektives Workout-Erlebnis<\/em><\/strong><\/em><\/strong><\/p>\n\n\n\n<p style=\"margin-bottom:var(--wp--preset--spacing--tb-section-padding)\">Die Evolve Ultra Series Selectorized Shoulder Press Maschine ist f\u00fcr ein komfortables und hocheffektives Training konzipiert. Die R\u00fcckenlehne l\u00e4sst sich in 5 verschiedenen Positionen einstellen, so dass Sie das Ger\u00e4t an Ihre K\u00f6rperproportionen, Ihren Winkel und Ihre Vorlieben anpassen k\u00f6nnen. Diese Verstellbarkeit gew\u00e4hrleistet, dass Sie die perfekte Position finden, um Ihre Schultermuskeln mit maximalem Komfort und Effizienz zu trainieren.<\/p>\n<\/div>\n\n\n\n<div class=\"wp-block-column is-vertically-aligned-center is-layout-flow wp-block-column-is-layout-flow\">\n<figure class=\"wp-block-video\"><video autoplay=\"\" controls=\"\" loop=\"\" muted=\"\" src=\"https:\/\/evolve-fitness.eu\/wp-content\/uploads\/2023\/08\/UL-040-Adjustable-Back-rest-angle.mp4\"><\/video><\/figure>\n<\/div>\n<\/div>\n\n\n\n<div class=\"wp-block-columns alignwide are-vertically-aligned-center mobile-reverse is-layout-flex wp-container-core-columns-is-layout-e8158c2f wp-block-columns-is-layout-flex\" style=\"padding-top:var(--wp--preset--spacing--side-padding)\">\n<div class=\"wp-block-column is-vertically-aligned-center is-layout-flow wp-block-column-is-layout-flow\">\n<figure class=\"wp-block-image size-large\"><img decoding=\"async\" src=\"https:\/\/evolve-fitness.eu\/wp-content\/uploads\/2024\/01\/EV-SC-UL-030-Shoulder-1024x576.jpg\" alt=\"\" class=\"wp-image-9966\"\/><\/figure>\n<\/div>\n\n\n\n<div class=\"wp-block-column is-vertically-aligned-center is-layout-flow wp-block-column-is-layout-flow\">\n<h3 class=\"wp-block-heading\" style=\"margin-bottom:var(--wp--preset--spacing--h-3-bottom)\"><strong>Lagerung von Zubeh\u00f6r<\/strong><\/h3>\n\n\n\n<p><strong><em><strong><em>Sicher und leicht zug\u00e4nglich<\/em><\/strong><\/em><\/strong><\/p>\n\n\n\n<p>W\u00e4hrend Sie trainieren, k\u00f6nnen Sie Ihre Wasserflasche, Ihr Telefon und pers\u00f6nliche Gegenst\u00e4nde bequem in den daf\u00fcr vorgesehenen Halterungen der Evolve Ultra-Ger\u00e4te aufbewahren. Diese speziell entworfenen F\u00e4cher sorgen daf\u00fcr, dass Sie w\u00e4hrend Ihrer Trainingseinheiten einen sicheren und leicht zug\u00e4nglichen Platz f\u00fcr Ihre Habseligkeiten haben.<\/p>\n\n\n\n<p><strong>\n  <em>\n    <strong>\n      <em>\u00dcbung<\/em>\n    <\/strong>\n  <\/em>\n<\/strong> Aufkleber <strong>\n  <em>\n    <strong>\n      <em>Ihre visuelle Hilfe<\/em>\n    <\/strong>\n  <\/em>\n<\/strong><\/p>\n\n\n\n<p>Die Ger\u00e4te der Evolve Ultra-Serie sind mit informativen Aufklebern versehen, die Ihnen als visuelle Hilfe dienen und es Ihnen erleichtern, sich in den Funktionen des Ger\u00e4ts zurechtzufinden, was letztendlich Ihr Trainingserlebnis verbessert. Dar\u00fcber hinaus erhalten Sie wertvolle Einblicke in die verschiedenen Muskelgruppen, die auf dem Ger\u00e4t effektiv trainiert werden k\u00f6nnen. So k\u00f6nnen Sie das Beste aus Ihrem Fitnessprogramm machen, indem Sie gezielt bestimmte Bereiche ansprechen.<\/p>\n<\/div>\n<\/div>\n\n\n\n<div class=\"wp-block-columns alignwide are-vertically-aligned-center mobile-reverse is-layout-flex wp-container-core-columns-is-layout-e8158c2f wp-block-columns-is-layout-flex\" style=\"padding-top:var(--wp--preset--spacing--side-padding)\">\n<div class=\"wp-block-column is-vertically-aligned-center is-layout-flow wp-block-column-is-layout-flow\">\n<h3 class=\"wp-block-heading\" style=\"margin-bottom:var(--wp--preset--spacing--h-3-bottom)\"><strong>Kabel<\/strong><\/h3>\n\n\n\n<p><strong><em><strong><em>Hervorragende Qualit\u00e4t<\/em><\/strong><\/em><\/strong><\/p>\n\n\n\n<p>Die Maschinen der Evolve Ultra Serie verwenden Kabel von h\u00f6chster Qualit\u00e4t. Jede Litze besteht aus 19 miteinander verdrillten Dr\u00e4hten aus Polyamid 12 (PA12) und hat einen Durchmesser von 5 mm. Mit einer Bruchkraft von 9000 kN sind diese Kabel die bevorzugte Wahl f\u00fcr Anwendungen, bei denen es auf au\u00dfergew\u00f6hnliche Zuverl\u00e4ssigkeit, Haltbarkeit und Leistung ankommt. Wenn Sie von einer \u00dcbung zur n\u00e4chsten wechseln, sei es Bizepscurls, Brustdr\u00fccken, Latziehen oder eine andere kraftf\u00f6rdernde Aktivit\u00e4t, sorgt die au\u00dfergew\u00f6hnliche Leistung der Kabel der Evolve Ultra-Serie daf\u00fcr, dass Ihre Bewegungen reibungslos und der Widerstand gleichm\u00e4\u00dfig sind, was ein effektives und angenehmes Training f\u00f6rdert.<\/p>\n<\/div>\n\n\n\n<div class=\"wp-block-column is-vertically-aligned-center is-layout-flow wp-block-column-is-layout-flow\">\n<figure class=\"wp-block-video\"><video height=\"600\" style=\"aspect-ratio: 680 \/ 600;\" width=\"680\" autoplay=\"\" controls=\"\" loop=\"\" muted=\"\" src=\"https:\/\/evolve-fitness.eu\/wp-content\/uploads\/2023\/10\/Evolve-cable.mp4\"><\/video><\/figure>\n<\/div>\n<\/div>\n\n\n\n<div class=\"wp-block-columns alignwide are-vertically-aligned-center mobile-reverse is-layout-flex wp-container-core-columns-is-layout-e8158c2f wp-block-columns-is-layout-flex\" style=\"padding-top:var(--wp--preset--spacing--side-padding)\">\n<div class=\"wp-block-column is-vertically-aligned-center is-layout-flow wp-block-column-is-layout-flow\">\n<figure class=\"wp-block-video\"><video height=\"1920\" style=\"aspect-ratio: 1920 \/ 1920;\" width=\"1920\" autoplay=\"\" controls=\"\" loop=\"\" muted=\"\" src=\"https:\/\/evolve-fitness.eu\/wp-content\/uploads\/2023\/10\/Evolve-Double-powder-coated-Frame.mp4\"><\/video><\/figure>\n<\/div>\n\n\n\n<div class=\"wp-block-column is-vertically-aligned-center is-layout-flow wp-block-column-is-layout-flow\">\n<h3 class=\"wp-block-heading\" style=\"margin-bottom:var(--wp--preset--spacing--h-3-bottom)\"><strong>Doppelt pulverbeschichtet<\/strong><\/h3>\n\n\n\n<p><strong><em><strong><em>Elektrostatisch pulverbeschichtet<\/em><\/strong><\/em><\/strong><\/p>\n\n\n\n<p>Die Evolve Ultra Series Kraftmaschinen mit einem elektrostatisch pulverbeschichteten, perlschwarzen, matten Rahmen sind ein Beispiel f\u00fcr Form und Funktion. Seine \u00c4sthetik wird durch das matte schwarze Finish noch verst\u00e4rkt, w\u00e4hrend seine praktischen Eigenschaften wie Reibungswiderstand, Korrosionsschutz und Kratzfestigkeit daf\u00fcr sorgen, dass er ein zuverl\u00e4ssiger und langlebiger Fitnessbegleiter ist.<\/p>\n\n\n\n<p><strong><em>Geformte Bodenschoner aus strapazierf\u00e4higem Gummi<\/em><\/strong><\/p>\n\n\n\n<p>Die robusten Gummif\u00fc\u00dfe der Evolve Ultra Series dienen als Schutzschild, um m\u00f6gliche Sch\u00e4den an Ihren B\u00f6den zu verhindern. Diese strapazierf\u00e4higen Gummif\u00fc\u00dfe sind so konzipiert, dass sie Ihre Fu\u00dfbodenoberfl\u00e4chen vor Sch\u00e4den sch\u00fctzen, die w\u00e4hrend des Gebrauchs entstehen k\u00f6nnten. Au\u00dferdem bieten diese Gummif\u00fc\u00dfe nicht nur Schutz, sondern tragen auch zur Stabilit\u00e4t bei.<\/p>\n<\/div>\n<\/div>\n<\/section>\n","protected":false},"excerpt":{"rendered":"<p>Verbessern Sie Ihr Schultertraining mit der Evolve Ultra Series Ul-040 Selectorized Shoulder Press. Erleben Sie Komfort und Innovation durch geformte Sitze, unabh\u00e4ngige Armbewegungen und Einhand-Sitzverstellung. Die Sicherheit steht bei der abgedeckten Gewichtsstapelabdeckung an erster Stelle, w\u00e4hrend die matte Lackierung f\u00fcr Stil sorgt. Verwandeln Sie Ihr Fitnessstudio mit diesem au\u00dfergew\u00f6hnlichen Ger\u00e4t f\u00fcr ultimative Gewinne und Kundenattraktivit\u00e4t.<\/p>\n","protected":false},"featured_media":128448,"template":"","meta":{"_acf_changed":false,"inline_featured_image":false},"product_cat":[164,165],"product_tag":[],"class_list":{"0":"post-7443","1":"product","2":"type-product","3":"status-publish","4":"has-post-thumbnail","6":"product_cat-selektorisierte-maschinen","7":"product_cat-ultra-series-selektiert","9":"first","10":"instock","11":"shipping-taxable","12":"purchasable","13":"product-type-simple"},"acf":[],"_links":{"self":[{"href":"https:\/\/store.evolve-fitness.eu\/de\/wp-json\/wp\/v2\/product\/7443","targetHints":{"allow":["GET"]}}],"collection":[{"href":"https:\/\/store.evolve-fitness.eu\/de\/wp-json\/wp\/v2\/product"}],"about":[{"href":"https:\/\/store.evolve-fitness.eu\/de\/wp-json\/wp\/v2\/types\/product"}],"wp:featuredmedia":[{"embeddable":true,"href":"https:\/\/store.evolve-fitness.eu\/de\/wp-json\/wp\/v2\/media\/128448"}],"wp:attachment":[{"href":"https:\/\/store.evolve-fitness.eu\/de\/wp-json\/wp\/v2\/media?parent=7443"}],"wp:term":[{"taxonomy":"product_cat","embeddable":true,"href":"https:\/\/store.evolve-fitness.eu\/de\/wp-json\/wp\/v2\/product_cat?post=7443"},{"taxonomy":"product_tag","embeddable":true,"href":"https:\/\/store.evolve-fitness.eu\/de\/wp-json\/wp\/v2\/product_tag?post=7443"}],"curies":[{"name":"wp","href":"https:\/\/api.w.org\/{rel}","templated":true}]}}