{"id":74411,"date":"2023-09-20T07:44:44","date_gmt":"2023-09-20T07:44:44","guid":{"rendered":"https:\/\/store.evolve-fitness.eu\/product\/evolve-burst-gymnastikball-65cm\/"},"modified":"2026-02-12T12:00:16","modified_gmt":"2026-02-12T12:00:16","slug":"evolve-burst-gymnastikball-65cm","status":"publish","type":"product","link":"https:\/\/store.evolve-fitness.eu\/de\/produkt\/evolve-burst-gymnastikball-65cm\/","title":{"rendered":"Evolve Burst Gymnastikball &#8211; 65cm"},"content":{"rendered":"\n<section class=\"wp-block-group alignfull has-lightgray-background-color has-background is-layout-constrained wp-block-group-is-layout-constrained\">\n<div class=\"wp-block-columns alignwide is-layout-flex wp-container-core-columns-is-layout-2edb0647 wp-block-columns-is-layout-flex\" style=\"margin-top:0;margin-bottom:0\">\n<div class=\"wp-block-column is-layout-flow wp-block-column-is-layout-flow\" style=\"flex-basis:33.33%\"><\/div>\n\n\n\n<div class=\"wp-block-column is-layout-flow wp-block-column-is-layout-flow\" style=\"flex-basis:66.66%\"><\/div>\n<\/div>\n<\/section>\n","protected":false},"excerpt":{"rendered":"<p>Entdecken Sie Ihr Fitnesspotenzial mit dem Evolve Burst Gym Ball (65 cm)<\/p>\n<p>Sind Sie bereit, Ihre Fitnessroutine zu verbessern und eine Welt von Trainingsm\u00f6glichkeiten zu erschlie\u00dfen? Dann ist der Evolve Burst Gym Ball &#8211; 65 cm genau das Richtige f\u00fcr Sie! Dieses vielseitige Fitnesszubeh\u00f6r soll Ihnen helfen, Ihre Fitnessziele zu erreichen, Ihre Haltung zu verbessern und Ihr allgemeines Wohlbefinden zu steigern.<\/p>\n","protected":false},"featured_media":74412,"template":"","meta":{"_acf_changed":false,"inline_featured_image":false},"product_cat":[191],"product_tag":[],"class_list":{"0":"post-74411","1":"product","2":"type-product","3":"status-publish","4":"has-post-thumbnail","6":"product_cat-studio-de","8":"first","9":"instock","10":"shipping-taxable","11":"purchasable","12":"product-type-simple"},"acf":[],"_links":{"self":[{"href":"https:\/\/store.evolve-fitness.eu\/de\/wp-json\/wp\/v2\/product\/74411","targetHints":{"allow":["GET"]}}],"collection":[{"href":"https:\/\/store.evolve-fitness.eu\/de\/wp-json\/wp\/v2\/product"}],"about":[{"href":"https:\/\/store.evolve-fitness.eu\/de\/wp-json\/wp\/v2\/types\/product"}],"wp:featuredmedia":[{"embeddable":true,"href":"https:\/\/store.evolve-fitness.eu\/de\/wp-json\/wp\/v2\/media\/74412"}],"wp:attachment":[{"href":"https:\/\/store.evolve-fitness.eu\/de\/wp-json\/wp\/v2\/media?parent=74411"}],"wp:term":[{"taxonomy":"product_cat","embeddable":true,"href":"https:\/\/store.evolve-fitness.eu\/de\/wp-json\/wp\/v2\/product_cat?post=74411"},{"taxonomy":"product_tag","embeddable":true,"href":"https:\/\/store.evolve-fitness.eu\/de\/wp-json\/wp\/v2\/product_tag?post=74411"}],"curies":[{"name":"wp","href":"https:\/\/api.w.org\/{rel}","templated":true}]}}